{"id":12537,"date":"2025-01-17T11:55:30","date_gmt":"2025-01-17T10:55:30","guid":{"rendered":"https:\/\/calendulapharma.com\/?page_id=12537"},"modified":"2026-02-12T08:41:16","modified_gmt":"2026-02-12T07:41:16","slug":"fiokom","status":"publish","type":"page","link":"https:\/\/calendulapharma.com\/en\/fiokom\/","title":{"rendered":"My account"},"content":{"rendered":"<div data-elementor-type=\"wp-page\" data-elementor-id=\"12537\" class=\"elementor elementor-12537\" data-elementor-post-type=\"page\">\n\t\t\t\t<div class=\"elementor-element elementor-element-4cc485a e-flex e-con-boxed e-con e-parent\" data-id=\"4cc485a\" data-element_type=\"container\" data-e-type=\"container\" data-settings=\"{&quot;background_background&quot;:&quot;classic&quot;}\">\n\t\t\t\t\t<div class=\"e-con-inner\">\n\t\t\t\t\t<\/div>\n\t\t\t\t<\/div>\n\t\t<div class=\"elementor-element elementor-element-9b42ba7 e-flex e-con-boxed e-con e-parent\" data-id=\"9b42ba7\" data-element_type=\"container\" data-e-type=\"container\" data-settings=\"{&quot;background_background&quot;:&quot;classic&quot;}\">\n\t\t\t\t\t<div class=\"e-con-inner\">\n\t\t\t\t<div class=\"elementor-element elementor-element-732130f e-my-account-tabs-vertical elementor-widget elementor-widget-woocommerce-my-account\" data-id=\"732130f\" data-element_type=\"widget\" data-e-type=\"widget\" data-widget_type=\"woocommerce-my-account.default\">\n\t\t\t\t\t<div class=\"e-my-account-tab e-my-account-tab__\">\t\t\t<div class=\"woocommerce\"><\/div>\t\t<\/div>\n\t\t\t\t\t\t<\/div>\n\t\t\t\t\t<\/div>\n\t\t\t\t<\/div>\n\t\t\t\t<\/div>","protected":false},"excerpt":{"rendered":"<p>Ir\u00e1ny\u00edt\u00f3pult Rendel\u00e9sek Store Credits Let\u00f6lt\u00e9sek Sz\u00e1ml\u00e1z\u00e1si\/Sz\u00e1ll\u00edt\u00e1si C\u00edmek Fizet\u00e9si m\u00f3dok Fi\u00f3k adatok Kijelentkez\u00e9s \u00dcdv Calendula Pharma! (nem Calendula Pharma vagy? Kijelentkez\u00e9s) A fi\u00f3kban megtekinthet\u0151k a legut\u00f3bbi rendel\u00e9sek, m\u00f3dos\u00edthat\u00f3k a sz\u00e1ll\u00edt\u00e1si \u00e9s sz\u00e1ml\u00e1z\u00e1si c\u00edmek \u00e9s szerkeszthet\u0151 a jelsz\u00f3, valamint egy\u00e9b fi\u00f3k adatok.<\/p>","protected":false},"author":8,"featured_media":0,"parent":0,"menu_order":0,"comment_status":"closed","ping_status":"closed","template":"","meta":{"_acf_changed":false,"_monsterinsights_skip_tracking":false,"_monsterinsights_sitenote_active":false,"_monsterinsights_sitenote_note":"","_monsterinsights_sitenote_category":0,"footnotes":""},"class_list":["post-12537","page","type-page","status-publish","hentry"],"acf":[],"_links":{"self":[{"href":"https:\/\/calendulapharma.com\/en\/wp-json\/wp\/v2\/pages\/12537","targetHints":{"allow":["GET"]}}],"collection":[{"href":"https:\/\/calendulapharma.com\/en\/wp-json\/wp\/v2\/pages"}],"about":[{"href":"https:\/\/calendulapharma.com\/en\/wp-json\/wp\/v2\/types\/page"}],"author":[{"embeddable":true,"href":"https:\/\/calendulapharma.com\/en\/wp-json\/wp\/v2\/users\/8"}],"replies":[{"embeddable":true,"href":"https:\/\/calendulapharma.com\/en\/wp-json\/wp\/v2\/comments?post=12537"}],"version-history":[{"count":91,"href":"https:\/\/calendulapharma.com\/en\/wp-json\/wp\/v2\/pages\/12537\/revisions"}],"predecessor-version":[{"id":25251,"href":"https:\/\/calendulapharma.com\/en\/wp-json\/wp\/v2\/pages\/12537\/revisions\/25251"}],"wp:attachment":[{"href":"https:\/\/calendulapharma.com\/en\/wp-json\/wp\/v2\/media?parent=12537"}],"curies":[{"name":"wp","href":"https:\/\/api.w.org\/{rel}","templated":true}]}}