{"id":23181,"date":"2025-10-14T18:44:37","date_gmt":"2025-10-14T16:44:37","guid":{"rendered":"https:\/\/calendulapharma.com\/?page_id=23181"},"modified":"2025-10-14T18:55:28","modified_gmt":"2025-10-14T16:55:28","slug":"penztar-sk","status":"publish","type":"page","link":"https:\/\/calendulapharma.com\/en\/penztar-sk\/","title":{"rendered":"P\u00e9nzt\u00e1r SK"},"content":{"rendered":"<div data-elementor-type=\"wp-page\" data-elementor-id=\"23181\" class=\"elementor elementor-23181\" data-elementor-post-type=\"page\">\n\t\t\t\t<div class=\"elementor-element elementor-element-3d9f1b0 e-flex e-con-boxed e-con e-parent\" data-id=\"3d9f1b0\" data-element_type=\"container\" data-e-type=\"container\" data-settings=\"{&quot;background_background&quot;:&quot;classic&quot;}\">\n\t\t\t\t\t<div class=\"e-con-inner\">\n\t\t\t\t<div class=\"elementor-element elementor-element-f86a737 elementor-widget elementor-widget-heading\" data-id=\"f86a737\" data-element_type=\"widget\" data-e-type=\"widget\" data-widget_type=\"heading.default\">\n\t\t\t\t\t<h2 class=\"elementor-heading-title elementor-size-default\">Poklad\u0148a\n<\/h2>\t\t\t\t<\/div>\n\t\t\t\t\t<\/div>\n\t\t\t\t<\/div>\n\t\t<div class=\"elementor-element elementor-element-170dcd98 e-flex e-con-boxed e-con e-parent\" data-id=\"170dcd98\" data-element_type=\"container\" data-e-type=\"container\">\n\t\t\t\t\t<div class=\"e-con-inner\">\n\t\t\t\t<div class=\"elementor-element elementor-element-06444cf e-checkout-layout-two-column elementor-widget elementor-widget-woocommerce-checkout-page\" data-id=\"06444cf\" data-element_type=\"widget\" data-e-type=\"widget\" data-settings=\"{&quot;sticky_right_column&quot;:&quot;yes&quot;}\" data-widget_type=\"woocommerce-checkout-page.default\">\n\t\t\t\t<div class=\"elementor-widget-container\">\n\t\t\t\t\t<div class=\"woocommerce\"><\/div>\t\t\t\t<\/div>\n\t\t\t\t<\/div>\n\t\t\t\t\t<\/div>\n\t\t\t\t<\/div>\n\t\t\t\t<\/div>","protected":false},"excerpt":{"rendered":"<p>Poklad\u0148a \ud83d\ude9aM\u00e9g ennyire vagy az ingyenes sz\u00e1ll\u00edt\u00e1st\u00f3l: \u20ac&nbsp;39821 Faktura\u010dn\u00e9 \u00fadaje E-mailov\u00e1 adresa&nbsp;* Priezvisko&nbsp;* Krstn\u00e9 meno&nbsp;* N\u00e1zov spolo\u010dnosti&nbsp;(volite\u013en\u00e9) Krajina \/ regi\u00f3n&nbsp;*Vyberte krajinu \/ regi\u00f3n&hellip;Rak\u00faskoBelgiumBulgariaCyprus\u010cesk\u00e1 republikaDenmarkSpojen\u00e9 kr\u00e1\u013eovstvo (UK)F\u00ednskoFranc\u00fazskoGr\u00e9ckoNetherlandsCroatiaPo\u013eskoLatviaLithuaniaLuxembourgMa\u010farskoMonacoMaltaNemeckoTalianskoPortugalRomaniaSan MarinoSpainSwedenSlovenskoSloveniaEstoniaIrelandAktualizujte krajinu \/ regi\u00f3n PS\u010c&nbsp;* Mesto&nbsp;* Ulica&nbsp;* Apartm\u00e1n, suita, byt at\u010f.&nbsp;(volite\u013en\u00e9) Kraj&nbsp;(volite\u013en\u00e9)Vyberte jednu z mo\u017enost\u00ed&hellip;B\u00e1cs-KiskunB\u00e9k\u00e9sBaranyaBorsod-Aba\u00faj-Zempl\u00e9nBudapestCsongr\u00e1d-Csan\u00e1dFej\u00e9rGy\u0151r-Moson-SopronHajd\u00fa-BiharHevesJ\u00e1sz-Nagykun-SzolnokKom\u00e1rom-EsztergomN\u00f3gr\u00e1dPestSomogySzabolcs-Szatm\u00e1r-BeregTolnaVasVeszpr\u00e9mZala Telef\u00f3nne \u010d\u00edslo&nbsp;* Doru\u010di\u0165 na in\u00fa adresu Priezvisko&nbsp;* Krstn\u00e9 meno&nbsp;* N\u00e1zov spolo\u010dnosti&nbsp;(volite\u013en\u00e9) Krajina \/ regi\u00f3n&nbsp;*Vyberte [&hellip;]<\/p>\n","protected":false},"author":1603,"featured_media":0,"parent":0,"menu_order":0,"comment_status":"closed","ping_status":"closed","template":"","meta":{"_acf_changed":false,"_monsterinsights_skip_tracking":false,"_monsterinsights_sitenote_active":false,"_monsterinsights_sitenote_note":"","_monsterinsights_sitenote_category":0,"footnotes":""},"class_list":["post-23181","page","type-page","status-publish","hentry"],"acf":[],"_links":{"self":[{"href":"https:\/\/calendulapharma.com\/en\/wp-json\/wp\/v2\/pages\/23181","targetHints":{"allow":["GET"]}}],"collection":[{"href":"https:\/\/calendulapharma.com\/en\/wp-json\/wp\/v2\/pages"}],"about":[{"href":"https:\/\/calendulapharma.com\/en\/wp-json\/wp\/v2\/types\/page"}],"author":[{"embeddable":true,"href":"https:\/\/calendulapharma.com\/en\/wp-json\/wp\/v2\/users\/1603"}],"replies":[{"embeddable":true,"href":"https:\/\/calendulapharma.com\/en\/wp-json\/wp\/v2\/comments?post=23181"}],"version-history":[{"count":6,"href":"https:\/\/calendulapharma.com\/en\/wp-json\/wp\/v2\/pages\/23181\/revisions"}],"predecessor-version":[{"id":23188,"href":"https:\/\/calendulapharma.com\/en\/wp-json\/wp\/v2\/pages\/23181\/revisions\/23188"}],"wp:attachment":[{"href":"https:\/\/calendulapharma.com\/en\/wp-json\/wp\/v2\/media?parent=23181"}],"curies":[{"name":"wp","href":"https:\/\/api.w.org\/{rel}","templated":true}]}}