{"id":6779,"date":"2023-03-03T07:14:06","date_gmt":"2023-03-03T06:14:06","guid":{"rendered":"https:\/\/calendulapharma.com\/?page_id=6779"},"modified":"2026-02-12T08:30:10","modified_gmt":"2026-02-12T07:30:10","slug":"rolunk","status":"publish","type":"page","link":"https:\/\/calendulapharma.com\/en\/rolunk\/","title":{"rendered":"About us"},"content":{"rendered":"\t\t<div data-elementor-type=\"wp-page\" data-elementor-id=\"6779\" class=\"elementor elementor-6779\" data-elementor-post-type=\"page\">\n\t\t\t\t<div class=\"elementor-element elementor-element-3014bf8b e-flex e-con-boxed e-con e-parent\" data-id=\"3014bf8b\" data-element_type=\"container\" data-e-type=\"container\" data-settings=\"{&quot;background_background&quot;:&quot;classic&quot;}\">\n\t\t\t\t\t<div class=\"e-con-inner\">\n\t\t\t\t<div class=\"elementor-element elementor-element-136b331a elementor-widget elementor-widget-text-editor\" data-id=\"136b331a\" data-element_type=\"widget\" data-e-type=\"widget\" data-widget_type=\"text-editor.default\">\n\t\t\t\t\t\t\t\t\t<h3>Kik vagyunk?<\/h3><p>A Calendula Pharma Co. kft. magyar v\u00e1llalkoz\u00e1sk\u00e9nt <strong>n\u00f6v\u00e9nyi t\u00f6rzsgy\u00f3gyszerek\u00e9s t\u00e1pl\u00e1l\u00e9kkieg\u00e9sz\u00edt\u0151k fejleszt\u00e9s\u00e9t \u00e9s el\u0151\u00e1ll\u00edt\u00e1s\u00e1t v\u00e9gzi.<\/strong> Gy\u00f3gyn\u00f6v\u00e9ny laborat\u00f3riumunk \u00e9s feldolgoz\u00f3 \u00fczem\u00fcnk a somogy megyei \u00c1d\u00e1nd k\u00f6zs\u00e9gben tal\u00e1lhat\u00f3, ahol gy\u00f3gyn\u00f6v\u00e9ny alapanyagok \u00e9s k\u00e9sz\u00edtm\u00e9nyek kutat\u00e1s\u00e1t, fejleszt\u00e9s\u00e9t, tesztel\u00e9s\u00e9t \u00e9s gy\u00e1rt\u00e1s\u00e1t v\u00e9gezz\u00fck. <strong>HACCP rendszer\u00fcnk, bels\u0151 min\u0151s\u00e9gbiztos\u00edt\u00e1si \u2013 \u00e9s ellen\u0151rz\u00e9si folyamataink<\/strong>, munkat\u00e1rsaink szaktud\u00e1sa, valamint egyed\u00fcl\u00e1ll\u00f3 szerz\u0151i joggal v\u00e9dett recept\u00far\u00e1ink garant\u00e1lj\u00e1k term\u00e9keink magas min\u0151s\u00e9g\u00e9t \u00e9s hat\u00e9konys\u00e1g\u00e1t.<\/p><p>A Calendula Pharma k\u00e9sz\u00edtm\u00e9nypaletta k\u00f6zel 3 \u00e9vtizedes kutat\u00f3-fejleszt\u0151 munka eredm\u00e9nye. Recept\u00far\u00e1ink kidolgoz\u00e1sa a Calendula klinika alap\u00edt\u00f3ja \u00e9s vezet\u0151 f\u0151orvosa, Dmitrij Szkopincev ir\u00e1ny\u00edt\u00e1s\u00e1val t\u00f6rt\u00e9nik.\u00a0<strong>Munkat\u00e1rsaink mind magasan k\u00e9pzett szakemberek, orvosok, fitoterapeut\u00e1k, akik \u00e9let\u00fck t\u00falnyom\u00f3 r\u00e9sz\u00e9ben betegeket kezeltek \u00e9s gy\u00f3gy\u00edtottak.\u00a0<\/strong>A t\u00e1pl\u00e1l\u00e9kkieg\u00e9sz\u00edt\u0151k kidolgoz\u00e1sakor szakembereink figyelembe vett\u00e9k a leggyakoribb panaszokat \u00e9s betegs\u00e9geket, melyekkel az emberek mindennapi \u00e9let\u00fck sor\u00e1n szembes\u00fclnek.<\/p>\t\t\t\t\t\t\t\t<\/div>\n\t\t\t\t<div class=\"elementor-element elementor-element-767eff7 elementor-widget elementor-widget-text-editor\" data-id=\"767eff7\" data-element_type=\"widget\" data-e-type=\"widget\" data-widget_type=\"text-editor.default\">\n\t\t\t\t\t\t\t\t\t<h3>Hivat\u00e1sunk a gy\u00f3gy\u00edt\u00e1s<\/h3><p><strong>A n\u00f6v\u00e9nyi gy\u00f3gyk\u00e9sz\u00edtm\u00e9nyek el\u0151\u00e1ll\u00edt\u00e1sa<\/strong>\u00a0n\u00e1lunk nem kereskedelmi projektk\u00e9nt indult. K\u00e9sz\u00edtm\u00e9nyeinket rendel\u00e9seinken hozz\u00e1nk fordul\u00f3 p\u00e1cienseink, valamint\u00a0<a href=\"http:\/\/calendula.hu\/\" target=\"_blank\" rel=\"noopener\">klinik\u00e1nkon<\/a>\u00a0fekv\u0151 betegeink\u00a0 kezel\u00e9s\u00e9re k\u00e9sz\u00edtj\u00fck \u00e9s haszn\u00e1ljuk int\u00e9zm\u00e9ny\u00fcnkben, illetve a beteg t\u00e1voz\u00e1sa ut\u00e1n a kezel\u00e9s otthoni folytat\u00e1s\u00e1ra adjuk. Ez egy\u00a0<strong>saj\u00e1t gy\u00f3gyszert\u00e1r,<\/strong>\u00a0amelyben saj\u00e1t fejleszt\u00e9s\u0171 gy\u00f3gyn\u00f6v\u00e9ny-alap\u00fa t\u00f6rzs-gy\u00f3gyszereket gy\u00e1rtunk p\u00e1cienseink sz\u00e1m\u00e1ra. Ezeket a gy\u00f3gyszereket orvos koll\u00e9g\u00e1ink \u00edrj\u00e1k el\u0151 a p\u00e1ciens sz\u00e1m\u00e1ra szem\u00e9lyre szabottan.<br \/>A leg\u00e1ltal\u00e1nosabb probl\u00e9m\u00e1kra, illetve megel\u0151z\u00e9sre kidolgozott gy\u00f3gyn\u00f6v\u00e9ny k\u00e9sz\u00edtm\u00e9nyeinket, melyek orvosi rendelv\u00e9ny n\u00e9lk\u00fcl is alkalmazhat\u00f3k, el\u00e9rhet\u0151v\u00e9 tett\u00fck a lakoss\u00e1gi piacon. Ezek \u00e9trend-kieg\u00e9sz\u00edt\u0151 kateg\u00f3ri\u00e1ba sorolt,\u00a0<a href=\"https:\/\/calendula.hu\/hu\/clinika\/phytotherapy\/\" target=\"_blank\" rel=\"noopener\">biol\u00f3giailag akt\u00edv \u00e9lelmiszer-adal\u00e9kanyagok (BAA)<\/a>\u00a0az anyagcsere folyamatok optimaliz\u00e1l\u00e1s\u00e1ra, a szervek \u00e9s \u00e9s a szervezet m\u0171k\u00f6d\u00e9si \u00e1llapot\u00e1nak jav\u00edt\u00e1s\u00e1ra, a betegs\u00e9gek kock\u00e1zat\u00e1nak cs\u00f6kkent\u00e9s\u00e9re, a gastrointestinalis mikrofl\u00f3ra normaliz\u00e1l\u00e1s\u00e1ra, stb.<\/p><p><strong>Gy\u00f3gyk\u00e9sz\u00edtm\u00e9nyeink sz\u00e1ma:<\/strong>\u00a01 500<br \/><strong>K\u00e9sz\u00edtm\u00e9nyek t\u00edpusa:<\/strong>\u00a0<a href=\"https:\/\/calendula.hu\/hu\/auyveda\/\" target=\"_blank\" rel=\"noopener\">ayurv\u00e9dikus,<\/a>\u00a0<a href=\"https:\/\/calendula.hu\/hu\/clinika\/\" target=\"_blank\" rel=\"noopener\">hagyom\u00e1nyos k\u00ednai orvosl\u00e1s (TCM),<\/a>\u00a0Avicenna, Galena, szerz\u0151i jog\u00a0<a href=\"https:\/\/calendula.hu\/hu\/about\/welcome\/\" target=\"_blank\" rel=\"noopener\">Dr. Skopintsev Dmitrii<\/a><br \/><strong>Kibocs\u00e1jt\u00e1si form\u00e1k:<\/strong>\u00a0kapszul\u00e1k, pirul\u00e1k, porok, dzsemek, tinkt\u00far\u00e1k (p\u00e1rlatok), dekotok (f\u0151zetek), olajok<\/p>\t\t\t\t\t\t\t\t<\/div>\n\t\t\t\t<div class=\"elementor-element elementor-element-87cfde6 elementor-widget elementor-widget-text-editor\" data-id=\"87cfde6\" data-element_type=\"widget\" data-e-type=\"widget\" data-widget_type=\"text-editor.default\">\n\t\t\t\t\t\t\t\t\t<h3>Mit\u0151l egyed\u00fcl\u00e1ll\u00f3ak a Calendula Pharma k\u00e9sz\u00edtm\u00e9nyek?<\/h3><p><strong>Az, amit k\u00edn\u00e1lunk, alapvet\u0151en k\u00fcl\u00f6nb\u00f6zik att\u00f3l, ami a gy\u00f3gyn\u00f6v\u00e9ny-k\u00e9sz\u00edtm\u00e9ny piacon tal\u00e1lhat\u00f3! Hogy miben?<\/strong><\/p><ol><li>K\u00e9sz\u00edtm\u00e9nyeink hossz\u00fa ideje bizony\u00edtanak. Eur\u00f3p\u00e1ban,\u00a0<strong>klinikai k\u00f6rnyezetben(!), gy\u00f3gykezel\u00e9sek sor\u00e1n alkalmazzuk \u0151ket<\/strong>\u00a0k\u00f6zel 3 \u00e9vtizede.<\/li><li>Ayurveda, Avicenna, az \u0151si keleti orvosl\u00e1s klasszikus k\u00e9sz\u00edtm\u00e9nyeit k\u00e9sz\u00edtj\u00fck, de\u00a0<strong>a mai eur\u00f3pai ember szervezet\u00e9hez, em\u00e9szt\u0151rendszer\u00e9hez igaz\u00edtva!<\/strong>\u00a0Mi\u00e9rt fontos ez? Tudjon meg t\u00f6bbet\u00a0<a href=\"https:\/\/calendula.hu\/hu\/auyveda\/\" target=\"_blank\" rel=\"noopener\">itt.<\/a><\/li><li>Saj\u00e1t, a piacon egyed\u00fcl\u00e1ll\u00f3 gy\u00e1rt\u00e1stechnol\u00f3gia. K\u00e9sz\u00edtm\u00e9nyeink nem csup\u00e1n z\u00fazott\u00a0<strong>n\u00f6v\u00e9nysz\u00e1r\u00edtm\u00e1nyok<\/strong>, hanem\u00a0<a href=\"https:\/\/calendula.hu\/hu\/clinika\/phytotherapy\/\" target=\"_blank\" rel=\"noopener\">potenc\u00edrozott<\/a>\u00a0anyagok. Mit jelent ez? Nagy precizit\u00e1st \u00e9s gondoss\u00e1got ig\u00e9nyl\u0151, rendk\u00edv\u00fcl id\u0151- \u00e9s munkaig\u00e9nyes elj\u00e1r\u00e1st fejlesztett\u00fcnk ki \u00e9s alkalmazunk a hat\u00f3anyag koncentr\u00e1ci\u00f3 emel\u00e9se, \u00e9s a k\u00e9sz\u00edtm\u00e9ny hat\u00e1smechanizmus\u00e1nak fokoz\u00e1sa \u00e9rdek\u00e9ben.<\/li><\/ol><p>Nagy \u00f6r\u00f6mmel \u00e9s elhivatotts\u00e1ggal k\u00edn\u00e1ljuk fel legjobb tud\u00e1sunkat \u00e9s tapasztalatainkat k\u00e9sz\u00edtm\u00e9nyeink form\u00e1j\u00e1ban, hogy v\u00e9dj\u00fck \u00e9s er\u0151s\u00edts\u00fck az emberi testet, hogy az m\u00e9g ellen\u00e1ll\u00f3bb\u00e1 v\u00e1ljon bizonyos betegs\u00e9gekkel \u00e9s stresszfaktorokkal szemben a modern vil\u00e1gban.<\/p><p>\u00a0<\/p><p>Amennyiben k\u00e9rd\u00e9se mer\u00fclt fel, forduljon hozz\u00e1nk bizalommal!<\/p><p><strong><a href=\"mailto:info@calendulapharmacy.com\">info@calendulapharmacy.com<\/a><\/strong><\/p><p><strong>+36 30 228 8962<\/strong><\/p>\t\t\t\t\t\t\t\t<\/div>\n\t\t\t\t\t<\/div>\n\t\t\t\t<\/div>\n\t\t<div class=\"elementor-element elementor-element-2aae05e e-con-full e-flex e-con e-parent\" data-id=\"2aae05e\" data-element_type=\"container\" data-e-type=\"container\" data-settings=\"{&quot;background_background&quot;:&quot;classic&quot;}\">\n\t\t<div class=\"elementor-element elementor-element-1a67d44 e-con-full e-flex e-con e-child\" data-id=\"1a67d44\" data-element_type=\"container\" data-e-type=\"container\" data-settings=\"{&quot;background_background&quot;:&quot;classic&quot;}\">\n\t\t<div class=\"elementor-element elementor-element-ecfacdb e-con-full e-flex e-con e-child\" data-id=\"ecfacdb\" data-element_type=\"container\" data-e-type=\"container\">\n\t\t\t\t<div class=\"elementor-element elementor-element-0e4ad9f elementor-widget elementor-widget-heading\" data-id=\"0e4ad9f\" data-element_type=\"widget\" data-e-type=\"widget\" data-widget_type=\"heading.default\">\n\t\t\t\t\t<h3 class=\"elementor-heading-title elementor-size-default\">Ismerje meg a CalendulaPharm\u00e1t k\u00f6zelebbr\u0151l<\/h3>\t\t\t\t<\/div>\n\t\t\t\t<div class=\"elementor-element elementor-element-3937c5b elementor-widget elementor-widget-text-editor\" data-id=\"3937c5b\" data-element_type=\"widget\" data-e-type=\"widget\" data-widget_type=\"text-editor.default\">\n\t\t\t\t\t\t\t\t\t<p>Munkat\u00e1rsaink szaktud\u00e1sa \u00e9s szerz\u0151i joggal v\u00e9dett recept\u00far\u00e1ink<br \/>garant\u00e1lj\u00e1k term\u00e9keink magas min\u0151s\u00e9g\u00e9t \u00e9s hat\u00e9konys\u00e1g\u00e1t.<\/p>\t\t\t\t\t\t\t\t<\/div>\n\t\t\t\t<\/div>\n\t\t<div class=\"elementor-element elementor-element-b15d190 e-con-full e-flex e-con e-child\" data-id=\"b15d190\" data-element_type=\"container\" data-e-type=\"container\">\n\t\t\t\t<div class=\"elementor-element elementor-element-15545a5 elementor-arrows-position-inside elementor-widget elementor-widget-n-carousel\" data-id=\"15545a5\" data-element_type=\"widget\" data-e-type=\"widget\" data-settings=\"{&quot;carousel_items&quot;:[{&quot;slide_title&quot;:&quot;Slide #1&quot;,&quot;_id&quot;:&quot;7bd7752&quot;},{&quot;slide_title&quot;:&quot;Slide #2&quot;,&quot;_id&quot;:&quot;66b1ba0&quot;},{&quot;slide_title&quot;:&quot;Slide #3&quot;,&quot;_id&quot;:&quot;aa6a8e0&quot;},{&quot;slide_title&quot;:&quot;Slide #4&quot;,&quot;_id&quot;:&quot;fc299a8&quot;},{&quot;slide_title&quot;:&quot;Slide #5&quot;,&quot;_id&quot;:&quot;abec518&quot;}],&quot;slides_to_show&quot;:&quot;4&quot;,&quot;image_spacing_custom&quot;:{&quot;unit&quot;:&quot;px&quot;,&quot;size&quot;:32,&quot;sizes&quot;:[]},&quot;slides_to_show_mobile&quot;:&quot;2&quot;,&quot;offset_sides&quot;:&quot;right&quot;,&quot;offset_width_mobile&quot;:{&quot;unit&quot;:&quot;px&quot;,&quot;size&quot;:40,&quot;sizes&quot;:[]},&quot;slides_to_show_tablet&quot;:&quot;4&quot;,&quot;image_spacing_custom_mobile&quot;:{&quot;unit&quot;:&quot;px&quot;,&quot;size&quot;:16,&quot;sizes&quot;:[]},&quot;infinite&quot;:&quot;yes&quot;,&quot;speed&quot;:500,&quot;offset_width&quot;:{&quot;unit&quot;:&quot;px&quot;,&quot;size&quot;:80,&quot;sizes&quot;:[]},&quot;offset_width_tablet&quot;:{&quot;unit&quot;:&quot;px&quot;,&quot;size&quot;:&quot;&quot;,&quot;sizes&quot;:[]},&quot;arrows&quot;:&quot;yes&quot;,&quot;image_spacing_custom_tablet&quot;:{&quot;unit&quot;:&quot;px&quot;,&quot;size&quot;:&quot;&quot;,&quot;sizes&quot;:[]}}\" data-widget_type=\"nested-carousel.default\">\n\t\t\t\t\t\t\t<div class=\"e-n-carousel swiper\" role=\"region\" aria-roledescription=\"carousel\" aria-label=\"Carousel\" dir=\"ltr\">\n\t\t\t<div class=\"swiper-wrapper\" aria-live=\"polite\">\n\t\t\t\t\t\t\t\t\t\t<div class=\"swiper-slide\" data-slide=\"1\" role=\"group\" aria-roledescription=\"slide\" aria-label=\"1 of 5\">\n\t\t\t\t\t\t\t<div class=\"elementor-element elementor-element-b9bf3ce e-flex e-con-boxed e-con e-child\" data-id=\"b9bf3ce\" data-element_type=\"container\" data-e-type=\"container\">\n\t\t\t\t\t<div class=\"e-con-inner\">\n\t\t\t\t<div class=\"elementor-element elementor-element-60fccec elementor-widget elementor-widget-video\" data-id=\"60fccec\" data-element_type=\"widget\" data-e-type=\"widget\" data-settings=\"{&quot;youtube_url&quot;:&quot;https:\\\/\\\/youtu.be\\\/Bm97fJ2vfyo?si=8XJHhyTAUqfpE0Ii&quot;,&quot;video_type&quot;:&quot;youtube&quot;,&quot;controls&quot;:&quot;yes&quot;}\" data-widget_type=\"video.default\">\n\t\t\t\t\t\t\t<div class=\"elementor-wrapper elementor-open-inline\">\n\t\t\t<div class=\"elementor-video\"><\/div>\t\t<\/div>\n\t\t\t\t\t\t<\/div>\n\t\t\t\t\t<\/div>\n\t\t\t\t<\/div>\n\t\t\t\t\t\t\t\t<\/div>\n\t\t\t\t\t\t\t\t\t\t\t<div class=\"swiper-slide\" data-slide=\"2\" role=\"group\" aria-roledescription=\"slide\" aria-label=\"2 of 5\">\n\t\t\t\t\t\t\t<div class=\"elementor-element elementor-element-55f2271 e-flex e-con-boxed e-con e-child\" data-id=\"55f2271\" data-element_type=\"container\" data-e-type=\"container\">\n\t\t\t\t\t<div class=\"e-con-inner\">\n\t\t\t\t<div class=\"elementor-element elementor-element-ab60ad3 elementor-widget elementor-widget-video\" data-id=\"ab60ad3\" data-element_type=\"widget\" data-e-type=\"widget\" data-settings=\"{&quot;youtube_url&quot;:&quot;https:\\\/\\\/youtube.com\\\/embed\\\/rGbaHr4FLXk?feature=share&quot;,&quot;video_type&quot;:&quot;youtube&quot;,&quot;controls&quot;:&quot;yes&quot;}\" data-widget_type=\"video.default\">\n\t\t\t\t\t\t\t<div class=\"elementor-wrapper elementor-open-inline\">\n\t\t\t<div class=\"elementor-video\"><\/div>\t\t<\/div>\n\t\t\t\t\t\t<\/div>\n\t\t\t\t\t<\/div>\n\t\t\t\t<\/div>\n\t\t\t\t\t\t\t\t<\/div>\n\t\t\t\t\t\t\t\t\t\t\t<div class=\"swiper-slide\" data-slide=\"3\" role=\"group\" aria-roledescription=\"slide\" aria-label=\"3 of 5\">\n\t\t\t\t\t\t\t<div class=\"elementor-element elementor-element-b36e569 e-flex e-con-boxed e-con e-child\" data-id=\"b36e569\" data-element_type=\"container\" data-e-type=\"container\">\n\t\t\t\t\t<div class=\"e-con-inner\">\n\t\t\t\t<div class=\"elementor-element elementor-element-f54ca3d elementor-widget elementor-widget-video\" data-id=\"f54ca3d\" data-element_type=\"widget\" data-e-type=\"widget\" data-settings=\"{&quot;youtube_url&quot;:&quot;https:\\\/\\\/youtube.com\\\/embed\\\/UwVIkKwwyTM&quot;,&quot;video_type&quot;:&quot;youtube&quot;,&quot;controls&quot;:&quot;yes&quot;}\" data-widget_type=\"video.default\">\n\t\t\t\t\t\t\t<div class=\"elementor-wrapper elementor-open-inline\">\n\t\t\t<div class=\"elementor-video\"><\/div>\t\t<\/div>\n\t\t\t\t\t\t<\/div>\n\t\t\t\t\t<\/div>\n\t\t\t\t<\/div>\n\t\t\t\t\t\t\t\t<\/div>\n\t\t\t\t\t\t\t\t\t\t\t<div class=\"swiper-slide\" data-slide=\"4\" role=\"group\" aria-roledescription=\"slide\" aria-label=\"4 of 5\">\n\t\t\t\t\t\t\t<div class=\"elementor-element elementor-element-2064eec e-flex e-con-boxed e-con e-child\" data-id=\"2064eec\" data-element_type=\"container\" data-e-type=\"container\">\n\t\t\t\t\t<div class=\"e-con-inner\">\n\t\t\t\t<div class=\"elementor-element elementor-element-c741742 elementor-widget elementor-widget-video\" data-id=\"c741742\" data-element_type=\"widget\" data-e-type=\"widget\" data-settings=\"{&quot;youtube_url&quot;:&quot;https:\\\/\\\/youtube.com\\\/embed\\\/lfxCiVm5B6c&quot;,&quot;video_type&quot;:&quot;youtube&quot;,&quot;controls&quot;:&quot;yes&quot;}\" data-widget_type=\"video.default\">\n\t\t\t\t\t\t\t<div class=\"elementor-wrapper elementor-open-inline\">\n\t\t\t<div class=\"elementor-video\"><\/div>\t\t<\/div>\n\t\t\t\t\t\t<\/div>\n\t\t\t\t\t<\/div>\n\t\t\t\t<\/div>\n\t\t\t\t\t\t\t\t<\/div>\n\t\t\t\t\t\t\t\t\t\t\t<div class=\"swiper-slide\" data-slide=\"5\" role=\"group\" aria-roledescription=\"slide\" aria-label=\"5 of 5\">\n\t\t\t\t\t\t\t<div class=\"elementor-element elementor-element-0c3f01c e-flex e-con-boxed e-con e-child\" data-id=\"0c3f01c\" data-element_type=\"container\" data-e-type=\"container\">\n\t\t\t\t\t<div class=\"e-con-inner\">\n\t\t\t\t<div class=\"elementor-element elementor-element-ee164b4 elementor-widget elementor-widget-video\" data-id=\"ee164b4\" data-element_type=\"widget\" data-e-type=\"widget\" data-settings=\"{&quot;youtube_url&quot;:&quot;https:\\\/\\\/youtube.com\\\/embed\\\/-OvyQnToChs?feature=share&quot;,&quot;video_type&quot;:&quot;youtube&quot;,&quot;controls&quot;:&quot;yes&quot;}\" data-widget_type=\"video.default\">\n\t\t\t\t\t\t\t<div class=\"elementor-wrapper elementor-open-inline\">\n\t\t\t<div class=\"elementor-video\"><\/div>\t\t<\/div>\n\t\t\t\t\t\t<\/div>\n\t\t\t\t\t<\/div>\n\t\t\t\t<\/div>\n\t\t\t\t\t\t\t\t<\/div>\n\t\t\t\t\t\t\t\t<\/div>\n\t\t<\/div>\n\t\t\t\t\t<div class=\"elementor-swiper-button elementor-swiper-button-prev\" role=\"button\" tabindex=\"0\" aria-label=\"Previous\">\n\t\t\t\t<i aria-hidden=\"true\" class=\"icon icon-ios-arrow-thin-left\"><\/i>\t\t\t<\/div>\n\t\t\t<div class=\"elementor-swiper-button elementor-swiper-button-next\" role=\"button\" tabindex=\"0\" aria-label=\"Next\">\n\t\t\t\t<i aria-hidden=\"true\" class=\"icon icon-ios-arrow-thin-right\"><\/i>\t\t\t<\/div>\n\t\t\t\t\t\t<\/div>\n\t\t\t\t<\/div>\n\t\t\t\t<\/div>\n\t\t\t\t<\/div>\n\t\t<div class=\"elementor-element elementor-element-f4a4784 e-con-full e-flex e-con e-parent\" data-id=\"f4a4784\" data-element_type=\"container\" data-e-type=\"container\" data-settings=\"{&quot;background_background&quot;:&quot;classic&quot;}\">\n\t\t<div class=\"elementor-element elementor-element-a206f63 e-con-full e-flex e-con e-child\" data-id=\"a206f63\" data-element_type=\"container\" data-e-type=\"container\" data-settings=\"{&quot;background_background&quot;:&quot;classic&quot;}\">\n\t\t<div class=\"elementor-element elementor-element-4bc5f9d e-con-full e-flex e-con e-child\" data-id=\"4bc5f9d\" data-element_type=\"container\" data-e-type=\"container\">\n\t\t\t\t<div class=\"elementor-element elementor-element-1bccd66 elementor-widget elementor-widget-heading\" data-id=\"1bccd66\" data-element_type=\"widget\" data-e-type=\"widget\" data-widget_type=\"heading.default\">\n\t\t\t\t\t<h3 class=\"elementor-heading-title elementor-size-default\">Saj\u00e1t gy\u00f3gyn\u00f6v\u00e9ny laborat\u00f3rium \u00e9s feldolgoz\u00f3 \u00fczem \u00c1d\u00e1ndon.<\/h3>\t\t\t\t<\/div>\n\t\t\t\t<div class=\"elementor-element elementor-element-426a2e2 elementor-widget elementor-widget-text-editor\" data-id=\"426a2e2\" data-element_type=\"widget\" data-e-type=\"widget\" data-widget_type=\"text-editor.default\">\n\t\t\t\t\t\t\t\t\t<p>Recept\u00far\u00e1inkat klinikai tapasztalatok \u00e9s modern kutat\u00e1s form\u00e1lta.<\/p>\t\t\t\t\t\t\t\t<\/div>\n\t\t\t\t<div class=\"elementor-element elementor-element-acdd6fe elementor-icon-list--layout-traditional elementor-list-item-link-full_width elementor-widget elementor-widget-icon-list\" data-id=\"acdd6fe\" data-element_type=\"widget\" data-e-type=\"widget\" data-widget_type=\"icon-list.default\">\n\t\t\t\t\t\t\t<ul class=\"elementor-icon-list-items\">\n\t\t\t\t\t\t\t<li class=\"elementor-icon-list-item\">\n\t\t\t\t\t\t\t\t\t\t\t<span class=\"elementor-icon-list-icon\">\n\t\t\t\t\t\t\t<svg aria-hidden=\"true\" class=\"e-font-icon-svg e-fas-circle\" viewBox=\"0 0 512 512\" xmlns=\"http:\/\/www.w3.org\/2000\/svg\"><path d=\"M256 8C119 8 8 119 8 256s111 248 248 248 248-111 248-248S393 8 256 8z\"><\/path><\/svg>\t\t\t\t\t\t<\/span>\n\t\t\t\t\t\t\t\t\t\t<span class=\"elementor-icon-list-text\">Magas min\u0151s\u00e9g\u0171, potenc\u00edrozott gy\u00f3gyn\u00f6v\u00e9nyekb\u0151l , zselatin kapszul\u00e1ban<\/span>\n\t\t\t\t\t\t\t\t\t<\/li>\n\t\t\t\t\t\t\t\t<li class=\"elementor-icon-list-item\">\n\t\t\t\t\t\t\t\t\t\t\t<span class=\"elementor-icon-list-icon\">\n\t\t\t\t\t\t\t<svg aria-hidden=\"true\" class=\"e-font-icon-svg e-fas-circle\" viewBox=\"0 0 512 512\" xmlns=\"http:\/\/www.w3.org\/2000\/svg\"><path d=\"M256 8C119 8 8 119 8 256s111 248 248 248 248-111 248-248S393 8 256 8z\"><\/path><\/svg>\t\t\t\t\t\t<\/span>\n\t\t\t\t\t\t\t\t\t\t<span class=\"elementor-icon-list-text\">Csak bevizsg\u00e1lt \u00e9s enged\u00e9lyezett gy\u00f3gyn\u00f6v\u00e9nyeket haszn\u00e1lunk<\/span>\n\t\t\t\t\t\t\t\t\t<\/li>\n\t\t\t\t\t\t\t\t<li class=\"elementor-icon-list-item\">\n\t\t\t\t\t\t\t\t\t\t\t<span class=\"elementor-icon-list-icon\">\n\t\t\t\t\t\t\t<svg aria-hidden=\"true\" class=\"e-font-icon-svg e-fas-circle\" viewBox=\"0 0 512 512\" xmlns=\"http:\/\/www.w3.org\/2000\/svg\"><path d=\"M256 8C119 8 8 119 8 256s111 248 248 248 248-111 248-248S393 8 256 8z\"><\/path><\/svg>\t\t\t\t\t\t<\/span>\n\t\t\t\t\t\t\t\t\t\t<span class=\"elementor-icon-list-text\">T\u00f6bb mint 1500 gy\u00f3gyk\u00e9sz\u00edtm\u00e9ny saj\u00e1t klinik\u00e1nk sz\u00e1m\u00e1ra<\/span>\n\t\t\t\t\t\t\t\t\t<\/li>\n\t\t\t\t\t\t\t\t<li class=\"elementor-icon-list-item\">\n\t\t\t\t\t\t\t\t\t\t\t<span class=\"elementor-icon-list-icon\">\n\t\t\t\t\t\t\t<svg aria-hidden=\"true\" class=\"e-font-icon-svg e-fas-circle\" viewBox=\"0 0 512 512\" xmlns=\"http:\/\/www.w3.org\/2000\/svg\"><path d=\"M256 8C119 8 8 119 8 256s111 248 248 248 248-111 248-248S393 8 256 8z\"><\/path><\/svg>\t\t\t\t\t\t<\/span>\n\t\t\t\t\t\t\t\t\t\t<span class=\"elementor-icon-list-text\">K\u00e9sz\u00edtm\u00e9nyeinket k\u00f6zel 3 \u00e9vtizede alkalmazzuk Eur\u00f3p\u00e1ban, klinikai k\u00f6rnyezetbe, gy\u00f3gykezel\u00e9sek sor\u00e1n.<\/span>\n\t\t\t\t\t\t\t\t\t<\/li>\n\t\t\t\t\t\t<\/ul>\n\t\t\t\t\t\t<\/div>\n\t\t\t\t<\/div>\n\t\t<div class=\"elementor-element elementor-element-f10c977 e-con-full e-flex e-con e-child\" data-id=\"f10c977\" data-element_type=\"container\" data-e-type=\"container\">\n\t\t\t\t<div class=\"elementor-element elementor-element-d212f38 elementor-widget elementor-widget-image\" data-id=\"d212f38\" data-element_type=\"widget\" data-e-type=\"widget\" data-widget_type=\"image.default\">\n\t\t\t\t\t\t\t\t\t\t\t\t\t\t\t<img fetchpriority=\"high\" decoding=\"async\" width=\"483\" height=\"425\" src=\"https:\/\/calendulapharma.com\/wp-content\/uploads\/nevtelen-terv-3.jpg\" class=\"attachment-large size-large wp-image-11118\" alt=\"\" srcset=\"https:\/\/calendulapharma.com\/wp-content\/uploads\/nevtelen-terv-3.jpg 483w, https:\/\/calendulapharma.com\/wp-content\/uploads\/nevtelen-terv-3-455x400.jpg 455w\" sizes=\"(max-width: 483px) 100vw, 483px\" \/>\t\t\t\t\t\t\t\t\t\t\t\t\t\t\t<\/div>\n\t\t\t\t<\/div>\n\t\t\t\t<\/div>\n\t\t\t\t<\/div>\n\t\t\t\t<\/div>\n\t\t","protected":false},"excerpt":{"rendered":"<p>Kik vagyunk? A Calendula Pharma Co. kft. magyar v\u00e1llalkoz\u00e1sk\u00e9nt n\u00f6v\u00e9nyi t\u00f6rzsgy\u00f3gyszerek\u00e9s t\u00e1pl\u00e1l\u00e9kkieg\u00e9sz\u00edt\u0151k fejleszt\u00e9s\u00e9t \u00e9s el\u0151\u00e1ll\u00edt\u00e1s\u00e1t v\u00e9gzi. Gy\u00f3gyn\u00f6v\u00e9ny laborat\u00f3riumunk \u00e9s feldolgoz\u00f3 \u00fczem\u00fcnk a somogy megyei \u00c1d\u00e1nd k\u00f6zs\u00e9gben tal\u00e1lhat\u00f3, ahol gy\u00f3gyn\u00f6v\u00e9ny alapanyagok \u00e9s k\u00e9sz\u00edtm\u00e9nyek kutat\u00e1s\u00e1t, fejleszt\u00e9s\u00e9t, tesztel\u00e9s\u00e9t \u00e9s gy\u00e1rt\u00e1s\u00e1t v\u00e9gezz\u00fck. HACCP rendszer\u00fcnk, bels\u0151 min\u0151s\u00e9gbiztos\u00edt\u00e1si \u2013 \u00e9s ellen\u0151rz\u00e9si folyamataink, munkat\u00e1rsaink szaktud\u00e1sa, valamint egyed\u00fcl\u00e1ll\u00f3 szerz\u0151i joggal v\u00e9dett recept\u00far\u00e1ink garant\u00e1lj\u00e1k [&hellip;]<\/p>\n","protected":false},"author":8,"featured_media":0,"parent":0,"menu_order":0,"comment_status":"closed","ping_status":"closed","template":"","meta":{"_acf_changed":false,"_monsterinsights_skip_tracking":false,"_monsterinsights_sitenote_active":false,"_monsterinsights_sitenote_note":"","_monsterinsights_sitenote_category":0,"footnotes":""},"class_list":["post-6779","page","type-page","status-publish","hentry"],"acf":[],"_links":{"self":[{"href":"https:\/\/calendulapharma.com\/en\/wp-json\/wp\/v2\/pages\/6779","targetHints":{"allow":["GET"]}}],"collection":[{"href":"https:\/\/calendulapharma.com\/en\/wp-json\/wp\/v2\/pages"}],"about":[{"href":"https:\/\/calendulapharma.com\/en\/wp-json\/wp\/v2\/types\/page"}],"author":[{"embeddable":true,"href":"https:\/\/calendulapharma.com\/en\/wp-json\/wp\/v2\/users\/8"}],"replies":[{"embeddable":true,"href":"https:\/\/calendulapharma.com\/en\/wp-json\/wp\/v2\/comments?post=6779"}],"version-history":[{"count":116,"href":"https:\/\/calendulapharma.com\/en\/wp-json\/wp\/v2\/pages\/6779\/revisions"}],"predecessor-version":[{"id":25237,"href":"https:\/\/calendulapharma.com\/en\/wp-json\/wp\/v2\/pages\/6779\/revisions\/25237"}],"wp:attachment":[{"href":"https:\/\/calendulapharma.com\/en\/wp-json\/wp\/v2\/media?parent=6779"}],"curies":[{"name":"wp","href":"https:\/\/api.w.org\/{rel}","templated":true}]}}