{"id":6794,"date":"2023-03-03T07:47:29","date_gmt":"2023-03-03T06:47:29","guid":{"rendered":"https:\/\/calendulapharma.com\/?page_id=6794"},"modified":"2026-02-11T10:53:33","modified_gmt":"2026-02-11T09:53:33","slug":"szallitasi-es-fizetesi-informaciok","status":"publish","type":"page","link":"https:\/\/calendulapharma.com\/en\/szallitasi-es-fizetesi-informaciok\/","title":{"rendered":"Delivery and payment information"},"content":{"rendered":"<div data-elementor-type=\"wp-page\" data-elementor-id=\"6794\" class=\"elementor elementor-6794\" data-elementor-post-type=\"page\">\n\t\t\t\t<div class=\"elementor-element elementor-element-1449f91d e-flex e-con-boxed e-con e-parent\" data-id=\"1449f91d\" data-element_type=\"container\" data-e-type=\"container\" data-settings=\"{&quot;background_background&quot;:&quot;classic&quot;}\">\n\t\t\t\t\t<div class=\"e-con-inner\">\n\t\t\t\t<div class=\"elementor-element elementor-element-1ed48516 elementor-widget elementor-widget-text-editor\" data-id=\"1ed48516\" data-element_type=\"widget\" data-e-type=\"widget\" data-widget_type=\"text-editor.default\">\n\t\t\t\t\t\t\t\t\t<h2><strong>A SZ\u00c1LL\u00cdT\u00c1S AZ AL\u00c1BBI M\u00d3DOKON T\u00d6RT\u00c9NHET:<\/strong><\/h2><p>\u00a0<\/p><h3><em><strong>1. H\u00c1ZHOZSZ\u00c1LL\u00cdT\u00c1S TNT FUT\u00c1RSZOLG\u00c1LATTAL:<\/strong><\/em><\/h3><p>\u00c1tutal\u00e1s, bankk\u00e1rty\u00e1s fizet\u00e9s \u00e9s ut\u00e1nv\u00e9tes fizet\u00e9s eset\u00e9n a TNT fut\u00e1rszolg\u00e1lat k\u00e9zbes\u00edti a csomagot a vev\u0151 \u00e1ltal megadott c\u00edmre. A vev\u0151 otthon\u00e1ba, vagy munkahely\u00e9re sz\u00e1ll\u00edtunk. Javasoljuk, hogy olyan sz\u00e1ll\u00edt\u00e1si c\u00edmet adjon meg, ahol \u00d6n napk\u00f6zben is el\u00e9rhet\u0151. K\u00e9rj\u00fck, a megrendel\u00e9s sor\u00e1n j\u00f3 telefonsz\u00e1mot adjon meg, hogy ha k\u00e9zbes\u00edt\u00e9s k\u00f6zben b\u00e1rmilyen probl\u00e9ma felmer\u00fclne, felvehess\u00fck \u00d6nnel a kapcsolatot. A h\u00e1zhozsz\u00e1ll\u00edt\u00e1s d\u00edja brutt\u00f3 2 000 Ft, mely hozz\u00e1ad\u00f3dik a sz\u00e1mla v\u00e9g\u00f6sszeg\u00e9hez. 50,000 Ft kos\u00e1r\u00e9rt\u00e9k felett a sz\u00e1ll\u00edt\u00e1s Magyarorsz\u00e1gon ingyenes. Csak a webshopban szerepl\u0151 term\u00e9kekre vonatkozik a sz\u00e1ll\u00edt\u00e1si akci\u00f3!<\/p><p>\u00a0<\/p><h3><em><strong>2. H\u00c1ZHOZSZ\u00c1LL\u00cdT\u00c1S VAGY CSOMAG\u00c1TV\u00c9TELI PONTRA T\u00d6RT\u00c9N\u0150 SZ\u00c1LL\u00cdT\u00c1S A MAGYAR POST\u00c1VAL<\/strong><\/em><\/h3><p>Csomagautomat\u00e1ba, Posta Pontra vagy post\u00e1ra k\u00e9zbes\u00edt\u00e9s: brutt\u00f3 990 ft\/ db<\/p><p>H\u00e1zn\u00e1l t\u00f6rt\u00e9n\u0151 k\u00e9zbes\u00edt\u00e9s 0-10 kg-ig: brutt\u00f3 1990 ft \/ db<\/p><p>H\u00e1zn\u00e1l t\u00f6rt\u00e9n\u0151 k\u00e9zbes\u00edt\u00e9s eset\u00e9n 10-20 kg-ig brutt\u00f3 2990 ft \/ db<\/p><p>H\u00e1zn\u00e1l t\u00f6rt\u00e9n\u0151 k\u00e9zbes\u00edt\u00e9s eset\u00e9n 20-40 kg-ig brutt\u00f3 5990 ft \/db<\/p><p>\u00a0<\/p><h3><em><strong>3. SZEM\u00c9LYES \u00c1TV\u00c9TEL IROD\u00c1NKBAN:<\/strong><\/em><\/h3><p><u>A szem\u00e9lyes \u00e1tv\u00e9tel helye<\/u>:<\/p><p>Calendula Klinika\u00a0 \u00a0H-8600 Si\u00f3fok, Kende u. 2.<br \/><u>Tel<\/u>: +36 84 357-920<\/p><p>Calendula Bt. 1137 Budapest, Szent Istv\u00e1n k\u00f6r\u00fat 20. III. floor. 1<\/p><p><em><strong>Szem\u00e9lyes \u00e1tv\u00e9tel eset\u00e9n, a v\u00e1s\u00e1rl\u00f3 \u00e9rtes\u00edt\u00e9se ut\u00e1n a term\u00e9keket 10 munkanapig tudjuk t\u00e1rolni, ut\u00e1na t\u00f6r\u00f6lj\u00fck a megrendel\u00e9st a rendszerb\u0151l.<\/strong><\/em><\/p><div><em><strong>Transport costs for foreign countries:<\/strong><\/em><\/div><p>7000 HUF (Ft)\/csomag, 18 EUR\/csomag<\/p><ul><li>Austria<\/li><li>Romania<\/li><li>Czech Republic<\/li><li>Slovakia<\/li><li>Poland<\/li><li>Luxembourg<\/li><li>San Marino<\/li><li>Monaco<\/li><li>Germany<\/li><li>Belgium<\/li><li>Bulgaria<\/li><li>Denmark<\/li><li>United Kingdom<\/li><li>Finland<\/li><li>France<\/li><li>Greece<\/li><li>Netherlands<\/li><li>Horv\u00e1thia<\/li><li>Ireland<\/li><li>Italy<\/li><li>Portugal<\/li><li>Spain<\/li><li>Sweden<\/li><li>Slovenia<\/li><li>Cyprus<\/li><li>Estonia<\/li><li>Latvia<\/li><li>Lithuania<\/li><li>Malta<\/li><\/ul><p>\u00a0<\/p><p><em><strong>Minden egy\u00e9b orsz\u00e1gb\u00f3l t\u00f6rt\u00e9n\u0151 v\u00e1s\u00e1rl\u00e1s eset\u00e9n, m\u00e9g a v\u00e1s\u00e1rl\u00e1s el\u0151tt a sz\u00e1ll\u00edt\u00e1si k\u00f6lts\u00e9gekkel kapcsolatosan k\u00e9rj\u00fck, hogy vegye fel a kapcsolatot munkat\u00e1rsainkkal a +36-84-357-920 telefonsz\u00e1mon, vagy a calendulapharma1@gmail.com email-c\u00edmen.<\/strong><\/em><\/p><h3>\u00a0<\/h3><h3><em><strong>4. SZ\u00c1LL\u00cdT\u00c1S PICK PACK PONTRA<\/strong><\/em><\/h3><p>A Pick Pack Pont szolg\u00e1ltat\u00e1s haszn\u00e1lat\u00e1val nem csak id\u0151t \u00e9s p\u00e9nzt takar\u00edt meg, de a k\u00f6rnyezetet is \u00f3vja. V\u00e1lassza a Pick Pack Pontot \u00e9s \u00e9lvezze a szolg\u00e1ltat\u00e1s el\u0131nyeit online v\u00e1s\u00e1rl\u00e1sai sor\u00e1n!<\/p><p><strong>Mikor v\u00e1lassza a Pick Pack Pont-ot?<\/strong><\/p><ul><li>Nem tud a megadott napon a sz\u00e1ll\u00edt\u00e1si c\u00edmen tart\u00f3zkodni \u00e9s a fut\u00e1rra v\u00e1rni<\/li><li>Nem rendelheti munkahely\u00e9re a csomagot<\/li><li>A fut\u00e1rral t\u00f6rt\u00e9n\u0131 k\u00e9zbes\u00edt\u00e9s t\u00fal k\u00f6lts\u00e9ges<\/li><li>Szeretne a szabadidej\u00e9vel saj\u00e1t maga gazd\u00e1lkodni<\/li><\/ul><p>Keresse meg az \u00d6nnek legk\u00e9nyelmesebb Pick Pack Pontot itt: <a href=\"https:\/\/www.pickpackpont.hu\/#map\" target=\"_blank\" rel=\"noopener\">https:\/\/www.pickpackpont.hu\/atveteli-pont<\/a><\/p><p><strong>K\u00e9nyelmes csomag\u00e1tv\u00e9tel<\/strong><\/p><ul><li>Rendelje meg online a term\u00e9ket \u00e9s v\u00e1lassza ki az \u00d6nnek legink\u00e1bb megfelel\u0151t<\/li><li>A web\u00e1ruh\u00e1z \u00fczenetet k\u00fcld \u00d6nnek, amikor \u00e1tadja a csomagot a Pick Pack Pont logisztika r\u00e9sz\u00e9re<\/li><li>A csomag \u00fatja nyomon k\u00f6vethet\u0131 a web\u00e1ruh\u00e1zt\u00f3l kapott \u00fczenetben tal\u00e1lhat\u00f3 azonos\u00edt\u00f3 k\u00f3d megad\u00e1s\u00e1val a<\/li><li>https:\/\/www.pickpackpont.hu oldalon a Csomagkeres\u0151vel<\/li><\/ul><p>\u00a0<\/p><p><strong>Ha a csomagja meg\u00e9rkezett az \u00d6n \u00e1ltal kiv\u00e1lasztott Pick Pack Pont -ra:<\/strong><\/p><ul><li>E-mail \u00e9s ak\u00e1r sms \u00fczenetet k\u00fcld\u00fcnk a pontra \u00e9rkez\u00e9sr\u0151l<\/li><li>A csomag az \u00e9rtes\u00edt\u00e9st k\u00f6vet\u0151 5+5 (V\u00e1s\u00e1rl\u00f3 k\u00fcl\u00f6n k\u00e9r\u00e9s\u00e9re) napig vehet\u0151 \u00e1t a Ponton<\/li><li>Ak\u00e1r \u00e9jjel-nappal \u00e1tvehet\u0151 a csomag \u00e9s a legt\u00f6bb helyen bankk\u00e1rty\u00e1t is elfogadunk<\/li><\/ul><p>Amennyiben b\u00e1rmilyen probl\u00e9m\u00e1ja ad\u00f3dna az \u00e1tvett csomaggal kapcsolatosan, az \u00e1rushely dolgoz\u00f3i \u00e9s telefonos\u00a0\u00fcgyf\u00e9lszolg\u00e1latunk rendelkez\u00e9s\u00e9re \u00e1ll.<br \/>\u00dcgyf\u00e9lszolg\u00e1lat el\u00e9rhet\u0151s\u00e9ge: 06 1 881 2615<br \/>E-mail: pickpackpont@sprinter.hu<\/p><p><strong>Dijszab\u00e1s Pick Pack pontos sz\u00e1ll\u00edt\u00e1s eset\u00e9n:\u00a0<\/strong><\/p><ul><li>0 &#8211; 15 000 Ft megrendel\u00e9s eset\u00e9n 1 099 Ft<\/li><li>40 000 Ft felett ingyenes<\/li><\/ul><p>\u00a0<\/p><p><strong>Csomag\u00e1tv\u00e9tel<\/strong><\/p><p>A szem\u00e9lyes \u00e1tv\u00e9tel min\u00e9l gyorsabb lebonyol\u00edt\u00e1sa \u00e9rdek\u00e9ben k\u00e9rj\u00fck, hogy lehet\u0151s\u00e9g szerint nyomtass\u00e1k ki az\u00a0automatikus visszaigazol\u00f3 e-mail \u00e9rtes\u00edt\u00e9st, vagy jegyezz\u00e9k fel a rendel\u00e9s azonos\u00edt\u00f3 sz\u00e1m\u00e1t.<br \/>A munkanapon 12 \u00f3r\u00e1ig megrendelt term\u00e9keket Budapesten 1-3 munkanapon bel\u00fcl, m\u00edg nem budapesti sz\u00e1ll\u00edt\u00e1s eset\u00e9n 2-4 munkanapon bel\u00fcl veheti \u00e1t az \u00d6n \u00e1ltal kiv\u00e1lasztott Pick Pack Pont -on.<br \/>Az \u00e1tv\u00e9telkor \u2013 az \u00d6n biztons\u00e1ga \u00e9rdek\u00e9ben \u2013 sz\u00fcks\u00e9ges, hogy igazolja szem\u00e9lyazonoss\u00e1g\u00e1t.<br \/>Ha nem a csomagon szerepl\u0151 szem\u00e9ly veszi \u00e1t a csomagot, akkor k\u00e9t tan\u00fa al\u00e1\u00edr\u00e1s\u00e1val ell\u00e1tott\u00a0meghatalmaz\u00e1s is sz\u00fcks\u00e9ges a csomag \u00e1tv\u00e9tel\u00e9hez.<br \/>A szem\u00e9lyazonoss\u00e1g\u00e1t igazol\u00f3 hat\u00f3s\u00e1gi igazolv\u00e1ny elnevez\u00e9s\u00e9t, bet\u0171jel\u00e9t \u00e9s a sz\u00e1m\u00e1t, valamint ha a csomagot a c\u00edmzett veszi \u00e1t a \u201eC\u00edmzett\u201d megjel\u00f6l\u00e9st, ha a csomagot nem a c\u00edmzett veszi \u00e1t, akkor az \u00e1tv\u00e9tel jogc\u00edmek\u00e9nt a \u201eHelyettes \u00e1tvev\u0151\u201d megnevez\u00e9st kiz\u00e1r\u00f3lag az \u00e1tad\u00f3n\u00e1l marad\u00f3 p\u00e9ld\u00e1nyra kell feljegyezni. Az \u00e1tad\u00e1si bizonylat t\u00e1rol\u00e1sa, valamint a meghatalmaz\u00e1s \u0151rz\u00e9se a vonatkoz\u00f3 szab\u00e1lyoknak megfelel\u0151en t\u00f6rt\u00e9nik meg. A meghatalmaz\u00e1st az \u00e1tad\u00e1si bizonylattal egy\u00fctt \u00e1tad\u00f3 meg\u0151rizni k\u00f6teles.<\/p><h2>\u00a0<\/h2><h2><strong>\u200bFIZET\u00c9SI M\u00d3DOK:<\/strong><\/h2><ul><li>K\u00e9szp\u00e9nzben szem\u00e9lyes \u00e1tv\u00e9tellel<\/li><li>El\u0151re utal\u00e1ssal<\/li><li>Ut\u00e1nv\u00e9ttel, belf\u00f6ld\u00f6n (csak Magyarorsz\u00e1g)<\/li><li>Online bankk\u00e1rty\u00e1s fizet\u00e9ssel<\/li><\/ul>\t\t\t\t\t\t\t\t<\/div>\n\t\t\t\t\t<\/div>\n\t\t\t\t<\/div>\n\t\t\t\t<\/div>","protected":false},"excerpt":{"rendered":"<p>A SZ\u00c1LL\u00cdT\u00c1S AZ AL\u00c1BBI M\u00d3DOKON T\u00d6RT\u00c9NHET: \u00a0 1. H\u00c1ZHOZSZ\u00c1LL\u00cdT\u00c1S TNT FUT\u00c1RSZOLG\u00c1LATTAL: \u00c1tutal\u00e1s, bankk\u00e1rty\u00e1s fizet\u00e9s \u00e9s ut\u00e1nv\u00e9tes fizet\u00e9s eset\u00e9n a TNT fut\u00e1rszolg\u00e1lat k\u00e9zbes\u00edti a csomagot a vev\u0151 \u00e1ltal megadott c\u00edmre. A vev\u0151 otthon\u00e1ba, vagy munkahely\u00e9re sz\u00e1ll\u00edtunk. Javasoljuk, hogy olyan sz\u00e1ll\u00edt\u00e1si c\u00edmet adjon meg, ahol \u00d6n napk\u00f6zben is el\u00e9rhet\u0151. K\u00e9rj\u00fck, a megrendel\u00e9s sor\u00e1n j\u00f3 telefonsz\u00e1mot adjon meg, [&hellip;]<\/p>\n","protected":false},"author":8,"featured_media":0,"parent":0,"menu_order":0,"comment_status":"closed","ping_status":"closed","template":"","meta":{"_acf_changed":false,"_monsterinsights_skip_tracking":false,"_monsterinsights_sitenote_active":false,"_monsterinsights_sitenote_note":"","_monsterinsights_sitenote_category":0,"footnotes":""},"class_list":["post-6794","page","type-page","status-publish","hentry"],"acf":[],"_links":{"self":[{"href":"https:\/\/calendulapharma.com\/en\/wp-json\/wp\/v2\/pages\/6794","targetHints":{"allow":["GET"]}}],"collection":[{"href":"https:\/\/calendulapharma.com\/en\/wp-json\/wp\/v2\/pages"}],"about":[{"href":"https:\/\/calendulapharma.com\/en\/wp-json\/wp\/v2\/types\/page"}],"author":[{"embeddable":true,"href":"https:\/\/calendulapharma.com\/en\/wp-json\/wp\/v2\/users\/8"}],"replies":[{"embeddable":true,"href":"https:\/\/calendulapharma.com\/en\/wp-json\/wp\/v2\/comments?post=6794"}],"version-history":[{"count":24,"href":"https:\/\/calendulapharma.com\/en\/wp-json\/wp\/v2\/pages\/6794\/revisions"}],"predecessor-version":[{"id":25158,"href":"https:\/\/calendulapharma.com\/en\/wp-json\/wp\/v2\/pages\/6794\/revisions\/25158"}],"wp:attachment":[{"href":"https:\/\/calendulapharma.com\/en\/wp-json\/wp\/v2\/media?parent=6794"}],"curies":[{"name":"wp","href":"https:\/\/api.w.org\/{rel}","templated":true}]}}