{"id":24373,"date":"2025-11-06T15:42:44","date_gmt":"2025-11-06T14:42:44","guid":{"rendered":"https:\/\/calendulapharma.com\/?post_type=product&#038;p=24373"},"modified":"2026-04-15T14:29:36","modified_gmt":"2026-04-15T12:29:36","slug":"prostaline","status":"publish","type":"product","link":"https:\/\/calendulapharma.com\/en\/product\/prostaline\/","title":{"rendered":"Prostalins"},"content":{"rendered":"<p>Gy\u00f3gyn\u00f6v\u00e9ny tartalm\u00fa \u00e9trend-kieg\u00e9sz\u00edt\u0151 prosztatamegnagyobbod\u00e1s, prosztata adenoma kezel\u00e9s\u00e9re, prosztata probl\u00e9ma okozta t\u00fcnetek cs\u00f6kkent\u00e9s\u00e9re \u00e9s megsz\u00fcntet\u00e9s\u00e9re, a prosztata eg\u00e9szs\u00e9ges m\u0171k\u00f6d\u00e9s\u00e9nek fenntart\u00e1s\u00e1ra.<\/p>\n<p>\u00d6sszetev\u0151k k\u00f6z\u00fcl a f\u0171r\u00e9szp\u00e1lma t\u00e1mogatja a prosztata norm\u00e1l m\u0171k\u00f6d\u00e9s\u00e9t, az afrikai szilvafa a f\u00e9rfiak stabil vizeletfunkci\u00f3it. A nagy csal\u00e1n hat\u00e9kony vizelet\u00fcr\u00edt\u00e9si zavarok, a kurkuma gyullad\u00e1sos reakci\u00f3k eset\u00e9n. A cink szerepet j\u00e1tszik a term\u00e9kenys\u00e9g fokoz\u00e1s\u00e1ban.<\/p>\n<p>A kapszula anyaga: veget\u00e1ri\u00e1nus kapszula<\/p>","protected":false},"excerpt":{"rendered":"<p>Gy\u00f3gyn\u00f6v\u00e9ny kapszula a prosztata probl\u00e9m\u00e1k megel\u0151z\u00e9s\u00e9re \u00e9s megsz\u00fcntet\u00e9s\u00e9re, a prosztata eg\u00e9szs\u00e9ges m\u0171k\u00f6d\u00e9s\u00e9nek fenntart\u00e1s\u00e1ra.<\/p>\n<p>Gy\u00f3gyn\u00f6v\u00e9ny tartalm\u00fa \u00e9trend-kieg\u00e9sz\u00edt\u0151 prosztatamegnagyobbod\u00e1s, prosztata adenoma kezel\u00e9s\u00e9re, prosztata probl\u00e9ma okozta t\u00fcnetek cs\u00f6kkent\u00e9s\u00e9re \u00e9s megsz\u00fcntet\u00e9s\u00e9re, a prosztata eg\u00e9szs\u00e9ges m\u0171k\u00f6d\u00e9s\u00e9nek fenntart\u00e1s\u00e1ra.<\/p>\n<p>\u00d6sszetev\u0151k k\u00f6z\u00fcl a f\u0171r\u00e9szp\u00e1lma t\u00e1mogatja a prosztata norm\u00e1l m\u0171k\u00f6d\u00e9s\u00e9t, az afrikai szilvafa a f\u00e9rfiak stabil vizeletfunkci\u00f3it. A nagy csal\u00e1n hat\u00e9kony vizelet\u00fcr\u00edt\u00e9si zavarok, a kurkuma gyullad\u00e1sos reakci\u00f3k eset\u00e9n. A cink szerepet j\u00e1tszik a term\u00e9kenys\u00e9g fokoz\u00e1s\u00e1ban.<\/p>\n<p>\u00d6sszetev\u0151k: nagy csal\u00e1n, f\u0171r\u00e9szp\u00e1lma, p\u00e1fr\u00e1nyfeny\u0151, afrikai szilvafa, kurkuma, coix mag, b\u00f3kol\u00f3 aranyfa, cink-citr\u00e1t, feketebors<\/p>\n<p>A kapszula anyaga: veget\u00e1ri\u00e1nus kapszula<\/p>","protected":false},"featured_media":24293,"comment_status":"open","ping_status":"closed","template":"","meta":{"_acf_changed":false,"_monsterinsights_skip_tracking":false,"_monsterinsights_sitenote_active":false,"_monsterinsights_sitenote_note":"","_monsterinsights_sitenote_category":0},"product_brand":[],"product_cat":[709,382,218,527,383,344,189],"product_tag":[1959,1961],"class_list":{"0":"post-24373","1":"product","2":"type-product","3":"status-publish","4":"has-post-thumbnail","6":"product_cat-akcios-termekek","7":"product_cat-etrend-kiegeszitok","8":"product_cat-ferfi-egeszseg","9":"product_cat-ferfi-klimax","10":"product_cat-hormonrendszer","11":"product_cat-hugyuti-rendszer","12":"product_cat-minden-termek","13":"product_tag-ferfi-egeszseg","14":"product_tag-prosztata","16":"first","17":"instock","18":"shipping-taxable","19":"purchasable","20":"product-type-simple"},"acf":[],"_links":{"self":[{"href":"https:\/\/calendulapharma.com\/en\/wp-json\/wp\/v2\/product\/24373","targetHints":{"allow":["GET"]}}],"collection":[{"href":"https:\/\/calendulapharma.com\/en\/wp-json\/wp\/v2\/product"}],"about":[{"href":"https:\/\/calendulapharma.com\/en\/wp-json\/wp\/v2\/types\/product"}],"replies":[{"embeddable":true,"href":"https:\/\/calendulapharma.com\/en\/wp-json\/wp\/v2\/comments?post=24373"}],"version-history":[{"count":5,"href":"https:\/\/calendulapharma.com\/en\/wp-json\/wp\/v2\/product\/24373\/revisions"}],"predecessor-version":[{"id":25653,"href":"https:\/\/calendulapharma.com\/en\/wp-json\/wp\/v2\/product\/24373\/revisions\/25653"}],"wp:featuredmedia":[{"embeddable":true,"href":"https:\/\/calendulapharma.com\/en\/wp-json\/wp\/v2\/media\/24293"}],"wp:attachment":[{"href":"https:\/\/calendulapharma.com\/en\/wp-json\/wp\/v2\/media?parent=24373"}],"wp:term":[{"taxonomy":"product_brand","embeddable":true,"href":"https:\/\/calendulapharma.com\/en\/wp-json\/wp\/v2\/product_brand?post=24373"},{"taxonomy":"product_cat","embeddable":true,"href":"https:\/\/calendulapharma.com\/en\/wp-json\/wp\/v2\/product_cat?post=24373"},{"taxonomy":"product_tag","embeddable":true,"href":"https:\/\/calendulapharma.com\/en\/wp-json\/wp\/v2\/product_tag?post=24373"}],"curies":[{"name":"wp","href":"https:\/\/api.w.org\/{rel}","templated":true}]}}