{"id":25300,"date":"2026-02-12T15:42:19","date_gmt":"2026-02-12T14:42:19","guid":{"rendered":"https:\/\/calendulapharma.com\/?post_type=product&#038;p=25300"},"modified":"2026-02-15T12:12:20","modified_gmt":"2026-02-15T11:12:20","slug":"slimfit-komplex-csomag","status":"publish","type":"product","link":"https:\/\/calendulapharma.com\/en\/product\/slimfit-komplex-csomag\/","title":{"rendered":"SlimFit complex package"},"content":{"rendered":"<div>\n<p>&nbsp;<\/p>\n<\/div>\n<p>&nbsp;<\/p>","protected":false},"excerpt":{"rendered":"<div>\n<div>\n<p>Fogyjon eg\u00e9szs\u00e9gesen, tudatosan, term\u00e9szetes t\u00e1mogat\u00e1ssal!<\/p>\n<p>A SlimFit Komplex csomag \u00e1tgondolt program azok sz\u00e1m\u00e1ra, akik nem csup\u00e1n a tests\u00falycs\u00f6kkent\u00e9st t\u0171zik ki c\u00e9lul, hanem szervezet\u00fck bels\u0151 egyens\u00faly\u00e1nak helyre\u00e1ll\u00edt\u00e1s\u00e1t is fontosnak tartj\u00e1k. A hat\u00e9kony \u00e9s tart\u00f3s fogy\u00e1s alapja a megfelel\u0151en m\u0171k\u00f6d\u0151 em\u00e9szt\u0151rendszer \u00e9s a tehermentes\u00edtett b\u00e9lrendszer \u2013 csomagunk ez\u00e9rt a folyamatot egy k\u00edm\u00e9letes, m\u00e9gis eredm\u00e9nyes tiszt\u00edt\u00e1ssal ind\u00edtja.<\/p>\n<p>A k\u00fara els\u0151 szakasz\u00e1ban javasolt a Triphala ayurv\u00e9dikus gy\u00f3gyn\u00f6v\u00e9ny kapszula alkalmaz\u00e1sa, amelyet Salaktalan\u00edt\u00f3 gy\u00f3gyn\u00f6v\u00e9nyes teakever\u00e9k\u00fcnk eg\u00e9sz\u00edt ki. Ez a kombin\u00e1ci\u00f3 seg\u00edthet a felhalmoz\u00f3dott salakanyagok ki\u00fcr\u00edt\u00e9s\u00e9ben, t\u00e1mogatja az em\u00e9szt\u0151rendszer term\u00e9szetes m\u0171k\u00f6d\u00e9s\u00e9t, \u00e9s el\u0151k\u00e9sz\u00edti a szervezetet a tests\u00falycs\u00f6kkent\u0151 program k\u00f6vetkez\u0151 l\u00e9p\u00e9s\u00e9re. A bels\u0151 tisztul\u00e1s hozz\u00e1j\u00e1rulhat a k\u00f6nnyedebb k\u00f6z\u00e9rzethez \u00e9s az anyagcsere hat\u00e9konyabb m\u0171k\u00f6d\u00e9s\u00e9hez.<\/p>\n<p>A m\u00e1sodik szakaszban \u2013 amikor a szervezet m\u00e1r felszabadult a felesleges terhel\u00e9st\u0151l \u2013 a program a SlimVeda gy\u00f3gyn\u00f6v\u00e9ny kapszul\u00e1val, valamint a Karcs\u00fas\u00edt\u00f3 teakever\u00e9kkel folytat\u00f3dik. A gondosan v\u00e1logatott term\u00e9szetes \u00f6sszetev\u0151k, mint a tarkabogy\u00f3, a tajgagy\u00f6k\u00e9r, a szent bazsalikom \u00e9s a gyermekl\u00e1ncf\u0171, t\u00e1mogat\u00e1st ny\u00fajthatnak az \u00e9tv\u00e1gy szab\u00e1lyoz\u00e1s\u00e1ban, hozz\u00e1j\u00e1rulhatnak a zs\u00edrrakt\u00e1rak m\u00e9rs\u00e9kl\u00e9s\u00e9hez, valamint seg\u00edthetik a koleszterinszint \u00e9s a v\u00e9rcukorszint eg\u00e9szs\u00e9ges egyens\u00faly\u00e1nak fenntart\u00e1s\u00e1t.<\/p>\n<p>A SlimFit Komplex nem csup\u00e1n a kil\u00f3k cs\u00f6kkent\u00e9s\u00e9re f\u00f3kusz\u00e1l, hanem a szervezet harmonikus m\u0171k\u00f6d\u00e9s\u00e9nek t\u00e1mogat\u00e1s\u00e1ra is \u2013 hogy a v\u00e1ltoz\u00e1s bel\u00fclr\u0151l induljon, \u00e9s hossz\u00fa t\u00e1von is fenntarthat\u00f3 legyen.<\/p>\n<p>Ind\u00edtsa el az \u00e1talakul\u00e1st term\u00e9szetesen, tudatos l\u00e9p\u00e9sekkel, a term\u00e9szet erej\u00e9re t\u00e1maszkodva.<\/p>\n<\/div>\n<\/div>","protected":false},"featured_media":25301,"comment_status":"open","ping_status":"closed","template":"","meta":{"_acf_changed":false,"_monsterinsights_skip_tracking":false,"_monsterinsights_sitenote_active":false,"_monsterinsights_sitenote_note":"","_monsterinsights_sitenote_category":0},"product_brand":[],"product_cat":[709,520,348,189,219],"product_tag":[],"class_list":{"0":"post-25300","1":"product","2":"type-product","3":"status-publish","4":"has-post-thumbnail","6":"product_cat-akcios-termekek","7":"product_cat-magas-koleszterin","8":"product_cat-meregtelenites","9":"product_cat-minden-termek","10":"product_cat-termekcsomagok","12":"first","13":"instock","14":"sale","15":"shipping-taxable","16":"purchasable","17":"product-type-simple"},"acf":[],"_links":{"self":[{"href":"https:\/\/calendulapharma.com\/en\/wp-json\/wp\/v2\/product\/25300","targetHints":{"allow":["GET"]}}],"collection":[{"href":"https:\/\/calendulapharma.com\/en\/wp-json\/wp\/v2\/product"}],"about":[{"href":"https:\/\/calendulapharma.com\/en\/wp-json\/wp\/v2\/types\/product"}],"replies":[{"embeddable":true,"href":"https:\/\/calendulapharma.com\/en\/wp-json\/wp\/v2\/comments?post=25300"}],"version-history":[{"count":3,"href":"https:\/\/calendulapharma.com\/en\/wp-json\/wp\/v2\/product\/25300\/revisions"}],"predecessor-version":[{"id":25437,"href":"https:\/\/calendulapharma.com\/en\/wp-json\/wp\/v2\/product\/25300\/revisions\/25437"}],"wp:featuredmedia":[{"embeddable":true,"href":"https:\/\/calendulapharma.com\/en\/wp-json\/wp\/v2\/media\/25301"}],"wp:attachment":[{"href":"https:\/\/calendulapharma.com\/en\/wp-json\/wp\/v2\/media?parent=25300"}],"wp:term":[{"taxonomy":"product_brand","embeddable":true,"href":"https:\/\/calendulapharma.com\/en\/wp-json\/wp\/v2\/product_brand?post=25300"},{"taxonomy":"product_cat","embeddable":true,"href":"https:\/\/calendulapharma.com\/en\/wp-json\/wp\/v2\/product_cat?post=25300"},{"taxonomy":"product_tag","embeddable":true,"href":"https:\/\/calendulapharma.com\/en\/wp-json\/wp\/v2\/product_tag?post=25300"}],"curies":[{"name":"wp","href":"https:\/\/api.w.org\/{rel}","templated":true}]}}