{"id":3935,"date":"2022-07-18T14:56:52","date_gmt":"2022-07-18T12:56:52","guid":{"rendered":"https:\/\/calendulapharma.com\/product\/activedigest-kapszula-szekrekedes-kezelesere\/"},"modified":"2026-02-23T14:21:12","modified_gmt":"2026-02-23T13:21:12","slug":"activedigest-kapszula-szekrekedes-kezelesere","status":"publish","type":"product","link":"https:\/\/calendulapharma.com\/en\/product\/activedigest-kapszula-szekrekedes-kezelesere\/","title":{"rendered":"Activedigest Capsules"},"content":{"rendered":"<h4>OGY\u00c9I notifik\u00e1ci\u00f3s sz\u00e1m: 14631\/2014<\/h4>\n<h3>F\u0150BB TULAJDONS\u00c1GOK:<\/h3>\n<p>Az ActiveDigest 16 n\u00f6v\u00e9ny gy\u00f3gyhat\u00e1s\u00e1t egyes\u00edti harmonikus egys\u00e9gben az em\u00e9szt\u0151rendszer \u00e9s a sz\u00e9klet\u00fcr\u00edt\u00e9s folyamatainak t\u00e1mogat\u00e1s\u00e1ra. Kiemelked\u0151en \u00e9rt\u00e9kes komponensei a terminalia chebula \u00e9s a terminalia belerica term\u00e9sei. Ezek a n\u00f6v\u00e9nyek &#8211; a Himal\u00e1j\u00e1n \u00e9l\u0151 haritaki \u00e9s bibhitaki n\u00e9ven ismert n\u00f6v\u00e9nycsoport &#8211; sz\u00e9les spektrum\u00fa hat\u00e1ssal rendelkeznek: antioxid\u00e1ns, gyullad\u00e1sg\u00e1tl\u00f3, fiatal\u00edt\u00f3, \u00f6sszeh\u00faz\u00f3, hashajt\u00f3 hat\u00e1s\u00faak.<\/p>\n<h3>\u00d6SSZETEV\u0150K:<\/h3>\n<ul>\n<li>plantago ovata &#8211; utif\u0171,<\/li>\n<li>N\u00e1dcukor,<\/li>\n<li>caryophyllus aromaticus &#8211; szegf\u0171szeg,<\/li>\n<li>matricaria recutita &#8211; kamilla,<\/li>\n<li>menthae piperitae &#8211; borsmentalev\u00e9l,<\/li>\n<li>terminalia chebula &#8211; haritaki,<\/li>\n<li>curcuma longa &#8211; kurkuma,<\/li>\n<li>foeniculum vulgare &#8211; \u00e9desk\u00f6m\u00e9ny,<\/li>\n<li>piper nigrum &#8211; feketebors,<\/li>\n<li>piper longum &#8211; hossz\u00fabors,<\/li>\n<li>terminalia belerica &#8211; bibhitaki,<\/li>\n<li>emblica officinalis &#8211; amla gy\u00fcm\u00f6lcs,<\/li>\n<li>cyperus rotondus &#8211; palka gy\u00f6k\u00e9r,<\/li>\n<li>thymus vulgaris &#8211; kerti kakukkf\u0171,<\/li>\n<li>elettaria cardamomum &#8211; kardamom,<\/li>\n<li>myristica fragrans &#8211; szerecsendi\u00f3,<\/li>\n<li>zingiber officinale &#8211; gy\u00f6mb\u00e9r.<\/li>\n<\/ul>\n<p>A\u00a0 kapszula anyaga: Zselatin<\/p>\n<h3>HAT\u00d3ANYAGOK:<\/h3>\n<ul>\n<li>KURKUMA: Seg\u00edti a m\u00e1j \u00e9s az epe norm\u00e1l m\u0171k\u00f6d\u00e9s\u00e9t fenntartani, hozz\u00e1j\u00e1rul az em\u00e9szt\u0151rendszer komfort\u00e9rzet\u00e9nek fenntart\u00e1s\u00e1hoz.<\/li>\n<li>\u00c9DESK\u00d6M\u00c9NY: T\u00e1mogatja a megfelel\u0151 \u00e9tv\u00e1gyat \u00e9s a szervezet em\u00e9szt\u00e9si mechanizmusait.<\/li>\n<li>AMLA GY\u00dcM\u00d6LCS: T\u00e1mogatja az em\u00e9szt\u0151 rendszer m\u0171k\u00f6d\u00e9s\u00e9t.<\/li>\n<li>FEKETEBORS: T\u00e1mogatja a felsz\u00edv\u00f3d\u00e1s norm\u00e1l folyamatait, \u00e9s m\u00e1s n\u00f6v\u00e9nyi \u00f6sszetev\u0151k hasznosul\u00e1s\u00e1t.<\/li>\n<li>GY\u00d6MB\u00c9R: Hozz\u00e1j\u00e1rul az em\u00e9szt\u0151rendszer norm\u00e1l m\u0171k\u00f6d\u00e9s\u00e9hez.<\/li>\n<\/ul>\n<h3>K\u00faraszer\u0171 alkalmaz\u00e1sa m\u00e1s Calendula Pharma k\u00e9sz\u00edtm\u00e9nyekkel:<\/h3>\n<p><strong>Kr\u00f3nikus dyspepsia szindr\u00f3ma eset\u00e9n:<\/strong><br \/>\nHEPATOSOUL (30 perccel \u00e9tkez\u00e9s el\u0151tt)<br \/>\nMETEOPRO (\u00e9tkez\u00e9s ut\u00e1n)<br \/>\nACTIVEDIGEST (este \u00e9jszak\u00e1ra)<br \/>\n<strong>S\u00falycs\u00f6kkent\u00e9shez:<\/strong><br \/>\n\u0421ALOLIGHT<br \/>\nSLIMVEDA<br \/>\nACTIVEDIGEST (ez a k\u00e9sz\u00edtm\u00e9ny a s\u00falycs\u00f6kkent\u00e9si folyamatot gyors\u00edtja)<\/p>\n<h3>ADAGOL\u00c1S:<\/h3>\n<p>Feln\u0151ttek sz\u00e1m\u00e1ra naponta 3\u00d72 kapszula elfogyaszt\u00e1sa aj\u00e1nlott.<\/p>\n<h3>FIGYELMEZTET\u00c9S:<\/h3>\n<ul>\n<li>Pregnant women should refrain from using during the first trimester!<\/li>\n<li>Do not exceed the recommended daily amount!<\/li>\n<li>Keep out of reach of children!<\/li>\n<li>A dietary supplement is not a substitute for a mixed diet and a healthy lifestyle!<\/li>\n<\/ul>","protected":false},"excerpt":{"rendered":"<p>A sz\u00e9kel\u00e9s norm\u00e1l folyamatait, az em\u00e9szt\u0151rendszer eg\u00e9szs\u00e9g\u00e9t t\u00e1mogat\u00f3 biol\u00f3giailag akt\u00edv \u00e9trend-kieg\u00e9sz\u00edt\u0151 kapszula<\/p>","protected":false},"featured_media":10374,"comment_status":"open","ping_status":"closed","template":"","meta":{"_acf_changed":false,"_monsterinsights_skip_tracking":false,"_monsterinsights_sitenote_active":false,"_monsterinsights_sitenote_note":"","_monsterinsights_sitenote_category":0},"product_brand":[],"product_cat":[709,211,708,386,382,717,348],"product_tag":[1282],"class_list":{"0":"post-3935","1":"product","2":"type-product","3":"status-publish","4":"has-post-thumbnail","6":"product_cat-akcios-termekek","7":"product_cat-anyagcsere","8":"product_cat-ayurveda-keszitmenyek","9":"product_cat-emesztorendszer","10":"product_cat-etrend-kiegeszitok","11":"product_cat-hu-feed","12":"product_cat-meregtelenites","13":"product_tag-emesztes","15":"first","16":"instock","17":"purchasable","18":"product-type-simple"},"acf":[],"_links":{"self":[{"href":"https:\/\/calendulapharma.com\/en\/wp-json\/wp\/v2\/product\/3935","targetHints":{"allow":["GET"]}}],"collection":[{"href":"https:\/\/calendulapharma.com\/en\/wp-json\/wp\/v2\/product"}],"about":[{"href":"https:\/\/calendulapharma.com\/en\/wp-json\/wp\/v2\/types\/product"}],"replies":[{"embeddable":true,"href":"https:\/\/calendulapharma.com\/en\/wp-json\/wp\/v2\/comments?post=3935"}],"version-history":[{"count":11,"href":"https:\/\/calendulapharma.com\/en\/wp-json\/wp\/v2\/product\/3935\/revisions"}],"predecessor-version":[{"id":25495,"href":"https:\/\/calendulapharma.com\/en\/wp-json\/wp\/v2\/product\/3935\/revisions\/25495"}],"wp:featuredmedia":[{"embeddable":true,"href":"https:\/\/calendulapharma.com\/en\/wp-json\/wp\/v2\/media\/10374"}],"wp:attachment":[{"href":"https:\/\/calendulapharma.com\/en\/wp-json\/wp\/v2\/media?parent=3935"}],"wp:term":[{"taxonomy":"product_brand","embeddable":true,"href":"https:\/\/calendulapharma.com\/en\/wp-json\/wp\/v2\/product_brand?post=3935"},{"taxonomy":"product_cat","embeddable":true,"href":"https:\/\/calendulapharma.com\/en\/wp-json\/wp\/v2\/product_cat?post=3935"},{"taxonomy":"product_tag","embeddable":true,"href":"https:\/\/calendulapharma.com\/en\/wp-json\/wp\/v2\/product_tag?post=3935"}],"curies":[{"name":"wp","href":"https:\/\/api.w.org\/{rel}","templated":true}]}}