{"id":4204,"date":"2022-08-16T09:05:38","date_gmt":"2022-08-16T07:05:38","guid":{"rendered":"https:\/\/calendulapharma.com\/?post_type=product&#038;p=4204"},"modified":"2026-02-13T15:55:16","modified_gmt":"2026-02-13T14:55:16","slug":"alvast-segito-teakeverek","status":"publish","type":"product","link":"https:\/\/calendulapharma.com\/en\/product\/alvast-segito-teakeverek\/","title":{"rendered":"Tea blend to help you sleep"},"content":{"rendered":"<h3>F\u0150BB TULAJDONS\u00c1GOK:<\/h3>\n<p>Alv\u00e1st seg\u00edt\u0151 gy\u00f3gytea-kever\u00e9k\u00fcnket azok sz\u00e1m\u00e1ra \u00e1ll\u00edtottuk \u00f6ssze, akik\u00a0nehezen alszanak el, nyugtalanul, alszanak, akik \u00e9jjel fel\u00e9brednek \u00e9s nehezen alszanak vissza. Hat\u00e9kony seg\u00edts\u00e9g azok sz\u00e1m\u00e1ra, akik alv\u00e1sprobl\u00e9m\u00e1ik miatt reggelente f\u00e1radtak.<\/p>\n<h3>\u00d6SSZETEV\u0150K:<\/h3>\n<ul>\n<li>Hops (Humulus lupulus)<\/li>\n<li>Clover flower (trifolium alpestre)<\/li>\n<li>Hawthorn fruit (crataegi fructus)<\/li>\n<li>Medicinal cat's-root (valeriana officinalis)<\/li>\n<li>Fennel seed (foeniculum vulgaris)<\/li>\n<li>Cape seed (anethum graveolens)<\/li>\n<li>Aniseed (pimpinella anisum)<\/li>\n<\/ul>\n<h3>HAT\u00d3ANYAGOK:<\/h3>\n<ul>\n<li>Koml\u00f3vir\u00e1g: nyugtat\u00f3 hat\u00e1ssal van az idegrendszerre<\/li>\n<li>Galagonyabogy\u00f3: seg\u00edti az alv\u00e1st \u00e9s pihentet\u0151 hat\u00e1sa van.<\/li>\n<\/ul>\n<h3>FELHASZN\u00c1L\u00c1S:<\/h3>\n<p>Boil 2 teaspoons of the herb in 2 dl of water for 10-15 minutes and strain. After that it is ready to drink!<\/p>\n<h3>FIGYELEM!<\/h3>\n<ul>\n<li>Consumption during pregnancy and breastfeeding is not recommended!<\/li>\n<li>People under medical treatment and people taking regular medication should consult their doctor about the use of this product.<\/li>\n<li>The consumption of this product is not a substitute for a varied, balanced diet and a healthy lifestyle!<\/li>\n<li>Storage: at room temperature<\/li>\n<\/ul>","protected":false},"excerpt":{"rendered":"<p>Our herbal tea blend for a good night's sleep is designed for people who have trouble sleeping, wake up at night and find it hard to get back to sleep. It can help those who are tired in the morning because of restless sleep at night.<\/p>","protected":false},"featured_media":10510,"comment_status":"open","ping_status":"closed","template":"","meta":{"_acf_changed":false,"_monsterinsights_skip_tracking":false,"_monsterinsights_sitenote_active":false,"_monsterinsights_sitenote_note":"","_monsterinsights_sitenote_category":0},"product_brand":[],"product_cat":[177,709,218,717,346,217,205],"product_tag":[179,180],"class_list":{"0":"post-4204","1":"product","2":"type-product","3":"status-publish","4":"has-post-thumbnail","6":"product_cat-agymukodes","7":"product_cat-akcios-termekek","8":"product_cat-ferfi-egeszseg","9":"product_cat-hu-feed","10":"product_cat-kozponti-idegrendszer","11":"product_cat-noi-egeszseg","12":"product_cat-teakeverekek","13":"product_tag-idegrendszer","14":"product_tag-stressz","16":"first","17":"instock","18":"shipping-taxable","19":"purchasable","20":"product-type-simple"},"acf":[],"_links":{"self":[{"href":"https:\/\/calendulapharma.com\/en\/wp-json\/wp\/v2\/product\/4204","targetHints":{"allow":["GET"]}}],"collection":[{"href":"https:\/\/calendulapharma.com\/en\/wp-json\/wp\/v2\/product"}],"about":[{"href":"https:\/\/calendulapharma.com\/en\/wp-json\/wp\/v2\/types\/product"}],"replies":[{"embeddable":true,"href":"https:\/\/calendulapharma.com\/en\/wp-json\/wp\/v2\/comments?post=4204"}],"version-history":[{"count":3,"href":"https:\/\/calendulapharma.com\/en\/wp-json\/wp\/v2\/product\/4204\/revisions"}],"predecessor-version":[{"id":21436,"href":"https:\/\/calendulapharma.com\/en\/wp-json\/wp\/v2\/product\/4204\/revisions\/21436"}],"wp:featuredmedia":[{"embeddable":true,"href":"https:\/\/calendulapharma.com\/en\/wp-json\/wp\/v2\/media\/10510"}],"wp:attachment":[{"href":"https:\/\/calendulapharma.com\/en\/wp-json\/wp\/v2\/media?parent=4204"}],"wp:term":[{"taxonomy":"product_brand","embeddable":true,"href":"https:\/\/calendulapharma.com\/en\/wp-json\/wp\/v2\/product_brand?post=4204"},{"taxonomy":"product_cat","embeddable":true,"href":"https:\/\/calendulapharma.com\/en\/wp-json\/wp\/v2\/product_cat?post=4204"},{"taxonomy":"product_tag","embeddable":true,"href":"https:\/\/calendulapharma.com\/en\/wp-json\/wp\/v2\/product_tag?post=4204"}],"curies":[{"name":"wp","href":"https:\/\/api.w.org\/{rel}","templated":true}]}}