{"id":4216,"date":"2022-08-16T09:43:22","date_gmt":"2022-08-16T07:43:22","guid":{"rendered":"https:\/\/calendulapharma.com\/?post_type=product&#038;p=4216"},"modified":"2026-02-13T15:55:14","modified_gmt":"2026-02-13T14:55:14","slug":"friss-tudo-teakeverek","status":"publish","type":"product","link":"https:\/\/calendulapharma.com\/en\/product\/friss-tudo-teakeverek\/","title":{"rendered":"Fresh lung tea blend"},"content":{"rendered":"<h3>F\u0150BB TULAJDONS\u00c1GOK:<\/h3>\n<p>Gy\u00f3gytea kever\u00e9k a fels\u0151 l\u00e9gutak \u00e9s a t\u00fcd\u0151 eg\u00e9szs\u00e9g\u00e9\u00e9rt. Seg\u00edt elt\u00e1vol\u00edtani a felesleges ny\u00e1kot, ami kedvez a v\u00edrusok, bakt\u00e9riumok megteleped\u00e9s\u00e9nek, szaporod\u00e1s\u00e1nak, ily m\u00f3don a teakever\u00e9k hozz\u00e1j\u00e1rul a l\u00e9gz\u0151rendszer tisztas\u00e1g\u00e1hoz, eg\u00e9szs\u00e9g\u00e9hez.<\/p>\n<h3>\u00d6SSZETEV\u0150K:<\/h3>\n<ul>\n<li>Kankalin vir\u00e1g (Primula vulgaris)<\/li>\n<li>\u00d6k\u00f6rfark k\u00f3r\u00f3 vir\u00e1g (Verbascum)<\/li>\n<li>Vad\u00e1rv\u00e1cska n\u00f6v\u00e9ny ( Viola tricolor)<\/li>\n<li>Bazsalikom lev\u00e9l (Ocimum sanctum)<\/li>\n<li>Majoranna n\u00f6v\u00e9ny (Majorana hortensis)<\/li>\n<li>Kerti izs\u00f3pf\u0171 n\u00f6v\u00e9ny (Hyssopus officinalis)<\/li>\n<li>Garden thyme (Thymus vulgaris)<\/li>\n<li>Szurokf\u0171 n\u00f6v\u00e9ny (Origanum vulgaris)<\/li>\n<li>Fodormenta (Mentha crispata)<\/li>\n<li>Feh\u00e9rm\u00e1lyva n\u00f6v\u00e9ny (Althaea officinalis)<\/li>\n<li>Gy\u00f6mb\u00e9r gy\u00f6k\u00e9r (Zingiber officinale)<\/li>\n<li>\u00c1nizs mag (Pimpinella anisum)<\/li>\n<li>\u00d6rm\u00e9nygy\u00f6k\u00e9r (Inula helenium)<\/li>\n<li>\u00c9desgy\u00f6k\u00e9r (Glycyrrhiza glabra)<\/li>\n<li>Feh\u00e9rm\u00e1lyva gy\u00f6k\u00e9r (Althaea officinalis)<\/li>\n<\/ul>\n<h3>HAT\u00d3ANYAGOK:<\/h3>\n<ul>\n<li>\u00d6sszetev\u0151i k\u00f6z\u00fcl az \u00f6k\u00f6rfark k\u00f3r\u00f3 \u00e9s az ibolya t\u00e1mogatja a k\u00f6nny\u0171 l\u00e9gz\u00e9st, nyugtat\u00f3 hat\u00e1ssal van a torokra.<\/li>\n<li>A kankalin antioxid\u00e1ns hat\u00e1s\u00fa.<\/li>\n<li>A bazsalikom antibakteri\u00e1lis, g\u00f6rcsold\u00f3 \u00e9s k\u00f6ptet\u0151 hat\u00e1s\u00fa, \u00e9s t\u00e1mogatja a fels\u0151 l\u00e9gutak eg\u00e9szs\u00e9g\u00e9t.<\/li>\n<li>A major\u00e1nna jav\u00edtja a l\u00e9gz\u0151szervek eg\u00e9szs\u00e9g\u00e9t.<\/li>\n<\/ul>\n<h3>FELHASZN\u00c1L\u00c1S:<\/h3>\n<p>2 te\u00e1skan\u00e1lnyi teakever\u00e9ket forr\u00e1zzunk le 2 dl v\u00edzzel! 10-15 percet \u00e1llni hagyjuk \u00e9s lesz\u0171rj\u00fck. Ezt k\u00f6vet\u0151en fogyaszthat\u00f3!<\/p>\n<h3>FIGYELEM!<\/h3>\n<ul>\n<li>Consumption during pregnancy and breastfeeding is not recommended!<\/li>\n<li>People under medical treatment and people taking medication regularly should consult their doctor about the use of this product.<\/li>\n<li>A term\u00e9k fogyaszt\u00e1sa nem helyettes\u00edti a v\u00e1ltozatos, kiegyens\u00falyozott \u00e9trendet \u00e9s az eg\u00e9szs\u00e9get \u00e9letm\u00f3dot!<\/li>\n<\/ul>","protected":false},"excerpt":{"rendered":"<p>Gy\u00f3gytea kever\u00e9k a fels\u0151 l\u00e9gutak \u00e9s a t\u00fcd\u0151 eg\u00e9szs\u00e9g\u00e9\u00e9rt. Seg\u00edt elt\u00e1vol\u00edtani a felesleges ny\u00e1kot, ami kedvez a v\u00edrusok, bakt\u00e9riumok megteleped\u00e9s\u00e9nek, szaporod\u00e1s\u00e1nak, ily m\u00f3don a teakever\u00e9k hozz\u00e1j\u00e1rul a l\u00e9gz\u0151rendszer tisztas\u00e1g\u00e1hoz, eg\u00e9szs\u00e9g\u00e9hez.<\/p>","protected":false},"featured_media":10525,"comment_status":"open","ping_status":"closed","template":"","meta":{"_acf_changed":false,"_monsterinsights_skip_tracking":false,"_monsterinsights_sitenote_active":false,"_monsterinsights_sitenote_note":"","_monsterinsights_sitenote_category":0},"product_brand":[],"product_cat":[709,717,347,192,205],"product_tag":[412,186],"class_list":{"0":"post-4216","1":"product","2":"type-product","3":"status-publish","4":"has-post-thumbnail","6":"product_cat-akcios-termekek","7":"product_cat-hu-feed","8":"product_cat-legzorendszer","9":"product_cat-megfazas","10":"product_cat-teakeverekek","11":"product_tag-legzes","12":"product_tag-megfazas","14":"first","15":"instock","16":"shipping-taxable","17":"purchasable","18":"product-type-simple"},"acf":[],"_links":{"self":[{"href":"https:\/\/calendulapharma.com\/en\/wp-json\/wp\/v2\/product\/4216","targetHints":{"allow":["GET"]}}],"collection":[{"href":"https:\/\/calendulapharma.com\/en\/wp-json\/wp\/v2\/product"}],"about":[{"href":"https:\/\/calendulapharma.com\/en\/wp-json\/wp\/v2\/types\/product"}],"replies":[{"embeddable":true,"href":"https:\/\/calendulapharma.com\/en\/wp-json\/wp\/v2\/comments?post=4216"}],"version-history":[{"count":3,"href":"https:\/\/calendulapharma.com\/en\/wp-json\/wp\/v2\/product\/4216\/revisions"}],"predecessor-version":[{"id":21448,"href":"https:\/\/calendulapharma.com\/en\/wp-json\/wp\/v2\/product\/4216\/revisions\/21448"}],"wp:featuredmedia":[{"embeddable":true,"href":"https:\/\/calendulapharma.com\/en\/wp-json\/wp\/v2\/media\/10525"}],"wp:attachment":[{"href":"https:\/\/calendulapharma.com\/en\/wp-json\/wp\/v2\/media?parent=4216"}],"wp:term":[{"taxonomy":"product_brand","embeddable":true,"href":"https:\/\/calendulapharma.com\/en\/wp-json\/wp\/v2\/product_brand?post=4216"},{"taxonomy":"product_cat","embeddable":true,"href":"https:\/\/calendulapharma.com\/en\/wp-json\/wp\/v2\/product_cat?post=4216"},{"taxonomy":"product_tag","embeddable":true,"href":"https:\/\/calendulapharma.com\/en\/wp-json\/wp\/v2\/product_tag?post=4216"}],"curies":[{"name":"wp","href":"https:\/\/api.w.org\/{rel}","templated":true}]}}