{"id":4222,"date":"2022-08-16T09:48:20","date_gmt":"2022-08-16T07:48:20","guid":{"rendered":"https:\/\/calendulapharma.com\/?post_type=product&#038;p=4222"},"modified":"2026-02-13T15:55:14","modified_gmt":"2026-02-13T14:55:14","slug":"immunero-teakeverek","status":"publish","type":"product","link":"https:\/\/calendulapharma.com\/en\/product\/immunero-teakeverek\/","title":{"rendered":"Immunity tea blend"},"content":{"rendered":"<h3>F\u0150BB TULAJDONS\u00c1GOK:<\/h3>\n<p>Gy\u00f3gytea-kever\u00e9k Echinace\u00e1val \u00e9s \u00e9rt\u00e9kes gy\u00f3gyn\u00f6v\u00e9nyekkel az immunrendszer t\u00e1mogat\u00e1s\u00e1ra, a szervezet v\u00e9dekez\u0151 k\u00e9pess\u00e9g\u00e9nek er\u0151s\u00edt\u00e9s\u00e9re.\u00a0Az \u00f6sszetev\u0151k k\u00f6z\u00fcl a b\u00edbor kasvir\u00e1g hozz\u00e1j\u00e1rul a\u00a0szervezet v\u00e9dekez\u0151 rendszer\u00e9nek megfelel\u0151 m\u0171k\u00f6d\u00e9s\u00e9hez.\u00a0A csipkebogy\u00f3 n\u00f6veli az energiaszintet, er\u0151s\u00edti a testet, jav\u00edtja a fizikai \u00e9s ment\u00e1lis k\u00e9pess\u00e9get. A kamilla t\u00e1mogatja az immunrendszert.<\/p>\n<h3>\u00d6SSZETEV\u0150K:<\/h3>\n<ul>\n<li>Purple birch (Echinacea purpurea)<\/li>\n<li>St. John's wort (Hypericum perforatum)<\/li>\n<li>Csal\u00e1n (urtica dioica)<\/li>\n<li>Leaflet<\/li>\n<li>Ground elder (Sambucus nigra)<\/li>\n<li>Clover plant (Trifolium alpestre)<\/li>\n<li>Rosehip fruit (Cinusbaty pseudofructus)<\/li>\n<li>Ind\u00e1s inf\u0171 (Ajuga reptans)<\/li>\n<li>Chamomile flower (Matricaria chamomille)<\/li>\n<li>Garden thyme (Thymus vulgaris)<\/li>\n<\/ul>\n<h3>FELHASZN\u00c1L\u00c1S:<\/h3>\n<p>2 te\u00e1skan\u00e1lnyi teakever\u00e9ket forr\u00e1zzunk le 2 dl v\u00edzzel! 10-15 percet \u00e1llni\u00a0hagyjuk \u00e9s lesz\u0171rj\u00fck. Ezt k\u00f6vet\u0151en fogyaszthat\u00f3!<\/p>\n<h3>FIGYELEM!<\/h3>\n<ul>\n<li>Consumption during pregnancy and breastfeeding is not recommended!<\/li>\n<li>People under medical treatment and people taking medication regularly should consult their doctor about the use of this product.<\/li>\n<li>The consumption of this product is not a substitute for a varied, balanced diet and a healthy lifestyle!<\/li>\n<\/ul>","protected":false},"excerpt":{"rendered":"<p>Herbal tea blend with Echinacea and valuable herbs to support the immune system and strengthen the body's defences.<\/p>","protected":false},"featured_media":10530,"comment_status":"open","ping_status":"closed","template":"","meta":{"_acf_changed":false,"_monsterinsights_skip_tracking":false,"_monsterinsights_sitenote_active":false,"_monsterinsights_sitenote_note":"","_monsterinsights_sitenote_category":0},"product_brand":[],"product_cat":[709,717,344,194,205],"product_tag":[185,186],"class_list":{"0":"post-4222","1":"product","2":"type-product","3":"status-publish","4":"has-post-thumbnail","6":"product_cat-akcios-termekek","7":"product_cat-hu-feed","8":"product_cat-hugyuti-rendszer","9":"product_cat-immunrendszer","10":"product_cat-teakeverekek","11":"product_tag-immunerosites","12":"product_tag-megfazas","14":"first","15":"instock","16":"shipping-taxable","17":"purchasable","18":"product-type-simple"},"acf":[],"_links":{"self":[{"href":"https:\/\/calendulapharma.com\/en\/wp-json\/wp\/v2\/product\/4222","targetHints":{"allow":["GET"]}}],"collection":[{"href":"https:\/\/calendulapharma.com\/en\/wp-json\/wp\/v2\/product"}],"about":[{"href":"https:\/\/calendulapharma.com\/en\/wp-json\/wp\/v2\/types\/product"}],"replies":[{"embeddable":true,"href":"https:\/\/calendulapharma.com\/en\/wp-json\/wp\/v2\/comments?post=4222"}],"version-history":[{"count":4,"href":"https:\/\/calendulapharma.com\/en\/wp-json\/wp\/v2\/product\/4222\/revisions"}],"predecessor-version":[{"id":21447,"href":"https:\/\/calendulapharma.com\/en\/wp-json\/wp\/v2\/product\/4222\/revisions\/21447"}],"wp:featuredmedia":[{"embeddable":true,"href":"https:\/\/calendulapharma.com\/en\/wp-json\/wp\/v2\/media\/10530"}],"wp:attachment":[{"href":"https:\/\/calendulapharma.com\/en\/wp-json\/wp\/v2\/media?parent=4222"}],"wp:term":[{"taxonomy":"product_brand","embeddable":true,"href":"https:\/\/calendulapharma.com\/en\/wp-json\/wp\/v2\/product_brand?post=4222"},{"taxonomy":"product_cat","embeddable":true,"href":"https:\/\/calendulapharma.com\/en\/wp-json\/wp\/v2\/product_cat?post=4222"},{"taxonomy":"product_tag","embeddable":true,"href":"https:\/\/calendulapharma.com\/en\/wp-json\/wp\/v2\/product_tag?post=4222"}],"curies":[{"name":"wp","href":"https:\/\/api.w.org\/{rel}","templated":true}]}}