{"id":4234,"date":"2022-08-16T09:55:05","date_gmt":"2022-08-16T07:55:05","guid":{"rendered":"https:\/\/calendulapharma.com\/?post_type=product&#038;p=4234"},"modified":"2026-02-13T15:55:12","modified_gmt":"2026-02-13T14:55:12","slug":"karcsusito-teakeverek","status":"publish","type":"product","link":"https:\/\/calendulapharma.com\/en\/product\/karcsusito-teakeverek\/","title":{"rendered":"Slimming tea blend"},"content":{"rendered":"<h3>F\u0150BB TULAJDONS\u00c1GOK:<\/h3>\n<p>Lass\u00fa metabolizmusban szenved\u0151k sz\u00e1m\u00e1ra javasolt gy\u00f3gytea-kever\u00e9k. Gyors\u00edtja az anyagcser\u00e9t, v\u00e9di a sejtmembr\u00e1nokat, enzimeket. Hat\u00e9kony seg\u00edts\u00e9g konkr\u00e9t fogyok\u00fara sor\u00e1n.<\/p>\n<h3>\u00d6SSZETEV\u0150K:<\/h3>\n<ul>\n<li>Celandine leaves (urtica dioicale)<\/li>\n<li>Celandine plant (agrimoniae herba)<\/li>\n<li>Cornflower (zea meys)<\/li>\n<li>Cattail plant (achillea millefolium)<\/li>\n<li>Willow bark (salicis cortex)<\/li>\n<li>Orange peel (auranthii pericarpium)<\/li>\n<li>Lemon peel (citri pericarpium)<\/li>\n<li>Juniper (juniperus communis)<\/li>\n<li>Bay leaf (laurus nabilis)<\/li>\n<li>Cinnamon bark (cinnamomum zeylanicum)<\/li>\n<li>Angelica root (angelica sinensis)<\/li>\n<\/ul>\n<h3>HAT\u00d3ANYAGOK:<\/h3>\n<ul>\n<li>APROPRIATE: improves digestion.<\/li>\n<li>CHILD'S LEAVE: supports the body's energy and immune system<\/li>\n<li>CUKORICABAJUS: Helps you lose weight.<\/li>\n<\/ul>\n<h3>FELHASZN\u00c1L\u00c1S:<\/h3>\n<p>Boil 2 teaspoons of the herb in 2 dl of water for 10-15 minutes and strain. After that it is ready to drink!<\/p>\n<h3>FIGYELMEZTET\u00c9S!<\/h3>\n<ul>\n<li>Consumption during pregnancy and breastfeeding is not recommended!<\/li>\n<li>People under medical treatment and people taking regular medication should consult their doctor about the use of this product.<\/li>\n<li>The consumption of this product is not a substitute for a varied, balanced diet and a healthy lifestyle!<\/li>\n<li>Storage: at room temperature<\/li>\n<\/ul>","protected":false},"excerpt":{"rendered":"<p>Tea blend for achieving normal body weight. Herbal tea blend recommended for people with slow metabolism. Can speed up metabolism, protect cell membranes, enzymes. It can help the processes of specific dieting.<\/p>","protected":false},"featured_media":10545,"comment_status":"open","ping_status":"closed","template":"","meta":{"_acf_changed":false,"_monsterinsights_skip_tracking":false,"_monsterinsights_sitenote_active":false,"_monsterinsights_sitenote_note":"","_monsterinsights_sitenote_category":0},"product_brand":[],"product_cat":[709,386,517,717,217,205],"product_tag":[182,206],"class_list":{"0":"post-4234","1":"product","2":"type-product","3":"status-publish","4":"has-post-thumbnail","6":"product_cat-akcios-termekek","7":"product_cat-emesztorendszer","8":"product_cat-komplexumok","9":"product_cat-hu-feed","10":"product_cat-noi-egeszseg","11":"product_cat-teakeverekek","12":"product_tag-fogyas","13":"product_tag-sulykontroll","15":"first","16":"instock","17":"shipping-taxable","18":"purchasable","19":"product-type-simple"},"acf":[],"_links":{"self":[{"href":"https:\/\/calendulapharma.com\/en\/wp-json\/wp\/v2\/product\/4234","targetHints":{"allow":["GET"]}}],"collection":[{"href":"https:\/\/calendulapharma.com\/en\/wp-json\/wp\/v2\/product"}],"about":[{"href":"https:\/\/calendulapharma.com\/en\/wp-json\/wp\/v2\/types\/product"}],"replies":[{"embeddable":true,"href":"https:\/\/calendulapharma.com\/en\/wp-json\/wp\/v2\/comments?post=4234"}],"version-history":[{"count":4,"href":"https:\/\/calendulapharma.com\/en\/wp-json\/wp\/v2\/product\/4234\/revisions"}],"predecessor-version":[{"id":21445,"href":"https:\/\/calendulapharma.com\/en\/wp-json\/wp\/v2\/product\/4234\/revisions\/21445"}],"wp:featuredmedia":[{"embeddable":true,"href":"https:\/\/calendulapharma.com\/en\/wp-json\/wp\/v2\/media\/10545"}],"wp:attachment":[{"href":"https:\/\/calendulapharma.com\/en\/wp-json\/wp\/v2\/media?parent=4234"}],"wp:term":[{"taxonomy":"product_brand","embeddable":true,"href":"https:\/\/calendulapharma.com\/en\/wp-json\/wp\/v2\/product_brand?post=4234"},{"taxonomy":"product_cat","embeddable":true,"href":"https:\/\/calendulapharma.com\/en\/wp-json\/wp\/v2\/product_cat?post=4234"},{"taxonomy":"product_tag","embeddable":true,"href":"https:\/\/calendulapharma.com\/en\/wp-json\/wp\/v2\/product_tag?post=4234"}],"curies":[{"name":"wp","href":"https:\/\/api.w.org\/{rel}","templated":true}]}}