{"id":4240,"date":"2022-08-16T09:57:47","date_gmt":"2022-08-16T07:57:47","guid":{"rendered":"https:\/\/calendulapharma.com\/?post_type=product&#038;p=4240"},"modified":"2026-02-13T15:55:11","modified_gmt":"2026-02-13T14:55:11","slug":"maj-egeszsegeert-teakeverek","status":"publish","type":"product","link":"https:\/\/calendulapharma.com\/en\/product\/maj-egeszsegeert-teakeverek\/","title":{"rendered":"Liver Health Tea Blend"},"content":{"rendered":"<h3>F\u0150BB TULAJDONS\u00c1GOK:<\/h3>\n<p>Zs\u00edros, neh\u00e9z \u00e9telek, alkohol fogyaszt\u00e1sa eset\u00e9n, vagy egy\u00e9b okb\u00f3l a m\u00e1j v\u00e9delm\u00e9re, regener\u00e1l\u00e1s\u00e1ra aj\u00e1nlott, epehajt\u00f3 hat\u00e1s\u00fa gy\u00f3gytea kever\u00e9k 12 \u00e9rt\u00e9kes gy\u00f3gyn\u00f6v\u00e9nnyel.<\/p>\n<h3>\u00d6SSZETEV\u0150K:<\/h3>\n<ul>\n<li>Rose hip (pseudofructus tynosbai)<\/li>\n<li>Blackberry leaf (rubi fructicosi folium)<\/li>\n<li>Celandine plant (agrimoniae herba)<\/li>\n<li>Calendula (calendula officinalis)<\/li>\n<li>Field radish (cichorii radix)<\/li>\n<li>Willow bark (salicis cartex)<\/li>\n<li>Peppermint leaf (mint piperita)<\/li>\n<li>Pitch grass plant (origanum vulgare)<\/li>\n<li>Sand hummingbird (Helichrysum arenarium)<\/li>\n<li>Medicinal cat's-root (valeriana officinalis)<\/li>\n<li>Fennel seed (foeniculum vulgare)<\/li>\n<li>Saffron safflower (carthamus tictorius)<\/li>\n<\/ul>\n<h3>HAT\u00d3ANYAGOK:<\/h3>\n<ul>\n<li>Apricot: has a liver cell renewal effect.<\/li>\n<li>Rosehip: helps the normal functioning of the intestinal tract.<\/li>\n<li>Sand strawberry: beneficial for the healthy functioning of the liver and gallbladder, promotes bile production and excretion.<\/li>\n<\/ul>\n<h3>FELHASZN\u00c1L\u00c1S:<\/h3>\n<p>Boil 2 teaspoons of the herb in 2 dl of water for 10-15 minutes and strain. After that it is ready to drink!<\/p>\n<h3>FIGYELMEZTET\u00c9S!<\/h3>\n<ul>\n<li>Consumption during pregnancy and breastfeeding is not recommended!<\/li>\n<li>People under medical treatment and people taking regular medication should consult their doctor about the use of this product.<\/li>\n<li>The consumption of this product is not a substitute for a varied, balanced diet and a healthy lifestyle!<\/li>\n<li>Storage: at room temperature<\/li>\n<\/ul>","protected":false},"excerpt":{"rendered":"<p>Liver regenerating and bile stimulating herbal tea blend. A bile-inducing herbal tea blend with 12 valuable herbs, recommended for the protection and regeneration of the liver in case of fatty, heavy food, alcohol consumption or other reasons.<\/p>","protected":false},"featured_media":10550,"comment_status":"open","ping_status":"closed","template":"","meta":{"_acf_changed":false,"_monsterinsights_skip_tracking":false,"_monsterinsights_sitenote_active":false,"_monsterinsights_sitenote_note":"","_monsterinsights_sitenote_category":0},"product_brand":[],"product_cat":[709,348,189,205],"product_tag":[425,193,426],"class_list":{"0":"post-4240","1":"product","2":"type-product","3":"status-publish","4":"has-post-thumbnail","6":"product_cat-akcios-termekek","7":"product_cat-meregtelenites","8":"product_cat-minden-termek","9":"product_cat-teakeverekek","10":"product_tag-epe","11":"product_tag-maj","12":"product_tag-meregtelenites","14":"first","15":"instock","16":"shipping-taxable","17":"purchasable","18":"product-type-simple"},"acf":[],"_links":{"self":[{"href":"https:\/\/calendulapharma.com\/en\/wp-json\/wp\/v2\/product\/4240","targetHints":{"allow":["GET"]}}],"collection":[{"href":"https:\/\/calendulapharma.com\/en\/wp-json\/wp\/v2\/product"}],"about":[{"href":"https:\/\/calendulapharma.com\/en\/wp-json\/wp\/v2\/types\/product"}],"replies":[{"embeddable":true,"href":"https:\/\/calendulapharma.com\/en\/wp-json\/wp\/v2\/comments?post=4240"}],"version-history":[{"count":4,"href":"https:\/\/calendulapharma.com\/en\/wp-json\/wp\/v2\/product\/4240\/revisions"}],"predecessor-version":[{"id":21444,"href":"https:\/\/calendulapharma.com\/en\/wp-json\/wp\/v2\/product\/4240\/revisions\/21444"}],"wp:featuredmedia":[{"embeddable":true,"href":"https:\/\/calendulapharma.com\/en\/wp-json\/wp\/v2\/media\/10550"}],"wp:attachment":[{"href":"https:\/\/calendulapharma.com\/en\/wp-json\/wp\/v2\/media?parent=4240"}],"wp:term":[{"taxonomy":"product_brand","embeddable":true,"href":"https:\/\/calendulapharma.com\/en\/wp-json\/wp\/v2\/product_brand?post=4240"},{"taxonomy":"product_cat","embeddable":true,"href":"https:\/\/calendulapharma.com\/en\/wp-json\/wp\/v2\/product_cat?post=4240"},{"taxonomy":"product_tag","embeddable":true,"href":"https:\/\/calendulapharma.com\/en\/wp-json\/wp\/v2\/product_tag?post=4240"}],"curies":[{"name":"wp","href":"https:\/\/api.w.org\/{rel}","templated":true}]}}