{"id":4258,"date":"2022-08-16T10:08:05","date_gmt":"2022-08-16T08:08:05","guid":{"rendered":"https:\/\/calendulapharma.com\/?post_type=product&#038;p=4258"},"modified":"2026-02-13T15:55:10","modified_gmt":"2026-02-13T14:55:10","slug":"salaktalanito-teakeverek","status":"publish","type":"product","link":"https:\/\/calendulapharma.com\/en\/product\/salaktalanito-teakeverek\/","title":{"rendered":"Anti-oxidant tea blend"},"content":{"rendered":"<h3>F\u0150BB TULAJDONS\u00c1GOK:<\/h3>\n<p>Gy\u00f3gytea-kever\u00e9k az em\u00e9szt\u0151rendszer tiszt\u00edt\u00e1sra. Serkenti a ki\u00fcr\u00fcl\u00e9si folyamatokat. Seg\u00edt elt\u00e1vol\u00edtani a szervezetb\u0151l a h\u00fagysavat, tejsavat \u00e9s egy\u00e9b metabolitokat, toxikus anyagokat.<\/p>\n<h3>\u00d6SSZETEV\u0150K:<\/h3>\n<ul>\n<li>Peppermint leaf (mentha piperita)<\/li>\n<li>Feh\u00e9r m\u00e1lyvagy\u00f6k\u00e9r (althaea officinalis)<\/li>\n<li>L\u00f3s\u00f3skaf\u0171 (rumex acetosa)<\/li>\n<li>Szenna lev\u00e9l (senna folium)<\/li>\n<li>Kamilla vir\u00e1g (matricaria chamomilla)<\/li>\n<li>Kutyabenge k\u00e9reg (frangula alnus)<\/li>\n<li>Fennel seed (foeniculum vulgare)<\/li>\n<li>Cape seed (anethum graveolens)<\/li>\n<\/ul>\n<h3>HAT\u00d3ANYAGOK:<\/h3>\n<ul>\n<li>Borsmenta: hozz\u00e1j\u00e1rul a b\u00e9lrendszer norm\u00e1l m\u0171k\u00f6d\u00e9s\u00e9hez \u00e9s megk\u00f6nny\u00edti az em\u00e9szt\u00e9st.<\/li>\n<li>L\u00f3s\u00f3ska: fert\u0151tlen\u00edt\u0151 hat\u00e1sa van.<\/li>\n<\/ul>\n<h3>FELHASZN\u00c1L\u00c1S:<\/h3>\n<p>Boil 2 teaspoons of the herb in 2 dl of water for 10-15 minutes and strain. After that it is ready to drink!<\/p>\n<h3>FIGYELEM!<\/h3>\n<ul>\n<li>Consumption during pregnancy and breastfeeding is not recommended!<\/li>\n<li>People under medical treatment and people taking regular medication should consult their doctor about the use of this product.<\/li>\n<li>The consumption of this product is not a substitute for a varied, balanced diet and a healthy lifestyle!<\/li>\n<li>Storage: at room temperature<\/li>\n<\/ul>","protected":false},"excerpt":{"rendered":"<p>Gy\u00f3gytea-kever\u00e9k a szervezet salakanyagokt\u00f3l t\u00f6rt\u00e9n\u0151 megtiszt\u00edt\u00e1s\u00e1ra \u00e9s az em\u00e9szt\u0151rendszer tiszt\u00edt\u00e1sra. Serkentheti a ki\u00fcr\u00fcl\u00e9si folyamatokat. Seg\u00edthet elt\u00e1vol\u00edtani a szervezetb\u0151l a h\u00fagysavat, tejsavat \u00e9s egy\u00e9b metabolitokat, toxikus anyagokat.<\/p>","protected":false},"featured_media":10565,"comment_status":"open","ping_status":"closed","template":"","meta":{"_acf_changed":false,"_monsterinsights_skip_tracking":false,"_monsterinsights_sitenote_active":false,"_monsterinsights_sitenote_note":"","_monsterinsights_sitenote_category":0},"product_brand":[],"product_cat":[709,211,717,348,205],"product_tag":[426],"class_list":{"0":"post-4258","1":"product","2":"type-product","3":"status-publish","4":"has-post-thumbnail","6":"product_cat-akcios-termekek","7":"product_cat-anyagcsere","8":"product_cat-hu-feed","9":"product_cat-meregtelenites","10":"product_cat-teakeverekek","11":"product_tag-meregtelenites","13":"first","14":"instock","15":"shipping-taxable","16":"purchasable","17":"product-type-simple"},"acf":[],"_links":{"self":[{"href":"https:\/\/calendulapharma.com\/en\/wp-json\/wp\/v2\/product\/4258","targetHints":{"allow":["GET"]}}],"collection":[{"href":"https:\/\/calendulapharma.com\/en\/wp-json\/wp\/v2\/product"}],"about":[{"href":"https:\/\/calendulapharma.com\/en\/wp-json\/wp\/v2\/types\/product"}],"replies":[{"embeddable":true,"href":"https:\/\/calendulapharma.com\/en\/wp-json\/wp\/v2\/comments?post=4258"}],"version-history":[{"count":3,"href":"https:\/\/calendulapharma.com\/en\/wp-json\/wp\/v2\/product\/4258\/revisions"}],"predecessor-version":[{"id":21442,"href":"https:\/\/calendulapharma.com\/en\/wp-json\/wp\/v2\/product\/4258\/revisions\/21442"}],"wp:featuredmedia":[{"embeddable":true,"href":"https:\/\/calendulapharma.com\/en\/wp-json\/wp\/v2\/media\/10565"}],"wp:attachment":[{"href":"https:\/\/calendulapharma.com\/en\/wp-json\/wp\/v2\/media?parent=4258"}],"wp:term":[{"taxonomy":"product_brand","embeddable":true,"href":"https:\/\/calendulapharma.com\/en\/wp-json\/wp\/v2\/product_brand?post=4258"},{"taxonomy":"product_cat","embeddable":true,"href":"https:\/\/calendulapharma.com\/en\/wp-json\/wp\/v2\/product_cat?post=4258"},{"taxonomy":"product_tag","embeddable":true,"href":"https:\/\/calendulapharma.com\/en\/wp-json\/wp\/v2\/product_tag?post=4258"}],"curies":[{"name":"wp","href":"https:\/\/api.w.org\/{rel}","templated":true}]}}