{"id":4276,"date":"2022-08-16T10:14:31","date_gmt":"2022-08-16T08:14:31","guid":{"rendered":"https:\/\/calendulapharma.com\/?post_type=product&#038;p=4276"},"modified":"2026-02-13T15:52:37","modified_gmt":"2026-02-13T14:52:37","slug":"vese-egeszsege-teakeverek","status":"publish","type":"product","link":"https:\/\/calendulapharma.com\/en\/product\/vese-egeszsege-teakeverek\/","title":{"rendered":"Kidney Health tea blend"},"content":{"rendered":"<h3>F\u0150BB TULAJDONS\u00c1GOK:<\/h3>\n<p>Magas v\u00e9rnyom\u00e1sban, t\u00fals\u00falyban szenved\u0151k, vesebetegek, illetve b\u00e1rki sz\u00e1m\u00e1ra, akinek sz\u00fcks\u00e9ge van a v\u00edz- \u00e9s folyad\u00e9kpang\u00e1s megold\u00e1s\u00e1ra. T\u00f6k\u00e9letesen t\u00e1mogatja a vese m\u0171k\u00f6d\u00e9s\u00e9t \u00e9s seg\u00edt \u00f6d\u00e9m\u00e1k, illetve v\u00edzpang\u00e1s eset\u00e9n.<\/p>\n<h3>\u00d6SSZETEV\u0150K:<\/h3>\n<ul>\n<li>Ground elder (sambucus nigra)<\/li>\n<li>Cornflower (zea meys)<\/li>\n<li>Hawthorn fruit (crataegi fructus)<\/li>\n<li>Mezei zsurl\u00f3 lev\u00e9l (equisetum arvense)<\/li>\n<li>Porcsinf\u0171 n\u00f6v\u00e9ny (polyganum aviculare)<\/li>\n<li>T\u00f6vises iglic n\u00f6v\u00e9ny (ononis spinosa)<\/li>\n<li>Juniper fruit (juniperus communis)<\/li>\n<\/ul>\n<h3>HAT\u00d3ANYAGOK:<\/h3>\n<ul>\n<li>Bodzavir\u00e1g: t\u00e1mogatja a vese extrakt\u00edv funkci\u00f3j\u00e1t<\/li>\n<li>Kukoricabajusz: seg\u00edti a h\u00fagy\u00fati \u00e9s em\u00e9szt\u0151rendszer eg\u00e9szs\u00e9ges m\u0171k\u00f6d\u00e9s\u00e9t.<\/li>\n<\/ul>\n<h3>FELHASZN\u00c1L\u00c1S:<\/h3>\n<p>Boil 2 teaspoons of the herb in 2 dl of water for 10-15 minutes and strain. After that it is ready to drink!<\/p>\n<h3>FIGYELEM!<\/h3>\n<ul>\n<li>Consumption during pregnancy and breastfeeding is not recommended!<\/li>\n<li>People under medical treatment and people taking regular medication should consult their doctor about the use of this product.<\/li>\n<li>The consumption of this product is not a substitute for a varied, balanced diet and a healthy lifestyle!<\/li>\n<li>Storage: at room temperature<\/li>\n<\/ul>","protected":false},"excerpt":{"rendered":"<p>Magas v\u00e9rnyom\u00e1sban, t\u00fals\u00falyban szenved\u0151k, vesebetegek, illetve b\u00e1rki sz\u00e1m\u00e1ra, akinek sz\u00fcks\u00e9ge van a v\u00edz- \u00e9s folyad\u00e9kpang\u00e1s megold\u00e1s\u00e1ra. T\u00f6k\u00e9letesen t\u00e1mogatja a vese m\u0171k\u00f6d\u00e9s\u00e9t \u00e9s seg\u00edt \u00f6d\u00e9m\u00e1k, illetve v\u00edzpang\u00e1s eset\u00e9n. V\u00edzhajt\u00f3 hat\u00e1ssal.<\/p>","protected":false},"featured_media":10585,"comment_status":"open","ping_status":"closed","template":"","meta":{"_acf_changed":false,"_monsterinsights_skip_tracking":false,"_monsterinsights_sitenote_active":false,"_monsterinsights_sitenote_note":"","_monsterinsights_sitenote_category":0},"product_brand":[],"product_cat":[709,717,344,189,217,719,343,205],"product_tag":[433,203],"class_list":{"0":"post-4276","1":"product","2":"type-product","3":"status-publish","4":"has-post-thumbnail","6":"product_cat-akcios-termekek","7":"product_cat-hu-feed","8":"product_cat-hugyuti-rendszer","9":"product_cat-minden-termek","10":"product_cat-noi-egeszseg","11":"product_cat-noi-egeszsegert","12":"product_cat-sziv-es-errendszer","13":"product_cat-teakeverekek","14":"product_tag-hugyuti-szervek","15":"product_tag-vese","17":"first","18":"instock","19":"shipping-taxable","20":"purchasable","21":"product-type-simple"},"acf":[],"_links":{"self":[{"href":"https:\/\/calendulapharma.com\/en\/wp-json\/wp\/v2\/product\/4276","targetHints":{"allow":["GET"]}}],"collection":[{"href":"https:\/\/calendulapharma.com\/en\/wp-json\/wp\/v2\/product"}],"about":[{"href":"https:\/\/calendulapharma.com\/en\/wp-json\/wp\/v2\/types\/product"}],"replies":[{"embeddable":true,"href":"https:\/\/calendulapharma.com\/en\/wp-json\/wp\/v2\/comments?post=4276"}],"version-history":[{"count":9,"href":"https:\/\/calendulapharma.com\/en\/wp-json\/wp\/v2\/product\/4276\/revisions"}],"predecessor-version":[{"id":22554,"href":"https:\/\/calendulapharma.com\/en\/wp-json\/wp\/v2\/product\/4276\/revisions\/22554"}],"wp:featuredmedia":[{"embeddable":true,"href":"https:\/\/calendulapharma.com\/en\/wp-json\/wp\/v2\/media\/10585"}],"wp:attachment":[{"href":"https:\/\/calendulapharma.com\/en\/wp-json\/wp\/v2\/media?parent=4276"}],"wp:term":[{"taxonomy":"product_brand","embeddable":true,"href":"https:\/\/calendulapharma.com\/en\/wp-json\/wp\/v2\/product_brand?post=4276"},{"taxonomy":"product_cat","embeddable":true,"href":"https:\/\/calendulapharma.com\/en\/wp-json\/wp\/v2\/product_cat?post=4276"},{"taxonomy":"product_tag","embeddable":true,"href":"https:\/\/calendulapharma.com\/en\/wp-json\/wp\/v2\/product_tag?post=4276"}],"curies":[{"name":"wp","href":"https:\/\/api.w.org\/{rel}","templated":true}]}}