{"id":6546,"date":"2023-02-09T11:23:13","date_gmt":"2023-02-09T10:23:13","guid":{"rendered":"https:\/\/calendulapharma.com\/?post_type=product&#038;p=6546"},"modified":"2026-03-03T13:57:24","modified_gmt":"2026-03-03T12:57:24","slug":"immunero-csomag","status":"publish","type":"product","link":"https:\/\/calendulapharma.com\/en\/product\/immunero-csomag\/","title":{"rendered":"Immunity package"},"content":{"rendered":"<p><strong>LUNGVITAL KAPSZULA<\/strong>\u00a0 &#8211; t\u00fcd\u0151- \u00e9s l\u00e9gz\u0151rendszeri betegs\u00e9gek megel\u0151z\u00e9s\u00e9re, megsz\u00fcntet\u00e9s\u00e9re<\/p>\n<p>A 12 gy\u00f3gyn\u00f6v\u00e9ny erej\u00e9t \u00e9s k\u00f6lcs\u00f6nhat\u00e1s\u00e1t egys\u00e9ges mechanizmusban haszn\u00e1lja fel a l\u00e9gz\u0151rendszer t\u00e1mogat\u00e1s\u00e1ra, a l\u00e9gutak tiszt\u00edt\u00e1s\u00e1ra \u00e9s v\u00e9d\u0151funkci\u00f3inak er\u0151s\u00edt\u00e9s\u00e9re. Nagy mennyis\u00e9g\u0171 orr- \u00e9s garatcsepp eset\u00e9n is hat\u00e9kony seg\u00edts\u00e9g lehet!<\/p>\n<p>A k\u00e9sz\u00edtm\u00e9ny a Calendula Klinika fitolaborj\u00e1ban k\u00e9sz\u00fcl egyedi gy\u00e1rt\u00e1si technol\u00f3gi\u00e1val. A rendk\u00edv\u00fcl id\u0151- \u00e9s munkaig\u00e9nyes &#8222;potenci\u00e1l\u00e1s&#8221; elj\u00e1r\u00e1s alkalmaz\u00e1s\u00e1nak c\u00e9lja, hogy a hat\u00f3anyagok biztons\u00e1gosan \u00e9s a lehet\u0151 legnagyobb koncentr\u00e1ci\u00f3ban ker\u00fcljenek a k\u00e9sz\u00edtm\u00e9nybe, r\u00e1ad\u00e1sul az \u00f6sszetev\u0151k egym\u00e1ssal egy\u00fcttm\u0171k\u00f6dve fokozz\u00e1k hat\u00e1sukat.<\/p>\n<p>A LUNGVITAL a Calendula Eg\u00e9szs\u00e9g\u00fcgyi Klinika egyik legismertebb \u00e9s legn\u00e9pszer\u0171bb \u00e9trend-kieg\u00e9sz\u00edt\u0151je.A t\u00f6bbi Calendula Pharma k\u00e9sz\u00edtm\u00e9nyhez hasonl\u00f3an az ayurv\u00e9dikus, a hagyom\u00e1nyos k\u00ednai \u00e9s az \u00f3kori arab orvosl\u00e1sban haszn\u00e1lt hagyom\u00e1nyos receptek \u00e9s m\u00f3dszerek alapj\u00e1n lett kifejlesztve, az eur\u00f3pai emberi szervezethez igaz\u00edtva.<\/p>\n<p><em>\u00d6SSZETEV\u0150K:<\/em><br \/>\n<em>Kerti kakukkf\u0171, \u00e9desgy\u00f6k\u00e9r, orvosi ziliz, bakf\u0171, b\u00edbor kasvir\u00e1g, guar\u00e1na, szent bazsalikom, szegf\u0171szeg, gy\u00f6mb\u00e9r, ceyloni fah\u00e9jfa.\u00a0<\/em><\/p>\n<p>&nbsp;<\/p>\n<p>&nbsp;<\/p>\n<p><strong>IMMUNFORCE KAPSZULA\u00a0<\/strong> &#8211; az immunrendszer t\u00e1mogat\u00e1s\u00e1ra<\/p>\n<p>Biol\u00f3giailag akt\u00edv \u00e9trend-kieg\u00e9sz\u00edt\u0151 echinace\u00e1val + 11 gy\u00f3gyn\u00f6v\u00e9nnyel a szervezet ellen\u00e1ll\u00f3 k\u00e9pess\u00e9g\u00e9nek t\u00e1mogat\u00e1s\u00e1ra.<\/p>\n<p>12 gy\u00f3gyn\u00f6v\u00e9ny erej\u00e9t \u00e9s k\u00f6lcs\u00f6nhat\u00e1s\u00e1t haszn\u00e1lja fel egy egys\u00e9ges mechanizmusban az immunrendszer t\u00e1mogat\u00e1s\u00e1ra \u00e9s szervezet\u00fcnk v\u00e9delmi funkci\u00f3inak er\u0151s\u00edt\u00e9s\u00e9re.<\/p>\n<p>A k\u00e9sz\u00edtm\u00e9ny a Calendula Klinika fitolaborj\u00e1ban k\u00e9sz\u00fcl egyedi gy\u00e1rt\u00e1si technol\u00f3gi\u00e1val. A rendk\u00edv\u00fcl id\u0151- \u00e9s munkaig\u00e9nyes &#8222;potenci\u00e1l\u00e1s&#8221; elj\u00e1r\u00e1s alkalmaz\u00e1s\u00e1nak c\u00e9lja, hogy a hat\u00f3anyagok biztons\u00e1gosan \u00e9s a lehet\u0151 legnagyobb koncentr\u00e1ci\u00f3ban ker\u00fcljenek a k\u00e9sz\u00edtm\u00e9nybe, r\u00e1ad\u00e1sul az \u00f6sszetev\u0151k egy\u00fcttesen hatnak a hat\u00e1suk fokoz\u00e1sa \u00e9rdek\u00e9ben.<\/p>\n<p>Az ImmunForce a Calendula Klinika egyik legismertebb \u00e9s legn\u00e9pszer\u0171bb \u00e9trend-kieg\u00e9sz\u00edt\u0151je.<\/p>\n<p>A t\u00f6bbi Calendula Pharma k\u00e9sz\u00edtm\u00e9nyhez hasonl\u00f3an az ayurv\u00e9dikus, a tradicion\u00e1lis k\u00ednai \u00e9s az \u00f3kori arab orvosl\u00e1sban haszn\u00e1lt hagyom\u00e1nyos receptek \u00e9s m\u00f3dszerek alapj\u00e1n lett kifejlesztve, az eur\u00f3pai emberi szervezethez igaz\u00edtva.<\/p>\n<p>A nemzetk\u00f6zileg elismert Calendula Eg\u00e9szs\u00e9g\u00fcgyi Int\u00e9zetben a legk\u00fcl\u00f6nb\u00f6z\u0151bb panaszokat kiz\u00e1r\u00f3lag term\u00e9szetes gy\u00f3gym\u00f3dokkal \u00e9s saj\u00e1t gy\u00f3gyszerk\u00e9sz\u00edtm\u00e9nyekkel kezelj\u00fck.<\/p>\n<p><em>\u00d6SSZETEV\u0150K:<\/em><br \/>\n<em>Halv\u00e1nylila k\u00fapvir\u00e1g (Echinacea), l\u00f3her\u00e9je, Terminalia chebula, Terminalia belerica, Amla gy\u00fcm\u00f6lcs, kurkuma, g\u00f6r\u00f6gsz\u00e9na, \u00e9desgy\u00f6k\u00e9r, \u00e1zsiai ginzeng, szegf\u0171szeg, ceyloni fah\u00e9j, gy\u00f6mb\u00e9r.<\/em><\/p>\n<p>&nbsp;<\/p>\n<p>&nbsp;<\/p>\n<p><strong>COLDFORTE KAPSZULA<\/strong>\u00a0&#8211; Seg\u00edti fenntartani a szervezet eg\u00e9szs\u00e9g\u00e9t a megh\u0171l\u00e9ses id\u0151szakokban is.<\/p>\n<p><em><strong>\u00d6SSZETEV\u0150K:<\/strong><\/em><br \/>\n<em>kerti kakukkf\u0171, \u00f6rv\u00e9nygy\u00f6k\u00e9r, kerti izs\u00f3p, erdei feny\u0151, borsmenta, orvosi citromf\u0171, szegf\u0171szeg, ceyloni fah\u00e9jfa, szerecsendi\u00f3<\/em><\/p>\n<p>&nbsp;<\/p>","protected":false},"excerpt":{"rendered":"<p>LUNGVITAL KAPSZULA\u00a0 &#8211; t\u00fcd\u0151- \u00e9s l\u00e9gz\u0151rendszeri betegs\u00e9gek megel\u0151z\u00e9s\u00e9re, megsz\u00fcntet\u00e9s\u00e9re A 12 gy\u00f3gyn\u00f6v\u00e9ny erej\u00e9t \u00e9s k\u00f6lcs\u00f6nhat\u00e1s\u00e1t egys\u00e9ges mechanizmusban haszn\u00e1lja fel a l\u00e9gz\u0151rendszer t\u00e1mogat\u00e1s\u00e1ra, a l\u00e9gutak tiszt\u00edt\u00e1s\u00e1ra \u00e9s v\u00e9d\u0151funkci\u00f3inak er\u0151s\u00edt\u00e9s\u00e9re. Nagy mennyis\u00e9g\u0171 orr- \u00e9s garatcsepp eset\u00e9n is hat\u00e9kony seg\u00edts\u00e9g lehet! A k\u00e9sz\u00edtm\u00e9ny a Calendula Klinika fitolaborj\u00e1ban k\u00e9sz\u00fcl egyedi gy\u00e1rt\u00e1si technol\u00f3gi\u00e1val. A rendk\u00edv\u00fcl id\u0151- \u00e9s munkaig\u00e9nyes &#8222;potenci\u00e1l\u00e1s&#8221; elj\u00e1r\u00e1s [&hellip;]<\/p>\n","protected":false},"featured_media":25506,"comment_status":"open","ping_status":"closed","template":"","meta":{"_acf_changed":false,"_monsterinsights_skip_tracking":false,"_monsterinsights_sitenote_active":false,"_monsterinsights_sitenote_note":"","_monsterinsights_sitenote_category":0},"product_brand":[],"product_cat":[709,382,717,194,528,347,192,189,219],"product_tag":[1293],"class_list":{"0":"post-6546","1":"product","2":"type-product","3":"status-publish","4":"has-post-thumbnail","6":"product_cat-akcios-termekek","7":"product_cat-etrend-kiegeszitok","8":"product_cat-hu-feed","9":"product_cat-immunrendszer","10":"product_cat-kronikus-faradtsag","11":"product_cat-legzorendszer","12":"product_cat-megfazas","13":"product_cat-minden-termek","14":"product_cat-termekcsomagok","15":"product_tag-termcsom","17":"first","18":"instock","19":"sale","20":"shipping-taxable","21":"purchasable","22":"product-type-simple"},"acf":[],"_links":{"self":[{"href":"https:\/\/calendulapharma.com\/en\/wp-json\/wp\/v2\/product\/6546","targetHints":{"allow":["GET"]}}],"collection":[{"href":"https:\/\/calendulapharma.com\/en\/wp-json\/wp\/v2\/product"}],"about":[{"href":"https:\/\/calendulapharma.com\/en\/wp-json\/wp\/v2\/types\/product"}],"replies":[{"embeddable":true,"href":"https:\/\/calendulapharma.com\/en\/wp-json\/wp\/v2\/comments?post=6546"}],"version-history":[{"count":18,"href":"https:\/\/calendulapharma.com\/en\/wp-json\/wp\/v2\/product\/6546\/revisions"}],"predecessor-version":[{"id":24598,"href":"https:\/\/calendulapharma.com\/en\/wp-json\/wp\/v2\/product\/6546\/revisions\/24598"}],"wp:featuredmedia":[{"embeddable":true,"href":"https:\/\/calendulapharma.com\/en\/wp-json\/wp\/v2\/media\/25506"}],"wp:attachment":[{"href":"https:\/\/calendulapharma.com\/en\/wp-json\/wp\/v2\/media?parent=6546"}],"wp:term":[{"taxonomy":"product_brand","embeddable":true,"href":"https:\/\/calendulapharma.com\/en\/wp-json\/wp\/v2\/product_brand?post=6546"},{"taxonomy":"product_cat","embeddable":true,"href":"https:\/\/calendulapharma.com\/en\/wp-json\/wp\/v2\/product_cat?post=6546"},{"taxonomy":"product_tag","embeddable":true,"href":"https:\/\/calendulapharma.com\/en\/wp-json\/wp\/v2\/product_tag?post=6546"}],"curies":[{"name":"wp","href":"https:\/\/api.w.org\/{rel}","templated":true}]}}