{"id":6710,"date":"2023-02-21T13:25:09","date_gmt":"2023-02-21T12:25:09","guid":{"rendered":"https:\/\/calendulapharma.com\/?post_type=product&#038;p=6710"},"modified":"2026-03-23T15:28:28","modified_gmt":"2026-03-23T14:28:28","slug":"tisztitokura-csomag","status":"publish","type":"product","link":"https:\/\/calendulapharma.com\/en\/product\/tisztitokura-csomag\/","title":{"rendered":"Cleansing cure package"},"content":{"rendered":"<p><strong>TRIPHALA kapszula (2 doboz) 360 db<\/strong><\/p>\n<p>az indiai ayurv\u00e9dikus gy\u00f3gy\u00e1szat m\u00e1r \u00e9vsz\u00e1zadok \u00f3ta alkalmaz a bels\u0151 tiszt\u00edtas\u00e1g \u00e9s a j\u00f3 em\u00e9szt\u00e9s fenntart\u00e1s\u00e1ra. Triphala sz\u00f3 jelent\u00e9se 3 gy\u00fcm\u00f6lcs. A k\u00e9sz\u00edtm\u00e9ny 3 trad\u00edcion\u00e1lis indiai ayurv\u00e9dikus gy\u00f3gyn\u00f6v\u00e9nyt tartalmaz.<br \/>\n1. Emlica officinalis \/amla\/<br \/>\nGazdag B vitamin, foszfor, kalcium, vas, karotin \u00e9s C vitamin forr\u00e1s. Er\u0151s\u00edti az immunrendszert, lass\u00edtja a sejtek \u00f6reged\u00e9si folyamatait. Gyors\u00edtja az anyagcser\u00e9t, hozz\u00e1j\u00e1rul a m\u00e9regtelen\u00edt\u0151 folyamatok felgyors\u00edt\u00e1s\u00e1hoz. Helyre\u00e1ll\u00edtja az em\u00e9szt\u00e9st. V\u00edzhajt\u00f3 hat\u00e1sa r\u00e9v\u00e9n tiszt\u00edtja a ves\u00e9ket, h\u00fagyuti szerveket. Seg\u00edti a b\u00e9lrendszeri gyullad\u00e1sok megsz\u00fcn\u00e9s\u00e9t.<br \/>\n2. Terminalia belerica \/bibhitaki\/<br \/>\nIt helps to promote healthy body tissue formation and has a blood purifying effect. Supports digestion, colon cleansing and enhances the effects of other ingredients.<br \/>\n3. Terminalia chebula \/haritaki\/<br \/>\nExcellent digestive stimulant, stomach and intestinal cleansing herb. Detoxifies and nourishes the body tissues.<\/p>\n<p><strong>SALAKTALAN\u00cdT\u00d3 teakever\u00e9k 100 gramm<\/strong><\/p>\n<p>Gy\u00f3gytea-kever\u00e9k az em\u00e9szt\u0151rendszer tiszt\u00edt\u00e1sra. Serkenti a ki\u00fcr\u00fcl\u00e9si folyamatokat. Seg\u00edt elt\u00e1vol\u00edtani a szervezetb\u0151l a h\u00fagysavat, tejsavat \u00e9s egy\u00e9b metabolitokat, toxikus anyagokat.<\/p>","protected":false},"excerpt":{"rendered":"<p><strong>TRIPHALA kapszula (2 doboz) 360 db<\/strong><\/p>\n<p>az indiai ayurv\u00e9dikus gy\u00f3gy\u00e1szat m\u00e1r \u00e9vsz\u00e1zadok \u00f3ta alkalmaz a bels\u0151 tiszt\u00edtas\u00e1g \u00e9s a j\u00f3 em\u00e9szt\u00e9s fenntart\u00e1s\u00e1ra. Triphala sz\u00f3 jelent\u00e9se 3 gy\u00fcm\u00f6lcs. A k\u00e9sz\u00edtm\u00e9ny 3 trad\u00edcion\u00e1lis indiai ayurv\u00e9dikus gy\u00f3gyn\u00f6v\u00e9nyt tartalmaz.<br \/>\n1. Emlica officinalis \/amla\/<br \/>\nGazdag B vitamin, foszfor, kalcium, vas, karotin \u00e9s C vitamin forr\u00e1s. Er\u0151s\u00edti az immunrendszert, lass\u00edtja a sejtek \u00f6reged\u00e9si folyamatait. Gyors\u00edtja az anyagcser\u00e9t, hozz\u00e1j\u00e1rul a m\u00e9regtelen\u00edt\u0151 folyamatok felgyors\u00edt\u00e1s\u00e1hoz. Helyre\u00e1ll\u00edtja az em\u00e9szt\u00e9st. V\u00edzhajt\u00f3 hat\u00e1sa r\u00e9v\u00e9n tiszt\u00edtja a ves\u00e9ket, h\u00fagyuti szerveket. Seg\u00edti a b\u00e9lrendszeri gyullad\u00e1sok megsz\u00fcn\u00e9s\u00e9t.<br \/>\n2. Terminalia belerica \/bibhitaki\/<br \/>\nIt helps to promote healthy body tissue formation and has a blood purifying effect. Supports digestion, colon cleansing and enhances the effects of other ingredients.<br \/>\n3. Terminalia chebula \/haritaki\/<br \/>\nExcellent digestive stimulant, stomach and intestinal cleansing herb. Detoxifies and nourishes the body tissues.<\/p>\n<p><strong>SALAKTALAN\u00cdT\u00d3 teakever\u00e9k 100 gramm<\/strong><\/p>\n<p>Gy\u00f3gytea-kever\u00e9k az em\u00e9szt\u0151rendszer tiszt\u00edt\u00e1sra. Serkenti a ki\u00fcr\u00fcl\u00e9si folyamatokat. Seg\u00edt elt\u00e1vol\u00edtani a szervezetb\u0151l a h\u00fagysavat, tejsavat \u00e9s egy\u00e9b metabolitokat, toxikus anyagokat.<\/p>","protected":false},"featured_media":25612,"comment_status":"open","ping_status":"closed","template":"","meta":{"_acf_changed":false,"_monsterinsights_skip_tracking":false,"_monsterinsights_sitenote_active":false,"_monsterinsights_sitenote_note":"","_monsterinsights_sitenote_category":0},"product_brand":[],"product_cat":[709,717,348,219],"product_tag":[],"class_list":{"0":"post-6710","1":"product","2":"type-product","3":"status-publish","4":"has-post-thumbnail","6":"product_cat-akcios-termekek","7":"product_cat-hu-feed","8":"product_cat-meregtelenites","9":"product_cat-termekcsomagok","11":"first","12":"instock","13":"sale","14":"shipping-taxable","15":"purchasable","16":"product-type-simple"},"acf":[],"_links":{"self":[{"href":"https:\/\/calendulapharma.com\/en\/wp-json\/wp\/v2\/product\/6710","targetHints":{"allow":["GET"]}}],"collection":[{"href":"https:\/\/calendulapharma.com\/en\/wp-json\/wp\/v2\/product"}],"about":[{"href":"https:\/\/calendulapharma.com\/en\/wp-json\/wp\/v2\/types\/product"}],"replies":[{"embeddable":true,"href":"https:\/\/calendulapharma.com\/en\/wp-json\/wp\/v2\/comments?post=6710"}],"version-history":[{"count":4,"href":"https:\/\/calendulapharma.com\/en\/wp-json\/wp\/v2\/product\/6710\/revisions"}],"predecessor-version":[{"id":22671,"href":"https:\/\/calendulapharma.com\/en\/wp-json\/wp\/v2\/product\/6710\/revisions\/22671"}],"wp:featuredmedia":[{"embeddable":true,"href":"https:\/\/calendulapharma.com\/en\/wp-json\/wp\/v2\/media\/25612"}],"wp:attachment":[{"href":"https:\/\/calendulapharma.com\/en\/wp-json\/wp\/v2\/media?parent=6710"}],"wp:term":[{"taxonomy":"product_brand","embeddable":true,"href":"https:\/\/calendulapharma.com\/en\/wp-json\/wp\/v2\/product_brand?post=6710"},{"taxonomy":"product_cat","embeddable":true,"href":"https:\/\/calendulapharma.com\/en\/wp-json\/wp\/v2\/product_cat?post=6710"},{"taxonomy":"product_tag","embeddable":true,"href":"https:\/\/calendulapharma.com\/en\/wp-json\/wp\/v2\/product_tag?post=6710"}],"curies":[{"name":"wp","href":"https:\/\/api.w.org\/{rel}","templated":true}]}}