{"id":22931,"date":"2025-10-12T13:34:52","date_gmt":"2025-10-12T11:34:52","guid":{"rendered":"https:\/\/calendulapharma.com\/?page_id=22931"},"modified":"2025-10-12T13:39:39","modified_gmt":"2025-10-12T11:39:39","slug":"o-nas","status":"publish","type":"page","link":"https:\/\/calendulapharma.com\/ru\/o-nas\/","title":{"rendered":"O n\u00e1s"},"content":{"rendered":"\t\t<div data-elementor-type=\"wp-page\" data-elementor-id=\"22931\" class=\"elementor elementor-22931\" data-elementor-post-type=\"page\">\n\t\t\t\t<div class=\"elementor-element elementor-element-3014bf8b e-flex e-con-boxed e-con e-parent\" data-id=\"3014bf8b\" data-element_type=\"container\" data-e-type=\"container\" data-settings=\"{&quot;background_background&quot;:&quot;classic&quot;}\">\n\t\t\t\t\t<div class=\"e-con-inner\">\n\t\t\t\t<div class=\"elementor-element elementor-element-136b331a elementor-widget elementor-widget-text-editor\" data-id=\"136b331a\" data-element_type=\"widget\" data-e-type=\"widget\" data-widget_type=\"text-editor.default\">\n\t\t\t\t\t\t\t\t\t<h1>Kto sme?<\/h1><p>Spolo\u010dnos\u0165 Calendula Pharma Co. Kft. je ma\u010farsk\u00fd podnik, ktor\u00fd sa zaober\u00e1 v\u00fdvojom a v\u00fdrobou rastlinn\u00fdch lie\u010div a v\u00fd\u017eivov\u00fdch doplnkov. Na\u0161e laborat\u00f3rium pre lie\u010div\u00e9 rastliny a spracovate\u013esk\u00fd z\u00e1vod sa nach\u00e1dzaj\u00fa v obci \u00c1d\u00e1nd v \u017eupe Somogy, kde sa venujeme v\u00fdskumu, v\u00fdvoju, testovaniu a v\u00fdrobe rastlinn\u00fdch surov\u00edn a pr\u00edpravkov. N\u00e1\u0161 syst\u00e9m HACCP, vn\u00fatorn\u00e9 procesy kontroly kvality, odbornos\u0165 na\u0161ich pracovn\u00edkov a jedine\u010dn\u00e9 recept\u00fary chr\u00e1nen\u00e9 autorsk\u00fdm pr\u00e1vom zaru\u010duj\u00fa vysok\u00fa kvalitu a \u00fa\u010dinnos\u0165 na\u0161ich produktov.<\/p><p>Produktov\u00e9 portf\u00f3lio Calendula Pharma je v\u00fdsledkom takmer 30 rokov v\u00fdskumno-v\u00fdvojovej pr\u00e1ce. Recept\u00fary sa vyv\u00edjaj\u00fa pod veden\u00edm zakladate\u013ea a hlavn\u00e9ho lek\u00e1ra kliniky Calendula, Dmitrija Skopinceva. Na\u0161i pracovn\u00edci s\u00fa vysoko kvalifikovan\u00ed odborn\u00edci \u2013 lek\u00e1ri a fytoterapeuti \u2013, ktor\u00ed v\u00e4\u010d\u0161inu svojho \u017eivota zasv\u00e4tili lie\u010deniu pacientov. Pri v\u00fdvoji v\u00fd\u017eivov\u00fdch doplnkov na\u0161i odborn\u00edci zoh\u013eadnili naj\u010dastej\u0161ie \u0165a\u017ekosti a ochorenia, s ktor\u00fdmi sa \u013eudia v ka\u017edodennom \u017eivote stret\u00e1vaj\u00fa.<\/p><h2>Na\u0161\u00edm poslan\u00edm je lie\u010di\u0165<\/h2><p>V\u00fdroba rastlinn\u00fdch lie\u010div u n\u00e1s neza\u010dala ako komer\u010dn\u00fd projekt. Na\u0161e pr\u00edpravky pripravujeme pre pacientov, ktor\u00ed sa na n\u00e1s obracaj\u00fa po\u010das konzult\u00e1ci\u00ed, ako aj pre hospitalizovan\u00fdch pacientov na na\u0161ej klinike, a pou\u017e\u00edvame ich v r\u00e1mci lie\u010dby. Po prepusten\u00ed pacienta z kliniky odpor\u00fa\u010dame ich pou\u017e\u00edvanie aj doma ako pokra\u010dovanie lie\u010dby. Ide o vlastn\u00fa \u201elek\u00e1re\u0148\u201c, kde vyr\u00e1bame rastlinn\u00e9 z\u00e1kladn\u00e9 lie\u010div\u00e1 z na\u0161ich vlastn\u00fdch v\u00fdskumn\u00fdch a v\u00fdvojov\u00fdch recept\u00far. Tieto lieky predpisuj\u00fa na\u0161i lek\u00e1ri individu\u00e1lne pod\u013ea potrieb ka\u017ed\u00e9ho pacienta.<br \/>Pr\u00edpravky vyvinut\u00e9 pre naj\u010dastej\u0161ie zdravotn\u00e9 probl\u00e9my a prevenciu, ktor\u00e9 mo\u017eno pou\u017e\u00edva\u0165 aj bez lek\u00e1rskeho predpisu, sme spr\u00edstupnili \u0161irokej verejnosti. Tieto produkty patria do kateg\u00f3rie v\u00fd\u017eivov\u00fdch doplnkov \u2013 biologicky akt\u00edvnych pr\u00eddavn\u00fdch l\u00e1tok do potrav\u00edn (BAA) \u2013 ur\u010den\u00fdch na optimaliz\u00e1ciu metabolick\u00fdch procesov, zlep\u0161enie funk\u010dn\u00e9ho stavu org\u00e1nov a organizmu, zn\u00ed\u017eenie rizika ochoren\u00ed, normaliz\u00e1ciu \u010drevnej mikrofl\u00f3ry at\u010f.<\/p><p>Po\u010det na\u0161ich lie\u010div: 1 500<br \/>Typy pr\u00edpravkov: ajurv\u00e9dske, tradi\u010dn\u00e1 \u010d\u00ednska medic\u00edna (TCM), Avicenna, Gal\u00e9n, autorsk\u00e9 recept\u00fary Dr. Dmitrija Skopinceva<br \/>Formy produktov: kapsuly, pilulky, pr\u00e1\u0161ky, d\u017eemy, tinkt\u00fary (v\u00fd\u0165a\u017eky), odvary, oleje<\/p><p>\u010c\u00edm s\u00fa pr\u00edpravky Calendula Pharma jedine\u010dn\u00e9?<\/p><p>To, \u010do pon\u00fakame, sa z\u00e1sadne l\u00ed\u0161i od be\u017en\u00fdch produktov na trhu s rastlinn\u00fdmi pr\u00edpravkami. V \u010dom konkr\u00e9tne?<\/p><p>Na\u0161e pr\u00edpravky sa osved\u010duj\u00fa u\u017e dlh\u00e9 roky. Pou\u017e\u00edvame ich v Eur\u00f3pe v klinickom prostred\u00ed pri lie\u010dbe pacientov u\u017e takmer tri desa\u0165ro\u010dia.<br \/>Vyr\u00e1bame klasick\u00e9 pr\u00edpravky ajurv\u00e9dy, Avicenny a tradi\u010dnej v\u00fdchodnej medic\u00edny, no prisp\u00f4soben\u00e9 organizmu a tr\u00e1viacemu syst\u00e9mu modern\u00e9ho eur\u00f3pskeho \u010dloveka. Pre\u010do je to d\u00f4le\u017eit\u00e9? Zistite viac tu.<br \/>M\u00e1me vlastn\u00fa, na trhu jedine\u010dn\u00fa v\u00fdrobn\u00fa technol\u00f3giu. Na\u0161e produkty nie s\u00fa len drven\u00e9 rastlinn\u00e9 suroviny, ale potencovan\u00e9 l\u00e1tky. \u010co to znamen\u00e1? Vyvinuli a pou\u017e\u00edvame vysoko presn\u00fd a n\u00e1ro\u010dn\u00fd proces, ktor\u00fd si vy\u017eaduje ve\u013ek\u00fa starostlivos\u0165 a \u010das, s cie\u013eom zv\u00fd\u0161i\u0165 koncentr\u00e1ciu \u00fa\u010dinn\u00fdch l\u00e1tok a posilni\u0165 mechanizmus \u00fa\u010dinku pr\u00edpravkov.<\/p><p>S ve\u013ekou rados\u0165ou a odhodlan\u00edm pon\u00fakame na\u0161e znalosti a sk\u00fasenosti prostredn\u00edctvom na\u0161ich pr\u00edpravkov, aby sme chr\u00e1nili a posil\u0148ovali \u013eudsk\u00e9 telo a zv\u00fd\u0161ili jeho odolnos\u0165 vo\u010di chorob\u00e1m a stresov\u00fdm faktorom modern\u00e9ho sveta.<\/p><p>Ak m\u00e1te ak\u00e9ko\u013evek ot\u00e1zky, nev\u00e1hajte n\u00e1s kontaktova\u0165!<\/p><p>\ud83d\udce7 <a href=\"mailto:info@calendulapharmacy.com\">info@calendulapharmacy.com<\/a><br \/>\ud83d\udcde +36 30 228 8962<\/p>\t\t\t\t\t\t\t\t<\/div>\n\t\t\t\t\t<\/div>\n\t\t\t\t<\/div>\n\t\t<div class=\"elementor-element elementor-element-2aae05e e-con-full e-flex e-con e-parent\" data-id=\"2aae05e\" data-element_type=\"container\" data-e-type=\"container\" data-settings=\"{&quot;background_background&quot;:&quot;classic&quot;}\">\n\t\t<div class=\"elementor-element elementor-element-1a67d44 e-con-full e-flex e-con e-child\" data-id=\"1a67d44\" data-element_type=\"container\" data-e-type=\"container\" data-settings=\"{&quot;background_background&quot;:&quot;classic&quot;}\">\n\t\t<div class=\"elementor-element elementor-element-ecfacdb e-con-full e-flex e-con e-child\" data-id=\"ecfacdb\" data-element_type=\"container\" data-e-type=\"container\">\n\t\t\t\t<div class=\"elementor-element elementor-element-0e4ad9f elementor-widget elementor-widget-heading\" data-id=\"0e4ad9f\" data-element_type=\"widget\" data-e-type=\"widget\" data-widget_type=\"heading.default\">\n\t\t\t\t\t<h3 class=\"elementor-heading-title elementor-size-default\">Poznajte CalendulaPharmu bli\u017e\u0161ie<\/h3>\t\t\t\t<\/div>\n\t\t\t\t<div class=\"elementor-element elementor-element-3937c5b elementor-widget elementor-widget-text-editor\" data-id=\"3937c5b\" data-element_type=\"widget\" data-e-type=\"widget\" data-widget_type=\"text-editor.default\">\n\t\t\t\t\t\t\t\t\t<p>Odbornos\u0165 na\u0161ich pracovn\u00edkov a recept\u00fary chr\u00e1nen\u00e9 autorsk\u00fdm pr\u00e1vom zaru\u010duj\u00fa vysok\u00fa kvalitu a \u00fa\u010dinnos\u0165 na\u0161ich produktov.<\/p>\t\t\t\t\t\t\t\t<\/div>\n\t\t\t\t<\/div>\n\t\t<div class=\"elementor-element elementor-element-b15d190 e-con-full e-flex e-con e-child\" data-id=\"b15d190\" data-element_type=\"container\" data-e-type=\"container\">\n\t\t\t\t<div class=\"elementor-element elementor-element-15545a5 elementor-arrows-position-inside elementor-widget elementor-widget-n-carousel\" data-id=\"15545a5\" data-element_type=\"widget\" data-e-type=\"widget\" data-settings=\"{&quot;carousel_items&quot;:[{&quot;slide_title&quot;:&quot;Slide #1&quot;,&quot;_id&quot;:&quot;d3af501&quot;},{&quot;slide_title&quot;:&quot;Slide #1&quot;,&quot;_id&quot;:&quot;7bd7752&quot;},{&quot;slide_title&quot;:&quot;Slide #1&quot;,&quot;_id&quot;:&quot;66b1ba0&quot;},{&quot;slide_title&quot;:&quot;Slide #1&quot;,&quot;_id&quot;:&quot;aa6a8e0&quot;},{&quot;slide_title&quot;:&quot;Slide #1&quot;,&quot;_id&quot;:&quot;fc299a8&quot;},{&quot;slide_title&quot;:&quot;Slide #1&quot;,&quot;_id&quot;:&quot;abec518&quot;}],&quot;slides_to_show&quot;:&quot;5&quot;,&quot;image_spacing_custom&quot;:{&quot;unit&quot;:&quot;px&quot;,&quot;size&quot;:24,&quot;sizes&quot;:[]},&quot;slides_to_show_mobile&quot;:&quot;2&quot;,&quot;offset_sides&quot;:&quot;right&quot;,&quot;offset_width_mobile&quot;:{&quot;unit&quot;:&quot;px&quot;,&quot;size&quot;:40,&quot;sizes&quot;:[]},&quot;slides_to_show_tablet&quot;:&quot;4&quot;,&quot;image_spacing_custom_mobile&quot;:{&quot;unit&quot;:&quot;px&quot;,&quot;size&quot;:16,&quot;sizes&quot;:[]},&quot;infinite&quot;:&quot;yes&quot;,&quot;speed&quot;:500,&quot;offset_width&quot;:{&quot;unit&quot;:&quot;px&quot;,&quot;size&quot;:80,&quot;sizes&quot;:[]},&quot;offset_width_tablet&quot;:{&quot;unit&quot;:&quot;px&quot;,&quot;size&quot;:&quot;&quot;,&quot;sizes&quot;:[]},&quot;arrows&quot;:&quot;yes&quot;,&quot;image_spacing_custom_tablet&quot;:{&quot;unit&quot;:&quot;px&quot;,&quot;size&quot;:&quot;&quot;,&quot;sizes&quot;:[]}}\" data-widget_type=\"nested-carousel.default\">\n\t\t\t\t\t\t\t<div class=\"e-n-carousel swiper\" role=\"region\" aria-roledescription=\"carousel\" aria-label=\"Carousel\" dir=\"ltr\">\n\t\t\t<div class=\"swiper-wrapper\" aria-live=\"polite\">\n\t\t\t\t\t\t\t\t\t\t<div class=\"swiper-slide\" data-slide=\"1\" role=\"group\" aria-roledescription=\"slide\" aria-label=\"1 vagy 6\">\n\t\t\t\t\t\t\t<div class=\"elementor-element elementor-element-72da2c4 e-flex e-con-boxed e-con e-child\" data-id=\"72da2c4\" data-element_type=\"container\" data-e-type=\"container\">\n\t\t\t\t\t<div class=\"e-con-inner\">\n\t\t\t\t<div class=\"elementor-element elementor-element-be6683b elementor-widget elementor-widget-video\" data-id=\"be6683b\" data-element_type=\"widget\" data-e-type=\"widget\" data-settings=\"{&quot;youtube_url&quot;:&quot;https:\\\/\\\/youtube.com\\\/embed\\\/2A_RB6HFtDw&quot;,&quot;lazy_load&quot;:&quot;yes&quot;,&quot;video_type&quot;:&quot;youtube&quot;,&quot;controls&quot;:&quot;yes&quot;}\" data-widget_type=\"video.default\">\n\t\t\t\t\t\t\t<div class=\"elementor-wrapper elementor-open-inline\">\n\t\t\t<div class=\"elementor-video\"><\/div>\t\t<\/div>\n\t\t\t\t\t\t<\/div>\n\t\t\t\t\t<\/div>\n\t\t\t\t<\/div>\n\t\t\t\t\t\t\t\t<\/div>\n\t\t\t\t\t\t\t\t\t\t\t<div class=\"swiper-slide\" data-slide=\"2\" role=\"group\" aria-roledescription=\"slide\" aria-label=\"2 vagy 6\">\n\t\t\t\t\t\t\t<div class=\"elementor-element elementor-element-b9bf3ce e-flex e-con-boxed e-con e-child\" data-id=\"b9bf3ce\" data-element_type=\"container\" data-e-type=\"container\">\n\t\t\t\t\t<div class=\"e-con-inner\">\n\t\t\t\t<div class=\"elementor-element elementor-element-60fccec elementor-widget elementor-widget-video\" data-id=\"60fccec\" data-element_type=\"widget\" data-e-type=\"widget\" data-settings=\"{&quot;youtube_url&quot;:&quot;https:\\\/\\\/youtu.be\\\/Bm97fJ2vfyo?si=8XJHhyTAUqfpE0Ii&quot;,&quot;video_type&quot;:&quot;youtube&quot;,&quot;controls&quot;:&quot;yes&quot;}\" data-widget_type=\"video.default\">\n\t\t\t\t\t\t\t<div class=\"elementor-wrapper elementor-open-inline\">\n\t\t\t<div class=\"elementor-video\"><\/div>\t\t<\/div>\n\t\t\t\t\t\t<\/div>\n\t\t\t\t\t<\/div>\n\t\t\t\t<\/div>\n\t\t\t\t\t\t\t\t<\/div>\n\t\t\t\t\t\t\t\t\t\t\t<div class=\"swiper-slide\" data-slide=\"3\" role=\"group\" aria-roledescription=\"slide\" aria-label=\"3 vagy 6\">\n\t\t\t\t\t\t\t<div class=\"elementor-element elementor-element-55f2271 e-flex e-con-boxed e-con e-child\" data-id=\"55f2271\" data-element_type=\"container\" data-e-type=\"container\">\n\t\t\t\t\t<div class=\"e-con-inner\">\n\t\t\t\t<div class=\"elementor-element elementor-element-ab60ad3 elementor-widget elementor-widget-video\" data-id=\"ab60ad3\" data-element_type=\"widget\" data-e-type=\"widget\" data-settings=\"{&quot;youtube_url&quot;:&quot;https:\\\/\\\/youtube.com\\\/embed\\\/rGbaHr4FLXk?feature=share&quot;,&quot;video_type&quot;:&quot;youtube&quot;,&quot;controls&quot;:&quot;yes&quot;}\" data-widget_type=\"video.default\">\n\t\t\t\t\t\t\t<div class=\"elementor-wrapper elementor-open-inline\">\n\t\t\t<div class=\"elementor-video\"><\/div>\t\t<\/div>\n\t\t\t\t\t\t<\/div>\n\t\t\t\t\t<\/div>\n\t\t\t\t<\/div>\n\t\t\t\t\t\t\t\t<\/div>\n\t\t\t\t\t\t\t\t\t\t\t<div class=\"swiper-slide\" data-slide=\"4\" role=\"group\" aria-roledescription=\"slide\" aria-label=\"4 vagy 6\">\n\t\t\t\t\t\t\t<div class=\"elementor-element elementor-element-b36e569 e-flex e-con-boxed e-con e-child\" data-id=\"b36e569\" data-element_type=\"container\" data-e-type=\"container\">\n\t\t\t\t\t<div class=\"e-con-inner\">\n\t\t\t\t<div class=\"elementor-element elementor-element-f54ca3d elementor-widget elementor-widget-video\" data-id=\"f54ca3d\" data-element_type=\"widget\" data-e-type=\"widget\" data-settings=\"{&quot;youtube_url&quot;:&quot;https:\\\/\\\/youtube.com\\\/embed\\\/UwVIkKwwyTM&quot;,&quot;video_type&quot;:&quot;youtube&quot;,&quot;controls&quot;:&quot;yes&quot;}\" data-widget_type=\"video.default\">\n\t\t\t\t\t\t\t<div class=\"elementor-wrapper elementor-open-inline\">\n\t\t\t<div class=\"elementor-video\"><\/div>\t\t<\/div>\n\t\t\t\t\t\t<\/div>\n\t\t\t\t\t<\/div>\n\t\t\t\t<\/div>\n\t\t\t\t\t\t\t\t<\/div>\n\t\t\t\t\t\t\t\t\t\t\t<div class=\"swiper-slide\" data-slide=\"5\" role=\"group\" aria-roledescription=\"slide\" aria-label=\"5 vagy 6\">\n\t\t\t\t\t\t\t<div class=\"elementor-element elementor-element-2064eec e-flex e-con-boxed e-con e-child\" data-id=\"2064eec\" data-element_type=\"container\" data-e-type=\"container\">\n\t\t\t\t\t<div class=\"e-con-inner\">\n\t\t\t\t<div class=\"elementor-element elementor-element-c741742 elementor-widget elementor-widget-video\" data-id=\"c741742\" data-element_type=\"widget\" data-e-type=\"widget\" data-settings=\"{&quot;youtube_url&quot;:&quot;https:\\\/\\\/youtube.com\\\/embed\\\/lfxCiVm5B6c&quot;,&quot;video_type&quot;:&quot;youtube&quot;,&quot;controls&quot;:&quot;yes&quot;}\" data-widget_type=\"video.default\">\n\t\t\t\t\t\t\t<div class=\"elementor-wrapper elementor-open-inline\">\n\t\t\t<div class=\"elementor-video\"><\/div>\t\t<\/div>\n\t\t\t\t\t\t<\/div>\n\t\t\t\t\t<\/div>\n\t\t\t\t<\/div>\n\t\t\t\t\t\t\t\t<\/div>\n\t\t\t\t\t\t\t\t\t\t\t<div class=\"swiper-slide\" data-slide=\"6\" role=\"group\" aria-roledescription=\"slide\" aria-label=\"6 vagy 6\">\n\t\t\t\t\t\t\t<div class=\"elementor-element elementor-element-0c3f01c e-flex e-con-boxed e-con e-child\" data-id=\"0c3f01c\" data-element_type=\"container\" data-e-type=\"container\">\n\t\t\t\t\t<div class=\"e-con-inner\">\n\t\t\t\t<div class=\"elementor-element elementor-element-ee164b4 elementor-widget elementor-widget-video\" data-id=\"ee164b4\" data-element_type=\"widget\" data-e-type=\"widget\" data-settings=\"{&quot;youtube_url&quot;:&quot;https:\\\/\\\/youtube.com\\\/embed\\\/-OvyQnToChs?feature=share&quot;,&quot;video_type&quot;:&quot;youtube&quot;,&quot;controls&quot;:&quot;yes&quot;}\" data-widget_type=\"video.default\">\n\t\t\t\t\t\t\t<div class=\"elementor-wrapper elementor-open-inline\">\n\t\t\t<div class=\"elementor-video\"><\/div>\t\t<\/div>\n\t\t\t\t\t\t<\/div>\n\t\t\t\t\t<\/div>\n\t\t\t\t<\/div>\n\t\t\t\t\t\t\t\t<\/div>\n\t\t\t\t\t\t\t\t<\/div>\n\t\t<\/div>\n\t\t\t\t\t<div class=\"elementor-swiper-button elementor-swiper-button-prev\" role=\"button\" tabindex=\"0\" aria-label=\"El\u0151z\u0151\">\n\t\t\t\t<i aria-hidden=\"true\" class=\"icon icon-ios-arrow-thin-left\"><\/i>\t\t\t<\/div>\n\t\t\t<div class=\"elementor-swiper-button elementor-swiper-button-next\" role=\"button\" tabindex=\"0\" aria-label=\"K\u00f6vetkez\u0151\">\n\t\t\t\t<i aria-hidden=\"true\" class=\"icon icon-ios-arrow-thin-right\"><\/i>\t\t\t<\/div>\n\t\t\t\t\t\t<\/div>\n\t\t\t\t<\/div>\n\t\t\t\t<\/div>\n\t\t\t\t<\/div>\n\t\t<div class=\"elementor-element elementor-element-f4a4784 e-con-full e-flex e-con e-parent\" data-id=\"f4a4784\" data-element_type=\"container\" data-e-type=\"container\" data-settings=\"{&quot;background_background&quot;:&quot;classic&quot;}\">\n\t\t<div class=\"elementor-element elementor-element-a206f63 e-con-full e-flex e-con e-child\" data-id=\"a206f63\" data-element_type=\"container\" data-e-type=\"container\" data-settings=\"{&quot;background_background&quot;:&quot;classic&quot;}\">\n\t\t<div class=\"elementor-element elementor-element-4bc5f9d e-con-full e-flex e-con e-child\" data-id=\"4bc5f9d\" data-element_type=\"container\" data-e-type=\"container\">\n\t\t\t\t<div class=\"elementor-element elementor-element-1bccd66 elementor-widget elementor-widget-heading\" data-id=\"1bccd66\" data-element_type=\"widget\" data-e-type=\"widget\" data-widget_type=\"heading.default\">\n\t\t\t\t\t<h3 class=\"elementor-heading-title elementor-size-default\">Vlastn\u00e9 laborat\u00f3rium lie\u010div\u00fdch rastl\u00edn a spracovate\u013esk\u00fd z\u00e1vod v \u00c1d\u00e1nde.\n<\/h3>\t\t\t\t<\/div>\n\t\t\t\t<div class=\"elementor-element elementor-element-426a2e2 elementor-widget elementor-widget-text-editor\" data-id=\"426a2e2\" data-element_type=\"widget\" data-e-type=\"widget\" data-widget_type=\"text-editor.default\">\n\t\t\t\t\t\t\t\t\t<p>Na\u0161e recept\u00fary formovali klinick\u00e9 sk\u00fasenosti a modern\u00fd v\u00fdskum.<\/p>\t\t\t\t\t\t\t\t<\/div>\n\t\t\t\t<div class=\"elementor-element elementor-element-acdd6fe elementor-icon-list--layout-traditional elementor-list-item-link-full_width elementor-widget elementor-widget-icon-list\" data-id=\"acdd6fe\" data-element_type=\"widget\" data-e-type=\"widget\" data-widget_type=\"icon-list.default\">\n\t\t\t\t\t\t\t<ul class=\"elementor-icon-list-items\">\n\t\t\t\t\t\t\t<li class=\"elementor-icon-list-item\">\n\t\t\t\t\t\t\t\t\t\t\t<span class=\"elementor-icon-list-icon\">\n\t\t\t\t\t\t\t<svg aria-hidden=\"true\" class=\"e-font-icon-svg e-fas-circle\" viewBox=\"0 0 512 512\" xmlns=\"http:\/\/www.w3.org\/2000\/svg\"><path d=\"M256 8C119 8 8 119 8 256s111 248 248 248 248-111 248-248S393 8 256 8z\"><\/path><\/svg>\t\t\t\t\t\t<\/span>\n\t\t\t\t\t\t\t\t\t\t<span class=\"elementor-icon-list-text\">Z vysoko kvalitn\u00fdch, potencovan\u00fdch lie\u010div\u00fdch rastl\u00edn v \u017eelat\u00ednov\u00fdch kapsul\u00e1ch<\/span>\n\t\t\t\t\t\t\t\t\t<\/li>\n\t\t\t\t\t\t\t\t<li class=\"elementor-icon-list-item\">\n\t\t\t\t\t\t\t\t\t\t\t<span class=\"elementor-icon-list-icon\">\n\t\t\t\t\t\t\t<svg aria-hidden=\"true\" class=\"e-font-icon-svg e-fas-circle\" viewBox=\"0 0 512 512\" xmlns=\"http:\/\/www.w3.org\/2000\/svg\"><path d=\"M256 8C119 8 8 119 8 256s111 248 248 248 248-111 248-248S393 8 256 8z\"><\/path><\/svg>\t\t\t\t\t\t<\/span>\n\t\t\t\t\t\t\t\t\t\t<span class=\"elementor-icon-list-text\">Pou\u017e\u00edvame len testovan\u00e9 a schv\u00e1len\u00e9 lie\u010div\u00e9 rastliny<\/span>\n\t\t\t\t\t\t\t\t\t<\/li>\n\t\t\t\t\t\t\t\t<li class=\"elementor-icon-list-item\">\n\t\t\t\t\t\t\t\t\t\t\t<span class=\"elementor-icon-list-icon\">\n\t\t\t\t\t\t\t<svg aria-hidden=\"true\" class=\"e-font-icon-svg e-fas-circle\" viewBox=\"0 0 512 512\" xmlns=\"http:\/\/www.w3.org\/2000\/svg\"><path d=\"M256 8C119 8 8 119 8 256s111 248 248 248 248-111 248-248S393 8 256 8z\"><\/path><\/svg>\t\t\t\t\t\t<\/span>\n\t\t\t\t\t\t\t\t\t\t<span class=\"elementor-icon-list-text\">Viac ako 1500 lie\u010div\u00fdch pr\u00edpravkov pre na\u0161u vlastn\u00fa kliniku<\/span>\n\t\t\t\t\t\t\t\t\t<\/li>\n\t\t\t\t\t\t\t\t<li class=\"elementor-icon-list-item\">\n\t\t\t\t\t\t\t\t\t\t\t<span class=\"elementor-icon-list-icon\">\n\t\t\t\t\t\t\t<svg aria-hidden=\"true\" class=\"e-font-icon-svg e-fas-circle\" viewBox=\"0 0 512 512\" xmlns=\"http:\/\/www.w3.org\/2000\/svg\"><path d=\"M256 8C119 8 8 119 8 256s111 248 248 248 248-111 248-248S393 8 256 8z\"><\/path><\/svg>\t\t\t\t\t\t<\/span>\n\t\t\t\t\t\t\t\t\t\t<span class=\"elementor-icon-list-text\">Na\u0161e pr\u00edpravky pou\u017e\u00edvame v Eur\u00f3pe takmer 3 desa\u0165ro\u010dia v klinickom prostred\u00ed po\u010das lie\u010debn\u00fdch procesov.<\/span>\n\t\t\t\t\t\t\t\t\t<\/li>\n\t\t\t\t\t\t<\/ul>\n\t\t\t\t\t\t<\/div>\n\t\t\t\t<\/div>\n\t\t<div class=\"elementor-element elementor-element-f10c977 e-con-full e-flex e-con e-child\" data-id=\"f10c977\" data-element_type=\"container\" data-e-type=\"container\">\n\t\t\t\t<div class=\"elementor-element elementor-element-d212f38 elementor-widget elementor-widget-image\" data-id=\"d212f38\" data-element_type=\"widget\" data-e-type=\"widget\" data-widget_type=\"image.default\">\n\t\t\t\t\t\t\t\t\t\t\t\t\t\t\t<img fetchpriority=\"high\" decoding=\"async\" width=\"483\" height=\"425\" src=\"https:\/\/calendulapharma.com\/wp-content\/uploads\/nevtelen-terv-3.jpg\" class=\"attachment-large size-large wp-image-11118\" alt=\"\" srcset=\"https:\/\/calendulapharma.com\/wp-content\/uploads\/nevtelen-terv-3.jpg 483w, https:\/\/calendulapharma.com\/wp-content\/uploads\/nevtelen-terv-3-455x400.jpg 455w\" sizes=\"(max-width: 483px) 100vw, 483px\" \/>\t\t\t\t\t\t\t\t\t\t\t\t\t\t\t<\/div>\n\t\t\t\t<\/div>\n\t\t\t\t<\/div>\n\t\t\t\t<\/div>\n\t\t\t\t<\/div>\n\t\t","protected":false},"excerpt":{"rendered":"<p>Kto sme? Spolo\u010dnos\u0165 Calendula Pharma Co. Kft. je ma\u010farsk\u00fd podnik, ktor\u00fd sa zaober\u00e1 v\u00fdvojom a v\u00fdrobou rastlinn\u00fdch lie\u010div a v\u00fd\u017eivov\u00fdch doplnkov. Na\u0161e laborat\u00f3rium pre lie\u010div\u00e9 rastliny a spracovate\u013esk\u00fd z\u00e1vod sa nach\u00e1dzaj\u00fa v obci \u00c1d\u00e1nd v \u017eupe Somogy, kde sa venujeme v\u00fdskumu, v\u00fdvoju, testovaniu a v\u00fdrobe rastlinn\u00fdch surov\u00edn a pr\u00edpravkov. N\u00e1\u0161 syst\u00e9m HACCP, vn\u00fatorn\u00e9 procesy kontroly [&hellip;]<\/p>\n","protected":false},"author":1603,"featured_media":0,"parent":0,"menu_order":0,"comment_status":"closed","ping_status":"closed","template":"","meta":{"_acf_changed":false,"_monsterinsights_skip_tracking":false,"_monsterinsights_sitenote_active":false,"_monsterinsights_sitenote_note":"","_monsterinsights_sitenote_category":0,"footnotes":""},"class_list":["post-22931","page","type-page","status-publish","hentry"],"acf":[],"_links":{"self":[{"href":"https:\/\/calendulapharma.com\/ru\/wp-json\/wp\/v2\/pages\/22931","targetHints":{"allow":["GET"]}}],"collection":[{"href":"https:\/\/calendulapharma.com\/ru\/wp-json\/wp\/v2\/pages"}],"about":[{"href":"https:\/\/calendulapharma.com\/ru\/wp-json\/wp\/v2\/types\/page"}],"author":[{"embeddable":true,"href":"https:\/\/calendulapharma.com\/ru\/wp-json\/wp\/v2\/users\/1603"}],"replies":[{"embeddable":true,"href":"https:\/\/calendulapharma.com\/ru\/wp-json\/wp\/v2\/comments?post=22931"}],"version-history":[{"count":4,"href":"https:\/\/calendulapharma.com\/ru\/wp-json\/wp\/v2\/pages\/22931\/revisions"}],"predecessor-version":[{"id":22935,"href":"https:\/\/calendulapharma.com\/ru\/wp-json\/wp\/v2\/pages\/22931\/revisions\/22935"}],"wp:attachment":[{"href":"https:\/\/calendulapharma.com\/ru\/wp-json\/wp\/v2\/media?parent=22931"}],"curies":[{"name":"wp","href":"https:\/\/api.w.org\/{rel}","templated":true}]}}