{"id":23505,"date":"2025-10-18T23:56:22","date_gmt":"2025-10-18T21:56:22","guid":{"rendered":"https:\/\/calendulapharma.com\/?page_id=23505"},"modified":"2025-10-19T00:00:29","modified_gmt":"2025-10-18T22:00:29","slug":"moj-ucet","status":"publish","type":"page","link":"https:\/\/calendulapharma.com\/ru\/moj-ucet\/","title":{"rendered":"M\u00f4j \u00fa\u010det"},"content":{"rendered":"<div data-elementor-type=\"wp-page\" data-elementor-id=\"23505\" class=\"elementor elementor-23505\" data-elementor-post-type=\"page\">\n\t\t\t\t<div class=\"elementor-element elementor-element-4cc485a e-flex e-con-boxed e-con e-parent\" data-id=\"4cc485a\" data-element_type=\"container\" data-e-type=\"container\" data-settings=\"{&quot;background_background&quot;:&quot;classic&quot;}\">\n\t\t\t\t\t<div class=\"e-con-inner\">\n\t\t\t\t\t<\/div>\n\t\t\t\t<\/div>\n\t\t<div class=\"elementor-element elementor-element-9b42ba7 e-flex e-con-boxed e-con e-parent\" data-id=\"9b42ba7\" data-element_type=\"container\" data-e-type=\"container\" data-settings=\"{&quot;background_background&quot;:&quot;classic&quot;}\">\n\t\t\t\t\t<div class=\"e-con-inner\">\n\t\t\t\t<div class=\"elementor-element elementor-element-732130f e-my-account-tabs-vertical elementor-widget elementor-widget-woocommerce-my-account\" data-id=\"732130f\" data-element_type=\"widget\" data-e-type=\"widget\" data-widget_type=\"woocommerce-my-account.default\">\n\t\t\t\t\t<div class=\"e-my-account-tab e-my-account-tab__\">\t\t\t<div class=\"woocommerce\"><\/div>\t\t<\/div>\n\t\t\t\t\t\t<\/div>\n\t\t\t\t\t<\/div>\n\t\t\t\t<\/div>\n\t\t\t\t<\/div>","protected":false},"excerpt":{"rendered":"<p>Preh\u013ead Objedn\u00e1vky Na stiahnutie Faktura\u010dn\u00e9\/Dodacie adresy Sp\u00f4soby platby \u00dadaje \u00fa\u010dtu Odhl\u00e1si\u0165 sa Dobr\u00fd de\u0148 Reni Mazuri (nie ste Reni Mazuri? Odhl\u00e1si\u0165) Na n\u00e1stenke svojho \u00fa\u010dtu si m\u00f4\u017eete prezrie\u0165 svoje ned\u00e1vne objedn\u00e1vky, upravi\u0165 faktura\u010dn\u00e9 a doru\u010dovacie adresy a zmeni\u0165 svoje heslo a osobn\u00e9 inform\u00e1cie.<\/p>","protected":false},"author":1603,"featured_media":0,"parent":0,"menu_order":0,"comment_status":"closed","ping_status":"closed","template":"","meta":{"_acf_changed":false,"_monsterinsights_skip_tracking":false,"_monsterinsights_sitenote_active":false,"_monsterinsights_sitenote_note":"","_monsterinsights_sitenote_category":0,"footnotes":""},"class_list":["post-23505","page","type-page","status-publish","hentry"],"acf":[],"_links":{"self":[{"href":"https:\/\/calendulapharma.com\/ru\/wp-json\/wp\/v2\/pages\/23505","targetHints":{"allow":["GET"]}}],"collection":[{"href":"https:\/\/calendulapharma.com\/ru\/wp-json\/wp\/v2\/pages"}],"about":[{"href":"https:\/\/calendulapharma.com\/ru\/wp-json\/wp\/v2\/types\/page"}],"author":[{"embeddable":true,"href":"https:\/\/calendulapharma.com\/ru\/wp-json\/wp\/v2\/users\/1603"}],"replies":[{"embeddable":true,"href":"https:\/\/calendulapharma.com\/ru\/wp-json\/wp\/v2\/comments?post=23505"}],"version-history":[{"count":5,"href":"https:\/\/calendulapharma.com\/ru\/wp-json\/wp\/v2\/pages\/23505\/revisions"}],"predecessor-version":[{"id":23510,"href":"https:\/\/calendulapharma.com\/ru\/wp-json\/wp\/v2\/pages\/23505\/revisions\/23510"}],"wp:attachment":[{"href":"https:\/\/calendulapharma.com\/ru\/wp-json\/wp\/v2\/media?parent=23505"}],"curies":[{"name":"wp","href":"https:\/\/api.w.org\/{rel}","templated":true}]}}