{"id":6794,"date":"2023-03-03T07:47:29","date_gmt":"2023-03-03T06:47:29","guid":{"rendered":"https:\/\/calendulapharma.com\/?page_id=6794"},"modified":"2026-02-11T10:53:33","modified_gmt":"2026-02-11T09:53:33","slug":"szallitasi-es-fizetesi-informaciok","status":"publish","type":"page","link":"https:\/\/calendulapharma.com\/ru\/szallitasi-es-fizetesi-informaciok\/","title":{"rendered":"\u0418\u043d\u0444\u043e\u0440\u043c\u0430\u0446\u0438\u044f \u043e \u0434\u043e\u0441\u0442\u0430\u0432\u043a\u0435 \u0438 \u043e\u043f\u043b\u0430\u0442\u0435"},"content":{"rendered":"<div data-elementor-type=\"wp-page\" data-elementor-id=\"6794\" class=\"elementor elementor-6794\" data-elementor-post-type=\"page\">\n\t\t\t\t<div class=\"elementor-element elementor-element-1449f91d e-flex e-con-boxed e-con e-parent\" data-id=\"1449f91d\" data-element_type=\"container\" data-e-type=\"container\" data-settings=\"{&quot;background_background&quot;:&quot;classic&quot;}\">\n\t\t\t\t\t<div class=\"e-con-inner\">\n\t\t\t\t<div class=\"elementor-element elementor-element-1ed48516 elementor-widget elementor-widget-text-editor\" data-id=\"1ed48516\" data-element_type=\"widget\" data-e-type=\"widget\" data-widget_type=\"text-editor.default\">\n\t\t\t\t\t\t\t\t\t<h2><strong>\u0414\u041e\u0421\u0422\u0410\u0412\u041a\u0410 \u041c\u041e\u0416\u0415\u0422 \u0411\u042b\u0422\u042c \u041e\u0421\u0423\u0429\u0415\u0421\u0422\u0412\u041b\u0415\u041d\u0410 \u0421\u041b\u0415\u0414\u0423\u042e\u0429\u0418\u041c\u0418 \u0421\u041f\u041e\u0421\u041e\u0411\u0410\u041c\u0418:<\/strong><\/h2><p>\u00a0<\/p><h3><em><strong>1. \u0414\u041e\u0421\u0422\u0410\u0412\u041a\u0410 \u041d\u0410 \u0414\u041e\u041c \u041a\u0423\u0420\u042c\u0415\u0420\u041e\u041c TNT:<\/strong><\/em><\/h3><p>\u0412 \u0441\u043b\u0443\u0447\u0430\u0435 \u0431\u0430\u043d\u043a\u043e\u0432\u0441\u043a\u043e\u0433\u043e \u043f\u0435\u0440\u0435\u0432\u043e\u0434\u0430, \u043e\u043f\u043b\u0430\u0442\u044b \u043a\u0440\u0435\u0434\u0438\u0442\u043d\u043e\u0439 \u043a\u0430\u0440\u0442\u043e\u0439 \u0438\u043b\u0438 \u043d\u0430\u043b\u043e\u0436\u0435\u043d\u043d\u044b\u043c \u043f\u043b\u0430\u0442\u0435\u0436\u043e\u043c \u043a\u0443\u0440\u044c\u0435\u0440\u0441\u043a\u0430\u044f \u0441\u043b\u0443\u0436\u0431\u0430 TNT \u0434\u043e\u0441\u0442\u0430\u0432\u0438\u0442 \u043f\u043e\u0441\u044b\u043b\u043a\u0443 \u043f\u043e \u0430\u0434\u0440\u0435\u0441\u0443, \u0443\u043a\u0430\u0437\u0430\u043d\u043d\u043e\u043c\u0443 \u043f\u043e\u043a\u0443\u043f\u0430\u0442\u0435\u043b\u0435\u043c. \u041c\u044b \u043e\u0441\u0443\u0449\u0435\u0441\u0442\u0432\u043b\u044f\u0435\u043c \u0434\u043e\u0441\u0442\u0430\u0432\u043a\u0443 \u043d\u0430 \u0434\u043e\u043c \u0438\u043b\u0438 \u043d\u0430 \u0440\u0430\u0431\u043e\u0442\u0443 \u043f\u043e\u043a\u0443\u043f\u0430\u0442\u0435\u043b\u044f. \u041c\u044b \u0440\u0435\u043a\u043e\u043c\u0435\u043d\u0434\u0443\u0435\u043c \u0443\u043a\u0430\u0437\u044b\u0432\u0430\u0442\u044c \u0430\u0434\u0440\u0435\u0441 \u0434\u043e\u0441\u0442\u0430\u0432\u043a\u0438, \u0433\u0434\u0435 \u0432\u044b \u0434\u043e\u0441\u0442\u0443\u043f\u043d\u044b \u0432 \u0442\u0435\u0447\u0435\u043d\u0438\u0435 \u0434\u043d\u044f. \u041f\u0440\u0438 \u043e\u0444\u043e\u0440\u043c\u043b\u0435\u043d\u0438\u0438 \u0437\u0430\u043a\u0430\u0437\u0430 \u0443\u043a\u0430\u0436\u0438\u0442\u0435 \u0445\u043e\u0440\u043e\u0448\u0438\u0439 \u043d\u043e\u043c\u0435\u0440 \u0442\u0435\u043b\u0435\u0444\u043e\u043d\u0430, \u0447\u0442\u043e\u0431\u044b \u043c\u044b \u043c\u043e\u0433\u043b\u0438 \u0441\u0432\u044f\u0437\u0430\u0442\u044c\u0441\u044f \u0441 \u0432\u0430\u043c\u0438 \u0432 \u0441\u043b\u0443\u0447\u0430\u0435 \u0432\u043e\u0437\u043d\u0438\u043a\u043d\u043e\u0432\u0435\u043d\u0438\u044f \u043a\u0430\u043a\u0438\u0445-\u043b\u0438\u0431\u043e \u043f\u0440\u043e\u0431\u043b\u0435\u043c \u0432\u043e \u0432\u0440\u0435\u043c\u044f \u0434\u043e\u0441\u0442\u0430\u0432\u043a\u0438. \u041e\u0431\u0449\u0430\u044f \u0441\u0442\u043e\u0438\u043c\u043e\u0441\u0442\u044c \u0434\u043e\u0441\u0442\u0430\u0432\u043a\u0438 \u0441\u043e\u0441\u0442\u0430\u0432\u043b\u044f\u0435\u0442 2 000 \u0444\u043e\u0440\u0438\u043d\u0442\u043e\u0432 \u0438 \u0431\u0443\u0434\u0435\u0442 \u0434\u043e\u0431\u0430\u0432\u043b\u0435\u043d\u0430 \u043a \u043e\u0431\u0449\u0435\u0439 \u0441\u0443\u043c\u043c\u0435 \u0432\u0430\u0448\u0435\u0433\u043e \u0441\u0447\u0435\u0442\u0430. \u0421\u043a\u0438\u0434\u043a\u0430 \u043d\u0430 \u0434\u043e\u0441\u0442\u0430\u0432\u043a\u0443 \u0440\u0430\u0441\u043f\u0440\u043e\u0441\u0442\u0440\u0430\u043d\u044f\u0435\u0442\u0441\u044f \u0442\u043e\u043b\u044c\u043a\u043e \u043d\u0430 \u0442\u043e\u0432\u0430\u0440\u044b, \u043f\u0435\u0440\u0435\u0447\u0438\u0441\u043b\u0435\u043d\u043d\u044b\u0435 \u0432 \u0438\u043d\u0442\u0435\u0440\u043d\u0435\u0442-\u043c\u0430\u0433\u0430\u0437\u0438\u043d\u0435!<\/p><p>\u00a0<\/p><h3><em><strong>2. \u0414\u041e\u0421\u0422\u0410\u0412\u041a\u0410 \u041d\u0410 \u0414\u041e\u041c \u0418\u041b\u0418 \u0414\u041e\u0421\u0422\u0410\u0412\u041a\u0410 \u0412 \u041f\u0423\u041d\u041a\u0422 \u0421\u0411\u041e\u0420\u0410 \u041f\u041e\u0427\u0422\u041e\u0412\u041e\u0419 \u0421\u041b\u0423\u0416\u0411\u041e\u0419 \u0412\u0415\u041d\u0413\u0420\u0418\u0418<\/strong><\/em><\/h3><p>\u0414\u043e\u0441\u0442\u0430\u0432\u043a\u0430 \u0434\u043e \u043f\u043e\u0441\u044b\u043b\u043e\u0447\u043d\u043e\u0433\u043e \u0430\u0432\u0442\u043e\u043c\u0430\u0442\u0430, Posta Pont \u0438\u043b\u0438 \u043f\u043e\u0447\u0442\u043e\u0432\u043e\u0433\u043e \u043e\u0442\u0434\u0435\u043b\u0435\u043d\u0438\u044f: \u0431\u0440\u0443\u0442\u0442\u043e 990 \u0444\u0442\/\u0448\u0442.<\/p><p>\u0414\u043e\u0441\u0442\u0430\u0432\u043a\u0430 \u043d\u0430 \u0434\u043e\u043c \u0434\u043e 0-10 \u043a\u0433: \u0431\u0440\u0443\u0442\u0442\u043e 1990 \u0444\u0442\/\u0448\u0442<\/p><p>\u0414\u043b\u044f \u0434\u043e\u0441\u0442\u0430\u0432\u043a\u0438 \u043d\u0430 \u0434\u043e\u043c \u0434\u043e 10-20 \u043a\u0433 \u0431\u0440\u0443\u0442\u0442\u043e 2990 \u0444\u0442\/\u0448\u0442<\/p><p>\u0414\u043b\u044f \u0434\u043e\u0441\u0442\u0430\u0432\u043a\u0438 \u043d\u0430 \u0434\u043e\u043c \u0434\u043e 20-40 \u043a\u0433 \u0431\u0440\u0443\u0442\u0442\u043e 5990 \u0444\u0442 \/\u0448\u0442<\/p><p>\u00a0<\/p><h3><em><strong>3. \u041b\u0418\u0427\u041d\u042b\u0419 \u0421\u0411\u041e\u0420 \u0412 \u041d\u0410\u0428\u0415\u041c \u041e\u0424\u0418\u0421\u0415:<\/strong><\/em><\/h3><p><u>\u041c\u0435\u0441\u0442\u043e \u043b\u0438\u0447\u043d\u043e\u0433\u043e \u043f\u043e\u043b\u0443\u0447\u0435\u043d\u0438\u044f<\/u>:<\/p><p>\u041a\u043b\u0438\u043d\u0438\u043a\u0430 \"\u041a\u0430\u043b\u0435\u043d\u0434\u0443\u043b\u0430\" H-8600 \u0421\u0438\u043e\u0444\u043e\u043a, \u041a\u0435\u043d\u0434\u0435 \u0443. 2.<br \/><u>\u0422\u0435\u043b.<\/u>: +36 84 357-920<\/p><p>Calendula Bt. 1137 \u0411\u0443\u0434\u0430\u043f\u0435\u0448\u0442, Szent Istv\u00e1n k\u00f6r\u00fat 20. III. \u044d\u0442\u0430\u0436. 1<\/p><p><em><strong>\u0412 \u0441\u043b\u0443\u0447\u0430\u0435 \u043f\u0435\u0440\u0441\u043e\u043d\u0430\u043b\u044c\u043d\u043e\u0439 \u0434\u043e\u0441\u0442\u0430\u0432\u043a\u0438 \u043c\u044b \u043c\u043e\u0436\u0435\u043c \u0445\u0440\u0430\u043d\u0438\u0442\u044c \u0442\u043e\u0432\u0430\u0440\u044b \u0432 \u0442\u0435\u0447\u0435\u043d\u0438\u0435 10 \u0440\u0430\u0431\u043e\u0447\u0438\u0445 \u0434\u043d\u0435\u0439 \u043f\u043e\u0441\u043b\u0435 \u0443\u0432\u0435\u0434\u043e\u043c\u043b\u0435\u043d\u0438\u044f \u043a\u043b\u0438\u0435\u043d\u0442\u0430, \u043f\u043e\u0441\u043b\u0435 \u0447\u0435\u0433\u043e \u043c\u044b \u0443\u0434\u0430\u043b\u0438\u043c \u0437\u0430\u043a\u0430\u0437 \u0438\u0437 \u0441\u0438\u0441\u0442\u0435\u043c\u044b.<\/strong><\/em><\/p><div><em><strong>\u0422\u0440\u0430\u043d\u0441\u043f\u043e\u0440\u0442\u043d\u044b\u0435 \u0440\u0430\u0441\u0445\u043e\u0434\u044b \u0434\u043b\u044f \u0437\u0430\u0440\u0443\u0431\u0435\u0436\u043d\u044b\u0445 \u0441\u0442\u0440\u0430\u043d:<\/strong><\/em><\/div><p>7000 \u0444\u043e\u0440\u0438\u043d\u0442\u043e\u0432 (\u0444\u0442)\/\u043f\u0430\u043a\u0435\u0442, 18 \u0435\u0432\u0440\u043e\/\u043f\u0430\u043a\u0435\u0442<\/p><ul><li>\u0410\u0432\u0441\u0442\u0440\u0438\u044f<\/li><li>\u0420\u0443\u043c\u044b\u043d\u0438\u044f<\/li><li>\u0427\u0435\u0448\u0441\u043a\u0430\u044f \u0420\u0435\u0441\u043f\u0443\u0431\u043b\u0438\u043a\u0430<\/li><li>\u0421\u043b\u043e\u0432\u0430\u043a\u0438\u044f<\/li><li>\u041f\u043e\u043b\u044c\u0448\u0430<\/li><li>\u041b\u044e\u043a\u0441\u0435\u043c\u0431\u0443\u0440\u0433<\/li><li>\u0421\u0430\u043d-\u041c\u0430\u0440\u0438\u043d\u043e<\/li><li>\u041c\u043e\u043d\u0430\u043a\u043e<\/li><li>\u0413\u0435\u0440\u043c\u0430\u043d\u0438\u044f<\/li><li>\u0411\u0435\u043b\u044c\u0433\u0438\u044f<\/li><li>\u0411\u043e\u043b\u0433\u0430\u0440\u0438\u044f<\/li><li>\u0414\u0430\u043d\u0438\u044f<\/li><li>\u0412\u0435\u043b\u0438\u043a\u043e\u0431\u0440\u0438\u0442\u0430\u043d\u0438\u044f<\/li><li>\u0424\u0438\u043d\u043b\u044f\u043d\u0434\u0438\u044f<\/li><li>\u0424\u0440\u0430\u043d\u0446\u0438\u044f<\/li><li>\u0413\u0440\u0435\u0446\u0438\u044f<\/li><li>\u041d\u0438\u0434\u0435\u0440\u043b\u0430\u043d\u0434\u044b<\/li><li>\u0425\u043e\u0440\u0432\u0430\u0442\u0438\u044f<\/li><li>\u0418\u0440\u043b\u0430\u043d\u0434\u0438\u044f<\/li><li>\u0418\u0442\u0430\u043b\u0438\u044f<\/li><li>\u041f\u043e\u0440\u0442\u0443\u0433\u0430\u043b\u0438\u044f<\/li><li>\u0418\u0441\u043f\u0430\u043d\u0438\u044f<\/li><li>\u0428\u0432\u0435\u0446\u0438\u044f<\/li><li>\u0421\u043b\u043e\u0432\u0435\u043d\u0438\u044f<\/li><li>\u041a\u0438\u043f\u0440<\/li><li>\u042d\u0441\u0442\u043e\u043d\u0438\u044f<\/li><li>\u041b\u0430\u0442\u0432\u0438\u044f<\/li><li>\u041b\u0438\u0442\u0432\u0430<\/li><li>\u041c\u0430\u043b\u044c\u0442\u0430<\/li><\/ul><p>\u00a0<\/p><p><em><strong>\u0414\u043b\u044f \u043f\u043e\u043a\u0443\u043f\u043e\u043a \u0438\u0437 \u0432\u0441\u0435\u0445 \u0434\u0440\u0443\u0433\u0438\u0445 \u0441\u0442\u0440\u0430\u043d, \u043f\u043e\u0436\u0430\u043b\u0443\u0439\u0441\u0442\u0430, \u0441\u0432\u044f\u0436\u0438\u0442\u0435\u0441\u044c \u0441 \u043d\u0430\u043c\u0438 \u043f\u0435\u0440\u0435\u0434 \u043f\u043e\u043a\u0443\u043f\u043a\u043e\u0439, \u0447\u0442\u043e\u0431\u044b \u0443\u0437\u043d\u0430\u0442\u044c \u0441\u0442\u043e\u0438\u043c\u043e\u0441\u0442\u044c \u0434\u043e\u0441\u0442\u0430\u0432\u043a\u0438 \u043f\u043e \u0442\u0435\u043b\u0435\u0444\u043e\u043d\u0443 +36-84-357-920 \u0438\u043b\u0438 calendulapharma1@gmail.com.<\/strong><\/em><\/p><h3>\u00a0<\/h3><h3><em><strong>4. \u0414\u041e\u0421\u0422\u0410\u0412\u041a\u0410 \u0412 \u041f\u0423\u041d\u041a\u0422 \u0421\u0411\u041e\u0420\u0410<\/strong><\/em><\/h3><p>\u041f\u043e\u043b\u044c\u0437\u0443\u044f\u0441\u044c \u0443\u0441\u043b\u0443\u0433\u043e\u0439 Pick Pack Point, \u0432\u044b \u043d\u0435 \u0442\u043e\u043b\u044c\u043a\u043e \u044d\u043a\u043e\u043d\u043e\u043c\u0438\u0442\u0435 \u0432\u0440\u0435\u043c\u044f \u0438 \u0434\u0435\u043d\u044c\u0433\u0438, \u043d\u043e \u0438 \u0431\u0435\u0440\u0435\u0436\u0435\u0442\u0435 \u043e\u043a\u0440\u0443\u0436\u0430\u044e\u0449\u0443\u044e \u0441\u0440\u0435\u0434\u0443. \u0412\u044b\u0431\u0438\u0440\u0430\u0439\u0442\u0435 Pick Pack Point \u0438 \u043f\u043e\u043b\u044c\u0437\u0443\u0439\u0442\u0435\u0441\u044c \u043f\u0440\u0435\u0438\u043c\u0443\u0449\u0435\u0441\u0442\u0432\u0430\u043c\u0438 \u0441\u0435\u0440\u0432\u0438\u0441\u0430 \u043f\u0440\u0438 \u0441\u043e\u0432\u0435\u0440\u0448\u0435\u043d\u0438\u0438 \u043f\u043e\u043a\u0443\u043f\u043e\u043a \u0432 \u0418\u043d\u0442\u0435\u0440\u043d\u0435\u0442\u0435!<\/p><p><strong>\u041a\u043e\u0433\u0434\u0430 \u0432\u044b\u0431\u0438\u0440\u0430\u0442\u044c Pick Pack Point?<\/strong><\/p><ul><li>\u041d\u0435\u0432\u043e\u0437\u043c\u043e\u0436\u043d\u043e\u0441\u0442\u044c \u043d\u0430\u0445\u043e\u0434\u0438\u0442\u044c\u0441\u044f \u043f\u043e \u0430\u0434\u0440\u0435\u0441\u0443 \u0434\u043e\u0441\u0442\u0430\u0432\u043a\u0438 \u0432 \u0443\u043a\u0430\u0437\u0430\u043d\u043d\u044b\u0439 \u0434\u0435\u043d\u044c \u0438 \u0436\u0434\u0430\u0442\u044c \u043a\u0443\u0440\u044c\u0435\u0440\u0430<\/li><li>\u0412\u044b \u043d\u0435 \u043c\u043e\u0436\u0435\u0442\u0435 \u0437\u0430\u043a\u0430\u0437\u0430\u0442\u044c \u043f\u043e\u0441\u044b\u043b\u043a\u0443 \u043d\u0430 \u0441\u0432\u043e\u0435 \u0440\u0430\u0431\u043e\u0447\u0435\u0435 \u043c\u0435\u0441\u0442\u043e<\/li><li>\u041a\u0443\u0440\u044c\u0435\u0440\u0441\u043a\u0430\u044f \u0434\u043e\u0441\u0442\u0430\u0432\u043a\u0430 \u0441\u043b\u0438\u0448\u043a\u043e\u043c \u0434\u043e\u0440\u043e\u0433\u0430<\/li><li>\u0412\u044b \u0445\u043e\u0442\u0438\u0442\u0435 \u0441\u0430\u043c\u043e\u0441\u0442\u043e\u044f\u0442\u0435\u043b\u044c\u043d\u043e \u0440\u0430\u0441\u043f\u043e\u0440\u044f\u0436\u0430\u0442\u044c\u0441\u044f \u0441\u0432\u043e\u0438\u043c \u0441\u0432\u043e\u0431\u043e\u0434\u043d\u044b\u043c \u0432\u0440\u0435\u043c\u0435\u043d\u0435\u043c<\/li><\/ul><p>\u041d\u0430\u0439\u0434\u0438\u0442\u0435 \u043d\u0430\u0438\u0431\u043e\u043b\u0435\u0435 \u0443\u0434\u043e\u0431\u043d\u044b\u0439 \u0434\u043b\u044f \u0432\u0430\u0441 \u043f\u0443\u043d\u043a\u0442 \u0441\u0430\u043c\u043e\u0432\u044b\u0432\u043e\u0437\u0430 \u0437\u0434\u0435\u0441\u044c: <a href=\"https:\/\/www.pickpackpont.hu\/#map\" target=\"_blank\" rel=\"noopener\">https:\/\/www.pickpackpont.hu\/atveteli-pont<\/a><\/p><p><strong>\u0423\u0434\u043e\u0431\u043d\u044b\u0439 \u0441\u0431\u043e\u0440 \u043f\u043e\u0441\u044b\u043b\u043e\u043a<\/strong><\/p><ul><li>\u0421\u0434\u0435\u043b\u0430\u0439\u0442\u0435 \u0437\u0430\u043a\u0430\u0437 \u043e\u043d\u043b\u0430\u0439\u043d \u0438 \u0432\u044b\u0431\u0435\u0440\u0438\u0442\u0435 \u043f\u0440\u043e\u0434\u0443\u043a\u0442, \u043a\u043e\u0442\u043e\u0440\u044b\u0439 \u0432\u0430\u043c \u0431\u043e\u043b\u044c\u0448\u0435 \u0432\u0441\u0435\u0433\u043e \u043f\u043e\u0434\u0445\u043e\u0434\u0438\u0442<\/li><li>\u0418\u043d\u0442\u0435\u0440\u043d\u0435\u0442-\u043c\u0430\u0433\u0430\u0437\u0438\u043d \u043e\u0442\u043f\u0440\u0430\u0432\u043b\u044f\u0435\u0442 \u0432\u0430\u043c \u0441\u043e\u043e\u0431\u0449\u0435\u043d\u0438\u0435, \u043a\u043e\u0433\u0434\u0430 \u0434\u043e\u0441\u0442\u0430\u0432\u043b\u044f\u0435\u0442 \u043f\u043e\u0441\u044b\u043b\u043a\u0443 \u0432 \u043b\u043e\u0433\u0438\u0441\u0442\u0438\u0447\u0435\u0441\u043a\u0438\u0439 \u043f\u0443\u043d\u043a\u0442 Pick Pack Point.<\/li><li>\u0412\u044b \u043c\u043e\u0436\u0435\u0442\u0435 \u043e\u0442\u0441\u043b\u0435\u0434\u0438\u0442\u044c \u0441\u0432\u043e\u044e \u043f\u043e\u0441\u044b\u043b\u043a\u0443, \u0432\u0432\u0435\u0434\u044f \u0438\u0434\u0435\u043d\u0442\u0438\u0444\u0438\u043a\u0430\u0446\u0438\u043e\u043d\u043d\u044b\u0439 \u043a\u043e\u0434 \u0432 \u0441\u043e\u043e\u0431\u0449\u0435\u043d\u0438\u0438, \u043f\u043e\u043b\u0443\u0447\u0435\u043d\u043d\u043e\u043c \u043e\u0442 \u0438\u043d\u0442\u0435\u0440\u043d\u0435\u0442-\u043c\u0430\u0433\u0430\u0437\u0438\u043d\u0430 \u043f\u043e \u0430\u0434\u0440\u0435\u0441\u0443<\/li><li>https:\/\/www.pickpackpont.hu \u0441 \u043f\u043e\u043c\u043e\u0449\u044c\u044e \u043f\u0440\u043e\u0433\u0440\u0430\u043c\u043c\u044b \u043f\u043e\u0438\u0441\u043a\u0430 \u043f\u0430\u043a\u0435\u0442\u043e\u0432<\/li><\/ul><p>\u00a0<\/p><p><strong>\u041a\u043e\u0433\u0434\u0430 \u0432\u0430\u0448\u0430 \u043f\u043e\u0441\u044b\u043b\u043a\u0430 \u0431\u0443\u0434\u0435\u0442 \u0434\u043e\u0441\u0442\u0430\u0432\u043b\u0435\u043d\u0430 \u0432 \u0432\u044b\u0431\u0440\u0430\u043d\u043d\u044b\u0439 \u0432\u0430\u043c\u0438 \u043f\u0443\u043d\u043a\u0442 \u0432\u044b\u0434\u0430\u0447\u0438:<\/strong><\/p><ul><li>\u041c\u044b \u043e\u0442\u043f\u0440\u0430\u0432\u0438\u043c \u0432\u0430\u043c \u044d\u043b\u0435\u043a\u0442\u0440\u043e\u043d\u043d\u043e\u0435 \u0438\u043b\u0438 \u0434\u0430\u0436\u0435 \u0442\u0435\u043a\u0441\u0442\u043e\u0432\u043e\u0435 \u0441\u043e\u043e\u0431\u0449\u0435\u043d\u0438\u0435 \u043e \u0432\u0430\u0448\u0435\u043c \u043f\u0440\u0438\u0431\u044b\u0442\u0438\u0438 \u0432 \u043f\u0443\u043d\u043a\u0442<\/li><li>\u041f\u043e\u0441\u044b\u043b\u043a\u0430 \u043c\u043e\u0436\u0435\u0442 \u0431\u044b\u0442\u044c \u043f\u043e\u043b\u0443\u0447\u0435\u043d\u0430 \u0432 \u041f\u0443\u043d\u043a\u0442\u0435 \u0447\u0435\u0440\u0435\u0437 5+5 \u0434\u043d\u0435\u0439 \u043f\u043e\u0441\u043b\u0435 \u0443\u0432\u0435\u0434\u043e\u043c\u043b\u0435\u043d\u0438\u044f (\u043f\u043e \u0436\u0435\u043b\u0430\u043d\u0438\u044e \u041a\u043b\u0438\u0435\u043d\u0442\u0430).<\/li><li>\u0412\u044b \u043c\u043e\u0436\u0435\u0442\u0435 \u0437\u0430\u0431\u0440\u0430\u0442\u044c \u0441\u0432\u043e\u044e \u043f\u043e\u0441\u044b\u043b\u043a\u0443 \u043a\u0440\u0443\u0433\u043b\u043e\u0441\u0443\u0442\u043e\u0447\u043d\u043e, \u0438 \u0432 \u0431\u043e\u043b\u044c\u0448\u0438\u043d\u0441\u0442\u0432\u0435 \u043c\u0435\u0441\u0442 \u043c\u044b \u043f\u0440\u0438\u043d\u0438\u043c\u0430\u0435\u043c \u043a\u0440\u0435\u0434\u0438\u0442\u043d\u044b\u0435 \u043a\u0430\u0440\u0442\u044b.<\/li><\/ul><p>\u0415\u0441\u043b\u0438 \u0443 \u0432\u0430\u0441 \u0432\u043e\u0437\u043d\u0438\u043a\u043b\u0438 \u043f\u0440\u043e\u0431\u043b\u0435\u043c\u044b \u0441 \u043f\u043e\u043b\u0443\u0447\u0435\u043d\u043d\u043e\u0439 \u043f\u043e\u0441\u044b\u043b\u043a\u043e\u0439, \u043a \u0432\u0430\u0448\u0438\u043c \u0443\u0441\u043b\u0443\u0433\u0430\u043c \u043d\u0430\u0448 \u043f\u0435\u0440\u0441\u043e\u043d\u0430\u043b \u0438 \u0442\u0435\u043b\u0435\u0444\u043e\u043d\u043d\u0430\u044f \u0441\u043b\u0443\u0436\u0431\u0430 \u043f\u043e\u0434\u0434\u0435\u0440\u0436\u043a\u0438 \u043a\u043b\u0438\u0435\u043d\u0442\u043e\u0432.<br \/>\u041e\u0431\u0440\u0430\u0442\u0438\u0442\u0435\u0441\u044c \u0432 \u0441\u043b\u0443\u0436\u0431\u0443 \u043f\u043e\u0434\u0434\u0435\u0440\u0436\u043a\u0438 \u043a\u043b\u0438\u0435\u043d\u0442\u043e\u0432: 06 1 881 2615<br \/>E-mail: pickpackpont@sprinter.hu<\/p><p><strong>\u0412\u044b\u043f\u043b\u0430\u0442\u044b \u0437\u0430 \u0441\u0432\u043e\u0435\u0432\u0440\u0435\u043c\u0435\u043d\u043d\u0443\u044e \u0434\u043e\u0441\u0442\u0430\u0432\u043a\u0443 Pick Pack:\u00a0<\/strong><\/p><ul><li>0 - 15 000 \u0444\u0443\u0442\u043e\u0432 \u0434\u043b\u044f \u0437\u0430\u043a\u0430\u0437\u043e\u0432 1 099 \u0444\u0443\u0442\u043e\u0432<\/li><li>\u0421\u0432\u044b\u0448\u0435 40 000 \u0444\u043e\u0440\u0438\u043d\u0442\u043e\u0432 \u0431\u0435\u0441\u043f\u043b\u0430\u0442\u043d\u043e<\/li><\/ul><p>\u00a0<\/p><p><strong>\u0414\u043e\u0441\u0442\u0430\u0432\u043a\u0430 \u043f\u043e\u0441\u044b\u043b\u043e\u043a<\/strong><\/p><p>\u0427\u0442\u043e\u0431\u044b \u043e\u0431\u0435\u0441\u043f\u0435\u0447\u0438\u0442\u044c \u043c\u0430\u043a\u0441\u0438\u043c\u0430\u043b\u044c\u043d\u043e \u0431\u044b\u0441\u0442\u0440\u0443\u044e \u043f\u0435\u0440\u0441\u043e\u043d\u0430\u043b\u044c\u043d\u0443\u044e \u0434\u043e\u0441\u0442\u0430\u0432\u043a\u0443, \u0440\u0430\u0441\u043f\u0435\u0447\u0430\u0442\u0430\u0439\u0442\u0435 \u0430\u0432\u0442\u043e\u043c\u0430\u0442\u0438\u0447\u0435\u0441\u043a\u043e\u0435 \u043f\u043e\u0434\u0442\u0432\u0435\u0440\u0436\u0434\u0435\u043d\u0438\u0435 \u043f\u043e \u044d\u043b\u0435\u043a\u0442\u0440\u043e\u043d\u043d\u043e\u0439 \u043f\u043e\u0447\u0442\u0435 \u0438\u043b\u0438 \u0437\u0430\u043f\u0438\u0448\u0438\u0442\u0435 \u0438\u0434\u0435\u043d\u0442\u0438\u0444\u0438\u043a\u0430\u0446\u0438\u043e\u043d\u043d\u044b\u0439 \u043d\u043e\u043c\u0435\u0440 \u0437\u0430\u043a\u0430\u0437\u0430.<br \/>\u0422\u043e\u0432\u0430\u0440\u044b, \u0437\u0430\u043a\u0430\u0437\u0430\u043d\u043d\u044b\u0435 \u0434\u043e 12 \u0447\u0430\u0441\u043e\u0432 \u0434\u043d\u044f \u0440\u0430\u0431\u043e\u0447\u0435\u0433\u043e \u0434\u043d\u044f, \u043c\u043e\u0436\u043d\u043e \u0437\u0430\u0431\u0440\u0430\u0442\u044c \u0432 \u0432\u044b\u0431\u0440\u0430\u043d\u043d\u043e\u043c \u0432\u0430\u043c\u0438 \u043f\u0443\u043d\u043a\u0442\u0435 \u0432\u044b\u0434\u0430\u0447\u0438 \u0432 \u0442\u0435\u0447\u0435\u043d\u0438\u0435 1-3 \u0440\u0430\u0431\u043e\u0447\u0438\u0445 \u0434\u043d\u0435\u0439 \u0432 \u0411\u0443\u0434\u0430\u043f\u0435\u0448\u0442\u0435 \u0438 \u0432 \u0442\u0435\u0447\u0435\u043d\u0438\u0435 2-4 \u0440\u0430\u0431\u043e\u0447\u0438\u0445 \u0434\u043d\u0435\u0439 \u043f\u0440\u0438 \u0434\u043e\u0441\u0442\u0430\u0432\u043a\u0435 \u0437\u0430 \u043f\u0440\u0435\u0434\u0435\u043b\u044b \u0411\u0443\u0434\u0430\u043f\u0435\u0448\u0442\u0430.<br \/>\u0414\u043b\u044f \u0432\u0430\u0448\u0435\u0439 \u0431\u0435\u0437\u043e\u043f\u0430\u0441\u043d\u043e\u0441\u0442\u0438 \u0432\u043e \u0432\u0440\u0435\u043c\u044f \u0441\u0431\u043e\u0440\u0430 \u0432\u0430\u0441 \u043f\u043e\u043f\u0440\u043e\u0441\u044f\u0442 \u043f\u0440\u0435\u0434\u044a\u044f\u0432\u0438\u0442\u044c \u0443\u0434\u043e\u0441\u0442\u043e\u0432\u0435\u0440\u0435\u043d\u0438\u0435 \u043b\u0438\u0447\u043d\u043e\u0441\u0442\u0438.<br \/>\u0415\u0441\u043b\u0438 \u043b\u0438\u0446\u043e, \u043f\u043e\u043b\u0443\u0447\u0430\u044e\u0449\u0435\u0435 \u043f\u043e\u0441\u044b\u043b\u043a\u0443, \u043d\u0435 \u044f\u0432\u043b\u044f\u0435\u0442\u0441\u044f \u043b\u0438\u0446\u043e\u043c, \u0443\u043a\u0430\u0437\u0430\u043d\u043d\u044b\u043c \u0432 \u043f\u043e\u0441\u044b\u043b\u043a\u0435, \u0442\u0430\u043a\u0436\u0435 \u0442\u0440\u0435\u0431\u0443\u0435\u0442\u0441\u044f \u0434\u043e\u0432\u0435\u0440\u0435\u043d\u043d\u043e\u0441\u0442\u044c, \u043f\u043e\u0434\u043f\u0438\u0441\u0430\u043d\u043d\u0430\u044f \u0434\u0432\u0443\u043c\u044f \u0441\u0432\u0438\u0434\u0435\u0442\u0435\u043b\u044f\u043c\u0438.<br \/>\u0424\u0430\u043c\u0438\u043b\u0438\u044f, \u0438\u043d\u0438\u0446\u0438\u0430\u043b\u044b \u0438 \u043d\u043e\u043c\u0435\u0440 \u043e\u0444\u0438\u0446\u0438\u0430\u043b\u044c\u043d\u043e\u0433\u043e \u0443\u0434\u043e\u0441\u0442\u043e\u0432\u0435\u0440\u0435\u043d\u0438\u044f \u043b\u0438\u0447\u043d\u043e\u0441\u0442\u0438, \u0430 \u0442\u0430\u043a\u0436\u0435, \u0435\u0441\u043b\u0438 \u043f\u043e\u0441\u044b\u043b\u043a\u0430 \u043f\u0440\u0438\u043d\u0438\u043c\u0430\u0435\u0442\u0441\u044f \u043f\u043e\u043b\u0443\u0447\u0430\u0442\u0435\u043b\u0435\u043c, \u0441\u0441\u044b\u043b\u043a\u0430 \u201e\u041f\u043e\u043b\u0443\u0447\u0430\u0442\u0435\u043b\u044c\u201d, \u0435\u0441\u043b\u0438 \u043f\u043e\u0441\u044b\u043b\u043a\u0430 \u043d\u0435 \u043f\u0440\u0438\u043d\u0438\u043c\u0430\u0435\u0442\u0441\u044f \u043f\u043e\u043b\u0443\u0447\u0430\u0442\u0435\u043b\u0435\u043c, \u0441\u0441\u044b\u043b\u043a\u0430 \u201e\u0417\u0430\u043c\u0435\u0449\u0430\u044e\u0449\u0438\u0439 \u043f\u043e\u043b\u0443\u0447\u0430\u0442\u0435\u043b\u044c\u201d \u0434\u043e\u043b\u0436\u043d\u044b \u0431\u044b\u0442\u044c \u0443\u043a\u0430\u0437\u0430\u043d\u044b \u0442\u043e\u043b\u044c\u043a\u043e \u043d\u0430 \u043a\u043e\u043f\u0438\u0438, \u043e\u0441\u0442\u0430\u044e\u0449\u0435\u0439\u0441\u044f \u0443 \u043e\u0442\u043f\u0440\u0430\u0432\u0438\u0442\u0435\u043b\u044f. \u0414\u0435\u043f\u043e\u043d\u0438\u0440\u043e\u0432\u0430\u043d\u0438\u0435 \u043a\u0432\u0438\u0442\u0430\u043d\u0446\u0438\u0438 \u0438 \u0445\u0440\u0430\u043d\u0435\u043d\u0438\u0435 \u0434\u043e\u0432\u0435\u0440\u0435\u043d\u043d\u043e\u0441\u0442\u0438 \u043e\u0441\u0443\u0449\u0435\u0441\u0442\u0432\u043b\u044f\u0435\u0442\u0441\u044f \u0432 \u0441\u043e\u043e\u0442\u0432\u0435\u0442\u0441\u0442\u0432\u0438\u0438 \u0441 \u0434\u0435\u0439\u0441\u0442\u0432\u0443\u044e\u0449\u0438\u043c\u0438 \u043f\u0440\u0430\u0432\u0438\u043b\u0430\u043c\u0438. \u0414\u043e\u0432\u0435\u0440\u0435\u043d\u043d\u043e\u0441\u0442\u044c \u0434\u043e\u043b\u0436\u043d\u0430 \u0445\u0440\u0430\u043d\u0438\u0442\u044c\u0441\u044f \u0443 \u043f\u0435\u0440\u0435\u0434\u0430\u044e\u0449\u0435\u0439 \u0441\u0442\u043e\u0440\u043e\u043d\u044b \u0432\u043c\u0435\u0441\u0442\u0435 \u0441 \u043f\u0435\u0440\u0435\u0434\u0430\u0442\u043e\u0447\u043d\u044b\u043c \u0430\u043a\u0442\u043e\u043c.<\/p><h2>\u00a0<\/h2><h2><strong>\u0421\u041f\u041e\u0421\u041e\u0411\u042b \u041e\u041f\u041b\u0410\u0422\u042b:<\/strong><\/h2><ul><li>\u041d\u0430\u043b\u043e\u0436\u0435\u043d\u043d\u044b\u0439 \u043f\u043b\u0430\u0442\u0435\u0436<\/li><li>\u041f\u043e \u043f\u0440\u0435\u0434\u043e\u043f\u043b\u0430\u0442\u0435<\/li><li>\u041f\u043e\u0441\u0442\u043e\u043f\u043b\u0430\u0442\u0430, \u0432\u043d\u0443\u0442\u0440\u0438 \u0441\u0442\u0440\u0430\u043d\u044b (\u0442\u043e\u043b\u044c\u043a\u043e \u0412\u0435\u043d\u0433\u0440\u0438\u044f)<\/li><li>\u041e\u043d\u043b\u0430\u0439\u043d-\u043e\u043f\u043b\u0430\u0442\u0430 \u043a\u0440\u0435\u0434\u0438\u0442\u043d\u043e\u0439 \u043a\u0430\u0440\u0442\u043e\u0439<\/li><\/ul>\t\t\t\t\t\t\t\t<\/div>\n\t\t\t\t\t<\/div>\n\t\t\t\t<\/div>\n\t\t\t\t<\/div>","protected":false},"excerpt":{"rendered":"<p>A SZ\u00c1LL\u00cdT\u00c1S AZ AL\u00c1BBI M\u00d3DOKON T\u00d6RT\u00c9NHET: \u00a0 1. H\u00c1ZHOZSZ\u00c1LL\u00cdT\u00c1S TNT FUT\u00c1RSZOLG\u00c1LATTAL: \u00c1tutal\u00e1s, bankk\u00e1rty\u00e1s fizet\u00e9s \u00e9s ut\u00e1nv\u00e9tes fizet\u00e9s eset\u00e9n a TNT fut\u00e1rszolg\u00e1lat k\u00e9zbes\u00edti a csomagot a vev\u0151 \u00e1ltal megadott c\u00edmre. A vev\u0151 otthon\u00e1ba, vagy munkahely\u00e9re sz\u00e1ll\u00edtunk. Javasoljuk, hogy olyan sz\u00e1ll\u00edt\u00e1si c\u00edmet adjon meg, ahol \u00d6n napk\u00f6zben is el\u00e9rhet\u0151. K\u00e9rj\u00fck, a megrendel\u00e9s sor\u00e1n j\u00f3 telefonsz\u00e1mot adjon meg, [&hellip;]<\/p>\n","protected":false},"author":8,"featured_media":0,"parent":0,"menu_order":0,"comment_status":"closed","ping_status":"closed","template":"","meta":{"_acf_changed":false,"_monsterinsights_skip_tracking":false,"_monsterinsights_sitenote_active":false,"_monsterinsights_sitenote_note":"","_monsterinsights_sitenote_category":0,"footnotes":""},"class_list":["post-6794","page","type-page","status-publish","hentry"],"acf":[],"_links":{"self":[{"href":"https:\/\/calendulapharma.com\/ru\/wp-json\/wp\/v2\/pages\/6794","targetHints":{"allow":["GET"]}}],"collection":[{"href":"https:\/\/calendulapharma.com\/ru\/wp-json\/wp\/v2\/pages"}],"about":[{"href":"https:\/\/calendulapharma.com\/ru\/wp-json\/wp\/v2\/types\/page"}],"author":[{"embeddable":true,"href":"https:\/\/calendulapharma.com\/ru\/wp-json\/wp\/v2\/users\/8"}],"replies":[{"embeddable":true,"href":"https:\/\/calendulapharma.com\/ru\/wp-json\/wp\/v2\/comments?post=6794"}],"version-history":[{"count":24,"href":"https:\/\/calendulapharma.com\/ru\/wp-json\/wp\/v2\/pages\/6794\/revisions"}],"predecessor-version":[{"id":25158,"href":"https:\/\/calendulapharma.com\/ru\/wp-json\/wp\/v2\/pages\/6794\/revisions\/25158"}],"wp:attachment":[{"href":"https:\/\/calendulapharma.com\/ru\/wp-json\/wp\/v2\/media?parent=6794"}],"curies":[{"name":"wp","href":"https:\/\/api.w.org\/{rel}","templated":true}]}}