{"id":25373,"date":"2026-02-13T20:27:45","date_gmt":"2026-02-13T19:27:45","guid":{"rendered":"https:\/\/calendulapharma.com\/?post_type=product&#038;p=25373"},"modified":"2026-02-15T11:48:19","modified_gmt":"2026-02-15T10:48:19","slug":"zeenritual-napi-rutin-csomag","status":"publish","type":"product","link":"https:\/\/calendulapharma.com\/ru\/product\/zeenritual-napi-rutin-csomag\/","title":{"rendered":"\u041f\u0430\u043a\u0435\u0442 \u0434\u043b\u044f \u0435\u0436\u0435\u0434\u043d\u0435\u0432\u043d\u043e\u0439 \u0440\u0443\u0442\u0438\u043d\u044b ZeenRitual"},"content":{"rendered":"<p>&nbsp;<\/p>\n<p>&nbsp;<\/p>","protected":false},"excerpt":{"rendered":"<div>\n<p>A modern \u00e9let temp\u00f3ja, az \u00e1lland\u00f3 megfelel\u00e9si k\u00e9nyszer \u00e9s a folyamatos k\u00e9szenl\u00e9t sokak sz\u00e1m\u00e1ra teszi megterhel\u0151v\u00e9 a mindennapokat. A tart\u00f3s stressz, a bels\u0151 fesz\u00fclts\u00e9g, az ingerl\u00e9kenys\u00e9g \u00e9s a nyugtalans\u00e1g hossz\u00fa t\u00e1von nemcsak a k\u00f6z\u00e9rzetet, hanem a testi eg\u00e9szs\u00e9get is befoly\u00e1solhatja.<\/p>\n<p>A ZeenRitual napi rutin csomag azok sz\u00e1m\u00e1ra k\u00e9sz\u00fclt, akik szeretn\u00e9k visszanyerni bels\u0151 egyens\u00falyukat, \u00e9s a rohan\u00f3 h\u00e9tk\u00f6znapok k\u00f6zepette is tudatosan figyelni testi-lelki harm\u00f3ni\u00e1jukra.<\/p>\n<p>A csomag k\u00f6zponti eleme a Life Balance kapszula, amely term\u00e9szetes t\u00e1mogat\u00e1st ny\u00fajt az idegrendszer kiegyens\u00falyozott m\u0171k\u00f6d\u00e9s\u00e9hez. Seg\u00edts\u00e9get jelent mindazoknak, akik szeretn\u00e9k fenntartani vagy helyre\u00e1ll\u00edtani szervezet\u00fck egyens\u00faly\u00e1t, bels\u0151 stabilit\u00e1sukat. A gondosan \u00f6ssze\u00e1ll\u00edtott formula hozz\u00e1j\u00e1rul a testi \u00e9s lelki frissess\u00e9ghez.<\/p>\n<p>A napi rutin szerves r\u00e9sze a Nyugtat\u00f3 teakever\u00e9k, amely a term\u00e9szet erej\u00e9vel seg\u00edti a lelki ellazul\u00e1st. Meleg, megnyugtat\u00f3 italk\u00e9nt nemcsak a testet laz\u00edtja el, hanem egy tudatos, lelassul\u00f3 pillanatot is teremt a nap sor\u00e1n \u2013 legyen sz\u00f3 reggeli r\u00e1hangol\u00f3d\u00e1sr\u00f3l vagy esti elcsendesed\u00e9sr\u0151l. A rendszeres fogyaszt\u00e1s t\u00e1mogatja a bels\u0151 b\u00e9ke meg\u0151rz\u00e9s\u00e9t \u00e9s a stresszel szembeni ellen\u00e1ll\u00f3k\u00e9pess\u00e9g er\u0151s\u00edt\u00e9s\u00e9t.<\/p>\n<p>A ZeenRitual napi rutin csomag nem csup\u00e1n term\u00e9kek \u00f6sszess\u00e9ge, hanem egy tudatos \u00e9letm\u00f3d alapja: egy megh\u00edv\u00e1s arra, hogy minden nap sz\u00e1njunk id\u0151t \u00f6nmagunkra, idegrendszer\u00fcnk regener\u00e1l\u00e1s\u00e1ra \u00e9s a bels\u0151 harm\u00f3nia \u00e1pol\u00e1s\u00e1ra.<\/p>\n<p>Engedje, hogy a term\u00e9szetes t\u00e1mogat\u00e1s seg\u00edts\u00e9g\u00e9vel a nyugalom \u00e9s az egyens\u00faly a mindennapjai r\u00e9sz\u00e9v\u00e9 v\u00e1ljon.<\/p>\n<\/div>","protected":false},"featured_media":25374,"comment_status":"open","ping_status":"closed","template":"","meta":{"_acf_changed":false,"_monsterinsights_skip_tracking":false,"_monsterinsights_sitenote_active":false,"_monsterinsights_sitenote_note":"","_monsterinsights_sitenote_category":0},"product_brand":[],"product_cat":[709,189,1999,219],"product_tag":[],"class_list":{"0":"post-25373","1":"product","2":"type-product","3":"status-publish","4":"has-post-thumbnail","6":"product_cat-akcios-termekek","7":"product_cat-minden-termek","8":"product_cat-napi-rutin-csomagok","9":"product_cat-termekcsomagok","11":"first","12":"instock","13":"sale","14":"shipping-taxable","15":"purchasable","16":"product-type-simple"},"acf":[],"_links":{"self":[{"href":"https:\/\/calendulapharma.com\/ru\/wp-json\/wp\/v2\/product\/25373","targetHints":{"allow":["GET"]}}],"collection":[{"href":"https:\/\/calendulapharma.com\/ru\/wp-json\/wp\/v2\/product"}],"about":[{"href":"https:\/\/calendulapharma.com\/ru\/wp-json\/wp\/v2\/types\/product"}],"replies":[{"embeddable":true,"href":"https:\/\/calendulapharma.com\/ru\/wp-json\/wp\/v2\/comments?post=25373"}],"version-history":[{"count":4,"href":"https:\/\/calendulapharma.com\/ru\/wp-json\/wp\/v2\/product\/25373\/revisions"}],"predecessor-version":[{"id":25434,"href":"https:\/\/calendulapharma.com\/ru\/wp-json\/wp\/v2\/product\/25373\/revisions\/25434"}],"wp:featuredmedia":[{"embeddable":true,"href":"https:\/\/calendulapharma.com\/ru\/wp-json\/wp\/v2\/media\/25374"}],"wp:attachment":[{"href":"https:\/\/calendulapharma.com\/ru\/wp-json\/wp\/v2\/media?parent=25373"}],"wp:term":[{"taxonomy":"product_brand","embeddable":true,"href":"https:\/\/calendulapharma.com\/ru\/wp-json\/wp\/v2\/product_brand?post=25373"},{"taxonomy":"product_cat","embeddable":true,"href":"https:\/\/calendulapharma.com\/ru\/wp-json\/wp\/v2\/product_cat?post=25373"},{"taxonomy":"product_tag","embeddable":true,"href":"https:\/\/calendulapharma.com\/ru\/wp-json\/wp\/v2\/product_tag?post=25373"}],"curies":[{"name":"wp","href":"https:\/\/api.w.org\/{rel}","templated":true}]}}