{"id":25377,"date":"2026-02-13T21:06:59","date_gmt":"2026-02-13T20:06:59","guid":{"rendered":"https:\/\/calendulapharma.com\/?post_type=product&#038;p=25377"},"modified":"2026-02-15T11:25:54","modified_gmt":"2026-02-15T10:25:54","slug":"anti-aging-pro-csomag","status":"publish","type":"product","link":"https:\/\/calendulapharma.com\/ru\/product\/anti-aging-pro-csomag\/","title":{"rendered":"\u0410\u043d\u0442\u0438\u0432\u043e\u0437\u0440\u0430\u0441\u0442\u043d\u043e\u0439 PRO-\u043f\u0430\u043a\u0435\u0442"},"content":{"rendered":"<p>&nbsp;<\/p>\n<p>&nbsp;<\/p>","protected":false},"excerpt":{"rendered":"<p>A fiatals\u00e1g meg\u0151rz\u00e9se bel\u00fclr\u0151l indul. A k\u00fcls\u0151 sz\u00e9ps\u00e9g \u00f6nmag\u00e1ban nem elegend\u0151, ha k\u00f6zben szervezet\u00fcnk csendben vesz\u00edt vitalit\u00e1s\u00e1b\u00f3l. Az id\u0151 m\u00fal\u00e1s\u00e1t nem meg\u00e1ll\u00edtani, hanem tudatosan \u00e9s term\u00e9szetes m\u00f3don lass\u00edtani \u00e9rdemes \u2013 a sejtek szintj\u00e9n t\u00e1mogatva test\u00fcnk meg\u00fajul\u00f3 k\u00e9pess\u00e9g\u00e9t.<\/p>\n<p>Anti-aging csomagunk \u00e1tfog\u00f3, term\u00e9szetes t\u00e1mogat\u00e1st ny\u00fajt a szervezet regener\u00e1l\u00e1s\u00e1hoz \u00e9s a vitalit\u00e1s meg\u0151rz\u00e9s\u00e9hez.<\/p>\n<p>Cell Tonicum kapszul\u00e1nk gondosan v\u00e1logatott gy\u00f3gyn\u00f6v\u00e9nyeket tartalmaz \u2013 t\u00f6bbek k\u00f6z\u00f6tt jap\u00e1n somot, yam gy\u00f6keret \u00e9s b\u00e1rsonyagancs-kivonatot. Ezek az \u00e9rt\u00e9kes \u00f6sszetev\u0151k hozz\u00e1j\u00e1rulnak a testi \u00e9s lelki er\u0151nl\u00e9t fenntart\u00e1s\u00e1hoz, t\u00e1mogatj\u00e1k a sejtek \u00e9s sz\u00f6vetek meg\u00fajul\u00e1s\u00e1t, valamint seg\u00edtik az \u00e9letenergia \u00e9s a szervezet term\u00e9szetes egyens\u00faly\u00e1nak meg\u0151rz\u00e9s\u00e9t.<\/p>\n<p>Punarnavadi kapszul\u00e1nk az amla gy\u00fcm\u00f6lcs, a mezei kat\u00e1ng \u00e9s a bor\u00f3kabogy\u00f3 mellett tartalmazza a tradicion\u00e1lis ayurv\u00e9dikus gy\u00f3gy\u00e1szat egyik kiemelked\u0151 n\u00f6v\u00e9ny\u00e9t, a punarnav\u00e1t. Ez az er\u0151teljes fiatal\u00edt\u00f3 \u00e9s m\u00e9regtelen\u00edt\u0151 gy\u00f3gyn\u00f6v\u00e9ny els\u0151sorban a ves\u00e9k eg\u00e9szs\u00e9g\u00e9nek t\u00e1mogat\u00e1s\u00e1r\u00f3l ismert, seg\u00edti a megfelel\u0151 vizelet\u00e1raml\u00e1st \u00e9s hozz\u00e1j\u00e1rul a szervezet v\u00edzh\u00e1ztart\u00e1s\u00e1nak szab\u00e1lyoz\u00e1s\u00e1hoz. Kapszul\u00e1nk t\u00e1mogatja a szervezet teljes k\u00f6r\u0171 meg\u00fajul\u00e1s\u00e1t, el\u0151seg\u00edti a m\u00e1j tisztul\u00e1s\u00e1t, a v\u00e9r term\u00e9szetes tiszt\u00edt\u00e1s\u00e1t, valamint a ves\u00e9k \u00e9s a h\u00fagyutak harmonikus m\u0171k\u00f6d\u00e9s\u00e9t.<\/p>\n<p>Detox teakever\u00e9k\u00fcnk v\u00e9rtiszt\u00edt\u00f3 \u00e9s energetiz\u00e1l\u00f3 hat\u00e1s\u00fa, m\u00edg Em\u00e9szt\u00e9s teakever\u00e9k\u00fcnk serkenti az em\u00e9szt\u0151enzimek kiv\u00e1laszt\u00e1s\u00e1t. A megfelel\u0151 em\u00e9szt\u00e9s a szervezet kiegyens\u00falyozott m\u0171k\u00f6d\u00e9s\u00e9nek alapja, \u00edgy elengedhetetlen az \u00e1ltal\u00e1nos j\u00f3 k\u00f6z\u00e9rzet \u00e9s vitalit\u00e1s fenntart\u00e1s\u00e1hoz.<\/p>\n<p>Engedje, hogy a term\u00e9szet ereje bel\u00fclr\u0151l t\u00e1mogassa fiataloss\u00e1g\u00e1t \u2013 harmonikusan, tudatosan, hossz\u00fa t\u00e1von.<\/p>","protected":false},"featured_media":25378,"comment_status":"open","ping_status":"closed","template":"","meta":{"_acf_changed":false,"_monsterinsights_skip_tracking":false,"_monsterinsights_sitenote_active":false,"_monsterinsights_sitenote_note":"","_monsterinsights_sitenote_category":0},"product_brand":[],"product_cat":[709,189,219],"product_tag":[],"class_list":{"0":"post-25377","1":"product","2":"type-product","3":"status-publish","4":"has-post-thumbnail","6":"product_cat-akcios-termekek","7":"product_cat-minden-termek","8":"product_cat-termekcsomagok","10":"first","11":"instock","12":"sale","13":"shipping-taxable","14":"purchasable","15":"product-type-simple"},"acf":[],"_links":{"self":[{"href":"https:\/\/calendulapharma.com\/ru\/wp-json\/wp\/v2\/product\/25377","targetHints":{"allow":["GET"]}}],"collection":[{"href":"https:\/\/calendulapharma.com\/ru\/wp-json\/wp\/v2\/product"}],"about":[{"href":"https:\/\/calendulapharma.com\/ru\/wp-json\/wp\/v2\/types\/product"}],"replies":[{"embeddable":true,"href":"https:\/\/calendulapharma.com\/ru\/wp-json\/wp\/v2\/comments?post=25377"}],"version-history":[{"count":3,"href":"https:\/\/calendulapharma.com\/ru\/wp-json\/wp\/v2\/product\/25377\/revisions"}],"predecessor-version":[{"id":25429,"href":"https:\/\/calendulapharma.com\/ru\/wp-json\/wp\/v2\/product\/25377\/revisions\/25429"}],"wp:featuredmedia":[{"embeddable":true,"href":"https:\/\/calendulapharma.com\/ru\/wp-json\/wp\/v2\/media\/25378"}],"wp:attachment":[{"href":"https:\/\/calendulapharma.com\/ru\/wp-json\/wp\/v2\/media?parent=25377"}],"wp:term":[{"taxonomy":"product_brand","embeddable":true,"href":"https:\/\/calendulapharma.com\/ru\/wp-json\/wp\/v2\/product_brand?post=25377"},{"taxonomy":"product_cat","embeddable":true,"href":"https:\/\/calendulapharma.com\/ru\/wp-json\/wp\/v2\/product_cat?post=25377"},{"taxonomy":"product_tag","embeddable":true,"href":"https:\/\/calendulapharma.com\/ru\/wp-json\/wp\/v2\/product_tag?post=25377"}],"curies":[{"name":"wp","href":"https:\/\/api.w.org\/{rel}","templated":true}]}}