{"id":3944,"date":"2022-07-18T14:56:52","date_gmt":"2022-07-18T12:56:52","guid":{"rendered":"https:\/\/calendulapharma.com\/product\/braintoniq-a-memoria-koncentracio-javitasara-2\/"},"modified":"2026-02-13T15:55:17","modified_gmt":"2026-02-13T14:55:17","slug":"braintoniq-a-memoria-koncentracio-javitasara","status":"publish","type":"product","link":"https:\/\/calendulapharma.com\/ru\/product\/braintoniq-a-memoria-koncentracio-javitasara\/","title":{"rendered":"\u041a\u0430\u043f\u0441\u0443\u043b\u044b Braintoniq"},"content":{"rendered":"<p><strong>OGYEI nyilv\u00e1ntart\u00e1si sz\u00e1m 14628\/2014<\/strong><\/p>\n<p>\u00d6sszetev\u0151k: Centella asiatica vagy gotu kola (Hydrocotyle asiatica), Bacopa<br \/>\nmonnieri (kislevel\u0171 bakopa), Galagonya k\u00f6z\u00f6ns\u00e9ges vagy sim\u00edtott (Crataegus<br \/>\nlaevigata), Ginkgo biloba, Rhodiola rosea (aranygy\u00f6k\u00e9r vagy r\u00f3zsagy\u00f6k\u00e9r),<br \/>\nGuarana, k\u00fasz\u00f3 sz\u0151l\u0151 (Paullinia cupana), ginzeng (Panax ginseng),<br \/>\nNardostachys jatamansi (indiai n\u00e1drus), kerek vagy \u0151r\u00f6lt mandula (Cyperus<br \/>\nrotundus), orvosi gy\u00f6mb\u00e9r (Zingiber officinale), feketebors (Piper nigrum),<br \/>\nhossz\u00fabors (Piper longum).<\/p>\n<p>Napi 3\u00d72 kapszula elfogyaszt\u00e1sa aj\u00e1nlott. 12-18 \u00e9ves korig az aj\u00e1nlott napi adag 3\u00d71 kapszula.<\/p>\n<p><em>Ellenjavallat: terhess\u00e9g<\/em><br \/>\n<em>\u0425\u0440\u0430\u043d\u0438\u0442\u044c \u0432 \u043d\u0435\u0434\u043e\u0441\u0442\u0443\u043f\u043d\u043e\u043c \u0434\u043b\u044f \u0434\u0435\u0442\u0435\u0439 \u043c\u0435\u0441\u0442\u0435!<\/em><br \/>\n<em>Az \u00e9trend-kieg\u00e9sz\u00edt\u0151 nem helyettes\u00edti a kiegyens\u00falyozott \u00e9trendet \u00e9s az<\/em><br \/>\n<em>eg\u00e9szs\u00e9ges \u00e9letm\u00f3dot!<\/em><\/p>\n<p>A <strong>BRAINTONIQ<\/strong> harmonikusan egyes\u00edti az \u00f6sszes n\u00f6v\u00e9nyi \u00f6sszetev\u0151t egyetlen mechanizmusban az agyi t\u00e1pl\u00e1lkoz\u00e1s, a mem\u00f3ria \u00e9s a koncentr\u00e1ci\u00f3 jav\u00edt\u00e1sa \u00e9rdek\u00e9ben. A gy\u00e1rt\u00e1stechnol\u00f3gia min\u0151s\u00e9gi \u00e9lelmiszer- \u00e9s gy\u00f3gy\u00e1szati n\u00f6v\u00e9nyi nyersanyagok felhaszn\u00e1l\u00e1s\u00e1t biztos\u00edtja. A n\u00f6v\u00e9nyi nyersanyagok egyidej\u0171leg<br \/>\nk\u00e9sz\u00edtett f\u0151zettel (vizes extrakci\u00f3) val\u00f3 tel\u00edt\u00e9se lehet\u0151s\u00e9get ad arra, hogy olyan \u00e9lelmiszer-adal\u00e9kanyagot kapjunk, amely magasabb koncentr\u00e1ci\u00f3ban tartalmaz biol\u00f3giailag akt\u00edv vegy\u00fcletek komplexeit, meg\u0151rizve biol\u00f3giai integrit\u00e1sukat. Agyunk hat\u00e9konys\u00e1ga sokakat foglalkoztat. Ez\u00e9rt pr\u00f3b\u00e1lunk olyan m\u00f3dszereket tal\u00e1lni, amelyekkel jav\u00edthatjuk az agym\u0171k\u00f6d\u00e9st, meghosszabb\u00edthatjuk a ment\u00e1lis tiszt\u00e1nl\u00e1t\u00e1st a lehet\u0151 leghosszabb ideig, \u00e9s fenntarthatjuk az \u00e9letmin\u0151s\u00e9get. A j\u00f3 mem\u00f3ria, az optim\u00e1lis figyelem, a hat\u00e9kony kognit\u00edv agym\u0171k\u00f6d\u00e9s \u00e9s az akt\u00edv<br \/>\nszellemi \u00e9s fizikai teljes\u00edtm\u00e9ny fontos az emberi \u00e9let norm\u00e1lis m\u0171k\u00f6d\u00e9s\u00e9hez.<br \/>\nA <strong>BRAINTONIQ<\/strong> egy n\u00f6v\u00e9nyi alap\u00fa agyi aktiv\u00e1tor.<\/p>\n<p>A <strong>ginkgo biloba, a <\/strong><strong>guarana, a k\u00fasz\u00f3 sz\u0151l\u0151 \u00e9s a ginzeng<\/strong> seg\u00edt jav\u00edtani az agysz\u00f6vetek mikrokering\u00e9s\u00e9t \u00e9s ell\u00e1tni az idegsejteket gl\u00fck\u00f3zzal \u00e9s oxig\u00e9nnel.<\/p>\n<p>A <strong>Ginko biloba<\/strong> n\u00f6veli a v\u00e9rmennyis\u00e9get az agyban, ami nemcsak az agym\u0171k\u00f6d\u00e9st jav\u00edtja, hanem n\u00f6veli az \u00e9bers\u00e9get \u00e9s jav\u00edtja a mem\u00f3ri\u00e1t. Mindezek mellett a n\u00f6v\u00e9ny megakad\u00e1lyozza az agy \u00f6reged\u00e9s okozta roml\u00e1s\u00e1t is. A term\u00e9kben tal\u00e1lhat\u00f3 ginzeng seg\u00edt a szervezetnek alkalmazkodni a stresszhelyzetekhez \u00e9s ellens\u00falyozni a szabad gy\u00f6k\u00f6k k\u00e1ros hat\u00e1sait. Az ut\u00f3bbi \u00e9vekben egyre nagyobb n\u00e9pszer\u0171s\u00e9gnek \u00f6rvend a ginzeng haszn\u00e1lata az agy<br \/>\nkognit\u00edv teljes\u00edtm\u00e9ny\u00e9nek jav\u00edt\u00e1s\u00e1ra.<\/p>\n<p>A <strong>guaran\u00e1ban<\/strong> l\u00e9v\u0151 koffein jelenl\u00e9te \u00e9bers\u00e9g\u00e9rzetet \u00e9s cs\u00f6kkentett f\u00e1radts\u00e1g\u00e9rzetet biztos\u00edthat, jav\u00edthatja a mem\u00f3ri\u00e1t, felgyors\u00edthatja a reakci\u00f3id\u0151t \u00e9s sz\u00e1mos agyi funkci\u00f3t jav\u00edthat.<\/p>\n<p>K\u00fcl\u00f6n\u00f6sen figyelemre m\u00e9lt\u00f3 a <strong>Centella asiatica<\/strong> (vagy gotu kola) levelek jelenl\u00e9te a fitokomplexumban. A n\u00f6v\u00e9ny biol\u00f3giailag akt\u00edv anyagai pozit\u00edv hat\u00e1ssal vannak az agyi aktivit\u00e1sra &#8211; fokozott tanul\u00e1si k\u00e9pess\u00e9g, fokozott<br \/>\nszellemi \u00e9less\u00e9g, fokozott mem\u00f3riafolyamatok.<\/p>\n<p>A <strong>Radiola rosea<\/strong> r\u00e9g\u00f3ta ismert a k\u00ednai orvosl\u00e1sban arr\u00f3l, hogy jav\u00edtja az agym\u0171k\u00f6d\u00e9st, felgyors\u00edtja az<br \/>\ninform\u00e1ci\u00f3feldolgoz\u00e1st \u00e9s megakad\u00e1lyozza a t\u00falterhel\u00e9st \u00e9s a f\u00e1radts\u00e1got.<\/p>\n<p>A <strong>Bacopa<\/strong> a t\u00f6bbi \u00f6sszetev\u0151 toniz\u00e1l\u00f3 tulajdons\u00e1gainak ellens\u00falyoz\u00e1s\u00e1ra szolg\u00e1l.<\/p>\n<p>A <strong>galagonya<\/strong>, t\u00f6bb hasznos tulajdons\u00e1ga mellett m\u00e9rs\u00e9kelten nyugtat\u00f3 \u00e9s v\u00e9rnyom\u00e1scs\u00f6kkent\u0151 hat\u00e1ssal rendelkezik. A gy\u00f6mb\u00e9r ebben a fitokomplexben toniz\u00e1l\u00f3 \u00e9s g\u00f6rcsold\u00f3 tulajdons\u00e1g\u00fa. A\u00a0 feketebors jelenl\u00e9te fokozza a t\u00f6bbi n\u00f6v\u00e9ny hat\u00e1s\u00e1t.<\/p>\n<p>&nbsp;<\/p>","protected":false},"excerpt":{"rendered":"<p>\u041a\u0430\u043f\u0441\u0443\u043b\u044b BRAINTONIQ \u0440\u0435\u043a\u043e\u043c\u0435\u043d\u0434\u0443\u044e\u0442\u0441\u044f, \u0435\u0441\u043b\u0438 \u0432\u044b \u0445\u043e\u0442\u0438\u0442\u0435 \u0435\u0441\u0442\u0435\u0441\u0442\u0432\u0435\u043d\u043d\u044b\u043c \u043e\u0431\u0440\u0430\u0437\u043e\u043c \u0443\u043b\u0443\u0447\u0448\u0438\u0442\u044c \u043f\u0430\u043c\u044f\u0442\u044c, \u043a\u043e\u043d\u0446\u0435\u043d\u0442\u0440\u0430\u0446\u0438\u044e \u0438 \u0441\u043e\u0445\u0440\u0430\u043d\u0438\u0442\u044c \u0441\u0432\u0435\u0436\u0435\u0441\u0442\u044c \u0443\u043c\u0430. \u042d\u0442\u043e \u0438\u0434\u0435\u0430\u043b\u044c\u043d\u044b\u0439 \u0432\u044b\u0431\u043e\u0440 \u043f\u0440\u0438 \u043f\u043e\u0432\u044b\u0448\u0435\u043d\u043d\u043e\u0439 \u0443\u043c\u0441\u0442\u0432\u0435\u043d\u043d\u043e\u0439 \u043d\u0430\u0433\u0440\u0443\u0437\u043a\u0435 \u043d\u0430 \u0440\u0430\u0431\u043e\u0442\u0435, \u0434\u043b\u044f \u043f\u043e\u0434\u0434\u0435\u0440\u0436\u0430\u043d\u0438\u044f \u0441\u0432\u0435\u0436\u0435\u0441\u0442\u0438 \u0443\u043c\u0430 \u0432 \u043f\u043e\u0436\u0438\u043b\u043e\u043c \u0432\u043e\u0437\u0440\u0430\u0441\u0442\u0435, \u0430 \u0442\u0430\u043a\u0436\u0435 \u0434\u043b\u044f \u043e\u0431\u0443\u0447\u0435\u043d\u0438\u044f \u0438\u043b\u0438 \u043f\u043e\u043b\u0443\u0447\u0435\u043d\u0438\u044f \u043d\u043e\u0432\u044b\u0445 \u0437\u043d\u0430\u043d\u0438\u0439.<\/p>","protected":false},"featured_media":10384,"comment_status":"open","ping_status":"closed","template":"","meta":{"_acf_changed":false,"_monsterinsights_skip_tracking":false,"_monsterinsights_sitenote_active":false,"_monsterinsights_sitenote_note":"","_monsterinsights_sitenote_category":0},"product_brand":[],"product_cat":[177,709,708,382,218,717,346,384,347],"product_tag":[188],"class_list":{"0":"post-3944","1":"product","2":"type-product","3":"status-publish","4":"has-post-thumbnail","6":"product_cat-agymukodes","7":"product_cat-akcios-termekek","8":"product_cat-ayurveda-keszitmenyek","9":"product_cat-etrend-kiegeszitok","10":"product_cat-ferfi-egeszseg","11":"product_cat-hu-feed","12":"product_cat-kozponti-idegrendszer","13":"product_cat-latoszerv","14":"product_cat-legzorendszer","15":"product_tag-memoria","17":"first","18":"instock","19":"purchasable","20":"product-type-simple"},"acf":[],"_links":{"self":[{"href":"https:\/\/calendulapharma.com\/ru\/wp-json\/wp\/v2\/product\/3944","targetHints":{"allow":["GET"]}}],"collection":[{"href":"https:\/\/calendulapharma.com\/ru\/wp-json\/wp\/v2\/product"}],"about":[{"href":"https:\/\/calendulapharma.com\/ru\/wp-json\/wp\/v2\/types\/product"}],"replies":[{"embeddable":true,"href":"https:\/\/calendulapharma.com\/ru\/wp-json\/wp\/v2\/comments?post=3944"}],"version-history":[{"count":9,"href":"https:\/\/calendulapharma.com\/ru\/wp-json\/wp\/v2\/product\/3944\/revisions"}],"predecessor-version":[{"id":21429,"href":"https:\/\/calendulapharma.com\/ru\/wp-json\/wp\/v2\/product\/3944\/revisions\/21429"}],"wp:featuredmedia":[{"embeddable":true,"href":"https:\/\/calendulapharma.com\/ru\/wp-json\/wp\/v2\/media\/10384"}],"wp:attachment":[{"href":"https:\/\/calendulapharma.com\/ru\/wp-json\/wp\/v2\/media?parent=3944"}],"wp:term":[{"taxonomy":"product_brand","embeddable":true,"href":"https:\/\/calendulapharma.com\/ru\/wp-json\/wp\/v2\/product_brand?post=3944"},{"taxonomy":"product_cat","embeddable":true,"href":"https:\/\/calendulapharma.com\/ru\/wp-json\/wp\/v2\/product_cat?post=3944"},{"taxonomy":"product_tag","embeddable":true,"href":"https:\/\/calendulapharma.com\/ru\/wp-json\/wp\/v2\/product_tag?post=3944"}],"curies":[{"name":"wp","href":"https:\/\/api.w.org\/{rel}","templated":true}]}}