{"id":4204,"date":"2022-08-16T09:05:38","date_gmt":"2022-08-16T07:05:38","guid":{"rendered":"https:\/\/calendulapharma.com\/?post_type=product&#038;p=4204"},"modified":"2026-02-13T15:55:16","modified_gmt":"2026-02-13T14:55:16","slug":"alvast-segito-teakeverek","status":"publish","type":"product","link":"https:\/\/calendulapharma.com\/ru\/product\/alvast-segito-teakeverek\/","title":{"rendered":"\u0427\u0430\u0439\u043d\u0430\u044f \u0441\u043c\u0435\u0441\u044c \u0434\u043b\u044f \u0441\u043d\u0430"},"content":{"rendered":"<h3>F\u0150BB TULAJDONS\u00c1GOK:<\/h3>\n<p>Alv\u00e1st seg\u00edt\u0151 gy\u00f3gytea-kever\u00e9k\u00fcnket azok sz\u00e1m\u00e1ra \u00e1ll\u00edtottuk \u00f6ssze, akik\u00a0nehezen alszanak el, nyugtalanul, alszanak, akik \u00e9jjel fel\u00e9brednek \u00e9s nehezen alszanak vissza. Hat\u00e9kony seg\u00edts\u00e9g azok sz\u00e1m\u00e1ra, akik alv\u00e1sprobl\u00e9m\u00e1ik miatt reggelente f\u00e1radtak.<\/p>\n<h3>\u0410\u0421\u0421\u041e\u0426\u0418\u0410\u0422\u041e\u0420\u042b:<\/h3>\n<ul>\n<li>\u0425\u043c\u0435\u043b\u044c (Humulus lupulus)<\/li>\n<li>\u0426\u0432\u0435\u0442\u043e\u043a \u043a\u043b\u0435\u0432\u0435\u0440\u0430 (trifolium alpestre)<\/li>\n<li>\u041f\u043b\u043e\u0434\u044b \u0431\u043e\u044f\u0440\u044b\u0448\u043d\u0438\u043a\u0430 (crataegi fructus)<\/li>\n<li>\u041b\u0435\u043a\u0430\u0440\u0441\u0442\u0432\u0435\u043d\u043d\u044b\u0439 \u043a\u043e\u0448\u0430\u0447\u0438\u0439 \u043a\u043e\u0440\u0435\u043d\u044c (valeriana officinalis)<\/li>\n<li>\u0421\u0435\u043c\u0435\u043d\u0430 \u0444\u0435\u043d\u0445\u0435\u043b\u044f (foeniculum vulgaris)<\/li>\n<li>\u0421\u0435\u043c\u0435\u043d\u0430 \u043c\u044b\u0441\u0430 (anethum graveolens)<\/li>\n<li>\u0410\u043d\u0438\u0441 (pimpinella anisum)<\/li>\n<\/ul>\n<h3>HAT\u00d3ANYAGOK:<\/h3>\n<ul>\n<li>Koml\u00f3vir\u00e1g: nyugtat\u00f3 hat\u00e1ssal van az idegrendszerre<\/li>\n<li>Galagonyabogy\u00f3: seg\u00edti az alv\u00e1st \u00e9s pihentet\u0151 hat\u00e1sa van.<\/li>\n<\/ul>\n<h3>FELHASZN\u00c1L\u00c1S:<\/h3>\n<p>\u041f\u0440\u043e\u043a\u0438\u043f\u044f\u0442\u0438\u0442\u0435 2 \u0447\u0430\u0439\u043d\u044b\u0435 \u043b\u043e\u0436\u043a\u0438 \u0442\u0440\u0430\u0432\u044b \u0432 2 \u0434\u043b \u0432\u043e\u0434\u044b \u0432 \u0442\u0435\u0447\u0435\u043d\u0438\u0435 10-15 \u043c\u0438\u043d\u0443\u0442 \u0438 \u043f\u0440\u043e\u0446\u0435\u0434\u0438\u0442\u0435. \u041f\u043e\u0441\u043b\u0435 \u044d\u0442\u043e\u0433\u043e \u043d\u0430\u043f\u0438\u0442\u043e\u043a \u0433\u043e\u0442\u043e\u0432 \u043a \u0443\u043f\u043e\u0442\u0440\u0435\u0431\u043b\u0435\u043d\u0438\u044e!<\/p>\n<h3>FIGYELEM!<\/h3>\n<ul>\n<li>\u041d\u0435 \u0440\u0435\u043a\u043e\u043c\u0435\u043d\u0434\u0443\u0435\u0442\u0441\u044f \u0443\u043f\u043e\u0442\u0440\u0435\u0431\u043b\u044f\u0442\u044c \u0432\u043e \u0432\u0440\u0435\u043c\u044f \u0431\u0435\u0440\u0435\u043c\u0435\u043d\u043d\u043e\u0441\u0442\u0438 \u0438 \u0433\u0440\u0443\u0434\u043d\u043e\u0433\u043e \u0432\u0441\u043a\u0430\u0440\u043c\u043b\u0438\u0432\u0430\u043d\u0438\u044f!<\/li>\n<li>\u041b\u044e\u0434\u044f\u043c, \u043d\u0430\u0445\u043e\u0434\u044f\u0449\u0438\u043c\u0441\u044f \u043d\u0430 \u043b\u0435\u0447\u0435\u043d\u0438\u0438, \u0438 \u0442\u0435\u043c, \u043a\u0442\u043e \u0440\u0435\u0433\u0443\u043b\u044f\u0440\u043d\u043e \u043f\u0440\u0438\u043d\u0438\u043c\u0430\u0435\u0442 \u043b\u0435\u043a\u0430\u0440\u0441\u0442\u0432\u0430, \u0441\u043b\u0435\u0434\u0443\u0435\u0442 \u043f\u0440\u043e\u043a\u043e\u043d\u0441\u0443\u043b\u044c\u0442\u0438\u0440\u043e\u0432\u0430\u0442\u044c\u0441\u044f \u0441 \u0432\u0440\u0430\u0447\u043e\u043c \u043f\u043e \u043f\u043e\u0432\u043e\u0434\u0443 \u0438\u0441\u043f\u043e\u043b\u044c\u0437\u043e\u0432\u0430\u043d\u0438\u044f \u044d\u0442\u043e\u0433\u043e \u043f\u0440\u043e\u0434\u0443\u043a\u0442\u0430.<\/li>\n<li>\u0423\u043f\u043e\u0442\u0440\u0435\u0431\u043b\u0435\u043d\u0438\u0435 \u044d\u0442\u043e\u0433\u043e \u043f\u0440\u043e\u0434\u0443\u043a\u0442\u0430 \u043d\u0435 \u0437\u0430\u043c\u0435\u043d\u044f\u0435\u0442 \u0440\u0430\u0437\u043d\u043e\u043e\u0431\u0440\u0430\u0437\u043d\u043e\u0433\u043e, \u0441\u0431\u0430\u043b\u0430\u043d\u0441\u0438\u0440\u043e\u0432\u0430\u043d\u043d\u043e\u0433\u043e \u043f\u0438\u0442\u0430\u043d\u0438\u044f \u0438 \u0437\u0434\u043e\u0440\u043e\u0432\u043e\u0433\u043e \u043e\u0431\u0440\u0430\u0437\u0430 \u0436\u0438\u0437\u043d\u0438!<\/li>\n<li>\u0425\u0440\u0430\u043d\u0435\u043d\u0438\u0435: \u043f\u0440\u0438 \u043a\u043e\u043c\u043d\u0430\u0442\u043d\u043e\u0439 \u0442\u0435\u043c\u043f\u0435\u0440\u0430\u0442\u0443\u0440\u0435<\/li>\n<\/ul>","protected":false},"excerpt":{"rendered":"<p>\u041d\u0430\u0448 \u0442\u0440\u0430\u0432\u044f\u043d\u043e\u0439 \u0447\u0430\u0439 \u0434\u043b\u044f \u043a\u0440\u0435\u043f\u043a\u043e\u0433\u043e \u0441\u043d\u0430 \u043f\u0440\u0435\u0434\u043d\u0430\u0437\u043d\u0430\u0447\u0435\u043d \u0434\u043b\u044f \u0442\u0435\u0445, \u043a\u0442\u043e \u0438\u0441\u043f\u044b\u0442\u044b\u0432\u0430\u0435\u0442 \u043f\u0440\u043e\u0431\u043b\u0435\u043c\u044b \u0441\u043e \u0441\u043d\u043e\u043c, \u043f\u0440\u043e\u0441\u044b\u043f\u0430\u0435\u0442\u0441\u044f \u043f\u043e \u043d\u043e\u0447\u0430\u043c \u0438 \u0441 \u0442\u0440\u0443\u0434\u043e\u043c \u0437\u0430\u0441\u044b\u043f\u0430\u0435\u0442. \u041e\u043d \u043f\u043e\u043c\u043e\u0436\u0435\u0442 \u0442\u0435\u043c, \u043a\u0442\u043e \u0443\u0441\u0442\u0430\u0435\u0442 \u043f\u043e \u0443\u0442\u0440\u0430\u043c \u0438\u0437-\u0437\u0430 \u0431\u0435\u0441\u043f\u043e\u043a\u043e\u0439\u043d\u043e\u0433\u043e \u0441\u043d\u0430 \u043d\u043e\u0447\u044c\u044e.<\/p>","protected":false},"featured_media":10510,"comment_status":"open","ping_status":"closed","template":"","meta":{"_acf_changed":false,"_monsterinsights_skip_tracking":false,"_monsterinsights_sitenote_active":false,"_monsterinsights_sitenote_note":"","_monsterinsights_sitenote_category":0},"product_brand":[],"product_cat":[177,709,218,717,346,217,205],"product_tag":[179,180],"class_list":{"0":"post-4204","1":"product","2":"type-product","3":"status-publish","4":"has-post-thumbnail","6":"product_cat-agymukodes","7":"product_cat-akcios-termekek","8":"product_cat-ferfi-egeszseg","9":"product_cat-hu-feed","10":"product_cat-kozponti-idegrendszer","11":"product_cat-noi-egeszseg","12":"product_cat-teakeverekek","13":"product_tag-idegrendszer","14":"product_tag-stressz","16":"first","17":"instock","18":"shipping-taxable","19":"purchasable","20":"product-type-simple"},"acf":[],"_links":{"self":[{"href":"https:\/\/calendulapharma.com\/ru\/wp-json\/wp\/v2\/product\/4204","targetHints":{"allow":["GET"]}}],"collection":[{"href":"https:\/\/calendulapharma.com\/ru\/wp-json\/wp\/v2\/product"}],"about":[{"href":"https:\/\/calendulapharma.com\/ru\/wp-json\/wp\/v2\/types\/product"}],"replies":[{"embeddable":true,"href":"https:\/\/calendulapharma.com\/ru\/wp-json\/wp\/v2\/comments?post=4204"}],"version-history":[{"count":3,"href":"https:\/\/calendulapharma.com\/ru\/wp-json\/wp\/v2\/product\/4204\/revisions"}],"predecessor-version":[{"id":21436,"href":"https:\/\/calendulapharma.com\/ru\/wp-json\/wp\/v2\/product\/4204\/revisions\/21436"}],"wp:featuredmedia":[{"embeddable":true,"href":"https:\/\/calendulapharma.com\/ru\/wp-json\/wp\/v2\/media\/10510"}],"wp:attachment":[{"href":"https:\/\/calendulapharma.com\/ru\/wp-json\/wp\/v2\/media?parent=4204"}],"wp:term":[{"taxonomy":"product_brand","embeddable":true,"href":"https:\/\/calendulapharma.com\/ru\/wp-json\/wp\/v2\/product_brand?post=4204"},{"taxonomy":"product_cat","embeddable":true,"href":"https:\/\/calendulapharma.com\/ru\/wp-json\/wp\/v2\/product_cat?post=4204"},{"taxonomy":"product_tag","embeddable":true,"href":"https:\/\/calendulapharma.com\/ru\/wp-json\/wp\/v2\/product_tag?post=4204"}],"curies":[{"name":"wp","href":"https:\/\/api.w.org\/{rel}","templated":true}]}}