{"id":4234,"date":"2022-08-16T09:55:05","date_gmt":"2022-08-16T07:55:05","guid":{"rendered":"https:\/\/calendulapharma.com\/?post_type=product&#038;p=4234"},"modified":"2026-02-13T15:55:12","modified_gmt":"2026-02-13T14:55:12","slug":"karcsusito-teakeverek","status":"publish","type":"product","link":"https:\/\/calendulapharma.com\/ru\/product\/karcsusito-teakeverek\/","title":{"rendered":"\u0427\u0430\u0439\u043d\u0430\u044f \u0441\u043c\u0435\u0441\u044c \u0434\u043b\u044f \u043f\u043e\u0445\u0443\u0434\u0435\u043d\u0438\u044f"},"content":{"rendered":"<h3>F\u0150BB TULAJDONS\u00c1GOK:<\/h3>\n<p>Lass\u00fa metabolizmusban szenved\u0151k sz\u00e1m\u00e1ra javasolt gy\u00f3gytea-kever\u00e9k. Gyors\u00edtja az anyagcser\u00e9t, v\u00e9di a sejtmembr\u00e1nokat, enzimeket. Hat\u00e9kony seg\u00edts\u00e9g konkr\u00e9t fogyok\u00fara sor\u00e1n.<\/p>\n<h3>\u0410\u0421\u0421\u041e\u0426\u0418\u0410\u0422\u041e\u0420\u042b:<\/h3>\n<ul>\n<li>Csal\u00e1nlev\u00e9l (urtica dioicale)<\/li>\n<li>\u0420\u0430\u0441\u0442\u0435\u043d\u0438\u0435 \u0447\u0438\u0441\u0442\u043e\u0442\u0435\u043b (agrimoniae herba)<\/li>\n<li>Kukoricabajusz vir\u00e1g (zea meys)<\/li>\n<li>\u0420\u0430\u0441\u0442\u0435\u043d\u0438\u0435 \u043a\u0430\u0442\u0442\u043b\u0435\u044f (achillea millefolium)<\/li>\n<li>F\u0171zfa k\u00e9reg (salicis cortex)<\/li>\n<li>\u0410\u043f\u0435\u043b\u044c\u0441\u0438\u043d\u043e\u0432\u0430\u044f \u0446\u0435\u0434\u0440\u0430 (auranthii pericarpium)<\/li>\n<li>\u041b\u0438\u043c\u043e\u043d\u043d\u0430\u044f \u0446\u0435\u0434\u0440\u0430 (citri pericarpium)<\/li>\n<li>Bor\u00f3kabogy\u00f3 (juniperus communis)<\/li>\n<li>Bab\u00e9rlev\u00e9l (laurus nabilis)<\/li>\n<li>Fah\u00e9j k\u00e9reg (cinnamomum zeylanicum)<\/li>\n<li>Angelika gy\u00f6k\u00e9r (angelika sinensis)<\/li>\n<\/ul>\n<h3>HAT\u00d3ANYAGOK:<\/h3>\n<ul>\n<li>APR\u00d3BOJTORJ\u00c1N: jav\u00edtja az em\u00e9szt\u00e9st.<\/li>\n<li>CSAL\u00c1NLEV\u00c9L: t\u00e1mogatja a test energikuss\u00e1g\u00e1t \u00e9s az immunrendszert<\/li>\n<li>KUKORICABAJUSZ: Seg\u00edti a fogy\u00e1st.<\/li>\n<\/ul>\n<h3>FELHASZN\u00c1L\u00c1S:<\/h3>\n<p>\u041f\u0440\u043e\u043a\u0438\u043f\u044f\u0442\u0438\u0442\u0435 2 \u0447\u0430\u0439\u043d\u044b\u0435 \u043b\u043e\u0436\u043a\u0438 \u0442\u0440\u0430\u0432\u044b \u0432 2 \u0434\u043b \u0432\u043e\u0434\u044b \u0432 \u0442\u0435\u0447\u0435\u043d\u0438\u0435 10-15 \u043c\u0438\u043d\u0443\u0442 \u0438 \u043f\u0440\u043e\u0446\u0435\u0434\u0438\u0442\u0435. \u041f\u043e\u0441\u043b\u0435 \u044d\u0442\u043e\u0433\u043e \u043d\u0430\u043f\u0438\u0442\u043e\u043a \u0433\u043e\u0442\u043e\u0432 \u043a \u0443\u043f\u043e\u0442\u0440\u0435\u0431\u043b\u0435\u043d\u0438\u044e!<\/p>\n<h3>FIGYELMEZTET\u00c9S!<\/h3>\n<ul>\n<li>\u041d\u0435 \u0440\u0435\u043a\u043e\u043c\u0435\u043d\u0434\u0443\u0435\u0442\u0441\u044f \u0443\u043f\u043e\u0442\u0440\u0435\u0431\u043b\u044f\u0442\u044c \u0432\u043e \u0432\u0440\u0435\u043c\u044f \u0431\u0435\u0440\u0435\u043c\u0435\u043d\u043d\u043e\u0441\u0442\u0438 \u0438 \u0433\u0440\u0443\u0434\u043d\u043e\u0433\u043e \u0432\u0441\u043a\u0430\u0440\u043c\u043b\u0438\u0432\u0430\u043d\u0438\u044f!<\/li>\n<li>\u041b\u044e\u0434\u044f\u043c, \u043d\u0430\u0445\u043e\u0434\u044f\u0449\u0438\u043c\u0441\u044f \u043d\u0430 \u043b\u0435\u0447\u0435\u043d\u0438\u0438, \u0438 \u0442\u0435\u043c, \u043a\u0442\u043e \u0440\u0435\u0433\u0443\u043b\u044f\u0440\u043d\u043e \u043f\u0440\u0438\u043d\u0438\u043c\u0430\u0435\u0442 \u043b\u0435\u043a\u0430\u0440\u0441\u0442\u0432\u0430, \u0441\u043b\u0435\u0434\u0443\u0435\u0442 \u043f\u0440\u043e\u043a\u043e\u043d\u0441\u0443\u043b\u044c\u0442\u0438\u0440\u043e\u0432\u0430\u0442\u044c\u0441\u044f \u0441 \u0432\u0440\u0430\u0447\u043e\u043c \u043f\u043e \u043f\u043e\u0432\u043e\u0434\u0443 \u0438\u0441\u043f\u043e\u043b\u044c\u0437\u043e\u0432\u0430\u043d\u0438\u044f \u044d\u0442\u043e\u0433\u043e \u043f\u0440\u043e\u0434\u0443\u043a\u0442\u0430.<\/li>\n<li>\u0423\u043f\u043e\u0442\u0440\u0435\u0431\u043b\u0435\u043d\u0438\u0435 \u044d\u0442\u043e\u0433\u043e \u043f\u0440\u043e\u0434\u0443\u043a\u0442\u0430 \u043d\u0435 \u0437\u0430\u043c\u0435\u043d\u044f\u0435\u0442 \u0440\u0430\u0437\u043d\u043e\u043e\u0431\u0440\u0430\u0437\u043d\u043e\u0433\u043e, \u0441\u0431\u0430\u043b\u0430\u043d\u0441\u0438\u0440\u043e\u0432\u0430\u043d\u043d\u043e\u0433\u043e \u043f\u0438\u0442\u0430\u043d\u0438\u044f \u0438 \u0437\u0434\u043e\u0440\u043e\u0432\u043e\u0433\u043e \u043e\u0431\u0440\u0430\u0437\u0430 \u0436\u0438\u0437\u043d\u0438!<\/li>\n<li>\u0425\u0440\u0430\u043d\u0435\u043d\u0438\u0435: \u043f\u0440\u0438 \u043a\u043e\u043c\u043d\u0430\u0442\u043d\u043e\u0439 \u0442\u0435\u043c\u043f\u0435\u0440\u0430\u0442\u0443\u0440\u0435<\/li>\n<\/ul>","protected":false},"excerpt":{"rendered":"<p>Teakever\u00e9k a norm\u00e1l tests\u00faly el\u00e9r\u00e9s\u00e9\u00e9rt. Lass\u00fa metabolizmusban szenved\u0151k sz\u00e1m\u00e1ra javasolt gy\u00f3gytea-kever\u00e9k. Gyors\u00edthatja az anyagcser\u00e9t, v\u00e9dhetii a sejtmembr\u00e1nokat, enzimeket. Seg\u00edtheti a folyamatokat konkr\u00e9t fogyok\u00fara sor\u00e1n.<\/p>","protected":false},"featured_media":10545,"comment_status":"open","ping_status":"closed","template":"","meta":{"_acf_changed":false,"_monsterinsights_skip_tracking":false,"_monsterinsights_sitenote_active":false,"_monsterinsights_sitenote_note":"","_monsterinsights_sitenote_category":0},"product_brand":[],"product_cat":[709,386,517,717,217,205],"product_tag":[182,206],"class_list":{"0":"post-4234","1":"product","2":"type-product","3":"status-publish","4":"has-post-thumbnail","6":"product_cat-akcios-termekek","7":"product_cat-emesztorendszer","8":"product_cat-komplexumok","9":"product_cat-hu-feed","10":"product_cat-noi-egeszseg","11":"product_cat-teakeverekek","12":"product_tag-fogyas","13":"product_tag-sulykontroll","15":"first","16":"instock","17":"shipping-taxable","18":"purchasable","19":"product-type-simple"},"acf":[],"_links":{"self":[{"href":"https:\/\/calendulapharma.com\/ru\/wp-json\/wp\/v2\/product\/4234","targetHints":{"allow":["GET"]}}],"collection":[{"href":"https:\/\/calendulapharma.com\/ru\/wp-json\/wp\/v2\/product"}],"about":[{"href":"https:\/\/calendulapharma.com\/ru\/wp-json\/wp\/v2\/types\/product"}],"replies":[{"embeddable":true,"href":"https:\/\/calendulapharma.com\/ru\/wp-json\/wp\/v2\/comments?post=4234"}],"version-history":[{"count":4,"href":"https:\/\/calendulapharma.com\/ru\/wp-json\/wp\/v2\/product\/4234\/revisions"}],"predecessor-version":[{"id":21445,"href":"https:\/\/calendulapharma.com\/ru\/wp-json\/wp\/v2\/product\/4234\/revisions\/21445"}],"wp:featuredmedia":[{"embeddable":true,"href":"https:\/\/calendulapharma.com\/ru\/wp-json\/wp\/v2\/media\/10545"}],"wp:attachment":[{"href":"https:\/\/calendulapharma.com\/ru\/wp-json\/wp\/v2\/media?parent=4234"}],"wp:term":[{"taxonomy":"product_brand","embeddable":true,"href":"https:\/\/calendulapharma.com\/ru\/wp-json\/wp\/v2\/product_brand?post=4234"},{"taxonomy":"product_cat","embeddable":true,"href":"https:\/\/calendulapharma.com\/ru\/wp-json\/wp\/v2\/product_cat?post=4234"},{"taxonomy":"product_tag","embeddable":true,"href":"https:\/\/calendulapharma.com\/ru\/wp-json\/wp\/v2\/product_tag?post=4234"}],"curies":[{"name":"wp","href":"https:\/\/api.w.org\/{rel}","templated":true}]}}