{"id":4240,"date":"2022-08-16T09:57:47","date_gmt":"2022-08-16T07:57:47","guid":{"rendered":"https:\/\/calendulapharma.com\/?post_type=product&#038;p=4240"},"modified":"2026-02-13T15:55:11","modified_gmt":"2026-02-13T14:55:11","slug":"maj-egeszsegeert-teakeverek","status":"publish","type":"product","link":"https:\/\/calendulapharma.com\/ru\/product\/maj-egeszsegeert-teakeverek\/","title":{"rendered":"\u0427\u0430\u0439\u043d\u0430\u044f \u0441\u043c\u0435\u0441\u044c \u0434\u043b\u044f \u0437\u0434\u043e\u0440\u043e\u0432\u044c\u044f \u043f\u0435\u0447\u0435\u043d\u0438"},"content":{"rendered":"<h3>F\u0150BB TULAJDONS\u00c1GOK:<\/h3>\n<p>Zs\u00edros, neh\u00e9z \u00e9telek, alkohol fogyaszt\u00e1sa eset\u00e9n, vagy egy\u00e9b okb\u00f3l a m\u00e1j v\u00e9delm\u00e9re, regener\u00e1l\u00e1s\u00e1ra aj\u00e1nlott, epehajt\u00f3 hat\u00e1s\u00fa gy\u00f3gytea kever\u00e9k 12 \u00e9rt\u00e9kes gy\u00f3gyn\u00f6v\u00e9nnyel.<\/p>\n<h3>\u0410\u0421\u0421\u041e\u0426\u0418\u0410\u0422\u041e\u0420\u042b:<\/h3>\n<ul>\n<li>Csipkebogy\u00f3 (pseudofructus tynosbai)<\/li>\n<li>Szederlev\u00e9l (rubi fructicosi folium)<\/li>\n<li>\u0420\u0430\u0441\u0442\u0435\u043d\u0438\u0435 \u0447\u0438\u0441\u0442\u043e\u0442\u0435\u043b (agrimoniae herba)<\/li>\n<li>\u041a\u0430\u043b\u0435\u043d\u0434\u0443\u043b\u0430 (calendula officinalis)<\/li>\n<li>Mezei kat\u00e1nggy\u00f6k\u00e9r (cichorii radix)<\/li>\n<li>F\u0171zfa k\u00e9reg (salicis cartex)<\/li>\n<li>Borsmenta lev\u00e9l (menta piperita)<\/li>\n<li>Szurokf\u0171 n\u00f6v\u00e9ny (origanum vulgare)<\/li>\n<li>Homoki szalmagyop\u00e1r (helichrysum arenarium)<\/li>\n<li>\u041b\u0435\u043a\u0430\u0440\u0441\u0442\u0432\u0435\u043d\u043d\u044b\u0439 \u043a\u043e\u0448\u0430\u0447\u0438\u0439 \u043a\u043e\u0440\u0435\u043d\u044c (valeriana officinalis)<\/li>\n<li>\u0421\u0435\u043c\u0435\u043d\u0430 \u0444\u0435\u043d\u0445\u0435\u043b\u044f (foeniculum vulgare)<\/li>\n<li>S\u00e1fr\u00e1nyos szeklice (carthamus tictorius)<\/li>\n<\/ul>\n<h3>HAT\u00d3ANYAGOK:<\/h3>\n<ul>\n<li>Apr\u00f3bojtorj\u00e1n: m\u00e1jsejt meg\u00faj\u00edt\u00f3 hat\u00e1sa van.<\/li>\n<li>Csipkebogy\u00f3: seg\u00edti a b\u00e9lrendszer norm\u00e1l m\u0171k\u00f6d\u00e9s\u00e9t.<\/li>\n<li>Homoki szalmagyop\u00e1r: kedvez\u0151en befoly\u00e1solja a m\u00e1j \u00e9s az epeh\u00f3lyag eg\u00e9szs\u00e9ges m\u0171k\u00f6d\u00e9s\u00e9t, el\u0151seg\u00edti az epetermel\u00e9st \u00e9s \u00fcr\u00fcl\u00e9st.<\/li>\n<\/ul>\n<h3>FELHASZN\u00c1L\u00c1S:<\/h3>\n<p>\u041f\u0440\u043e\u043a\u0438\u043f\u044f\u0442\u0438\u0442\u0435 2 \u0447\u0430\u0439\u043d\u044b\u0435 \u043b\u043e\u0436\u043a\u0438 \u0442\u0440\u0430\u0432\u044b \u0432 2 \u0434\u043b \u0432\u043e\u0434\u044b \u0432 \u0442\u0435\u0447\u0435\u043d\u0438\u0435 10-15 \u043c\u0438\u043d\u0443\u0442 \u0438 \u043f\u0440\u043e\u0446\u0435\u0434\u0438\u0442\u0435. \u041f\u043e\u0441\u043b\u0435 \u044d\u0442\u043e\u0433\u043e \u043d\u0430\u043f\u0438\u0442\u043e\u043a \u0433\u043e\u0442\u043e\u0432 \u043a \u0443\u043f\u043e\u0442\u0440\u0435\u0431\u043b\u0435\u043d\u0438\u044e!<\/p>\n<h3>FIGYELMEZTET\u00c9S!<\/h3>\n<ul>\n<li>\u041d\u0435 \u0440\u0435\u043a\u043e\u043c\u0435\u043d\u0434\u0443\u0435\u0442\u0441\u044f \u0443\u043f\u043e\u0442\u0440\u0435\u0431\u043b\u044f\u0442\u044c \u0432\u043e \u0432\u0440\u0435\u043c\u044f \u0431\u0435\u0440\u0435\u043c\u0435\u043d\u043d\u043e\u0441\u0442\u0438 \u0438 \u0433\u0440\u0443\u0434\u043d\u043e\u0433\u043e \u0432\u0441\u043a\u0430\u0440\u043c\u043b\u0438\u0432\u0430\u043d\u0438\u044f!<\/li>\n<li>\u041b\u044e\u0434\u044f\u043c, \u043d\u0430\u0445\u043e\u0434\u044f\u0449\u0438\u043c\u0441\u044f \u043d\u0430 \u043b\u0435\u0447\u0435\u043d\u0438\u0438, \u0438 \u0442\u0435\u043c, \u043a\u0442\u043e \u0440\u0435\u0433\u0443\u043b\u044f\u0440\u043d\u043e \u043f\u0440\u0438\u043d\u0438\u043c\u0430\u0435\u0442 \u043b\u0435\u043a\u0430\u0440\u0441\u0442\u0432\u0430, \u0441\u043b\u0435\u0434\u0443\u0435\u0442 \u043f\u0440\u043e\u043a\u043e\u043d\u0441\u0443\u043b\u044c\u0442\u0438\u0440\u043e\u0432\u0430\u0442\u044c\u0441\u044f \u0441 \u0432\u0440\u0430\u0447\u043e\u043c \u043f\u043e \u043f\u043e\u0432\u043e\u0434\u0443 \u0438\u0441\u043f\u043e\u043b\u044c\u0437\u043e\u0432\u0430\u043d\u0438\u044f \u044d\u0442\u043e\u0433\u043e \u043f\u0440\u043e\u0434\u0443\u043a\u0442\u0430.<\/li>\n<li>\u0423\u043f\u043e\u0442\u0440\u0435\u0431\u043b\u0435\u043d\u0438\u0435 \u044d\u0442\u043e\u0433\u043e \u043f\u0440\u043e\u0434\u0443\u043a\u0442\u0430 \u043d\u0435 \u0437\u0430\u043c\u0435\u043d\u044f\u0435\u0442 \u0440\u0430\u0437\u043d\u043e\u043e\u0431\u0440\u0430\u0437\u043d\u043e\u0433\u043e, \u0441\u0431\u0430\u043b\u0430\u043d\u0441\u0438\u0440\u043e\u0432\u0430\u043d\u043d\u043e\u0433\u043e \u043f\u0438\u0442\u0430\u043d\u0438\u044f \u0438 \u0437\u0434\u043e\u0440\u043e\u0432\u043e\u0433\u043e \u043e\u0431\u0440\u0430\u0437\u0430 \u0436\u0438\u0437\u043d\u0438!<\/li>\n<li>\u0425\u0440\u0430\u043d\u0435\u043d\u0438\u0435: \u043f\u0440\u0438 \u043a\u043e\u043c\u043d\u0430\u0442\u043d\u043e\u0439 \u0442\u0435\u043c\u043f\u0435\u0440\u0430\u0442\u0443\u0440\u0435<\/li>\n<\/ul>","protected":false},"excerpt":{"rendered":"<p>M\u00e1jregener\u00e1l\u00f3 \u00e9s epehajt\u00f3 gy\u00f3gytea kever\u00e9k. Zs\u00edros, neh\u00e9z \u00e9telek, alkohol fogyaszt\u00e1sa eset\u00e9n, vagy egy\u00e9b okb\u00f3l a m\u00e1j v\u00e9delm\u00e9re, regener\u00e1l\u00e1s\u00e1ra aj\u00e1nlott, epehajt\u00f3 hat\u00e1s\u00fa gy\u00f3gytea kever\u00e9k 12 \u00e9rt\u00e9kes gy\u00f3gyn\u00f6v\u00e9nnyel.<\/p>","protected":false},"featured_media":10550,"comment_status":"open","ping_status":"closed","template":"","meta":{"_acf_changed":false,"_monsterinsights_skip_tracking":false,"_monsterinsights_sitenote_active":false,"_monsterinsights_sitenote_note":"","_monsterinsights_sitenote_category":0},"product_brand":[],"product_cat":[709,348,189,205],"product_tag":[425,193,426],"class_list":{"0":"post-4240","1":"product","2":"type-product","3":"status-publish","4":"has-post-thumbnail","6":"product_cat-akcios-termekek","7":"product_cat-meregtelenites","8":"product_cat-minden-termek","9":"product_cat-teakeverekek","10":"product_tag-epe","11":"product_tag-maj","12":"product_tag-meregtelenites","14":"first","15":"instock","16":"shipping-taxable","17":"purchasable","18":"product-type-simple"},"acf":[],"_links":{"self":[{"href":"https:\/\/calendulapharma.com\/ru\/wp-json\/wp\/v2\/product\/4240","targetHints":{"allow":["GET"]}}],"collection":[{"href":"https:\/\/calendulapharma.com\/ru\/wp-json\/wp\/v2\/product"}],"about":[{"href":"https:\/\/calendulapharma.com\/ru\/wp-json\/wp\/v2\/types\/product"}],"replies":[{"embeddable":true,"href":"https:\/\/calendulapharma.com\/ru\/wp-json\/wp\/v2\/comments?post=4240"}],"version-history":[{"count":4,"href":"https:\/\/calendulapharma.com\/ru\/wp-json\/wp\/v2\/product\/4240\/revisions"}],"predecessor-version":[{"id":21444,"href":"https:\/\/calendulapharma.com\/ru\/wp-json\/wp\/v2\/product\/4240\/revisions\/21444"}],"wp:featuredmedia":[{"embeddable":true,"href":"https:\/\/calendulapharma.com\/ru\/wp-json\/wp\/v2\/media\/10550"}],"wp:attachment":[{"href":"https:\/\/calendulapharma.com\/ru\/wp-json\/wp\/v2\/media?parent=4240"}],"wp:term":[{"taxonomy":"product_brand","embeddable":true,"href":"https:\/\/calendulapharma.com\/ru\/wp-json\/wp\/v2\/product_brand?post=4240"},{"taxonomy":"product_cat","embeddable":true,"href":"https:\/\/calendulapharma.com\/ru\/wp-json\/wp\/v2\/product_cat?post=4240"},{"taxonomy":"product_tag","embeddable":true,"href":"https:\/\/calendulapharma.com\/ru\/wp-json\/wp\/v2\/product_tag?post=4240"}],"curies":[{"name":"wp","href":"https:\/\/api.w.org\/{rel}","templated":true}]}}