{"id":4252,"date":"2022-08-16T10:05:36","date_gmt":"2022-08-16T08:05:36","guid":{"rendered":"https:\/\/calendulapharma.com\/?post_type=product&#038;p=4252"},"modified":"2026-02-13T15:55:11","modified_gmt":"2026-02-13T14:55:11","slug":"pitta-teakeverek","status":"publish","type":"product","link":"https:\/\/calendulapharma.com\/ru\/product\/pitta-teakeverek\/","title":{"rendered":"\u0427\u0430\u0439\u043d\u0430\u044f \u0441\u043c\u0435\u0441\u044c \u0434\u043b\u044f \u043f\u0438\u0442\u0442\u044b"},"content":{"rendered":"<h3>Pitta t\u00edpusra jellemz\u0151k:<\/h3>\n<p><strong>Forr\u00f3<\/strong> &#8211; meleg, pirospozsg\u00e1s b\u0151r, mindenfajta gyullad\u00e1s, t\u00falm\u0171k\u00f6d\u0151 anyagcsere, melegs\u00e9g\u00e9rzet a gyomorban, a m\u00e1jban, a belekben stb. A pitt\u00e1k \u00e1ltal\u00e1ban szeretik a hideg \u00e9teleket \u00e9s italokat, amelyek ellens\u00falyozz\u00e1k a saj\u00e1t h\u0151j\u00fcket.<\/p>\n<p><strong>\u00c9les<\/strong> &#8211; \u00e9leselm\u00e9j\u0171s\u00e9g, de ugyanakkor cs\u00edp\u0151s nyelv; ugyanez a min\u0151s\u00e9g a test sz\u00e9ls\u0151s\u00e9ges elsavanyod\u00e1s\u00e1hoz \u00e9s gyomorsavt\u00falteng\u00e9shez vezethet.<\/p>\n<p><strong>Nedves<\/strong> &#8211; b\u0151s\u00e9ges izzad\u00e1sban nyilv\u00e1nul meg; a meleg, izzadt teny\u00e9r tipikusan pitta. A pitt\u00e1k, forr\u00f3k \u00e9s nedvesek l\u00e9v\u00e9n, rosszul t\u0171rik a nyirkos ny\u00e1ri id\u0151j\u00e1r\u00e1st.<\/p>\n<p><strong>Savanyk\u00e1s szag\u00fa<\/strong> &#8211; sz\u00e9ls\u0151s\u00e9ges pitta-jelenl\u00e9t eset\u00e9n rossz lehelet, savany\u00fa testszag vagy rossz szag\u00fa vizelet \u00e9s sz\u00e9klet.<\/p>\n<h3>\u00c9TKEZ\u00c9SI JAVASLAT:<\/h3>\n<p>Aj\u00e1nlott a hideg vagy meleg, de nem t\u0171z forr\u00f3 \u00e9telek fogyaszt\u00e1sa, keser\u0171 \u00e9s \u00e9des \u00edzek. Javasolt kev\u00e9s vaj vagy olaj haszn\u00e1lata az \u00e9telekhez. Ker\u00fclje a savany\u00fas\u00e1got, a joghurtot, tejf\u00f6lt \u00e9s sajtot. Ker\u00fclje az ecet haszn\u00e1lat\u00e1t, ink\u00e1bb citrommal helyettes\u00edtse a sal\u00e1t\u00e1kat. Alkoholos italokat \u00e9s k\u00e1v\u00e9t ker\u00fclje, fanyar \u00edz\u00fck n\u00f6veli a pitta hat\u00e1st. A gy\u00f3gyn\u00f6v\u00e9nyb\u0151l k\u00e9sz\u00fclt te\u00e1k kiv\u00e1l\u00f3ak. A veget\u00e1ri\u00e1nus \u00e9trend kedvez a pitta t\u00edpus\u00faaknak. Olajos, forr\u00f3, s\u00f3s \u00e9s neh\u00e9z \u00e9telek helyett fogyasszon z\u00f6lds\u00e9geket, gabon\u00e1kat, babot. Kedvez\u0151 a k\u00ednai, jap\u00e1n konyha a pitta t\u00edpus\u00fa ember sz\u00e1m\u00e1ra.<\/p>\n<h3>\u0410\u0421\u0421\u041e\u0426\u0418\u0410\u0422\u041e\u0420\u042b:<\/h3>\n<ul>\n<li>Cickafark (achillea millefolium)<\/li>\n<li>L\u00f3here vir\u00e1g (trifolium repens)<\/li>\n<li>L\u00f3s\u00f3ska gy\u00f6k\u00e9r (rumex abtusifolius)<\/li>\n<li>Gyermekl\u00e1ncf\u0171 gy\u00f6k\u00e9r (taraxacum officinale)<\/li>\n<li>Apr\u00f3bojtorj\u00e1n gy\u00f6k\u00e9r (agrimoniae eupatoria)<\/li>\n<li>P\u00e1sztort\u00e1ska n\u00f6v\u00e9ny (capsella bursa pastoris)<\/li>\n<li>F\u0171zfak\u00e9reg (salicis cortex)<\/li>\n<li>Csal\u00e1n lev\u00e9l (urtica dioica)<\/li>\n<li>M\u00e1lyvagy\u00f6k\u00e9r (althaea officinalis)<\/li>\n<li>\u0421\u0435\u043c\u0435\u043d\u0430 \u0444\u0435\u043d\u0445\u0435\u043b\u044f (foeniculum vulgare)<\/li>\n<li>\u00c9desgy\u00f6k\u00e9r (glicyrhizza glabra).<\/li>\n<\/ul>\n<h3>FELHASZN\u00c1L\u00c1S:<\/h3>\n<p>2 te\u00e1skan\u00e1lnyi n\u00f6v\u00e9nyt forr\u00e1zzunk le 2 dl v\u00edzzel! 10 percet \u00e1llni hagyjuk \u00e9s lesz\u0171rj\u00fck. Ezt k\u00f6vet\u0151en fogyaszthat\u00f3!<\/p>\n<h3>FIGYELEM!<\/h3>\n<ul>\n<li>\u041d\u0435 \u0440\u0435\u043a\u043e\u043c\u0435\u043d\u0434\u0443\u0435\u0442\u0441\u044f \u0443\u043f\u043e\u0442\u0440\u0435\u0431\u043b\u044f\u0442\u044c \u0432\u043e \u0432\u0440\u0435\u043c\u044f \u0431\u0435\u0440\u0435\u043c\u0435\u043d\u043d\u043e\u0441\u0442\u0438 \u0438 \u0433\u0440\u0443\u0434\u043d\u043e\u0433\u043e \u0432\u0441\u043a\u0430\u0440\u043c\u043b\u0438\u0432\u0430\u043d\u0438\u044f!<\/li>\n<li>\u041b\u044e\u0434\u044f\u043c, \u043d\u0430\u0445\u043e\u0434\u044f\u0449\u0438\u043c\u0441\u044f \u043d\u0430 \u043b\u0435\u0447\u0435\u043d\u0438\u0438, \u0438 \u0442\u0435\u043c, \u043a\u0442\u043e \u0440\u0435\u0433\u0443\u043b\u044f\u0440\u043d\u043e \u043f\u0440\u0438\u043d\u0438\u043c\u0430\u0435\u0442 \u043b\u0435\u043a\u0430\u0440\u0441\u0442\u0432\u0430, \u0441\u043b\u0435\u0434\u0443\u0435\u0442 \u043f\u0440\u043e\u043a\u043e\u043d\u0441\u0443\u043b\u044c\u0442\u0438\u0440\u043e\u0432\u0430\u0442\u044c\u0441\u044f \u0441 \u0432\u0440\u0430\u0447\u043e\u043c \u043f\u043e \u043f\u043e\u0432\u043e\u0434\u0443 \u0438\u0441\u043f\u043e\u043b\u044c\u0437\u043e\u0432\u0430\u043d\u0438\u044f \u044d\u0442\u043e\u0433\u043e \u043f\u0440\u043e\u0434\u0443\u043a\u0442\u0430.<\/li>\n<li>\u0423\u043f\u043e\u0442\u0440\u0435\u0431\u043b\u0435\u043d\u0438\u0435 \u044d\u0442\u043e\u0433\u043e \u043f\u0440\u043e\u0434\u0443\u043a\u0442\u0430 \u043d\u0435 \u0437\u0430\u043c\u0435\u043d\u044f\u0435\u0442 \u0440\u0430\u0437\u043d\u043e\u043e\u0431\u0440\u0430\u0437\u043d\u043e\u0433\u043e, \u0441\u0431\u0430\u043b\u0430\u043d\u0441\u0438\u0440\u043e\u0432\u0430\u043d\u043d\u043e\u0433\u043e \u043f\u0438\u0442\u0430\u043d\u0438\u044f \u0438 \u0437\u0434\u043e\u0440\u043e\u0432\u043e\u0433\u043e \u043e\u0431\u0440\u0430\u0437\u0430 \u0436\u0438\u0437\u043d\u0438!<\/li>\n<\/ul>","protected":false},"excerpt":{"rendered":"<p>\u00d6sszetev\u0151i k\u00f6z\u00fcl az \u00e9desk\u00f6m\u00e9ny seg\u00edti az em\u00e9szt\u0151rendszer norm\u00e1l m\u0171k\u00f6d\u00e9s\u00e9t, az immunrendszer eg\u00e9szs\u00e9g\u00e9t. Az apr\u00f3bojtorj\u00e1n t\u00e1mogatja a b\u0151r eg\u00e9szs\u00e9g\u00e9t, n\u00f6veli a szervezet ellen\u00e1ll\u00f3 k\u00e9pess\u00e9g\u00e9t. A csal\u00e1n lev\u00e9l hozz\u00e1j\u00e1rul a test energiaszintj\u00e9nek n\u00f6vel\u00e9s\u00e9hez, a test vitalit\u00e1s\u00e1hoz. A cickafark t\u00e1mogatja a ves\u00e9k kiv\u00e1laszt\u00f3 funkci\u00f3j\u00e1t.<\/p>","protected":false},"featured_media":10560,"comment_status":"open","ping_status":"closed","template":"","meta":{"_acf_changed":false,"_monsterinsights_skip_tracking":false,"_monsterinsights_sitenote_active":false,"_monsterinsights_sitenote_note":"","_monsterinsights_sitenote_category":0},"product_brand":[],"product_cat":[709,215,386,717,344,194,346,192,205],"product_tag":[430,429],"class_list":{"0":"post-4252","1":"product","2":"type-product","3":"status-publish","4":"has-post-thumbnail","6":"product_cat-akcios-termekek","7":"product_cat-dosa-teakeverekek","8":"product_cat-emesztorendszer","9":"product_cat-hu-feed","10":"product_cat-hugyuti-rendszer","11":"product_cat-immunrendszer","12":"product_cat-kozponti-idegrendszer","13":"product_cat-megfazas","14":"product_cat-teakeverekek","15":"product_tag-ayurveda-tea","16":"product_tag-ayurveda-tipus","18":"first","19":"instock","20":"shipping-taxable","21":"purchasable","22":"product-type-simple"},"acf":[],"_links":{"self":[{"href":"https:\/\/calendulapharma.com\/ru\/wp-json\/wp\/v2\/product\/4252","targetHints":{"allow":["GET"]}}],"collection":[{"href":"https:\/\/calendulapharma.com\/ru\/wp-json\/wp\/v2\/product"}],"about":[{"href":"https:\/\/calendulapharma.com\/ru\/wp-json\/wp\/v2\/types\/product"}],"replies":[{"embeddable":true,"href":"https:\/\/calendulapharma.com\/ru\/wp-json\/wp\/v2\/comments?post=4252"}],"version-history":[{"count":7,"href":"https:\/\/calendulapharma.com\/ru\/wp-json\/wp\/v2\/product\/4252\/revisions"}],"predecessor-version":[{"id":21443,"href":"https:\/\/calendulapharma.com\/ru\/wp-json\/wp\/v2\/product\/4252\/revisions\/21443"}],"wp:featuredmedia":[{"embeddable":true,"href":"https:\/\/calendulapharma.com\/ru\/wp-json\/wp\/v2\/media\/10560"}],"wp:attachment":[{"href":"https:\/\/calendulapharma.com\/ru\/wp-json\/wp\/v2\/media?parent=4252"}],"wp:term":[{"taxonomy":"product_brand","embeddable":true,"href":"https:\/\/calendulapharma.com\/ru\/wp-json\/wp\/v2\/product_brand?post=4252"},{"taxonomy":"product_cat","embeddable":true,"href":"https:\/\/calendulapharma.com\/ru\/wp-json\/wp\/v2\/product_cat?post=4252"},{"taxonomy":"product_tag","embeddable":true,"href":"https:\/\/calendulapharma.com\/ru\/wp-json\/wp\/v2\/product_tag?post=4252"}],"curies":[{"name":"wp","href":"https:\/\/api.w.org\/{rel}","templated":true}]}}