{"id":4258,"date":"2022-08-16T10:08:05","date_gmt":"2022-08-16T08:08:05","guid":{"rendered":"https:\/\/calendulapharma.com\/?post_type=product&#038;p=4258"},"modified":"2026-02-13T15:55:10","modified_gmt":"2026-02-13T14:55:10","slug":"salaktalanito-teakeverek","status":"publish","type":"product","link":"https:\/\/calendulapharma.com\/ru\/product\/salaktalanito-teakeverek\/","title":{"rendered":"\u0410\u043d\u0442\u0438\u043e\u043a\u0441\u0438\u0434\u0430\u043d\u0442\u043d\u0430\u044f \u0447\u0430\u0439\u043d\u0430\u044f \u0441\u043c\u0435\u0441\u044c"},"content":{"rendered":"<h3>F\u0150BB TULAJDONS\u00c1GOK:<\/h3>\n<p>\u0421\u043c\u0435\u0441\u044c \u0442\u0440\u0430\u0432\u044f\u043d\u044b\u0445 \u0447\u0430\u0435\u0432 \u0434\u043b\u044f \u043e\u0447\u0438\u0449\u0435\u043d\u0438\u044f \u043f\u0438\u0449\u0435\u0432\u0430\u0440\u0438\u0442\u0435\u043b\u044c\u043d\u043e\u0433\u043e \u0442\u0440\u0430\u043a\u0442\u0430. \u0421\u0442\u0438\u043c\u0443\u043b\u0438\u0440\u0443\u0435\u0442 \u043f\u0440\u043e\u0446\u0435\u0441\u0441 \u0432\u044b\u0432\u0435\u0434\u0435\u043d\u0438\u044f \u0442\u043e\u043a\u0441\u0438\u043d\u043e\u0432. \u0421\u043f\u043e\u0441\u043e\u0431\u0441\u0442\u0432\u0443\u0435\u0442 \u0432\u044b\u0432\u0435\u0434\u0435\u043d\u0438\u044e \u0438\u0437 \u043e\u0440\u0433\u0430\u043d\u0438\u0437\u043c\u0430 \u043c\u043e\u0447\u0435\u0432\u043e\u0439 \u043a\u0438\u0441\u043b\u043e\u0442\u044b, \u043c\u043e\u043b\u043e\u0447\u043d\u043e\u0439 \u043a\u0438\u0441\u043b\u043e\u0442\u044b \u0438 \u0434\u0440\u0443\u0433\u0438\u0445 \u043c\u0435\u0442\u0430\u0431\u043e\u043b\u0438\u0442\u043e\u0432 \u0438 \u0442\u043e\u043a\u0441\u0438\u0447\u043d\u044b\u0445 \u0432\u0435\u0449\u0435\u0441\u0442\u0432.<\/p>\n<h3>\u0410\u0421\u0421\u041e\u0426\u0418\u0410\u0422\u041e\u0420\u042b:<\/h3>\n<ul>\n<li>\u041b\u0438\u0441\u0442 \u043c\u044f\u0442\u044b \u043f\u0435\u0440\u0435\u0447\u043d\u043e\u0439 (mentha piperita)<\/li>\n<li>Feh\u00e9r m\u00e1lyvagy\u00f6k\u00e9r (althaea officinalis)<\/li>\n<li>L\u00f3s\u00f3skaf\u0171 (rumex acetosa)<\/li>\n<li>Szenna lev\u00e9l (senna folium)<\/li>\n<li>Kamilla vir\u00e1g (matricaria chamomilla)<\/li>\n<li>Kutyabenge k\u00e9reg (frangula alnus)<\/li>\n<li>\u0421\u0435\u043c\u0435\u043d\u0430 \u0444\u0435\u043d\u0445\u0435\u043b\u044f (foeniculum vulgare)<\/li>\n<li>\u0421\u0435\u043c\u0435\u043d\u0430 \u043c\u044b\u0441\u0430 (anethum graveolens)<\/li>\n<\/ul>\n<h3>HAT\u00d3ANYAGOK:<\/h3>\n<ul>\n<li>Borsmenta: hozz\u00e1j\u00e1rul a b\u00e9lrendszer norm\u00e1l m\u0171k\u00f6d\u00e9s\u00e9hez \u00e9s megk\u00f6nny\u00edti az em\u00e9szt\u00e9st.<\/li>\n<li>L\u00f3s\u00f3ska: fert\u0151tlen\u00edt\u0151 hat\u00e1sa van.<\/li>\n<\/ul>\n<h3>FELHASZN\u00c1L\u00c1S:<\/h3>\n<p>\u041f\u0440\u043e\u043a\u0438\u043f\u044f\u0442\u0438\u0442\u0435 2 \u0447\u0430\u0439\u043d\u044b\u0435 \u043b\u043e\u0436\u043a\u0438 \u0442\u0440\u0430\u0432\u044b \u0432 2 \u0434\u043b \u0432\u043e\u0434\u044b \u0432 \u0442\u0435\u0447\u0435\u043d\u0438\u0435 10-15 \u043c\u0438\u043d\u0443\u0442 \u0438 \u043f\u0440\u043e\u0446\u0435\u0434\u0438\u0442\u0435. \u041f\u043e\u0441\u043b\u0435 \u044d\u0442\u043e\u0433\u043e \u043d\u0430\u043f\u0438\u0442\u043e\u043a \u0433\u043e\u0442\u043e\u0432 \u043a \u0443\u043f\u043e\u0442\u0440\u0435\u0431\u043b\u0435\u043d\u0438\u044e!<\/p>\n<h3>FIGYELEM!<\/h3>\n<ul>\n<li>\u041d\u0435 \u0440\u0435\u043a\u043e\u043c\u0435\u043d\u0434\u0443\u0435\u0442\u0441\u044f \u0443\u043f\u043e\u0442\u0440\u0435\u0431\u043b\u044f\u0442\u044c \u0432\u043e \u0432\u0440\u0435\u043c\u044f \u0431\u0435\u0440\u0435\u043c\u0435\u043d\u043d\u043e\u0441\u0442\u0438 \u0438 \u0433\u0440\u0443\u0434\u043d\u043e\u0433\u043e \u0432\u0441\u043a\u0430\u0440\u043c\u043b\u0438\u0432\u0430\u043d\u0438\u044f!<\/li>\n<li>\u041b\u044e\u0434\u044f\u043c, \u043d\u0430\u0445\u043e\u0434\u044f\u0449\u0438\u043c\u0441\u044f \u043d\u0430 \u043b\u0435\u0447\u0435\u043d\u0438\u0438, \u0438 \u0442\u0435\u043c, \u043a\u0442\u043e \u0440\u0435\u0433\u0443\u043b\u044f\u0440\u043d\u043e \u043f\u0440\u0438\u043d\u0438\u043c\u0430\u0435\u0442 \u043b\u0435\u043a\u0430\u0440\u0441\u0442\u0432\u0430, \u0441\u043b\u0435\u0434\u0443\u0435\u0442 \u043f\u0440\u043e\u043a\u043e\u043d\u0441\u0443\u043b\u044c\u0442\u0438\u0440\u043e\u0432\u0430\u0442\u044c\u0441\u044f \u0441 \u0432\u0440\u0430\u0447\u043e\u043c \u043f\u043e \u043f\u043e\u0432\u043e\u0434\u0443 \u0438\u0441\u043f\u043e\u043b\u044c\u0437\u043e\u0432\u0430\u043d\u0438\u044f \u044d\u0442\u043e\u0433\u043e \u043f\u0440\u043e\u0434\u0443\u043a\u0442\u0430.<\/li>\n<li>\u0423\u043f\u043e\u0442\u0440\u0435\u0431\u043b\u0435\u043d\u0438\u0435 \u044d\u0442\u043e\u0433\u043e \u043f\u0440\u043e\u0434\u0443\u043a\u0442\u0430 \u043d\u0435 \u0437\u0430\u043c\u0435\u043d\u044f\u0435\u0442 \u0440\u0430\u0437\u043d\u043e\u043e\u0431\u0440\u0430\u0437\u043d\u043e\u0433\u043e, \u0441\u0431\u0430\u043b\u0430\u043d\u0441\u0438\u0440\u043e\u0432\u0430\u043d\u043d\u043e\u0433\u043e \u043f\u0438\u0442\u0430\u043d\u0438\u044f \u0438 \u0437\u0434\u043e\u0440\u043e\u0432\u043e\u0433\u043e \u043e\u0431\u0440\u0430\u0437\u0430 \u0436\u0438\u0437\u043d\u0438!<\/li>\n<li>\u0425\u0440\u0430\u043d\u0435\u043d\u0438\u0435: \u043f\u0440\u0438 \u043a\u043e\u043c\u043d\u0430\u0442\u043d\u043e\u0439 \u0442\u0435\u043c\u043f\u0435\u0440\u0430\u0442\u0443\u0440\u0435<\/li>\n<\/ul>","protected":false},"excerpt":{"rendered":"<p>Gy\u00f3gytea-kever\u00e9k a szervezet salakanyagokt\u00f3l t\u00f6rt\u00e9n\u0151 megtiszt\u00edt\u00e1s\u00e1ra \u00e9s az em\u00e9szt\u0151rendszer tiszt\u00edt\u00e1sra. Serkentheti a ki\u00fcr\u00fcl\u00e9si folyamatokat. Seg\u00edthet elt\u00e1vol\u00edtani a szervezetb\u0151l a h\u00fagysavat, tejsavat \u00e9s egy\u00e9b metabolitokat, toxikus anyagokat.<\/p>","protected":false},"featured_media":10565,"comment_status":"open","ping_status":"closed","template":"","meta":{"_acf_changed":false,"_monsterinsights_skip_tracking":false,"_monsterinsights_sitenote_active":false,"_monsterinsights_sitenote_note":"","_monsterinsights_sitenote_category":0},"product_brand":[],"product_cat":[709,211,717,348,205],"product_tag":[426],"class_list":{"0":"post-4258","1":"product","2":"type-product","3":"status-publish","4":"has-post-thumbnail","6":"product_cat-akcios-termekek","7":"product_cat-anyagcsere","8":"product_cat-hu-feed","9":"product_cat-meregtelenites","10":"product_cat-teakeverekek","11":"product_tag-meregtelenites","13":"first","14":"instock","15":"shipping-taxable","16":"purchasable","17":"product-type-simple"},"acf":[],"_links":{"self":[{"href":"https:\/\/calendulapharma.com\/ru\/wp-json\/wp\/v2\/product\/4258","targetHints":{"allow":["GET"]}}],"collection":[{"href":"https:\/\/calendulapharma.com\/ru\/wp-json\/wp\/v2\/product"}],"about":[{"href":"https:\/\/calendulapharma.com\/ru\/wp-json\/wp\/v2\/types\/product"}],"replies":[{"embeddable":true,"href":"https:\/\/calendulapharma.com\/ru\/wp-json\/wp\/v2\/comments?post=4258"}],"version-history":[{"count":3,"href":"https:\/\/calendulapharma.com\/ru\/wp-json\/wp\/v2\/product\/4258\/revisions"}],"predecessor-version":[{"id":21442,"href":"https:\/\/calendulapharma.com\/ru\/wp-json\/wp\/v2\/product\/4258\/revisions\/21442"}],"wp:featuredmedia":[{"embeddable":true,"href":"https:\/\/calendulapharma.com\/ru\/wp-json\/wp\/v2\/media\/10565"}],"wp:attachment":[{"href":"https:\/\/calendulapharma.com\/ru\/wp-json\/wp\/v2\/media?parent=4258"}],"wp:term":[{"taxonomy":"product_brand","embeddable":true,"href":"https:\/\/calendulapharma.com\/ru\/wp-json\/wp\/v2\/product_brand?post=4258"},{"taxonomy":"product_cat","embeddable":true,"href":"https:\/\/calendulapharma.com\/ru\/wp-json\/wp\/v2\/product_cat?post=4258"},{"taxonomy":"product_tag","embeddable":true,"href":"https:\/\/calendulapharma.com\/ru\/wp-json\/wp\/v2\/product_tag?post=4258"}],"curies":[{"name":"wp","href":"https:\/\/api.w.org\/{rel}","templated":true}]}}