{"id":4753,"date":"2022-10-04T16:05:13","date_gmt":"2022-10-04T14:05:13","guid":{"rendered":"https:\/\/calendulapharma.com\/?post_type=product&#038;p=4753"},"modified":"2026-02-13T15:52:36","modified_gmt":"2026-02-13T14:52:36","slug":"punarnavadi-kapszula","status":"publish","type":"product","link":"https:\/\/calendulapharma.com\/ru\/product\/punarnavadi-kapszula\/","title":{"rendered":"\u041a\u0430\u043f\u0441\u0443\u043b\u0430 \u041f\u0443\u043d\u0430\u0440\u043d\u0430\u0432\u0430\u0434\u0438"},"content":{"rendered":"<h4>OGY\u00c9I notifik\u00e1ci\u00f3s sz\u00e1m: 24710\/2020<\/h4>\n<h3><strong>F\u0150BB TULAJDONS\u00c1GOK:<\/strong><\/h3>\n<p>A punarnavadi kapszula seg\u00edti a szervezet teljes meg\u00fajul\u00e1s\u00e1t, a vese \u00e9s h\u00fagy\u00fati szervek norm\u00e1l m\u0171k\u00f6d\u00e9s\u00e9t. M\u00e1jtiszt\u00edt\u00f3, v\u00edzhajt\u00f3, v\u00e9rtiszt\u00edt\u00f3 hat\u00e1s\u00fa. Szerepet j\u00e1tszik a szervezet eg\u00e9szs\u00e9ges folyad\u00e9kh\u00e1ztart\u00e1s\u00e1ban. \u0150si indiai receptek alapj\u00e1n, gondosan v\u00e1logatott n\u00f6v\u00e9nyi alapanyagokb\u00f3l k\u00e9sz\u00fclt term\u00e9k.<\/p>\n<h3><strong>\u0410\u0421\u0421\u041e\u0426\u0418\u0410\u0422\u041e\u0420\u042b:<\/strong><\/h3>\n<ul>\n<li>Punarnava<\/li>\n<li>Mirobal\u00e1nfa gy\u00fcm\u00f6lcs<\/li>\n<li>V\u00e9gzetcserje<\/li>\n<li>Mezei kat\u00e1ng<\/li>\n<li>Petrezselyem<\/li>\n<li>\u0418\u043c\u0431\u0438\u0440\u044c<\/li>\n<li>Kurkuma)<\/li>\n<li>Gyermekl\u00e1ncf\u0171<\/li>\n<li>Bor\u00f3kabogy\u00f3<\/li>\n<li>\u0424\u0435\u043d\u0445\u0435\u043b\u044c<\/li>\n<\/ul>\n<h3><strong>ADAGOL\u00c1S:<\/strong><\/h3>\n<p>Feln\u0151tteknek naponta 2-3 alkalommal 2-4 kapszula elfogyaszt\u00e1sa aj\u00e1nlott. Gyermek (7-15 \u00e9v) napi adag 2 x 1 kapszula. 7 \u00e9ves kor alatt fogyaszt\u00e1sa nem aj\u00e1nlott!<\/p>\n<h3><strong>FIGYELMEZTET\u00c9S!<\/strong><\/h3>\n<ul>\n<li>\u0411\u0435\u0440\u0435\u043c\u0435\u043d\u043d\u044b\u043c \u0436\u0435\u043d\u0449\u0438\u043d\u0430\u043c \u0441\u043b\u0435\u0434\u0443\u0435\u0442 \u0432\u043e\u0437\u0434\u0435\u0440\u0436\u0430\u0442\u044c\u0441\u044f \u043e\u0442 \u043f\u0440\u0438\u043c\u0435\u043d\u0435\u043d\u0438\u044f \u0432 \u0442\u0435\u0447\u0435\u043d\u0438\u0435 \u043f\u0435\u0440\u0432\u043e\u0433\u043e \u0442\u0440\u0438\u043c\u0435\u0441\u0442\u0440\u0430!<\/li>\n<li>\u041d\u0435 \u043f\u0440\u0435\u0432\u044b\u0448\u0430\u0439\u0442\u0435 \u0440\u0435\u043a\u043e\u043c\u0435\u043d\u0434\u0443\u0435\u043c\u0443\u044e \u0441\u0443\u0442\u043e\u0447\u043d\u0443\u044e \u043d\u043e\u0440\u043c\u0443!<\/li>\n<li>\u0425\u0440\u0430\u043d\u0438\u0442\u044c \u0432 \u043d\u0435\u0434\u043e\u0441\u0442\u0443\u043f\u043d\u043e\u043c \u0434\u043b\u044f \u0434\u0435\u0442\u0435\u0439 \u043c\u0435\u0441\u0442\u0435!<\/li>\n<li>\u0411\u0410\u0414\u044b \u043d\u0435 \u0437\u0430\u043c\u0435\u043d\u044f\u044e\u0442 \u0441\u043c\u0435\u0448\u0430\u043d\u043d\u043e\u0435 \u043f\u0438\u0442\u0430\u043d\u0438\u0435 \u0438 \u0437\u0434\u043e\u0440\u043e\u0432\u044b\u0439 \u043e\u0431\u0440\u0430\u0437 \u0436\u0438\u0437\u043d\u0438!<\/li>\n<\/ul>","protected":false},"excerpt":{"rendered":"<p>A punarnavadi kapszula seg\u00edti a szervezet teljes meg\u00fajul\u00e1s\u00e1t, a vese \u00e9s h\u00fagy\u00fati szervek norm\u00e1l m\u0171k\u00f6d\u00e9s\u00e9t. M\u00e1jtiszt\u00edt\u00f3, v\u00edzhajt\u00f3, v\u00e9rtiszt\u00edt\u00f3 hat\u00e1s\u00fa.<\/p>","protected":false},"featured_media":10404,"comment_status":"open","ping_status":"closed","template":"","meta":{"_acf_changed":false,"_monsterinsights_skip_tracking":false,"_monsterinsights_sitenote_active":false,"_monsterinsights_sitenote_note":"","_monsterinsights_sitenote_category":0},"product_brand":[],"product_cat":[709,211,708,382,717,344,348],"product_tag":[432],"class_list":{"0":"post-4753","1":"product","2":"type-product","3":"status-publish","4":"has-post-thumbnail","6":"product_cat-akcios-termekek","7":"product_cat-anyagcsere","8":"product_cat-ayurveda-keszitmenyek","9":"product_cat-etrend-kiegeszitok","10":"product_cat-hu-feed","11":"product_cat-hugyuti-rendszer","12":"product_cat-meregtelenites","13":"product_tag-fiatalsag","15":"first","16":"instock","17":"shipping-taxable","18":"purchasable","19":"product-type-simple"},"acf":[],"_links":{"self":[{"href":"https:\/\/calendulapharma.com\/ru\/wp-json\/wp\/v2\/product\/4753","targetHints":{"allow":["GET"]}}],"collection":[{"href":"https:\/\/calendulapharma.com\/ru\/wp-json\/wp\/v2\/product"}],"about":[{"href":"https:\/\/calendulapharma.com\/ru\/wp-json\/wp\/v2\/types\/product"}],"replies":[{"embeddable":true,"href":"https:\/\/calendulapharma.com\/ru\/wp-json\/wp\/v2\/comments?post=4753"}],"version-history":[{"count":4,"href":"https:\/\/calendulapharma.com\/ru\/wp-json\/wp\/v2\/product\/4753\/revisions"}],"predecessor-version":[{"id":21423,"href":"https:\/\/calendulapharma.com\/ru\/wp-json\/wp\/v2\/product\/4753\/revisions\/21423"}],"wp:featuredmedia":[{"embeddable":true,"href":"https:\/\/calendulapharma.com\/ru\/wp-json\/wp\/v2\/media\/10404"}],"wp:attachment":[{"href":"https:\/\/calendulapharma.com\/ru\/wp-json\/wp\/v2\/media?parent=4753"}],"wp:term":[{"taxonomy":"product_brand","embeddable":true,"href":"https:\/\/calendulapharma.com\/ru\/wp-json\/wp\/v2\/product_brand?post=4753"},{"taxonomy":"product_cat","embeddable":true,"href":"https:\/\/calendulapharma.com\/ru\/wp-json\/wp\/v2\/product_cat?post=4753"},{"taxonomy":"product_tag","embeddable":true,"href":"https:\/\/calendulapharma.com\/ru\/wp-json\/wp\/v2\/product_tag?post=4753"}],"curies":[{"name":"wp","href":"https:\/\/api.w.org\/{rel}","templated":true}]}}