{"id":6546,"date":"2023-02-09T11:23:13","date_gmt":"2023-02-09T10:23:13","guid":{"rendered":"https:\/\/calendulapharma.com\/?post_type=product&#038;p=6546"},"modified":"2026-03-03T13:57:24","modified_gmt":"2026-03-03T12:57:24","slug":"immunero-csomag","status":"publish","type":"product","link":"https:\/\/calendulapharma.com\/ru\/product\/immunero-csomag\/","title":{"rendered":"\u041f\u0430\u043a\u0435\u0442 \u0438\u043c\u043c\u0443\u043d\u0438\u0442\u0435\u0442\u0430"},"content":{"rendered":"<p><strong>\u041a\u0410\u041f\u0421\u0423\u041b\u042b LUNGVITAL<\/strong>\u00a0 - \u043f\u0440\u043e\u0444\u0438\u043b\u0430\u043a\u0442\u0438\u043a\u0430 \u0438 \u0443\u0441\u0442\u0440\u0430\u043d\u0435\u043d\u0438\u0435 \u0437\u0430\u0431\u043e\u043b\u0435\u0432\u0430\u043d\u0438\u0439 \u043b\u0435\u0433\u043a\u0438\u0445 \u0438 \u0434\u044b\u0445\u0430\u0442\u0435\u043b\u044c\u043d\u044b\u0445 \u043f\u0443\u0442\u0435\u0439<\/p>\n<p>A 12 gy\u00f3gyn\u00f6v\u00e9ny erej\u00e9t \u00e9s k\u00f6lcs\u00f6nhat\u00e1s\u00e1t egys\u00e9ges mechanizmusban haszn\u00e1lja fel a l\u00e9gz\u0151rendszer t\u00e1mogat\u00e1s\u00e1ra, a l\u00e9gutak tiszt\u00edt\u00e1s\u00e1ra \u00e9s v\u00e9d\u0151funkci\u00f3inak er\u0151s\u00edt\u00e9s\u00e9re. Nagy mennyis\u00e9g\u0171 orr- \u00e9s garatcsepp eset\u00e9n is hat\u00e9kony seg\u00edts\u00e9g lehet!<\/p>\n<p>A k\u00e9sz\u00edtm\u00e9ny a Calendula Klinika fitolaborj\u00e1ban k\u00e9sz\u00fcl egyedi gy\u00e1rt\u00e1si technol\u00f3gi\u00e1val. A rendk\u00edv\u00fcl id\u0151- \u00e9s munkaig\u00e9nyes &#8222;potenci\u00e1l\u00e1s&#8221; elj\u00e1r\u00e1s alkalmaz\u00e1s\u00e1nak c\u00e9lja, hogy a hat\u00f3anyagok biztons\u00e1gosan \u00e9s a lehet\u0151 legnagyobb koncentr\u00e1ci\u00f3ban ker\u00fcljenek a k\u00e9sz\u00edtm\u00e9nybe, r\u00e1ad\u00e1sul az \u00f6sszetev\u0151k egym\u00e1ssal egy\u00fcttm\u0171k\u00f6dve fokozz\u00e1k hat\u00e1sukat.<\/p>\n<p>A LUNGVITAL a Calendula Eg\u00e9szs\u00e9g\u00fcgyi Klinika egyik legismertebb \u00e9s legn\u00e9pszer\u0171bb \u00e9trend-kieg\u00e9sz\u00edt\u0151je.A t\u00f6bbi Calendula Pharma k\u00e9sz\u00edtm\u00e9nyhez hasonl\u00f3an az ayurv\u00e9dikus, a hagyom\u00e1nyos k\u00ednai \u00e9s az \u00f3kori arab orvosl\u00e1sban haszn\u00e1lt hagyom\u00e1nyos receptek \u00e9s m\u00f3dszerek alapj\u00e1n lett kifejlesztve, az eur\u00f3pai emberi szervezethez igaz\u00edtva.<\/p>\n<p><em>\u0410\u0421\u0421\u041e\u0426\u0418\u0410\u0422\u041e\u0420\u042b:<\/em><br \/>\n<em>\u0421\u0430\u0434\u043e\u0432\u044b\u0439 \u0442\u0438\u043c\u044c\u044f\u043d, \u043b\u0430\u043a\u0440\u0438\u0446\u0430, \u043c\u0435\u0434\u0438\u0446\u0438\u043d\u0441\u043a\u0438\u0439 \u0437\u0438\u043b\u0438\u0437, \u043f\u0430\u0436\u0438\u0442\u043d\u0438\u043a, \u043f\u0443\u0440\u043f\u0443\u0440\u043d\u0430\u044f \u0431\u0435\u0440\u0435\u0437\u0430, \u0433\u0443\u0430\u0440\u0430\u043d\u0430, \u0441\u0432\u044f\u0449\u0435\u043d\u043d\u044b\u0439 \u0431\u0430\u0437\u0438\u043b\u0438\u043a, \u0433\u0432\u043e\u0437\u0434\u0438\u043a\u0430, \u0438\u043c\u0431\u0438\u0440\u044c, \u0446\u0435\u0439\u043b\u043e\u043d\u0441\u043a\u0430\u044f \u043a\u043e\u0440\u0438\u0446\u0430.\u00a0<\/em><\/p>\n<p>&nbsp;<\/p>\n<p>&nbsp;<\/p>\n<p><strong>\u041a\u0410\u041f\u0421\u0423\u041b\u0410 \u0418\u041c\u041c\u0423\u041d\u0424\u041e\u0420\u0421\u00a0<\/strong> - \u043f\u043e\u0434\u0434\u0435\u0440\u0436\u043a\u0430 \u0438\u043c\u043c\u0443\u043d\u043d\u043e\u0439 \u0441\u0438\u0441\u0442\u0435\u043c\u044b<\/p>\n<p>Biol\u00f3giailag akt\u00edv \u00e9trend-kieg\u00e9sz\u00edt\u0151 echinace\u00e1val + 11 gy\u00f3gyn\u00f6v\u00e9nnyel a szervezet ellen\u00e1ll\u00f3 k\u00e9pess\u00e9g\u00e9nek t\u00e1mogat\u00e1s\u00e1ra.<\/p>\n<p>12 gy\u00f3gyn\u00f6v\u00e9ny erej\u00e9t \u00e9s k\u00f6lcs\u00f6nhat\u00e1s\u00e1t haszn\u00e1lja fel egy egys\u00e9ges mechanizmusban az immunrendszer t\u00e1mogat\u00e1s\u00e1ra \u00e9s szervezet\u00fcnk v\u00e9delmi funkci\u00f3inak er\u0151s\u00edt\u00e9s\u00e9re.<\/p>\n<p>A k\u00e9sz\u00edtm\u00e9ny a Calendula Klinika fitolaborj\u00e1ban k\u00e9sz\u00fcl egyedi gy\u00e1rt\u00e1si technol\u00f3gi\u00e1val. A rendk\u00edv\u00fcl id\u0151- \u00e9s munkaig\u00e9nyes &#8222;potenci\u00e1l\u00e1s&#8221; elj\u00e1r\u00e1s alkalmaz\u00e1s\u00e1nak c\u00e9lja, hogy a hat\u00f3anyagok biztons\u00e1gosan \u00e9s a lehet\u0151 legnagyobb koncentr\u00e1ci\u00f3ban ker\u00fcljenek a k\u00e9sz\u00edtm\u00e9nybe, r\u00e1ad\u00e1sul az \u00f6sszetev\u0151k egy\u00fcttesen hatnak a hat\u00e1suk fokoz\u00e1sa \u00e9rdek\u00e9ben.<\/p>\n<p>Az ImmunForce a Calendula Klinika egyik legismertebb \u00e9s legn\u00e9pszer\u0171bb \u00e9trend-kieg\u00e9sz\u00edt\u0151je.<\/p>\n<p>A t\u00f6bbi Calendula Pharma k\u00e9sz\u00edtm\u00e9nyhez hasonl\u00f3an az ayurv\u00e9dikus, a tradicion\u00e1lis k\u00ednai \u00e9s az \u00f3kori arab orvosl\u00e1sban haszn\u00e1lt hagyom\u00e1nyos receptek \u00e9s m\u00f3dszerek alapj\u00e1n lett kifejlesztve, az eur\u00f3pai emberi szervezethez igaz\u00edtva.<\/p>\n<p>A nemzetk\u00f6zileg elismert Calendula Eg\u00e9szs\u00e9g\u00fcgyi Int\u00e9zetben a legk\u00fcl\u00f6nb\u00f6z\u0151bb panaszokat kiz\u00e1r\u00f3lag term\u00e9szetes gy\u00f3gym\u00f3dokkal \u00e9s saj\u00e1t gy\u00f3gyszerk\u00e9sz\u00edtm\u00e9nyekkel kezelj\u00fck.<\/p>\n<p><em>\u0410\u0421\u0421\u041e\u0426\u0418\u0410\u0422\u041e\u0420\u042b:<\/em><br \/>\n<em>\u042d\u0445\u0438\u043d\u0430\u0446\u0435\u044f, \u043a\u043b\u0435\u0432\u0435\u0440, Terminalia chebula, Terminalia belerica, \u043f\u043b\u043e\u0434\u044b \u0430\u043c\u043b\u044b, \u043a\u0443\u0440\u043a\u0443\u043c\u0430, \u043f\u0430\u0436\u0438\u0442\u043d\u0438\u043a, \u043a\u043e\u0440\u0435\u043d\u044c \u043b\u0430\u043a\u0440\u0438\u0446\u044b, \u0430\u0437\u0438\u0430\u0442\u0441\u043a\u0438\u0439 \u0436\u0435\u043d\u044c\u0448\u0435\u043d\u044c, \u0433\u0432\u043e\u0437\u0434\u0438\u043a\u0430, \u0446\u0435\u0439\u043b\u043e\u043d\u0441\u043a\u0430\u044f \u043a\u043e\u0440\u0438\u0446\u0430, \u0438\u043c\u0431\u0438\u0440\u044c.<\/em><\/p>\n<p>&nbsp;<\/p>\n<p>&nbsp;<\/p>\n<p><strong>\u041a\u0410\u041f\u0421\u0423\u041b\u042b \u041a\u041e\u041b\u0414\u0424\u041e\u0420\u0422\u0415<\/strong>\u00a0- \u041e\u043d \u0442\u0430\u043a\u0436\u0435 \u043f\u043e\u043c\u043e\u0433\u0430\u0435\u0442 \u0441\u043e\u0445\u0440\u0430\u043d\u0438\u0442\u044c \u0437\u0434\u043e\u0440\u043e\u0432\u044c\u0435 \u043e\u0440\u0433\u0430\u043d\u0438\u0437\u043c\u0430 \u0432 \u0445\u043e\u043b\u043e\u0434\u043d\u043e\u0435 \u0432\u0440\u0435\u043c\u044f \u0433\u043e\u0434\u0430.<\/p>\n<p><em><strong>\u0410\u0421\u0421\u041e\u0426\u0418\u0410\u0422\u041e\u0420\u042b:<\/strong><\/em><br \/>\n<em>\u0442\u0438\u043c\u044c\u044f\u043d \u0441\u0430\u0434\u043e\u0432\u044b\u0439, \u043a\u0443\u0440\u043a\u0443\u043c\u0430, \u0438\u0441\u0441\u043e\u043f \u0441\u0430\u0434\u043e\u0432\u044b\u0439, \u0441\u043e\u0441\u043d\u0430 \u0448\u043e\u0442\u043b\u0430\u043d\u0434\u0441\u043a\u0430\u044f, \u043c\u044f\u0442\u0430 \u043f\u0435\u0440\u0435\u0447\u043d\u0430\u044f, \u043b\u0438\u043c\u043e\u043d\u043d\u0438\u043a \u043b\u0435\u043a\u0430\u0440\u0441\u0442\u0432\u0435\u043d\u043d\u044b\u0439, \u0433\u0432\u043e\u0437\u0434\u0438\u043a\u0430, \u043a\u043e\u0440\u0438\u0446\u0430 \u0446\u0435\u0439\u043b\u043e\u043d\u0441\u043a\u0430\u044f, \u043c\u0443\u0441\u043a\u0430\u0442\u043d\u044b\u0439 \u043e\u0440\u0435\u0445<\/em><\/p>\n<p>&nbsp;<\/p>","protected":false},"excerpt":{"rendered":"<p>LUNGVITAL KAPSZULA\u00a0 &#8211; t\u00fcd\u0151- \u00e9s l\u00e9gz\u0151rendszeri betegs\u00e9gek megel\u0151z\u00e9s\u00e9re, megsz\u00fcntet\u00e9s\u00e9re A 12 gy\u00f3gyn\u00f6v\u00e9ny erej\u00e9t \u00e9s k\u00f6lcs\u00f6nhat\u00e1s\u00e1t egys\u00e9ges mechanizmusban haszn\u00e1lja fel a l\u00e9gz\u0151rendszer t\u00e1mogat\u00e1s\u00e1ra, a l\u00e9gutak tiszt\u00edt\u00e1s\u00e1ra \u00e9s v\u00e9d\u0151funkci\u00f3inak er\u0151s\u00edt\u00e9s\u00e9re. Nagy mennyis\u00e9g\u0171 orr- \u00e9s garatcsepp eset\u00e9n is hat\u00e9kony seg\u00edts\u00e9g lehet! A k\u00e9sz\u00edtm\u00e9ny a Calendula Klinika fitolaborj\u00e1ban k\u00e9sz\u00fcl egyedi gy\u00e1rt\u00e1si technol\u00f3gi\u00e1val. A rendk\u00edv\u00fcl id\u0151- \u00e9s munkaig\u00e9nyes &#8222;potenci\u00e1l\u00e1s&#8221; elj\u00e1r\u00e1s [&hellip;]<\/p>\n","protected":false},"featured_media":25506,"comment_status":"open","ping_status":"closed","template":"","meta":{"_acf_changed":false,"_monsterinsights_skip_tracking":false,"_monsterinsights_sitenote_active":false,"_monsterinsights_sitenote_note":"","_monsterinsights_sitenote_category":0},"product_brand":[],"product_cat":[709,382,717,194,528,347,192,189,219],"product_tag":[1293],"class_list":{"0":"post-6546","1":"product","2":"type-product","3":"status-publish","4":"has-post-thumbnail","6":"product_cat-akcios-termekek","7":"product_cat-etrend-kiegeszitok","8":"product_cat-hu-feed","9":"product_cat-immunrendszer","10":"product_cat-kronikus-faradtsag","11":"product_cat-legzorendszer","12":"product_cat-megfazas","13":"product_cat-minden-termek","14":"product_cat-termekcsomagok","15":"product_tag-termcsom","17":"first","18":"instock","19":"sale","20":"shipping-taxable","21":"purchasable","22":"product-type-simple"},"acf":[],"_links":{"self":[{"href":"https:\/\/calendulapharma.com\/ru\/wp-json\/wp\/v2\/product\/6546","targetHints":{"allow":["GET"]}}],"collection":[{"href":"https:\/\/calendulapharma.com\/ru\/wp-json\/wp\/v2\/product"}],"about":[{"href":"https:\/\/calendulapharma.com\/ru\/wp-json\/wp\/v2\/types\/product"}],"replies":[{"embeddable":true,"href":"https:\/\/calendulapharma.com\/ru\/wp-json\/wp\/v2\/comments?post=6546"}],"version-history":[{"count":18,"href":"https:\/\/calendulapharma.com\/ru\/wp-json\/wp\/v2\/product\/6546\/revisions"}],"predecessor-version":[{"id":24598,"href":"https:\/\/calendulapharma.com\/ru\/wp-json\/wp\/v2\/product\/6546\/revisions\/24598"}],"wp:featuredmedia":[{"embeddable":true,"href":"https:\/\/calendulapharma.com\/ru\/wp-json\/wp\/v2\/media\/25506"}],"wp:attachment":[{"href":"https:\/\/calendulapharma.com\/ru\/wp-json\/wp\/v2\/media?parent=6546"}],"wp:term":[{"taxonomy":"product_brand","embeddable":true,"href":"https:\/\/calendulapharma.com\/ru\/wp-json\/wp\/v2\/product_brand?post=6546"},{"taxonomy":"product_cat","embeddable":true,"href":"https:\/\/calendulapharma.com\/ru\/wp-json\/wp\/v2\/product_cat?post=6546"},{"taxonomy":"product_tag","embeddable":true,"href":"https:\/\/calendulapharma.com\/ru\/wp-json\/wp\/v2\/product_tag?post=6546"}],"curies":[{"name":"wp","href":"https:\/\/api.w.org\/{rel}","templated":true}]}}