{"id":6687,"date":"2023-02-21T13:00:08","date_gmt":"2023-02-21T12:00:08","guid":{"rendered":"https:\/\/calendulapharma.com\/?post_type=product&#038;p=6687"},"modified":"2026-03-09T14:49:18","modified_gmt":"2026-03-09T13:49:18","slug":"noi-ero-csomag","status":"publish","type":"product","link":"https:\/\/calendulapharma.com\/ru\/product\/noi-ero-csomag\/","title":{"rendered":"\u041f\u0430\u043a\u0435\u0442 \u0443\u0441\u043b\u0443\u0433 \u0434\u043b\u044f \u0436\u0435\u043d\u0441\u043a\u043e\u0433\u043e \u0437\u0434\u043e\u0440\u043e\u0432\u044c\u044f"},"content":{"rendered":"<p><strong>FERTILYMED kapszula<\/strong><\/p>\n<p>180 db<\/p>\n<p>\u0150si k\u00ednai recept\u00fara alapj\u00e1n, term\u00e9szetes \u00f6sszetev\u0151kb\u0151l k\u00e9sz\u00fclt kapszula mely t\u00e1mogatja a n\u0151i hormon\u00e1lis szf\u00e9r\u00e1t, aktiv\u00e1lja a v\u00e9rkering\u00e9st, seg\u00edts\u00e9g lehet a term\u00e9kenys\u00e9g fokoz\u00e1s\u00e1ban, a menstru\u00e1ci\u00f3s zavarok, menopauza t\u00fcneteinek megsz\u00fcntet\u00e9s\u00e9ben, az idegrendszer normaliz\u00e1l\u00e1s\u00e1ban, a testi-lelki er\u0151 \u00e9s fiatals\u00e1g fenntart\u00e1s\u00e1ban!<\/p>\n<p>AI FU NUAN GONG WAN tradicion\u00e1lis k\u00ednai k\u00e9sz\u00edtm\u00e9ny recept\u00far\u00e1ja alapj\u00e1n k\u00e9sz\u00fclt!<\/p>\n<p>\u0418\u043d\u0433\u0440\u0435\u0434\u0438\u0435\u043d\u0442\u044b:<\/p>\n<p>palka kivonat, argyus-\u00fcr\u00f6m kivonat, csillag\u00e1nizs kivonat, atragalus kivonat, jap\u00e1n angyalgy\u00f6k\u00e9r kivonat, lingusticum kivonat, l\u00e1gysz\u00e1r\u00fa bazsar\u00f3zsa kivonat, rehmania kivonat, lint kivonat, k\u00ednai fah\u00e9j kivonat.<\/p>\n<p>Rehmania gy\u00f6k\u00e9r: aktiv\u00e1lja a v\u00e9rkering\u00e9st, a v\u00e9rt. T\u00e1mogatja a n\u0151i hormon\u00e1lis szf\u00e9r\u00e1t, term\u00e9kenys\u00e9get.<\/p>\n<p>L\u00e1gysz\u00e1r\u00fa bazsar\u00f3zsa: enyh\u00edti a menopauza t\u00fcneteit, normaliz\u00e1lja az idegrendszert.<\/p>\n<p>Astragalus gy\u00f6k\u00e9r: el\u0151seg\u00edti a testnedvek kiv\u00e1laszt\u00e1s\u00e1t, er\u0151s\u00edti a testi-lelki \u00e1llapotot, \u00f6reged\u00e9sg\u00e1tl\u00f3, antioxid\u00e1ns, adaptog\u00e9n \u00e9s \u00e1ltal\u00e1nos regener\u00e1l\u00f3 hat\u00e1s\u00fa.<\/p>\n<p>Kiszerel\u00e9s: 180 db \/ t\u00e9gely, mely egy havi adag<\/p>\n<p>\u0411\u0410\u0414\u044b \u043d\u0435 \u0437\u0430\u043c\u0435\u043d\u044f\u044e\u0442 \u0441\u043c\u0435\u0448\u0430\u043d\u043d\u043e\u0435 \u043f\u0438\u0442\u0430\u043d\u0438\u0435 \u0438 \u0437\u0434\u043e\u0440\u043e\u0432\u044b\u0439 \u043e\u0431\u0440\u0430\u0437 \u0436\u0438\u0437\u043d\u0438!<\/p>\n<p>Figyelmeztet\u00e9s:<\/p>\n<p>terhes n\u0151 az els\u0151 trimeszter alatt alkalmaz\u00e1s\u00e1t\u00f3l tart\u00f3zkodjon! Az aj\u00e1nlott napi mennyis\u00e9get ne l\u00e9pje t\u00fal! Gyermekek el\u0151l elz\u00e1rva tartand\u00f3!<\/p>\n<p><strong>BLOOD-UPDATE kapszula<\/strong><\/p>\n<p>180 db<\/p>\n<p>Gy\u00f3gyn\u00f6v\u00e9ny kapszula a v\u00e9rk\u00e9pz\u00e9s t\u00e1mogat\u00e1s\u00e1ra, az \u00e9r- \u00e9s csontrendszer, a legyeng\u00fclt szervezet regener\u00e1l\u00e1s\u00e1ra, a fizikai er\u0151nl\u00e9t jav\u00edt\u00e1s\u00e1ra. Kapszula\u00a0, mely seg\u00edts\u00e9g v\u00e9rhi\u00e1nyos \u00e1llapot v\u00e9rszeg\u00e9nys\u00e9g eset\u00e9n, s\u00falyos betegs\u00e9gek, m\u0171t\u00e9tek, v\u00e9rvesztes\u00e9g, sz\u00fcl\u00e9s ut\u00e1ni gyors fel\u00e9p\u00fcl\u00e9sben. Visszaadja az \u00e9letenergi\u00e1t a legyeng\u00fclt, kimer\u00fclt szervezetnek!<\/p>\n<p>Tradicion\u00e1lis k\u00ednai k\u00e9sz\u00edtm\u00e9ny,\u00a0Shi Quan Da Bu Tang\u00a0 alapj\u00e1n k\u00e9sz\u00fclt.<\/p>\n<p>\u0418\u043d\u0433\u0440\u0435\u0434\u0438\u0435\u043d\u0442\u044b:<\/p>\n<p>rehmania kivonat, cs\u00fcdf\u0171 kivonat, atractylodis kivonat, jap\u00e1n angyalgy\u00f6k\u00e9r kivonat, ginzeng kivonat, poria kivonat, l\u00e1gysz\u00e1r\u00fa bazsar\u00f3zsa kivonat, ceyloni fah\u00e9jfa kivonat, k\u00ednai \u00e9desgy\u00f6k\u00e9r kivonat, lingusticum kivonat.<\/p>\n<p>Ceyloni fah\u00e9jfa: t\u00e1mogatja a norm\u00e1l v\u00e9rcukorsz\u00edntet \u00e9s v\u00e9rzs\u00edrszintet. Seg\u00edti fenntartani a gyomor- \u00e9s em\u00e9szt\u0151rendszer, a sz\u00edv &#8211; \u00e9s \u00e9rrendszer norm\u00e1l m\u0171k\u00f6d\u00e9s\u00e9t. V\u00e9rtiszt\u00edt\u00f3, v\u00e9rk\u00e9pz\u0151.<\/p>\n<p>Cs\u00fcdf\u0171: fenntartja az \u00edz\u00fcletek mozg\u00e9konys\u00e1g\u00e1t \u00e9s rugalmass\u00e1g\u00e1t, az \u00e9rrendszer eg\u00e9szs\u00e9g\u00e9t, er\u0151s\u00edti a szervezet fizikai \u00e9s ment\u00e1lis ellen\u00e1ll\u00f3 k\u00e9pess\u00e9g\u00e9t. \u00d6reged\u00e9sg\u00e1tl\u00f3, antioxid\u00e1ns.<\/p>\n<p>Ginzeng: t\u00e1mogatja a vitaminok, \u00e1sv\u00e1nyi anyagok, nyomelemek szintj\u00e9nek, a fizikai \u00e9s szellemi k\u00e9pess\u00e9g \u00e9s vitalit\u00e1s fenntart\u00e1s\u00e1t.Stresszcs\u00f6kkent\u0151<\/p>\n<p>A term\u00e9k 180 db kiszerel\u00e9sben kaphat\u00f3, mely egy havi adagot tartalmaz.<\/p>\n<p>\u0411\u0410\u0414\u044b \u043d\u0435 \u0437\u0430\u043c\u0435\u043d\u044f\u044e\u0442 \u0441\u043c\u0435\u0448\u0430\u043d\u043d\u043e\u0435 \u043f\u0438\u0442\u0430\u043d\u0438\u0435 \u0438 \u0437\u0434\u043e\u0440\u043e\u0432\u044b\u0439 \u043e\u0431\u0440\u0430\u0437 \u0436\u0438\u0437\u043d\u0438!<\/p>\n<p>Figyelmeztet\u00e9s:<\/p>\n<p>Terhes n\u0151 az els\u0151 trimeszter alatt alkalmaz\u00e1s\u00e1t\u00f3l tart\u00f3zkodjon! Az aj\u00e1nlott napi mennyis\u00e9get ne l\u00e9pje t\u00fal! Gyermekek el\u0151l elz\u00e1rva tartand\u00f3!<\/p>\n<p>&nbsp;<\/p>\n<p>&nbsp;<\/p>","protected":false},"excerpt":{"rendered":"<p>FERTILYMED kapszula 180 db \u0150si k\u00ednai recept\u00fara alapj\u00e1n, term\u00e9szetes \u00f6sszetev\u0151kb\u0151l k\u00e9sz\u00fclt kapszula mely t\u00e1mogatja a n\u0151i hormon\u00e1lis szf\u00e9r\u00e1t, aktiv\u00e1lja a v\u00e9rkering\u00e9st, seg\u00edts\u00e9g lehet a term\u00e9kenys\u00e9g fokoz\u00e1s\u00e1ban, a menstru\u00e1ci\u00f3s zavarok, menopauza t\u00fcneteinek megsz\u00fcntet\u00e9s\u00e9ben, az idegrendszer normaliz\u00e1l\u00e1s\u00e1ban, a testi-lelki er\u0151 \u00e9s fiatals\u00e1g fenntart\u00e1s\u00e1ban! AI FU NUAN GONG WAN tradicion\u00e1lis k\u00ednai k\u00e9sz\u00edtm\u00e9ny recept\u00far\u00e1ja alapj\u00e1n k\u00e9sz\u00fclt! \u00d6sszetev\u0151k: palka kivonat, [&hellip;]<\/p>\n","protected":false},"featured_media":25367,"comment_status":"open","ping_status":"closed","template":"","meta":{"_acf_changed":false,"_monsterinsights_skip_tracking":false,"_monsterinsights_sitenote_active":false,"_monsterinsights_sitenote_note":"","_monsterinsights_sitenote_category":0},"product_brand":[],"product_cat":[709,382,189,217,719,219],"product_tag":[],"class_list":{"0":"post-6687","1":"product","2":"type-product","3":"status-publish","4":"has-post-thumbnail","6":"product_cat-akcios-termekek","7":"product_cat-etrend-kiegeszitok","8":"product_cat-minden-termek","9":"product_cat-noi-egeszseg","10":"product_cat-noi-egeszsegert","11":"product_cat-termekcsomagok","13":"first","14":"instock","15":"sale","16":"shipping-taxable","17":"purchasable","18":"product-type-simple"},"acf":[],"_links":{"self":[{"href":"https:\/\/calendulapharma.com\/ru\/wp-json\/wp\/v2\/product\/6687","targetHints":{"allow":["GET"]}}],"collection":[{"href":"https:\/\/calendulapharma.com\/ru\/wp-json\/wp\/v2\/product"}],"about":[{"href":"https:\/\/calendulapharma.com\/ru\/wp-json\/wp\/v2\/types\/product"}],"replies":[{"embeddable":true,"href":"https:\/\/calendulapharma.com\/ru\/wp-json\/wp\/v2\/comments?post=6687"}],"version-history":[{"count":2,"href":"https:\/\/calendulapharma.com\/ru\/wp-json\/wp\/v2\/product\/6687\/revisions"}],"predecessor-version":[{"id":18664,"href":"https:\/\/calendulapharma.com\/ru\/wp-json\/wp\/v2\/product\/6687\/revisions\/18664"}],"wp:featuredmedia":[{"embeddable":true,"href":"https:\/\/calendulapharma.com\/ru\/wp-json\/wp\/v2\/media\/25367"}],"wp:attachment":[{"href":"https:\/\/calendulapharma.com\/ru\/wp-json\/wp\/v2\/media?parent=6687"}],"wp:term":[{"taxonomy":"product_brand","embeddable":true,"href":"https:\/\/calendulapharma.com\/ru\/wp-json\/wp\/v2\/product_brand?post=6687"},{"taxonomy":"product_cat","embeddable":true,"href":"https:\/\/calendulapharma.com\/ru\/wp-json\/wp\/v2\/product_cat?post=6687"},{"taxonomy":"product_tag","embeddable":true,"href":"https:\/\/calendulapharma.com\/ru\/wp-json\/wp\/v2\/product_tag?post=6687"}],"curies":[{"name":"wp","href":"https:\/\/api.w.org\/{rel}","templated":true}]}}