{"id":6703,"date":"2023-02-21T13:19:41","date_gmt":"2023-02-21T12:19:41","guid":{"rendered":"https:\/\/calendulapharma.com\/?post_type=product&#038;p=6703"},"modified":"2026-03-04T09:18:55","modified_gmt":"2026-03-04T08:18:55","slug":"mental-trio-csomag-mentalis-egeszseg","status":"publish","type":"product","link":"https:\/\/calendulapharma.com\/ru\/product\/mental-trio-csomag-mentalis-egeszseg\/","title":{"rendered":"\u041f\u0430\u043a\u0435\u0442 \"\u041f\u0441\u0438\u0445\u0438\u0447\u0435\u0441\u043a\u0430\u044f \u0442\u0440\u043e\u0439\u043a\u0430\" (\u043f\u0441\u0438\u0445\u0438\u0447\u0435\u0441\u043a\u043e\u0435 \u0437\u0434\u043e\u0440\u043e\u0432\u044c\u0435)"},"content":{"rendered":"<p>BEOPTIMIST kapszula<\/p>\n<p>Egy k\u00fcl\u00f6nleges fitokomplexum a stressz, a kr\u00f3nikus f\u00e1radts\u00e1g, kimer\u00fclts\u00e9g \u00e9s a depresszi\u00f3 t\u00fcneteinek enyh\u00edt\u00e9s\u00e9re.<\/p>\n<p>BRAINTONIQ kapszula<\/p>\n<p>Biol\u00f3giailag akt\u00edv \u00e9trend-kieg\u00e9sz\u00edt\u0151, amely\u00a0seg\u00edt az \u00e9les elme norm\u00e1l szinten tart\u00e1s\u00e1ban.<\/p>\n<p>DREAMKING<\/p>\n<p>Nyugtat\u00f3, alv\u00e1st seg\u00edt\u0151 kapszula, mely \u00f6sszetev\u0151inek k\u00f6sz\u00f6nhet\u0151en normaliz\u00e1lja az alv\u00e1st, hozz\u00e1j\u00e1rul a k\u00f6zponti idegrendszer megnyugtat\u00e1s\u00e1hoz, a szorong\u00e1s \u00e9s a fesz\u00fclts\u00e9g enyh\u00edt\u00e9s\u00e9hez<\/p>","protected":false},"excerpt":{"rendered":"<p>BEOPTIMIST kapszula Egy k\u00fcl\u00f6nleges fitokomplexum a stressz, a kr\u00f3nikus f\u00e1radts\u00e1g, kimer\u00fclts\u00e9g \u00e9s a depresszi\u00f3 t\u00fcneteinek enyh\u00edt\u00e9s\u00e9re. BRAINTONIQ kapszula Biol\u00f3giailag akt\u00edv \u00e9trend-kieg\u00e9sz\u00edt\u0151, amely\u00a0seg\u00edt az \u00e9les elme norm\u00e1l szinten tart\u00e1s\u00e1ban. DREAMKING Nyugtat\u00f3, alv\u00e1st seg\u00edt\u0151 kapszula, mely \u00f6sszetev\u0151inek k\u00f6sz\u00f6nhet\u0151en normaliz\u00e1lja az alv\u00e1st, hozz\u00e1j\u00e1rul a k\u00f6zponti idegrendszer megnyugtat\u00e1s\u00e1hoz, a szorong\u00e1s \u00e9s a fesz\u00fclts\u00e9g enyh\u00edt\u00e9s\u00e9hez<\/p>","protected":false},"featured_media":25583,"comment_status":"open","ping_status":"closed","template":"","meta":{"_acf_changed":false,"_monsterinsights_skip_tracking":false,"_monsterinsights_sitenote_active":false,"_monsterinsights_sitenote_note":"","_monsterinsights_sitenote_category":0},"product_brand":[],"product_cat":[709,382,189,219],"product_tag":[],"class_list":{"0":"post-6703","1":"product","2":"type-product","3":"status-publish","4":"has-post-thumbnail","6":"product_cat-akcios-termekek","7":"product_cat-etrend-kiegeszitok","8":"product_cat-minden-termek","9":"product_cat-termekcsomagok","11":"first","12":"instock","13":"sale","14":"shipping-taxable","15":"purchasable","16":"product-type-simple"},"acf":[],"_links":{"self":[{"href":"https:\/\/calendulapharma.com\/ru\/wp-json\/wp\/v2\/product\/6703","targetHints":{"allow":["GET"]}}],"collection":[{"href":"https:\/\/calendulapharma.com\/ru\/wp-json\/wp\/v2\/product"}],"about":[{"href":"https:\/\/calendulapharma.com\/ru\/wp-json\/wp\/v2\/types\/product"}],"replies":[{"embeddable":true,"href":"https:\/\/calendulapharma.com\/ru\/wp-json\/wp\/v2\/comments?post=6703"}],"version-history":[{"count":2,"href":"https:\/\/calendulapharma.com\/ru\/wp-json\/wp\/v2\/product\/6703\/revisions"}],"predecessor-version":[{"id":18663,"href":"https:\/\/calendulapharma.com\/ru\/wp-json\/wp\/v2\/product\/6703\/revisions\/18663"}],"wp:featuredmedia":[{"embeddable":true,"href":"https:\/\/calendulapharma.com\/ru\/wp-json\/wp\/v2\/media\/25583"}],"wp:attachment":[{"href":"https:\/\/calendulapharma.com\/ru\/wp-json\/wp\/v2\/media?parent=6703"}],"wp:term":[{"taxonomy":"product_brand","embeddable":true,"href":"https:\/\/calendulapharma.com\/ru\/wp-json\/wp\/v2\/product_brand?post=6703"},{"taxonomy":"product_cat","embeddable":true,"href":"https:\/\/calendulapharma.com\/ru\/wp-json\/wp\/v2\/product_cat?post=6703"},{"taxonomy":"product_tag","embeddable":true,"href":"https:\/\/calendulapharma.com\/ru\/wp-json\/wp\/v2\/product_tag?post=6703"}],"curies":[{"name":"wp","href":"https:\/\/api.w.org\/{rel}","templated":true}]}}