{"id":2541,"date":"2022-05-30T11:55:09","date_gmt":"2022-05-30T09:55:09","guid":{"rendered":"https:\/\/calendulapharma.com\/cart-3\/"},"modified":"2026-03-03T11:44:48","modified_gmt":"2026-03-03T10:44:48","slug":"kosar","status":"publish","type":"page","link":"https:\/\/calendulapharma.com\/sk\/kosar\/","title":{"rendered":"Ko\u0161\u00edk"},"content":{"rendered":"<div data-elementor-type=\"wp-page\" data-elementor-id=\"2541\" class=\"elementor elementor-2541\" data-elementor-post-type=\"page\">\n\t\t\t\t<div class=\"elementor-element elementor-element-ae02c13 e-flex e-con-boxed e-con e-parent\" data-id=\"ae02c13\" data-element_type=\"container\" data-e-type=\"container\" data-settings=\"{&quot;background_background&quot;:&quot;classic&quot;}\">\n\t\t\t\t\t<div class=\"e-con-inner\">\n\t\t\t\t\t<\/div>\n\t\t\t\t<\/div>\n\t\t<div class=\"elementor-element elementor-element-674ef947 e-flex e-con-boxed e-con e-parent\" data-id=\"674ef947\" data-element_type=\"container\" data-e-type=\"container\">\n\t\t\t\t\t<div class=\"e-con-inner\">\n\t\t\t\t\t<\/div>\n\t\t\t\t<\/div>\n\t\t\t\t<\/div>","protected":false},"excerpt":{"rendered":"<p>T\u00e9tel t\u00f6rl\u00e9se B\u00e9lyegk\u00e9p Term\u00e9k \u00c1r Mennyis\u00e9g R\u00e9sz\u00f6sszeg \u00d7 Nyugtat\u00f3 teakever\u00e9k 3360Ft Nyugtat\u00f3 teakever\u00e9k mennyis\u00e9g 3360Ft \u00d7 Kapha teakever\u00e9k 3360Ft Kapha teakever\u00e9k mennyis\u00e9g 6720Ft \u00d7 Immuner\u0151 csomag 34000Ft Original price was: 34000Ft.30600FtCurrent price is: 30600Ft. Immuner\u0151 csomag mennyis\u00e9g 34000Ft Original price was: 34000Ft.30600FtCurrent price is: 30600Ft. Apply Coupon Cart summary R\u00e9sz\u00f6sszeg 40680Ft 1. sz\u00e1ll\u00edtm\u00e1ny Sz\u00e1ll\u00edt\u00e1s csomagpontra: [&hellip;]<\/p>\n","protected":false},"author":8,"featured_media":0,"parent":0,"menu_order":0,"comment_status":"closed","ping_status":"closed","template":"","meta":{"_acf_changed":false,"_monsterinsights_skip_tracking":false,"_monsterinsights_sitenote_active":false,"_monsterinsights_sitenote_note":"","_monsterinsights_sitenote_category":0,"footnotes":""},"class_list":["post-2541","page","type-page","status-publish","hentry"],"acf":[],"_links":{"self":[{"href":"https:\/\/calendulapharma.com\/sk\/wp-json\/wp\/v2\/pages\/2541","targetHints":{"allow":["GET"]}}],"collection":[{"href":"https:\/\/calendulapharma.com\/sk\/wp-json\/wp\/v2\/pages"}],"about":[{"href":"https:\/\/calendulapharma.com\/sk\/wp-json\/wp\/v2\/types\/page"}],"author":[{"embeddable":true,"href":"https:\/\/calendulapharma.com\/sk\/wp-json\/wp\/v2\/users\/8"}],"replies":[{"embeddable":true,"href":"https:\/\/calendulapharma.com\/sk\/wp-json\/wp\/v2\/comments?post=2541"}],"version-history":[{"count":26,"href":"https:\/\/calendulapharma.com\/sk\/wp-json\/wp\/v2\/pages\/2541\/revisions"}],"predecessor-version":[{"id":25522,"href":"https:\/\/calendulapharma.com\/sk\/wp-json\/wp\/v2\/pages\/2541\/revisions\/25522"}],"wp:attachment":[{"href":"https:\/\/calendulapharma.com\/sk\/wp-json\/wp\/v2\/media?parent=2541"}],"curies":[{"name":"wp","href":"https:\/\/api.w.org\/{rel}","templated":true}]}}