{"id":21349,"date":"2025-07-04T14:22:40","date_gmt":"2025-07-04T12:22:40","guid":{"rendered":"https:\/\/calendulapharma.com\/?post_type=product&#038;p=21349"},"modified":"2026-02-13T20:16:53","modified_gmt":"2026-02-13T19:16:53","slug":"utazocsomag","status":"publish","type":"product","link":"https:\/\/calendulapharma.com\/sk\/produkt\/utazocsomag\/","title":{"rendered":"Cestovn\u00fd bal\u00ed\u010dek"},"content":{"rendered":"","protected":false},"excerpt":{"rendered":"<h4><strong>Szeretn\u00e9 eg\u00e9szs\u00e9gesen t\u00f6lteni a nyarat? <\/strong><\/h4>\n<p><strong>Utaz\u00f3csomagunk az eg\u00e9sz csal\u00e1d sz\u00e1m\u00e1ra biztos\u00edtja a felh\u0151tlen nyaral\u00e1st.<\/strong><\/p>\n<p>A csomag 3 gy\u00f3gyn\u00f6v\u00e9nyes kapszul\u00e1t tartalmaz!<\/p>\n<p>Meteopro &#8211; azonnali seg\u00edts\u00e9g puffad\u00e1s, gyomor\u00e9g\u00e9s eset\u00e9n.<\/p>\n<p>Freshlife &#8211; t\u00falzott ital- \u00e9s \u00e9telfogyaszt\u00e1s eset\u00e9n hat\u00e9konyan \u00e9s gyorsan m\u00e9regtelen\u00edti a szervezetet hogy az a bizonyos m\u00e1snap is kellemesen teljen.<\/p>\n<p>Viruver &#8211; v\u00e9delem a v\u00edrusos \u00e9s bakteri\u00e1lis fert\u0151z\u00e9sek ellen.<\/p>\n<p>&nbsp;<\/p>","protected":false},"featured_media":25369,"comment_status":"open","ping_status":"closed","template":"","meta":{"_acf_changed":false,"_monsterinsights_skip_tracking":false,"_monsterinsights_sitenote_active":false,"_monsterinsights_sitenote_note":"","_monsterinsights_sitenote_category":0},"product_brand":[],"product_cat":[709,382,717,219],"product_tag":[],"class_list":{"0":"post-21349","1":"product","2":"type-product","3":"status-publish","4":"has-post-thumbnail","6":"product_cat-akcios-termekek","7":"product_cat-etrend-kiegeszitok","8":"product_cat-hu-feed","9":"product_cat-termekcsomagok","11":"first","12":"instock","13":"sale","14":"shipping-taxable","15":"purchasable","16":"product-type-simple"},"acf":[],"_links":{"self":[{"href":"https:\/\/calendulapharma.com\/sk\/wp-json\/wp\/v2\/product\/21349","targetHints":{"allow":["GET"]}}],"collection":[{"href":"https:\/\/calendulapharma.com\/sk\/wp-json\/wp\/v2\/product"}],"about":[{"href":"https:\/\/calendulapharma.com\/sk\/wp-json\/wp\/v2\/types\/product"}],"replies":[{"embeddable":true,"href":"https:\/\/calendulapharma.com\/sk\/wp-json\/wp\/v2\/comments?post=21349"}],"version-history":[{"count":6,"href":"https:\/\/calendulapharma.com\/sk\/wp-json\/wp\/v2\/product\/21349\/revisions"}],"predecessor-version":[{"id":21464,"href":"https:\/\/calendulapharma.com\/sk\/wp-json\/wp\/v2\/product\/21349\/revisions\/21464"}],"wp:featuredmedia":[{"embeddable":true,"href":"https:\/\/calendulapharma.com\/sk\/wp-json\/wp\/v2\/media\/25369"}],"wp:attachment":[{"href":"https:\/\/calendulapharma.com\/sk\/wp-json\/wp\/v2\/media?parent=21349"}],"wp:term":[{"taxonomy":"product_brand","embeddable":true,"href":"https:\/\/calendulapharma.com\/sk\/wp-json\/wp\/v2\/product_brand?post=21349"},{"taxonomy":"product_cat","embeddable":true,"href":"https:\/\/calendulapharma.com\/sk\/wp-json\/wp\/v2\/product_cat?post=21349"},{"taxonomy":"product_tag","embeddable":true,"href":"https:\/\/calendulapharma.com\/sk\/wp-json\/wp\/v2\/product_tag?post=21349"}],"curies":[{"name":"wp","href":"https:\/\/api.w.org\/{rel}","templated":true}]}}