{"id":21513,"date":"2025-07-22T13:26:20","date_gmt":"2025-07-22T11:26:20","guid":{"rendered":"https:\/\/calendulapharma.com\/?post_type=product&#038;p=21513"},"modified":"2026-02-13T15:54:55","modified_gmt":"2026-02-13T14:54:55","slug":"hibiszkusz-karkade-tea","status":"publish","type":"product","link":"https:\/\/calendulapharma.com\/sk\/produkt\/hibiszkusz-karkade-tea\/","title":{"rendered":"Ibi\u0161kov\u00fd \u010daj \/ Karkade"},"content":{"rendered":"<p>\u00c1ltal\u00e1nos j\u00f3t\u00e9kony hat\u00e1sai:<\/p>\n<ul>\n<li>v\u00e9rnyom\u00e1scs\u00f6kkent\u0151 hat\u00e1s: t\u00f6bb kutat\u00e1s is igazolta, hogy a hibiszkusz tea rendszeres fogyaszt\u00e1sa seg\u00edthet a magas v\u00e9rnyom\u00e1s m\u00e9rs\u00e9kl\u00e9s\u00e9ben.<\/li>\n<li>antioxid\u00e1ns tartalom: seg\u00edt semleges\u00edteni a szabad gy\u00f6k\u00f6ket, ezzel cs\u00f6kkentheti a kr\u00f3nikus betegs\u00e9gek kialakul\u00e1s\u00e1nak kock\u00e1zat\u00e1t.<\/li>\n<li>koleszterinszint szab\u00e1lyoz\u00e1sa<\/li>\n<li>Immunrendszer t\u00e1mogat\u00e1s<\/li>\n<li>M\u00e1jv\u00e9delem<\/li>\n<\/ul>\n<p>K\u00e9pes lehet lass\u00edtani a r\u00e1kos sejtek n\u00f6veked\u00e9s\u00e9t szervezet\u00fcnkben. Er\u0151s antioxid\u00e1ns hat\u00e1sa r\u00e9v\u00e9n megk\u00f6ti a k\u00e1ros szabadgy\u00f6k\u00f6ket, \u00e9s ezzel seg\u00edthet a daganatos betegs\u00e9gek megel\u0151z\u00e9s\u00e9ben.<\/p>\n<p>Hidegen fogyasztva<\/p>\n<p>Hidrat\u00e1l, h\u0171s\u00edti a testet, k\u00fcl\u00f6n\u00f6sen meleg id\u0151ben vagy fizikai aktivit\u00e1s ut\u00e1n. Enyhe v\u00edzhajt\u00f3 hat\u00e1sa fokoz\u00f3dhat, \u00edgy seg\u00edthet a felesleges folyad\u00e9k ki\u00fcr\u00edt\u00e9s\u00e9ben. Kev\u00e9sb\u00e9 ingerli az \u00e9rz\u00e9keny gyomrot, \u00edgy azoknak is aj\u00e1nlott, akik meleg italokt\u00f3l kellemetlens\u00e9get tapasztalnak.<\/p>\n<p>Melegen fogyasztva<\/p>\n<p>Ellaz\u00edtja az izmokat \u00e9s megnyugtatja az idegrendszert, \u00edgy seg\u00edthet stressz vagy szorong\u00e1s eset\u00e9n. Fokozhatja a v\u00e9rkering\u00e9st. Megf\u00e1z\u00e1s eset\u00e9n csillap\u00edthatja a torokf\u00e1j\u00e1st, \u00e9s a meleg hat\u00e1sa r\u00e9v\u00e9n izzaszt\u00f3, m\u00e9regtelen\u00edt\u00f3 hat\u00e1sa is lehet.<\/p>\n<p>1 csomag \/ 100 gr<\/p>\n<p>FIGYELEM!<\/p>\n<p>Fogyaszt\u00e1sa terhess\u00e9g \u00e9s szoptat\u00e1s ideje alatt nem aj\u00e1nlott! Orvosi kezel\u00e9s alatt \u00e1ll\u00f3k \u00e9s gy\u00f3gyszer rendszeresen szed\u0151k k\u00e9rdezz\u00e9k meg orvosukat a term\u00e9k alkalmaz\u00e1s\u00e1val kapcsolatban! A term\u00e9k fogyaszt\u00e1sa nem helyettes\u00edti a v\u00e1ltozatos kiegyens\u00falyozott \u00e9trendet \u00e9s az eg\u00e9szs\u00e9ges \u00e9letm\u00f3dot!<\/p>","protected":false},"excerpt":{"rendered":"<p>N\u00e1\u0161 \u010daj z ibi\u0161kov\u00fdch kvetov pr\u00e9miovej kvality je nielen lahodn\u00fdm a osvie\u017euj\u00facim n\u00e1pojom, ale m\u00e1 aj mnoho zdravotn\u00fdch v\u00fdhod. Rub\u00ednovo\u010derven\u00fd n\u00e1poj m\u00e1 mierne kyslast\u00fa chu\u0165 a je bohat\u00fd na antioxidanty, vitam\u00edn C a r\u00f4zne protiz\u00e1palov\u00e9 a antihypertenz\u00edvne l\u00e1tky.<\/p>\n<p>&nbsp;<\/p>","protected":false},"featured_media":21514,"comment_status":"open","ping_status":"closed","template":"","meta":{"_acf_changed":false,"_monsterinsights_skip_tracking":false,"_monsterinsights_sitenote_active":false,"_monsterinsights_sitenote_note":"","_monsterinsights_sitenote_category":0},"product_brand":[],"product_cat":[205],"product_tag":[],"class_list":{"0":"post-21513","1":"product","2":"type-product","3":"status-publish","4":"has-post-thumbnail","6":"product_cat-teakeverekek","8":"first","9":"instock","10":"shipping-taxable","11":"purchasable","12":"product-type-simple"},"acf":[],"_links":{"self":[{"href":"https:\/\/calendulapharma.com\/sk\/wp-json\/wp\/v2\/product\/21513","targetHints":{"allow":["GET"]}}],"collection":[{"href":"https:\/\/calendulapharma.com\/sk\/wp-json\/wp\/v2\/product"}],"about":[{"href":"https:\/\/calendulapharma.com\/sk\/wp-json\/wp\/v2\/types\/product"}],"replies":[{"embeddable":true,"href":"https:\/\/calendulapharma.com\/sk\/wp-json\/wp\/v2\/comments?post=21513"}],"version-history":[{"count":4,"href":"https:\/\/calendulapharma.com\/sk\/wp-json\/wp\/v2\/product\/21513\/revisions"}],"predecessor-version":[{"id":21525,"href":"https:\/\/calendulapharma.com\/sk\/wp-json\/wp\/v2\/product\/21513\/revisions\/21525"}],"wp:featuredmedia":[{"embeddable":true,"href":"https:\/\/calendulapharma.com\/sk\/wp-json\/wp\/v2\/media\/21514"}],"wp:attachment":[{"href":"https:\/\/calendulapharma.com\/sk\/wp-json\/wp\/v2\/media?parent=21513"}],"wp:term":[{"taxonomy":"product_brand","embeddable":true,"href":"https:\/\/calendulapharma.com\/sk\/wp-json\/wp\/v2\/product_brand?post=21513"},{"taxonomy":"product_cat","embeddable":true,"href":"https:\/\/calendulapharma.com\/sk\/wp-json\/wp\/v2\/product_cat?post=21513"},{"taxonomy":"product_tag","embeddable":true,"href":"https:\/\/calendulapharma.com\/sk\/wp-json\/wp\/v2\/product_tag?post=21513"}],"curies":[{"name":"wp","href":"https:\/\/api.w.org\/{rel}","templated":true}]}}