{"id":22441,"date":"2025-08-04T13:35:32","date_gmt":"2025-08-04T11:35:32","guid":{"rendered":"https:\/\/calendulapharma.com\/?post_type=product&#038;p=22441"},"modified":"2026-02-13T15:54:52","modified_gmt":"2026-02-13T14:54:52","slug":"central-comfort","status":"publish","type":"product","link":"https:\/\/calendulapharma.com\/sk\/produkt\/central-comfort\/","title":{"rendered":"Centr\u00e1lny komfort"},"content":{"rendered":"","protected":false},"excerpt":{"rendered":"<p><img fetchpriority=\"high\" decoding=\"async\" class=\"alignnone size-medium wp-image-22092\" src=\"https:\/\/calendulapharma.com\/wp-content\/uploads\/calendula-pharma-central-comfort-600x338.jpg\" alt=\"\" width=\"600\" height=\"338\" srcset=\"https:\/\/calendulapharma.com\/wp-content\/uploads\/calendula-pharma-central-comfort-600x338.jpg 600w, https:\/\/calendulapharma.com\/wp-content\/uploads\/calendula-pharma-central-comfort-1031x580.jpg 1031w, https:\/\/calendulapharma.com\/wp-content\/uploads\/calendula-pharma-central-comfort-768x432.jpg 768w, https:\/\/calendulapharma.com\/wp-content\/uploads\/calendula-pharma-central-comfort.jpg 1280w\" sizes=\"(max-width: 600px) 100vw, 600px\" \/><\/p>\n<p>&nbsp;<\/p>\n<p>Gy\u00f3gyn\u00f6v\u00e9ny kapszula a gyomor- \u00e9s b\u00e9lrendszer eg\u00e9szs\u00e9ges m\u0171k\u00f6d\u00e9s\u00e9nek t\u00e1mogat\u00e1s\u00e1ra.<\/p>","protected":false},"featured_media":10339,"comment_status":"open","ping_status":"closed","template":"","meta":{"_acf_changed":false,"_monsterinsights_skip_tracking":false,"_monsterinsights_sitenote_active":false,"_monsterinsights_sitenote_note":"","_monsterinsights_sitenote_category":0},"product_brand":[],"product_cat":[382,717,523,362],"product_tag":[],"class_list":{"0":"post-22441","1":"product","2":"type-product","3":"status-publish","4":"has-post-thumbnail","6":"product_cat-etrend-kiegeszitok","7":"product_cat-hu-feed","8":"product_cat-irritabilis-belszindroma","9":"product_cat-kinai-gyogynoveny-keszitmenyek","11":"first","12":"instock","13":"shipping-taxable","14":"purchasable","15":"product-type-simple"},"acf":[],"_links":{"self":[{"href":"https:\/\/calendulapharma.com\/sk\/wp-json\/wp\/v2\/product\/22441","targetHints":{"allow":["GET"]}}],"collection":[{"href":"https:\/\/calendulapharma.com\/sk\/wp-json\/wp\/v2\/product"}],"about":[{"href":"https:\/\/calendulapharma.com\/sk\/wp-json\/wp\/v2\/types\/product"}],"replies":[{"embeddable":true,"href":"https:\/\/calendulapharma.com\/sk\/wp-json\/wp\/v2\/comments?post=22441"}],"version-history":[{"count":5,"href":"https:\/\/calendulapharma.com\/sk\/wp-json\/wp\/v2\/product\/22441\/revisions"}],"predecessor-version":[{"id":23583,"href":"https:\/\/calendulapharma.com\/sk\/wp-json\/wp\/v2\/product\/22441\/revisions\/23583"}],"wp:featuredmedia":[{"embeddable":true,"href":"https:\/\/calendulapharma.com\/sk\/wp-json\/wp\/v2\/media\/10339"}],"wp:attachment":[{"href":"https:\/\/calendulapharma.com\/sk\/wp-json\/wp\/v2\/media?parent=22441"}],"wp:term":[{"taxonomy":"product_brand","embeddable":true,"href":"https:\/\/calendulapharma.com\/sk\/wp-json\/wp\/v2\/product_brand?post=22441"},{"taxonomy":"product_cat","embeddable":true,"href":"https:\/\/calendulapharma.com\/sk\/wp-json\/wp\/v2\/product_cat?post=22441"},{"taxonomy":"product_tag","embeddable":true,"href":"https:\/\/calendulapharma.com\/sk\/wp-json\/wp\/v2\/product_tag?post=22441"}],"curies":[{"name":"wp","href":"https:\/\/api.w.org\/{rel}","templated":true}]}}