{"id":24465,"date":"2025-11-14T12:05:52","date_gmt":"2025-11-14T11:05:52","guid":{"rendered":"https:\/\/calendulapharma.com\/?post_type=product&#038;p=24465"},"modified":"2026-02-13T19:27:26","modified_gmt":"2026-02-13T18:27:26","slug":"ferfi-egeszsegcsomag","status":"publish","type":"product","link":"https:\/\/calendulapharma.com\/sk\/produkt\/ferfi-egeszsegcsomag\/","title":{"rendered":"Bal\u00ed\u010dek pre zdravie mu\u017eov"},"content":{"rendered":"","protected":false},"excerpt":{"rendered":"<p>Kapsula elix\u00edru Huan Shao Dan, ktor\u00e1 obnovuje mu\u017esk\u00fa silu a energiu! Zlo\u017eenie s tradi\u010dnou \u010d\u00ednskou recept\u00farou pom\u00e1ha posil\u0148ova\u0165 esenciu obli\u010diek, krv a \u010dchi a spoma\u013euje proces starnutia. Kapsula proti starnutiu pre mu\u017eov s obsahom pr\u00edrodn\u00fdch \u00fa\u010dinn\u00fdch l\u00e1tok, ktor\u00e9 m\u00f4\u017eu by\u0165 prospe\u0161n\u00e9 pri obnove pr\u00edznakov spojen\u00fdch so starnut\u00edm: celkov\u00e1 \u00fanava, zn\u00ed\u017een\u00e1 vitalita, slab\u00e1 vitalita, bolesti chrbta a p\u00e1sa, strata sluchu alebo zraku, nedostatok esencie, sexu\u00e1lna slabos\u0165, strata libida. Obsahuje rastlinn\u00e9 \u00fa\u010dinn\u00e9 l\u00e1tky ako rehmannia, glutinosa, fructus corni.  Doplnili sme ho o ve\u013emi \u00fa\u010dinn\u00fa a bunky omladzuj\u00facu zlo\u017eku, v\u00fd\u0165a\u017eok zo semien aksamietnice. Ten dod\u00e1va v\u00fdrobku e\u0161te v\u00e4\u010d\u0161iu v\u00fd\u017eivu, zvy\u0161uje prekrvenie, podporuje posilnenie kost\u00ed a \u0161liach, zvy\u0161uje vitalitu a sexu\u00e1lnu energiu. U\u017e\u00edvajte ho ako liek a \u00fa\u010dinok sa neminie! Odpor\u00fa\u010dame pre mu\u017eov, ktor\u00ed starn\u00fa alebo s\u00fa vystaven\u00ed zv\u00fd\u0161enej fyzickej \u010di psychickej z\u00e1\u0165a\u017ei, s ub\u00fadaj\u00facou sexu\u00e1lnou energiou!<\/p>\n<p>Kapsule Prostaline, odpor\u00fa\u010dan\u00e9 pre v\u0161etk\u00fdch mu\u017eov na prevenciu a pre mu\u017eov s ochoren\u00edm prostaty! Na\u0161a jedine\u010dn\u00e1 recept\u00fara obsahuje zlo\u017eky ako kore\u0148 \u017eih\u013eavy, saw palmetto, \u017een\u0161en, semen\u00e1 coix, zinok. Zlo\u017eky prirodzene pom\u00e1haj\u00fa obnovi\u0165 zdravie v pr\u00edpadoch zv\u00e4\u010d\u0161enia prostaty, prostatit\u00eddy, aden\u00f3mu, probl\u00e9mov s mo\u010den\u00edm, bolesti.<\/p>","protected":false},"featured_media":25365,"comment_status":"open","ping_status":"closed","template":"","meta":{"_acf_changed":false,"_monsterinsights_skip_tracking":false,"_monsterinsights_sitenote_active":false,"_monsterinsights_sitenote_note":"","_monsterinsights_sitenote_category":0},"product_brand":[],"product_cat":[709,382,218,527,383,344,362,528,529,189,219],"product_tag":[],"class_list":{"0":"post-24465","1":"product","2":"type-product","3":"status-publish","4":"has-post-thumbnail","6":"product_cat-akcios-termekek","7":"product_cat-etrend-kiegeszitok","8":"product_cat-ferfi-egeszseg","9":"product_cat-ferfi-klimax","10":"product_cat-hormonrendszer","11":"product_cat-hugyuti-rendszer","12":"product_cat-kinai-gyogynoveny-keszitmenyek","13":"product_cat-kronikus-faradtsag","14":"product_cat-libidozavar-ferfi-es-noi","15":"product_cat-minden-termek","16":"product_cat-termekcsomagok","18":"first","19":"instock","20":"sale","21":"shipping-taxable","22":"purchasable","23":"product-type-simple"},"acf":[],"_links":{"self":[{"href":"https:\/\/calendulapharma.com\/sk\/wp-json\/wp\/v2\/product\/24465","targetHints":{"allow":["GET"]}}],"collection":[{"href":"https:\/\/calendulapharma.com\/sk\/wp-json\/wp\/v2\/product"}],"about":[{"href":"https:\/\/calendulapharma.com\/sk\/wp-json\/wp\/v2\/types\/product"}],"replies":[{"embeddable":true,"href":"https:\/\/calendulapharma.com\/sk\/wp-json\/wp\/v2\/comments?post=24465"}],"version-history":[{"count":3,"href":"https:\/\/calendulapharma.com\/sk\/wp-json\/wp\/v2\/product\/24465\/revisions"}],"predecessor-version":[{"id":24483,"href":"https:\/\/calendulapharma.com\/sk\/wp-json\/wp\/v2\/product\/24465\/revisions\/24483"}],"wp:featuredmedia":[{"embeddable":true,"href":"https:\/\/calendulapharma.com\/sk\/wp-json\/wp\/v2\/media\/25365"}],"wp:attachment":[{"href":"https:\/\/calendulapharma.com\/sk\/wp-json\/wp\/v2\/media?parent=24465"}],"wp:term":[{"taxonomy":"product_brand","embeddable":true,"href":"https:\/\/calendulapharma.com\/sk\/wp-json\/wp\/v2\/product_brand?post=24465"},{"taxonomy":"product_cat","embeddable":true,"href":"https:\/\/calendulapharma.com\/sk\/wp-json\/wp\/v2\/product_cat?post=24465"},{"taxonomy":"product_tag","embeddable":true,"href":"https:\/\/calendulapharma.com\/sk\/wp-json\/wp\/v2\/product_tag?post=24465"}],"curies":[{"name":"wp","href":"https:\/\/api.w.org\/{rel}","templated":true}]}}