{"id":25307,"date":"2026-02-12T16:04:09","date_gmt":"2026-02-12T15:04:09","guid":{"rendered":"https:\/\/calendulapharma.com\/?post_type=product&#038;p=25307"},"modified":"2026-02-27T10:18:57","modified_gmt":"2026-02-27T09:18:57","slug":"virusstop-csomag","status":"publish","type":"product","link":"https:\/\/calendulapharma.com\/sk\/produkt\/virusstop-csomag\/","title":{"rendered":"Komplexn\u00fd bal\u00edk VirusStop"},"content":{"rendered":"","protected":false},"excerpt":{"rendered":"<p>Term\u00e9szetes t\u00e1mogat\u00e1s eg\u00e9sz \u00e9vben \u2013 a szervezet v\u00e9delm\u00e9\u00e9rt.<\/p>\n<p>A V\u00edrusSTOP komplex csomag \u00e1tfog\u00f3, gy\u00f3gyn\u00f6v\u00e9ny-alap\u00fa seg\u00edts\u00e9get ny\u00fajt a v\u00edrusos id\u0151szakokban, t\u00e1mogatva a szervezet ellen\u00e1ll\u00f3 k\u00e9pess\u00e9g\u00e9t \u00e9s a l\u00e9gz\u0151rendszer eg\u00e9szs\u00e9g\u00e9t. Gondosan \u00f6ssze\u00e1ll\u00edtott k\u00e9sz\u00edtm\u00e9nyeink harmonikusan er\u0151s\u00edtik az immunrendszert, seg\u00edtve a test term\u00e9szetes v\u00e9dekez\u0151 mechanizmusait.<\/p>\n<p>Viruver kapszul\u00e1nk \u00e9rt\u00e9kes n\u00f6v\u00e9nyi \u00f6sszetev\u0151ket tartalmaz \u2013 t\u00f6bbek k\u00f6z\u00f6tt jap\u00e1n loncot, menta kivonatot \u00e9s k\u00f6z\u00f6ns\u00e9ges bojtorj\u00e1nt. A komplex recept\u00fara c\u00e9lja a megel\u0151z\u00e9s t\u00e1mogat\u00e1sa, valamint a szervezet gyors \u00e9s hat\u00e9kony regener\u00e1ci\u00f3j\u00e1nak el\u0151seg\u00edt\u00e9se a betegs\u00e9g korai szakasz\u00e1ban. Er\u0151s\u00edt\u0151 formul\u00e1ja b\u00e1styak\u00e9nt t\u00e1mogatja a szervezetet a fert\u0151z\u00e9ses id\u0151szakokban.<\/p>\n<p>Breathline kapszul\u00e1nk a l\u00e9gz\u0151rendszer tiszt\u00edt\u00e1s\u00e1ra \u00e9s eg\u00e9szs\u00e9ges m\u0171k\u00f6d\u00e9s\u00e9nek fenntart\u00e1s\u00e1ra lett kifejlesztve. Gy\u00f3gyn\u00f6v\u00e9nyes \u00f6sszetev\u0151i \u2013 mint a rehmannia, a liliomhagyma (bulbus lilii) \u00e9s a jap\u00e1n angyalgy\u00f6k\u00e9r \u2013 hozz\u00e1j\u00e1rulnak a l\u00e9gutak komfort\u00e9rzet\u00e9hez \u00e9s a t\u00fcd\u0151 kiegyens\u00falyozott m\u0171k\u00f6d\u00e9s\u00e9hez.<\/p>\n<p>A hat\u00e1s teljess\u00e9g\u00e9t Friss T\u00fcd\u0151 teakever\u00e9k\u00fcnk \u00e9s Immuner\u0151 teakever\u00e9k\u00fcnk eg\u00e9sz\u00edti ki, amelyek t\u00e1mogatj\u00e1k a kapszul\u00e1k j\u00f3t\u00e9kony hat\u00e1s\u00e1t \u00e9s er\u0151s\u00edtik a szervezet term\u00e9szetes v\u00e9dekez\u0151k\u00e9pess\u00e9g\u00e9t. Te\u00e1ink \u00edz\u00e9t kiv\u00e1l\u00f3 min\u0151s\u00e9g\u0171 ak\u00e1cm\u00e9z\u00fcnkkel teheti m\u00e9g harmonikusabb\u00e1.<\/p>\n<p>V\u00edrusSTOP csomagunkkal a term\u00e9szet ereje \u00e1ll az \u00d6n oldal\u00e1n \u2013 minden \u00e9vszakban, tudatos v\u00e9delemmel.<\/p>","protected":false},"featured_media":25338,"comment_status":"open","ping_status":"closed","template":"","meta":{"_acf_changed":false,"_monsterinsights_skip_tracking":false,"_monsterinsights_sitenote_active":false,"_monsterinsights_sitenote_note":"","_monsterinsights_sitenote_category":0},"product_brand":[],"product_cat":[709,194,532,347,192,189,219],"product_tag":[],"class_list":{"0":"post-25307","1":"product","2":"type-product","3":"status-publish","4":"has-post-thumbnail","6":"product_cat-akcios-termekek","7":"product_cat-immunrendszer","8":"product_cat-kronikus-virusos-megbetegedesek","9":"product_cat-legzorendszer","10":"product_cat-megfazas","11":"product_cat-minden-termek","12":"product_cat-termekcsomagok","14":"first","15":"instock","16":"sale","17":"shipping-taxable","18":"purchasable","19":"product-type-simple"},"acf":[],"_links":{"self":[{"href":"https:\/\/calendulapharma.com\/sk\/wp-json\/wp\/v2\/product\/25307","targetHints":{"allow":["GET"]}}],"collection":[{"href":"https:\/\/calendulapharma.com\/sk\/wp-json\/wp\/v2\/product"}],"about":[{"href":"https:\/\/calendulapharma.com\/sk\/wp-json\/wp\/v2\/types\/product"}],"replies":[{"embeddable":true,"href":"https:\/\/calendulapharma.com\/sk\/wp-json\/wp\/v2\/comments?post=25307"}],"version-history":[{"count":9,"href":"https:\/\/calendulapharma.com\/sk\/wp-json\/wp\/v2\/product\/25307\/revisions"}],"predecessor-version":[{"id":25499,"href":"https:\/\/calendulapharma.com\/sk\/wp-json\/wp\/v2\/product\/25307\/revisions\/25499"}],"wp:featuredmedia":[{"embeddable":true,"href":"https:\/\/calendulapharma.com\/sk\/wp-json\/wp\/v2\/media\/25338"}],"wp:attachment":[{"href":"https:\/\/calendulapharma.com\/sk\/wp-json\/wp\/v2\/media?parent=25307"}],"wp:term":[{"taxonomy":"product_brand","embeddable":true,"href":"https:\/\/calendulapharma.com\/sk\/wp-json\/wp\/v2\/product_brand?post=25307"},{"taxonomy":"product_cat","embeddable":true,"href":"https:\/\/calendulapharma.com\/sk\/wp-json\/wp\/v2\/product_cat?post=25307"},{"taxonomy":"product_tag","embeddable":true,"href":"https:\/\/calendulapharma.com\/sk\/wp-json\/wp\/v2\/product_tag?post=25307"}],"curies":[{"name":"wp","href":"https:\/\/api.w.org\/{rel}","templated":true}]}}