{"id":25346,"date":"2026-02-13T13:58:45","date_gmt":"2026-02-13T12:58:45","guid":{"rendered":"https:\/\/calendulapharma.com\/?post_type=product&#038;p=25346"},"modified":"2026-02-15T11:56:29","modified_gmt":"2026-02-15T10:56:29","slug":"nightboost-napi-rutin-csomag","status":"publish","type":"product","link":"https:\/\/calendulapharma.com\/sk\/produkt\/nightboost-napi-rutin-csomag\/","title":{"rendered":"Bal\u00ed\u010dek dennej rutiny NightBoost"},"content":{"rendered":"","protected":false},"excerpt":{"rendered":"<div>\n<div>\n<p>A pihentet\u0151, m\u00e9ly alv\u00e1s az eg\u00e9szs\u00e9ges \u00e9s kiegyens\u00falyozott \u00e9let egyik alapk\u00f6ve. A modern \u00e9letvitel, a folyamatos ment\u00e1lis terhel\u00e9s \u00e9s a stressz azonban gyakran megnehez\u00edti az elalv\u00e1st, felsz\u00edness\u00e9 teszi az \u00e9jszakai pihen\u00e9st, ami nappali f\u00e1radts\u00e1ghoz, kimer\u00fclts\u00e9ghez \u00e9s cs\u00f6kkent teljes\u00edt\u0151k\u00e9pess\u00e9ghez vezethet.<\/p>\n<p>A NightBoost napi rutin csomag minden koroszt\u00e1ly sz\u00e1m\u00e1ra term\u00e9szetes t\u00e1mogat\u00e1st k\u00edn\u00e1l a nyugodt \u00e9jszak\u00e1k \u00e9s a harmonikusabb mindennapok \u00e9rdek\u00e9ben. Olyan \u00e1tgondolt kombin\u00e1ci\u00f3, amely seg\u00edt vissza\u00e1ll\u00edtani az alv\u00e1s term\u00e9szetes ritmus\u00e1t, mik\u00f6zben hozz\u00e1j\u00e1rul az idegrendszer kiegyens\u00falyozott m\u0171k\u00f6d\u00e9s\u00e9hez.<\/p>\n<p>A csomag k\u00f6zponti eleme a DreamKing kapszula, amely gy\u00f3gyn\u00f6v\u00e9nyes \u00f6sszetev\u0151inek \u2013 t\u00f6bbek k\u00f6z\u00f6tt n\u00e1rdusf\u0171nek, szent bazsalikomnak, orvosi citromf\u0171nek \u00e9s macskagy\u00f6k\u00e9rnek \u2013 k\u00f6sz\u00f6nhet\u0151en t\u00e1mogatja a k\u00f6zponti idegrendszer megnyugtat\u00e1s\u00e1t. Seg\u00edti az elalv\u00e1s folyamat\u00e1t, hozz\u00e1j\u00e1rul az alv\u00e1s min\u0151s\u00e9g\u00e9nek normaliz\u00e1l\u00e1s\u00e1hoz, valamint oldja a napk\u00f6zben felhalmoz\u00f3dott fesz\u00fclts\u00e9get \u00e9s szorong\u00e1st. Rendszeres alkalmaz\u00e1sa el\u0151seg\u00edtheti a m\u00e9lyebb, pihentet\u0151bb alv\u00e1st \u00e9s a kiegyens\u00falyozottabb \u00e9bred\u00e9st.<\/p>\n<p>A hat\u00e1st teljess\u00e9 teszi az Alv\u00e1st seg\u00edt\u0151 teakever\u00e9k, amely finom, harmonikus \u00edzvil\u00e1g\u00e1val esti ritu\u00e1l\u00e9v\u00e1 var\u00e1zsolja a lefekv\u00e9s el\u0151tti pillanatokat. A gondosan \u00f6ssze\u00e1ll\u00edtott gy\u00f3gyn\u00f6v\u00e9nyes kever\u00e9k term\u00e9szetes m\u00f3don t\u00e1mogatja a szervezet ellazul\u00e1s\u00e1t \u00e9s felk\u00e9sz\u00fcl\u00e9s\u00e9t az \u00e9jszakai regener\u00e1ci\u00f3ra.<\/p>\n<p>A NightBoost napi rutin csomag nem csup\u00e1n az alv\u00e1s t\u00e1mogat\u00e1s\u00e1r\u00f3l sz\u00f3l, hanem a teljes testi-lelki felt\u00f6lt\u0151d\u00e9sr\u0151l. Seg\u00edts\u00e9g\u00e9vel az \u00e9jszaka val\u00f3di pihen\u00e9ss\u00e9 v\u00e1lhat, hogy a nappalok energikusabban, kiegyens\u00falyozottabban \u00e9s tiszta gondolatokkal indulhassanak.<\/p>\n<\/div>\n<\/div>","protected":false},"featured_media":25348,"comment_status":"open","ping_status":"closed","template":"","meta":{"_acf_changed":false,"_monsterinsights_skip_tracking":false,"_monsterinsights_sitenote_active":false,"_monsterinsights_sitenote_note":"","_monsterinsights_sitenote_category":0},"product_brand":[],"product_cat":[709,522,346,189,1999,219],"product_tag":[],"class_list":{"0":"post-25346","1":"product","2":"type-product","3":"status-publish","4":"has-post-thumbnail","6":"product_cat-akcios-termekek","7":"product_cat-almatlansag-insomnia","8":"product_cat-kozponti-idegrendszer","9":"product_cat-minden-termek","10":"product_cat-napi-rutin-csomagok","11":"product_cat-termekcsomagok","13":"first","14":"instock","15":"sale","16":"shipping-taxable","17":"purchasable","18":"product-type-simple"},"acf":[],"_links":{"self":[{"href":"https:\/\/calendulapharma.com\/sk\/wp-json\/wp\/v2\/product\/25346","targetHints":{"allow":["GET"]}}],"collection":[{"href":"https:\/\/calendulapharma.com\/sk\/wp-json\/wp\/v2\/product"}],"about":[{"href":"https:\/\/calendulapharma.com\/sk\/wp-json\/wp\/v2\/types\/product"}],"replies":[{"embeddable":true,"href":"https:\/\/calendulapharma.com\/sk\/wp-json\/wp\/v2\/comments?post=25346"}],"version-history":[{"count":5,"href":"https:\/\/calendulapharma.com\/sk\/wp-json\/wp\/v2\/product\/25346\/revisions"}],"predecessor-version":[{"id":25436,"href":"https:\/\/calendulapharma.com\/sk\/wp-json\/wp\/v2\/product\/25346\/revisions\/25436"}],"wp:featuredmedia":[{"embeddable":true,"href":"https:\/\/calendulapharma.com\/sk\/wp-json\/wp\/v2\/media\/25348"}],"wp:attachment":[{"href":"https:\/\/calendulapharma.com\/sk\/wp-json\/wp\/v2\/media?parent=25346"}],"wp:term":[{"taxonomy":"product_brand","embeddable":true,"href":"https:\/\/calendulapharma.com\/sk\/wp-json\/wp\/v2\/product_brand?post=25346"},{"taxonomy":"product_cat","embeddable":true,"href":"https:\/\/calendulapharma.com\/sk\/wp-json\/wp\/v2\/product_cat?post=25346"},{"taxonomy":"product_tag","embeddable":true,"href":"https:\/\/calendulapharma.com\/sk\/wp-json\/wp\/v2\/product_tag?post=25346"}],"curies":[{"name":"wp","href":"https:\/\/api.w.org\/{rel}","templated":true}]}}