{"id":25370,"date":"2026-02-13T20:23:16","date_gmt":"2026-02-13T19:23:16","guid":{"rendered":"https:\/\/calendulapharma.com\/?post_type=product&#038;p=25370"},"modified":"2026-02-15T11:53:18","modified_gmt":"2026-02-15T10:53:18","slug":"vibeon-napi-rutin-csomag","status":"publish","type":"product","link":"https:\/\/calendulapharma.com\/sk\/produkt\/vibeon-napi-rutin-csomag\/","title":{"rendered":"Bal\u00ed\u010dek denn\u00fdch proced\u00far VibeON"},"content":{"rendered":"","protected":false},"excerpt":{"rendered":"<div>\n<p>A hosszan tart\u00f3 terhel\u00e9s, a folyamatos megfelel\u00e9si k\u00e9nyszer \u00e9s a pihen\u00e9s hi\u00e1nya k\u00f6nnyen vezethet kr\u00f3nikus f\u00e1radts\u00e1ghoz, kimer\u00fclts\u00e9ghez, motiv\u00e1latlans\u00e1ghoz vagy ak\u00e1r a lehangolts\u00e1g t\u00fcneteihez. Ilyenkor a szervezet nem csup\u00e1n energi\u00e1ra, hanem tudatos, komplex t\u00e1mogat\u00e1sra v\u00e1gyik.<\/p>\n<p>A VibeON napi rutin csomag azok sz\u00e1m\u00e1ra k\u00e9sz\u00fclt, akik szeretn\u00e9k visszanyerni vitalit\u00e1sukat, ment\u00e1lis frissess\u00e9g\u00fcket \u00e9s bels\u0151 lend\u00fclet\u00fcket, hogy \u00fajra energikusan \u00e9s kiegyens\u00falyozottan \u00e9lhess\u00e9k meg a mindennapokat.<\/p>\n<p>A csomag k\u00f6zponti eleme a BeOptimist kapszula, amely gondosan v\u00e1logatott gy\u00f3gyn\u00f6v\u00e9ny-\u00f6sszetev\u0151inek \u2013 t\u00f6bbek k\u00f6z\u00f6tt tajgagy\u00f6k\u00e9rnek, n\u00e1rdusf\u0171nek \u00e9s ginkgo bilob\u00e1nak \u2013 k\u00f6sz\u00f6nhet\u0151en t\u00e1mogatja a szervezet alkalmazkod\u00f3k\u00e9pess\u00e9g\u00e9t a stresszel szemben. Hozz\u00e1j\u00e1rul a fizikai \u00e9s szellemi teljes\u00edtm\u00e9ny fokoz\u00e1s\u00e1hoz, seg\u00edti a koncentr\u00e1ci\u00f3t \u00e9s a kognit\u00edv funkci\u00f3k meg\u0151rz\u00e9s\u00e9t, mik\u00f6zben t\u00e1mogatja az immunrendszer megfelel\u0151 m\u0171k\u00f6d\u00e9s\u00e9t. Rendszeres alkalmaz\u00e1sa el\u0151seg\u00edtheti a kiegyens\u00falyozott energiaszint fenntart\u00e1s\u00e1t \u00e9s a pozit\u00edvabb k\u00f6z\u00e9rzet kialak\u00edt\u00e1s\u00e1t.<\/p>\n<p>A hat\u00e1st teljess\u00e9 teszi a Detox teakever\u00e9k, amely v\u00e9rtiszt\u00edt\u00f3 \u00e9s energetiz\u00e1l\u00f3 gy\u00f3gyn\u00f6v\u00e9nyes \u00f6sszet\u00e9tel\u00e9vel t\u00e1mogatja a szervezet term\u00e9szetes meg\u00fajul\u00e1si folyamatait. A napi rutin r\u00e9szek\u00e9nt fogyasztva hozz\u00e1j\u00e1rul az er\u0151nl\u00e9t meg\u0151rz\u00e9s\u00e9hez \u00e9s a vitalit\u00e1s fenntart\u00e1s\u00e1hoz, mik\u00f6zben egy tudatos, felt\u00f6lt\u0151d\u00e9st seg\u00edt\u0151 pillanatot is teremt a nap sor\u00e1n.<\/p>\n<p>A VibeON napi rutin csomag nem csup\u00e1n az energiaszint n\u00f6vel\u00e9s\u00e9t c\u00e9lozza, hanem a testi-lelki harm\u00f3nia helyre\u00e1ll\u00edt\u00e1s\u00e1t is. Egy \u00e1tgondolt, term\u00e9szetes t\u00e1mogat\u00e1s azok sz\u00e1m\u00e1ra, akik szeretn\u00e9k visszakapni bels\u0151 lend\u00fclet\u00fcket, \u00e9s \u00fajra akt\u00edvan, optimizmussal telve meg\u00e9lni mindennapjaikat.<\/p>\n<\/div>","protected":false},"featured_media":25371,"comment_status":"open","ping_status":"closed","template":"","meta":{"_acf_changed":false,"_monsterinsights_skip_tracking":false,"_monsterinsights_sitenote_active":false,"_monsterinsights_sitenote_note":"","_monsterinsights_sitenote_category":0},"product_brand":[],"product_cat":[709,521,189,1999,219],"product_tag":[],"class_list":{"0":"post-25370","1":"product","2":"type-product","3":"status-publish","4":"has-post-thumbnail","6":"product_cat-akcios-termekek","7":"product_cat-depresszio","8":"product_cat-minden-termek","9":"product_cat-napi-rutin-csomagok","10":"product_cat-termekcsomagok","12":"first","13":"instock","14":"sale","15":"shipping-taxable","16":"purchasable","17":"product-type-simple"},"acf":[],"_links":{"self":[{"href":"https:\/\/calendulapharma.com\/sk\/wp-json\/wp\/v2\/product\/25370","targetHints":{"allow":["GET"]}}],"collection":[{"href":"https:\/\/calendulapharma.com\/sk\/wp-json\/wp\/v2\/product"}],"about":[{"href":"https:\/\/calendulapharma.com\/sk\/wp-json\/wp\/v2\/types\/product"}],"replies":[{"embeddable":true,"href":"https:\/\/calendulapharma.com\/sk\/wp-json\/wp\/v2\/comments?post=25370"}],"version-history":[{"count":4,"href":"https:\/\/calendulapharma.com\/sk\/wp-json\/wp\/v2\/product\/25370\/revisions"}],"predecessor-version":[{"id":25435,"href":"https:\/\/calendulapharma.com\/sk\/wp-json\/wp\/v2\/product\/25370\/revisions\/25435"}],"wp:featuredmedia":[{"embeddable":true,"href":"https:\/\/calendulapharma.com\/sk\/wp-json\/wp\/v2\/media\/25371"}],"wp:attachment":[{"href":"https:\/\/calendulapharma.com\/sk\/wp-json\/wp\/v2\/media?parent=25370"}],"wp:term":[{"taxonomy":"product_brand","embeddable":true,"href":"https:\/\/calendulapharma.com\/sk\/wp-json\/wp\/v2\/product_brand?post=25370"},{"taxonomy":"product_cat","embeddable":true,"href":"https:\/\/calendulapharma.com\/sk\/wp-json\/wp\/v2\/product_cat?post=25370"},{"taxonomy":"product_tag","embeddable":true,"href":"https:\/\/calendulapharma.com\/sk\/wp-json\/wp\/v2\/product_tag?post=25370"}],"curies":[{"name":"wp","href":"https:\/\/api.w.org\/{rel}","templated":true}]}}