{"id":3936,"date":"2022-07-18T14:56:52","date_gmt":"2022-07-18T12:56:52","guid":{"rendered":"https:\/\/calendulapharma.com\/product\/beoptimist-kapszula-a-stressz-kimerultseg-depresszio-tuneteire\/"},"modified":"2026-02-13T15:57:28","modified_gmt":"2026-02-13T14:57:28","slug":"beoptimist-kapszula-a-stressz-kimerultseg-depresszio-tuneteire","status":"publish","type":"product","link":"https:\/\/calendulapharma.com\/sk\/produkt\/beoptimist-kapszula-a-stressz-kimerultseg-depresszio-tuneteire\/","title":{"rendered":"Kapsula Beoptimist"},"content":{"rendered":"<p>17 gy\u00f3gyn\u00f6v\u00e9ny erej\u00e9t \u00e9s k\u00f6lcs\u00f6nhat\u00e1s\u00e1t hasznos\u00edtja egys\u00e9ges mechanizmusban az idegrendszer t\u00e1mogat\u00e1s\u00e1ra. Hat\u00e9kony seg\u00edts\u00e9g lehet fokozott stressz vagy szellemi, fizikai leterhelts\u00e9g eset\u00e9n.<\/p>\n<p>A BEOPTIMIST a Calendula Klinika egyik legismertebb \u00e9s legn\u00e9pszer\u0171bb \u00e9trend-kieg\u00e9sz\u00edt\u0151 besorol\u00e1s\u00fa k\u00e9sz\u00edtm\u00e9nye.<\/p>\n<p>M\u00e1s Calendula Pharma k\u00e9sz\u00edtm\u00e9nyekhez hasonl\u00f3an &#8211; az ayurvedikus, a hagyom\u00e1nyos k\u00ednai \u00e9s az \u0151si arab medicin\u00e1ban alkalmazott tradicion\u00e1lis receptek \u00e9s m\u00f3dszerek alapj\u00e1n ker\u00fclt kifejleszt\u00e9sre az eur\u00f3pai ember szervezet\u00e9re adapt\u00e1lva.<\/p>\n<h3><strong>\u00d6SSZETEV\u0150K:<\/strong><\/h3>\n<ul>\n<li>Sarki gy\u00f6k\u00e9r (rhodiola rosea): seg\u00edt fenntartani a kering\u00e9si rendszer norm\u00e1l m\u0171k\u00f6d\u00e9s\u00e9t.<\/li>\n<li>Tigrisf\u0171 (centella asiatica): t\u00e1mogatja a sz\u00edv eg\u00e9szs\u00e9g\u00e9t, seg\u00edt fenntartani a gyomor komfort\u00e9rzet\u00e9t.<\/li>\n<li>Kislevel\u0171 bakopa (bacopa monnieri): t\u00e1mogatja a kognit\u00edv funkci\u00f3kat, a koncentr\u00e1ci\u00f3 k\u00e9pess\u00e9get, a r\u00f6vid \u00e9s hossz\u00fa t\u00e1v\u00fa mem\u00f3ria m\u0171k\u00f6d\u00e9s\u00e9t.<\/li>\n<li>Ginkgo biloba: t\u00e1mogatja a fizik\u00e1lis \u00e9s ment\u00e1lis eg\u00e9szs\u00e9g fenntart\u00e1s\u00e1t.<\/li>\n<li>\u00c1zsiai ginzeng (Panax ginseng): hozz\u00e1j\u00e1rul a term\u00e9szetes v\u00e9dekez\u0151 k\u00e9pess\u00e9g fenntart\u00e1s\u00e1hoz, az immunrendszer megfelel\u0151 m\u0171k\u00f6d\u00e9s\u00e9hez.<\/li>\n<li>N\u00e1rdusf\u0171 (nardostachys jatamansi)<\/li>\n<li>Tajgagy\u00f6k\u00e9r (eleutherococcus senticosus)<\/li>\n<li>Palka gy\u00f6k\u00e9r (cyperus rotondus)<\/li>\n<li>Amla gy\u00fcm\u00f6lcs (emblica officinalis): hozz\u00e1j\u00e1rul a fizikai j\u00f3l\u00e9t fenntart\u00e1s\u00e1hoz.<\/li>\n<li>Haritaki gy\u00fcm\u00f6lcs (terminalia chebula)<\/li>\n<li>Bibhitaki gy\u00fcm\u00f6lcs (terminalia belerica)<\/li>\n<li>Kerti katicavir\u00e1g (nigellus sativa)<\/li>\n<li>Kerti kakukkf\u0171 (thymus vulgaris)<\/li>\n<li>Szegf\u0171szeg (caryophyllus aromaticus)<\/li>\n<li>K\u00ednai fah\u00e9jfa (cinnamomum cassia)<\/li>\n<li>Kardamom (elettaria cardamomum): t\u00e1mogatja az idegrendszeri funkci\u00f3kat.<\/li>\n<li>Szent bazsalikom (ocimum sanctum)<\/li>\n<\/ul>\n<h3>M\u00e1s Calendula Pharma k\u00e9sz\u00edtm\u00e9nyekkel kombin\u00e1ci\u00f3ban:<\/h3>\n<p><strong>Ki\u00e9g\u00e9si szindr\u00f3ma eset\u00e9n aj\u00e1nlott (Ment\u00e1l trio csomag) :<\/strong><\/p>\n<p>BEOPTIMIST + BRAINTONIQ + DREAMKING<\/p>\n<h3><strong>ADAGOL\u00c1S:\u00a0<\/strong><\/h3>\n<p>Feln\u0151ttek sz\u00e1m\u00e1ra naponta 3\u00d72 kapszula elfogyaszt\u00e1sa aj\u00e1nlott. 12-18 \u00e9ves korig az aj\u00e1nlott napi bevitel 3\u00d71 kapszula.<\/p>\n<p>Balenie: 180 kusov \/ 1 mesa\u010dn\u00e1 d\u00e1vka<\/p>\n<p>Skladovanie: pri izbovej teplote<\/p>\n<p>OGY\u00c9I (Orsz\u00e1gos Gy\u00f3gyszer\u00e9szeti \u00e9s \u00c9lelmez\u00e9s-eg\u00e9szs\u00e9g\u00fcgyi Int\u00e9zet) regisztr\u00e1ci\u00f3s sz\u00e1m: 14625\/2014<\/p>\n<h3><strong>FIGYELMEZTET\u00c9S!<\/strong><\/h3>\n<ul>\n<li>Tehotn\u00e9 \u017eeny by sa mali zdr\u017ea\u0165 pou\u017e\u00edvania po\u010das prv\u00e9ho trimestra!<\/li>\n<li>Neprekra\u010dujte odpor\u00fa\u010dan\u00e9 denn\u00e9 mno\u017estvo!<\/li>\n<li>Uchov\u00e1vajte mimo dosahu det\u00ed!<\/li>\n<li>V\u00fd\u017eivov\u00fd doplnok nenahr\u00e1dza zmie\u0161an\u00fa stravu a zdrav\u00fd \u017eivotn\u00fd \u0161t\u00fdl!<\/li>\n<\/ul>","protected":false},"excerpt":{"rendered":"<p>\u0160peci\u00e1lny fitness komplex na zmiernenie pr\u00edznakov stresu, chronickej \u00fanavy, vy\u010derpania a depresie. Podporuje nervov\u00fd syst\u00e9m a m\u00f4\u017ee prispie\u0165 k vyv\u00e1\u017eenej pohode.<\/p>","protected":false},"featured_media":10379,"comment_status":"open","ping_status":"closed","template":"","meta":{"_acf_changed":false,"_monsterinsights_skip_tracking":false,"_monsterinsights_sitenote_active":false,"_monsterinsights_sitenote_note":"","_monsterinsights_sitenote_category":0},"product_brand":[],"product_cat":[177,709,708,382,717,346],"product_tag":[178,179,180],"class_list":{"0":"post-3936","1":"product","2":"type-product","3":"status-publish","4":"has-post-thumbnail","6":"product_cat-agymukodes","7":"product_cat-akcios-termekek","8":"product_cat-ayurveda-keszitmenyek","9":"product_cat-etrend-kiegeszitok","10":"product_cat-hu-feed","11":"product_cat-kozponti-idegrendszer","12":"product_tag-alvasproblemak","13":"product_tag-idegrendszer","14":"product_tag-stressz","16":"first","17":"instock","18":"shipping-taxable","19":"purchasable","20":"product-type-simple"},"acf":[],"_links":{"self":[{"href":"https:\/\/calendulapharma.com\/sk\/wp-json\/wp\/v2\/product\/3936","targetHints":{"allow":["GET"]}}],"collection":[{"href":"https:\/\/calendulapharma.com\/sk\/wp-json\/wp\/v2\/product"}],"about":[{"href":"https:\/\/calendulapharma.com\/sk\/wp-json\/wp\/v2\/types\/product"}],"replies":[{"embeddable":true,"href":"https:\/\/calendulapharma.com\/sk\/wp-json\/wp\/v2\/comments?post=3936"}],"version-history":[{"count":5,"href":"https:\/\/calendulapharma.com\/sk\/wp-json\/wp\/v2\/product\/3936\/revisions"}],"predecessor-version":[{"id":21426,"href":"https:\/\/calendulapharma.com\/sk\/wp-json\/wp\/v2\/product\/3936\/revisions\/21426"}],"wp:featuredmedia":[{"embeddable":true,"href":"https:\/\/calendulapharma.com\/sk\/wp-json\/wp\/v2\/media\/10379"}],"wp:attachment":[{"href":"https:\/\/calendulapharma.com\/sk\/wp-json\/wp\/v2\/media?parent=3936"}],"wp:term":[{"taxonomy":"product_brand","embeddable":true,"href":"https:\/\/calendulapharma.com\/sk\/wp-json\/wp\/v2\/product_brand?post=3936"},{"taxonomy":"product_cat","embeddable":true,"href":"https:\/\/calendulapharma.com\/sk\/wp-json\/wp\/v2\/product_cat?post=3936"},{"taxonomy":"product_tag","embeddable":true,"href":"https:\/\/calendulapharma.com\/sk\/wp-json\/wp\/v2\/product_tag?post=3936"}],"curies":[{"name":"wp","href":"https:\/\/api.w.org\/{rel}","templated":true}]}}