{"id":3942,"date":"2022-07-18T14:56:52","date_gmt":"2022-07-18T12:56:52","guid":{"rendered":"https:\/\/calendulapharma.com\/product\/dreamking-nyugtato-alvast-segito-2\/"},"modified":"2026-05-01T11:36:03","modified_gmt":"2026-05-01T09:36:03","slug":"dreamking-nyugtato-alvast-segito","status":"publish","type":"product","link":"https:\/\/calendulapharma.com\/sk\/produkt\/dreamking-nyugtato-alvast-segito\/","title":{"rendered":"Kapsula Dreamking"},"content":{"rendered":"<p><strong>OGYEI nyilv\u00e1ntart\u00e1si sz\u00e1m 14632\/2014<\/strong><\/p>\n<p>\u00d6sszetev\u0151k: Passiflora incarnata (Passiflora incarnate), Valeriana officinalis,<br \/>\nMelissa officinalis (citromf\u0171), Nardostachys indica vagy Nardostachys<br \/>\njatamansi, bazsalikom (Ocimum sanctum), \u00e1nizs (Pimpinella anisum sin Anisum<br \/>\nvulgare), k\u00f6z\u00f6ns\u00e9ges koml\u00f3 (Humulus lupulus), kapor (Anethum graviolens),<br \/>\nk\u00f6z\u00f6ns\u00e9ges vagy f\u00fcst\u00f6s galagonya (Crataegus laevigata).<\/p>\n<p>Adagol\u00e1s: feln\u0151tteknek naponta 3\u00d72 kapszula elfogyaszt\u00e1sa aj\u00e1nlott. 12-18 \u00e9ves korig az aj\u00e1nlott napi adag 3\u00d71 kapszula.<\/p>\n<p><em>Ellenjavallat: terhess\u00e9g<\/em><br \/>\n<em>Uchov\u00e1vajte mimo dosahu det\u00ed!<\/em><br \/>\n<em>Az \u00e9trend-kieg\u00e9sz\u00edt\u0151 nem helyettes\u00edti a kiegyens\u00falyozott \u00e9trendet \u00e9s az<\/em><br \/>\n<em>eg\u00e9szs\u00e9ges \u00e9letm\u00f3dot!<\/em><\/p>\n<p>A <strong>DREAMKING<\/strong> harmonikusan egyes\u00edti az \u00f6sszes n\u00f6v\u00e9nyi \u00f6sszetev\u0151t egyetlen mechanizmusban az alv\u00e1s normaliz\u00e1l\u00e1sa, a k\u00f6zponti idegrendszer megnyugtat\u00e1sa \u00e9s a szorong\u00e1s enyh\u00edt\u00e9se \u00e9rdek\u00e9ben. A gy\u00e1rt\u00e1stechnol\u00f3gia min\u0151s\u00e9gi \u00e9lelmiszer- \u00e9s gy\u00f3gy\u00e1szati n\u00f6v\u00e9nyi nyersanyagok felhaszn\u00e1l\u00e1s\u00e1t biztos\u00edtja. A n\u00f6v\u00e9nyi nyersanyagok egyidej\u0171leg k\u00e9sz\u00edtett f\u0151zettel (vizes extrakci\u00f3) val\u00f3 tel\u00edt\u00e9se lehet\u0151s\u00e9get ad arra, hogy olyan \u00e9lelmiszer-adal\u00e9kanyagot kapjunk, amely magasabb koncentr\u00e1ci\u00f3ban tartalmaz biol\u00f3giailag akt\u00edv vegy\u00fcletek komplexeit, meg\u0151rizve biol\u00f3giai integrit\u00e1sukat.<\/p>\n<p><strong>Passiflora incarnate (\u00c9szak-amerikai golgotavir\u00e1g)<\/strong><br \/>\n\uf0b7 Passiflora csal\u00e1d (Passifloraceae)<br \/>\n\uf0b7 Nyersanyag: gy\u00f3gyn\u00f6v\u00e9ny<br \/>\n<em>K\u00e9miai \u00f6sszet\u00e9tel:<\/em> a n\u00f6v\u00e9nyi anyag flavonoidok nagy csoportj\u00e1t tartalmazza: vitexin, kvercetin, apigenin, luteolin; indol-alkaloidok: garman, norgarman, garmin; kumarinok; kinonok; ill\u00f3olaj. A riz\u00f3m\u00e1k flavonoid glikozidokat<br \/>\ntartalmaznak.<br \/>\n<strong>Farmakol\u00f3giai hat\u00e1s:<\/strong> A Passiflora fitokomplexek els\u0151sorban er\u0151s nyugtat\u00f3 hat\u00e1s\u00faak neuraszt\u00e9ni\u00e1ban, \u00e1lmatlans\u00e1gban, vegetat\u00edv zavarokban a menopauz\u00e1ban, alkoholizmusban, g\u00f6rcs\u00f6kben \u00e9s ideges tikkekben, valamint antidepressz\u00e1ns, f\u00e1jdalomcsillap\u00edt\u00f3, g\u00f6rcsold\u00f3 \u00e9s v\u00e9rnyom\u00e1s normaliz\u00e1l\u00f3 hat\u00e1s\u00faak. A Passiflora kivonat (foly\u00e9kony) enyh\u00edti az idegi fesz\u00fclts\u00e9get \u00e9s enyh\u00edti az idegi kimer\u00fclts\u00e9g t\u00fcneteit, cs\u00f6kkenti a reflexek ingerl\u00e9kenys\u00e9g\u00e9t, cs\u00f6kkenti a motoros aktivit\u00e1st \u00e9s g\u00f6rcsold\u00f3 hat\u00e1s\u00fa.<\/p>\n<p><strong>Valeriana officinalis<\/strong><br \/>\n\uf0b7 Csal\u00e1d &#8211; Valerianaceae<br \/>\n\uf0b7 Nyersanyag: riz\u00f3ma gy\u00f6kerekkel<br \/>\n<em>K\u00e9miai \u00f6sszet\u00e9tel:<\/em> a valeri\u00e1na riz\u00f3m\u00e1i \u00e9s gy\u00f6kerei ill\u00f3olajat, terpenoidokat, valepotri\u00e1tokat, alkaloidokat (valerin \u00e9s katin), ill\u00f3 b\u00e1zisokat, metilketonokat stb. tartalmaznak.<br \/>\n<strong>Farmakol\u00f3giai hat\u00e1s:<\/strong> A valeri\u00e1na sokr\u00e9t\u0171en hat a szervezetre: m\u00e9rs\u00e9kelten kifejezett nyugtat\u00f3 hat\u00e1s\u00fa, cs\u00f6kkenti a k\u00f6zponti idegrendszer ingerl\u00e9kenys\u00e9g\u00e9t, g\u00f6rcsold\u00f3 tulajdons\u00e1gokkal rendelkezik (cs\u00f6kkenti a simaizomzat\u00fa szervek g\u00f6rcseit). A valeri\u00e1na emellett fokozza a gyomor-b\u00e9lrendszeri mirigyek szekr\u00e9ci\u00f3j\u00e1t \u00e9s az epekiv\u00e1laszt\u00e1st. A valeri\u00e1na-k\u00e9sz\u00edtm\u00e9nyek a k\u00f6zponti idegrendszeren kereszt\u00fcl szab\u00e1lyozz\u00e1k a<br \/>\nsz\u00edvm\u0171k\u00f6d\u00e9st, \u00e9s k\u00f6zvetlen hat\u00e1st gyakorolnak az izomzatra \u00e9s a sz\u00edv vezet\u00e9si rendszer\u00e9re. A valeri\u00e1na-k\u00e9sz\u00edtm\u00e9nyek cs\u00f6kkentik a k\u00f6zponti idegrendszer reflexes ingerl\u00e9kenys\u00e9g\u00e9t \u00e9s fokozz\u00e1k a g\u00e1tl\u00f3 folyamatokat az agy neuronjaiban, valamint meghosszabb\u00edtj\u00e1k a k\u00fcl\u00f6nb\u00f6z\u0151 altat\u00f3szerek \u00e1ltal kiv\u00e1ltott alv\u00e1st, sz\u00edvkoszor\u00fa\u00e9r-t\u00e1g\u00edt\u00f3 \u00e9s v\u00e9rnyom\u00e1scs\u00f6kkent\u0151 tulajdons\u00e1gokkal rendelkeznek, \u00e9s az analeptikumok g\u00f6rcsold\u00f3 hat\u00e1s\u00e1val szemben kifejezett g\u00f6rcsold\u00f3 hat\u00e1ssal rendelkeznek. A valeri\u00e1na nyugtat\u00f3 hat\u00e1sa lass\u00fa, de meglehet\u0151sen egyenletes. A ter\u00e1pi\u00e1s hat\u00e1s lass\u00fa kialakul\u00e1sa miatt a valeri\u00e1na szisztematikus \u00e9s hosszan tart\u00f3 alkalmaz\u00e1s<br \/>\neset\u00e9n hat\u00e9konyabb. A valeri\u00e1n\u00e1t r\u00e9g\u00f3ta sz\u00e9les k\u00f6rben haszn\u00e1lj\u00e1k az orvosi gyakorlatban, mind<br \/>\negyetlen halenikus k\u00e9sz\u00edtm\u00e9nyk\u00e9nt, mind t\u00f6bbkomponens\u0171 inf\u00fazi\u00f3k, tinkt\u00far\u00e1k, cseppek \u00e9s m\u00e1s komplex gy\u00f3gym\u00f3dok r\u00e9szek\u00e9nt a sz\u00edv- \u00e9s \u00e9rrendszeri aktivit\u00e1s megnyugtat\u00e1s\u00e1ra \u00e9s jav\u00edt\u00e1s\u00e1ra.<\/p>\n<p><strong>Melissa officinalis (citromf\u0171)<\/strong><br \/>\n\uf0b7 Lamiaceae csal\u00e1d<br \/>\n\uf0b7 Nyersanyag: levelek<br \/>\n<em>K\u00e9miai \u00f6sszet\u00e9tel:<\/em> a n\u00f6v\u00e9nyi anyag ill\u00f3olajat tartalmaz, amely citr\u00e1lt \u00e9s citronell\u00e1lt, monoterp\u00e9n vegy\u00fcleteket &#8211; geraniol, linalool \u00e9s citronellol &#8211; tartalmaz, amelyek az \u00f6reg levelek ill\u00f3olaj\u00e1ban domin\u00e1lnak. A citralol kellemes citromos illatot k\u00f6lcs\u00f6n\u00f6z a Meliss\u00e1nak. Tartalmaz tov\u00e1bb\u00e1 tanninokat, kumarinokat, flavonoidokat, szerves savakat, B-vitaminokat \u00e9s C-vitamint.<br \/>\n<strong>Farmakol\u00f3giai hat\u00e1s:<\/strong> A melissa nyugtat\u00f3, g\u00f6rcsold\u00f3 hat\u00e1s\u00fa \u00e9s enyhe altat\u00f3 hat\u00e1s\u00fa. A melissa kivonatokat hat\u00e9kony nyugtat\u00f3k\u00e9nt haszn\u00e1lj\u00e1k, ami lehet\u0151v\u00e9 teszi a szintetikus gy\u00f3gyszerek adagj\u00e1nak cs\u00f6kkent\u00e9s\u00e9t vagy teljes elker\u00fcl\u00e9s\u00e9t. A nyugtat\u00f3 \u00e9s g\u00f6rcsold\u00f3 tulajdons\u00e1gok m\u00e1r a melissa-k\u00e9sz\u00edtm\u00e9nyek kis adagjain\u00e1l<br \/>\nis megmutatkoznak, \u00e9s a k\u00e9s\u0151bbi adagok n\u00f6vel\u00e9se nem fokozza ezeket a hat\u00e1sokat. A gy\u00f3gyszer farmakol\u00f3giai aktivit\u00e1sa els\u0151sorban az ill\u00f3olaj \u00f6sszetev\u0151inek k\u00f6sz\u00f6nhet\u0151. A melissa ill\u00f3olaj\u00e1ban l\u00e9v\u0151 vegy\u00fcletek az agyra, nevezetesen a limbikus rendszerre hatnak, amely a vegetat\u00edv funkci\u00f3kat ir\u00e1ny\u00edtja, \u00e9s a nagy agyf\u00e9ltek\u00e9ket is v\u00e9di a perif\u00e9ri\u00e1r\u00f3l \u00e9rkez\u0151 er\u0151s ingerekt\u0151l. Ez lehet\u0151v\u00e9 teszi, hogy a meliss\u00e1t az enyhe fitotranquiliserek k\u00f6z\u00e9 soroljuk (R. F. Weiss, 1985). A melissa n\u00f6veli az \u00e9tv\u00e1gyat, serkenti a gyomornedv kiv\u00e1laszt\u00e1s\u00e1t, megsz\u00fcnteti<br \/>\naz erjed\u00e9si rendelleness\u00e9geket, fokozza a gyomormotilit\u00e1st, valamint epehajt\u00f3 \u00e9s l\u00e1zcsillap\u00edt\u00f3 hat\u00e1s\u00fa. A tudom\u00e1nyos irodalom le\u00edrja a citromf\u0171 antiaritmi\u00e1s hat\u00e1s\u00e1t is. Lass\u00edtja a l\u00e9gz\u00e9st, cs\u00f6kkenti a sz\u00edvver\u00e9st \u00e9s cs\u00f6kkenti a v\u00e9rnyom\u00e1st. A melissa gy\u00f3gyn\u00f6v\u00e9ny hipoglik\u00e9mi\u00e1s, \u00f6sszeh\u00faz\u00f3 tulajdons\u00e1gokkal rendelkezik \u00e9s<br \/>\nserkenti a menstru\u00e1ci\u00f3t. A vir\u00e1gz\u00e1s el\u0151tt gy\u0171jt\u00f6tt citromf\u0171lev\u00e9l inf\u00fazi\u00f3j\u00e1t vizelethajt\u00f3k\u00e9nt haszn\u00e1lj\u00e1k. Gyullad\u00e1scs\u00f6kkent\u0151, bakteriosztatikus \u00e9s v\u00edrusellenes tulajdons\u00e1gokkal rendelkezik.<\/p>\n<p><strong>Nardus indica (Nardostachys jatamansi)<\/strong><br \/>\n\uf0b7 Loncf\u00e9l\u00e9k csal\u00e1dja (Caprifoliaceae)<br \/>\n\uf0b7 Nyersanyag: riz\u00f3ma<br \/>\n<em>K\u00e9miai \u00f6sszet\u00e9tel:<\/em> a riz\u00f3m\u00e1kban kumarinokat \u00e9s szeszkviterp\u00e9neket tal\u00e1ltak, k\u00f6zt\u00fck valeranont (ak\u00e1r 31% a nardostachys ill\u00f3olajban). A nardostachysban tal\u00e1lhat\u00f3 egy\u00e9b terpenoidok k\u00f6z\u00e9 tartozik a spirojatamol (ak\u00e1r 26% a nard ill\u00f3olajban), nardal, nardin A \u00e9s B, jatamol A \u00e9s B, nardostachysin, kalarenol, aromadendren (ak\u00e1r 5% az ill\u00f3olajban). A kumarinok k\u00f6z\u00e9 tartozik a jatamansin. A riz\u00f3m\u00e1ban megtal\u00e1lhat\u00f3 m\u00e9g a<br \/>\nvaler\u00e9n-, ferulaf\u00f6ldi-, klorog\u00e9n-, szir\u00e9n-, protokatechinsav, cukor, kem\u00e9ny\u00edt\u0151, gyanta, keton \u00e9s gumi.<br \/>\n<strong>Farmakol\u00f3giai hat\u00e1s:<\/strong> a biok\u00e9miai \u00f6sszet\u00e9tel biztos\u00edtja a n\u00f6v\u00e9ny riz\u00f3m\u00e1j\u00e1nak alkoholos kivonat\u00e1nak m\u00e1jv\u00e9d\u0151, g\u00f6rcsold\u00f3, nootropikus, antioxid\u00e1ns, neuroprotekt\u00edv \u00e9s antidepressz\u00e1ns hat\u00e1s\u00e1t. Adaptog\u00e9n hat\u00e1sainak k\u00f6sz\u00f6nhet\u0151en a nardostachis jatamanskii hozz\u00e1j\u00e1rul a kognit\u00edv funkci\u00f3k meg\u0151rz\u00e9s\u00e9hez stressz idej\u00e9n. Az alapanyag gombaellenes \u00e9s antibakteri\u00e1lis hat\u00e1sa tudom\u00e1nyosan bizony\u00edtott.<\/p>\n<p><strong>Szent bazsalikom (Ocimum sanctum)<\/strong><br \/>\n\uf0b7 Lamiaceae vagy Labiatae csal\u00e1d.<br \/>\n\uf0b7 Nyersanyag: gy\u00f3gyn\u00f6v\u00e9ny<br \/>\n<em>K\u00e9miai \u00f6sszet\u00e9tel:<\/em> A f\u00f6ld feletti r\u00e9szek ill\u00f3olajat tartalmaznak, amelynek f\u0151 r\u00e9sze az eugenol (ak\u00e1r 70%). Monoterp\u00e9neket \u00e9s szeszkviterp\u00e9neket is tartalmaz, t\u00f6bbek k\u00f6z\u00f6tt nerolt, karyophyllen, terpinen, szinenin, alfa-pinenin, b\u00e9ta-pinenin, k\u00e1mfor, karvacrol. A levelek urzolsavat, luteolint, apigenint, orientint is tartalmaznak.<br \/>\n<strong>Farmakol\u00f3giai hat\u00e1s:<\/strong> a nyersanyag k\u00e9miai \u00f6sszet\u00e9tel\u00e9nek k\u00f6sz\u00f6nhet\u0151en v\u00edrusellenes, fert\u0151tlen\u00edt\u0151, antibakteri\u00e1lis, gomba\u00f6l\u0151 \u00e9s f\u00e9reghajt\u00f3 hat\u00e1s\u00fa. M\u00e9rs\u00e9kelt izzaszt\u00f3 \u00e9s l\u00e1zcsillap\u00edt\u00f3 hat\u00e1st mutat. Az ill\u00f3olajok \u00f6sszetev\u0151i egy flavonsz\u00e1rmaz\u00e9knak &#8211; luteolin &#8211; k\u00f6sz\u00f6nhet\u0151en kifejezett k\u00f6ptet\u0151 hat\u00e1s\u00faak. A linalool \u00e9s a metileugenol m\u00e9rs\u00e9kelten nyugtat\u00f3 \u00e9s g\u00f6rcsold\u00f3 hat\u00e1s\u00fa. Immunmodul\u00e1l\u00f3 tulajdons\u00e1gokkal is rendelkezik. Az ursolsav hat\u00e1s\u00e1nak k\u00f6sz\u00f6nhet\u0151en m\u00e9rs\u00e9kelt daganatellenes \u00e9s sug\u00e1rv\u00e9d\u0151 tulajdons\u00e1gokkal rendelkezik.<\/p>\n<p><strong>Anisum vulgare (Pimpinella anisum, \u00e1nizs)<\/strong><br \/>\n\uf0b7 a zellerf\u00e9l\u00e9k (Arisae) csal\u00e1dj\u00e1ba tartozik.<br \/>\n\uf0b7 Nyersanyag: gy\u00fcm\u00f6lcs<br \/>\n<em>K\u00e9miai \u00f6sszet\u00e9tel:<\/em> A gy\u00fcm\u00f6lcs\u00f6k zs\u00edros olajat (8-30%) \u00e9s ill\u00f3olajat (legfeljebb 6%) tartalmaznak. Az ill\u00f3olaj anetolt (80-90%), metilhavikolt (10%), \u00e1nizsaldehidet, \u00e1nizs-ketont \u00e9s \u00e1nizs-savat tartalmaz. Az ill\u00f3olaj jellegzetes arom\u00e1s illat\u00fa \u00e9s \u00e9des \u00edz\u0171.<br \/>\n<strong>Farmakol\u00f3giai hat\u00e1s:<\/strong> Az \u00e1nizs gy\u00fcm\u00f6lcse gyullad\u00e1scs\u00f6kkent\u0151, g\u00f6rcsold\u00f3 \u00e9s k\u00f6ptet\u0151 hat\u00e1s\u00fa. A gy\u00f3gyszerek \u00e9s \u00e9lelmiszerek \u00edz\u00e9nek \u00e9s illat\u00e1nak jav\u00edt\u00e1s\u00e1ra is haszn\u00e1lj\u00e1k. Az \u00e1nizs vizes oldata fokozza a b\u00e9lm\u0171k\u00f6d\u00e9st, serkenti az<br \/>\nem\u00e9szt\u0151mirigyeket, jav\u00edtja az em\u00e9szt\u00e9st, antiszeptikus, hashajt\u00f3 \u00e9s vetrogonikus tulajdons\u00e1gokkal rendelkezik.<br \/>\nAz \u00e1nizsolajr\u00f3l meg\u00e1llap\u00edtott\u00e1k, hogy cs\u00f6kkenti a f\u00e1jdalmat \u00e9s helyre\u00e1ll\u00edtja a perisztaltik\u00e1t a g\u00f6rcs\u00f6s b\u00e9lg\u00f6rcs\u00f6kben, jav\u00edtja az em\u00e9szt\u00e9st, normaliz\u00e1lja a gyomor \u00e9s a belek kiv\u00e1laszt\u00f3 funkci\u00f3j\u00e1t, jav\u00edtja a m\u00e1j \u00e9s a hasny\u00e1lmirigy kiv\u00e1laszt\u00e1s\u00e1t. Az \u00e1nizs ill\u00f3olaj felsz\u00edv\u00f3dik az em\u00e9szt\u0151rendszerben, serkenti a gyomor aktivit\u00e1s\u00e1t, majd r\u00e9szben a h\u00f6rg\u0151mirigyek \u00e1ltal kiv\u00e1laszt\u00f3dik, \u00e9s bizonyos bakt\u00e9rium\u00f6l\u0151 hat\u00e1st fejt ki a l\u00e9g\u00fati mikrofl\u00f3r\u00e1ra. A h\u00f6rg\u0151k\u00f6n \u00e1thaladva az \u00e1nizs ill\u00f3olaj enyhe k\u00f6ptet\u0151 hat\u00e1s\u00fa, \u00e9s el\u0151seg\u00edti a l\u00e9gz\u00e9s reflexes izgalm\u00e1t, a<br \/>\nl\u00e9gutak csill\u00f3h\u00e1mj\u00e1nak fokozott aktivit\u00e1s\u00e1t \u00e9s a l\u00e9gcs\u0151, g\u00e9ge, h\u00f6rg\u0151k ny\u00e1lkah\u00e1rty\u00e1j\u00e1nak fokozott kiv\u00e1laszt\u00e1s\u00e1t.<\/p>\n<p><strong>K\u00f6z\u00f6ns\u00e9ges koml\u00f3 (Humulus lupulus)<\/strong><br \/>\n\uf0b7 Kenderf\u00e9l\u00e9k csal\u00e1dja (Canabaceae)<br \/>\n\uf0b7 Nyersanyag: r\u00fcgyek (kocs\u00e1nyos sz\u00e1rak)<br \/>\n<em>K\u00e9miai \u00f6sszet\u00e9tel:<\/em> A koml\u00f3tobozok ill\u00f3olajat (legfeljebb 1,8%), polifenolos vegy\u00fcleteket (2-5%) \u00e9s 5-26% keser\u0171anyagot tartalmaznak. A koml\u00f3 keser\u0171s\u00e9ge savas \u00e9s gyant\u00e1s anyagok kever\u00e9ke. A koml\u00f3 tartalmaz tov\u00e1bb\u00e1 flavonoidokat (legfeljebb 0,85 %), viaszokat, kumarinokat, tanninokat, arom\u00e1s vegy\u00fcleteket, B-vitaminokat, kolint, \u00f6sztrog\u00e9n hormonokat \u00e9s a humulin nev\u0171 alkaloidot.<br \/>\n<strong>Farmakol\u00f3giai hat\u00e1s:<\/strong> a koml\u00f3sz\u00e1r nyugtat\u00f3, gyullad\u00e1scs\u00f6kkent\u0151, vizelethajt\u00f3, g\u00f6rcsold\u00f3 \u00e9s bakt\u00e9rium\u00f6l\u0151 hat\u00e1s\u00fa. A koml\u00f3 ter\u00e1pi\u00e1s tulajdons\u00e1gai\u00e9rt felel\u0151s f\u0151 anyagok a keser\u0171s\u00e9g, a fenolos vegy\u00fcletek \u00e9s az ill\u00f3olaj. A keser\u0171s\u00e9g lupulin nyugtat\u00f3 hat\u00e1ssal van a k\u00f6zponti idegrendszerre. Az ill\u00f3olaj \u00f6sszetev\u0151i felel\u0151sek<br \/>\na koml\u00f3 nyugtat\u00f3 hat\u00e1s\u00e1\u00e9rt is. Nyugtat\u00f3 hat\u00e1s\u00e1nak fokoz\u00e1sa \u00e9rdek\u00e9ben gyakran \u00edrj\u00e1k fel valeri\u00e1n\u00e1val vagy m\u00e1s n\u00f6v\u00e9nyekkel kombin\u00e1lva. A koml\u00f3gyant\u00e1n alapul\u00f3 gy\u00f3gyszerek k\u00eds\u00e9rletekben felgyors\u00edtj\u00e1k a sz\u00f6vetek<br \/>\nregener\u00e1l\u00f3d\u00e1s\u00e1t, normaliz\u00e1lj\u00e1k a v\u00e9r\u00e9rt\u00e9keket \u00e9s n\u00f6velik a gyomor szekr\u00e9ci\u00f3s aktivit\u00e1s\u00e1t. A koml\u00f3 keser\u0171s\u00e9ge er\u0151s antiszeptikus tulajdons\u00e1gokkal rendelkezik, tov\u00e1bb\u00e1 serkenti az \u00e9tv\u00e1gyat \u00e9s jav\u00edtja az em\u00e9szt\u00e9st. A keser\u0171s\u00e9g az<br \/>\n\u00e9tv\u00e1gyat is serkenti \u00e9s jav\u00edtja az em\u00e9szt\u00e9st. A koml\u00f3tobozb\u00f3l k\u00e9sz\u00fclt f\u0151zet alkalmaz\u00e1sa seg\u00edt a gyomorszekr\u00e9ci\u00f3 \u00e9s a gyomor\u00fcr\u00edt\u00e9s er\u0151s\u00edt\u00e9s\u00e9ben kr\u00f3nikus gyomorhurutban szenved\u0151, szekr\u00e9ci\u00f3s el\u00e9gtelens\u00e9gben szenved\u0151 betegekn\u00e9l. A flavonoidok \u00e9s a vitaminok fek\u00e9lyellenes, hajsz\u00e1ler\u0151s\u00edt\u0151 hat\u00e1sa a n\u00f6v\u00e9nyi<br \/>\nkivonatnak. A koml\u00f3 fenolos vegy\u00fcletei rendelkeznek a kifejezett antioxid\u00e1ns tulajdons\u00e1gokkal, a kalkonok \u00e9s a flavanonok semleges\u00edtik a szabad gy\u00f6k\u00f6ket, g\u00e1tolj\u00e1k az ateroszkler\u00f3zis, a gyullad\u00e1s, a karcinogenezis \u00e9s m\u00e1s k\u00f3ros<br \/>\nfolyamatok kialakul\u00e1s\u00e1nak h\u00e1tter\u00e9ben \u00e1ll\u00f3 szabad gy\u00f6k\u00f6k oxid\u00e1ci\u00f3s folyamatait. Kimutatt\u00e1k a koml\u00f3 kedvez\u0151 hat\u00e1s\u00e1t az anyagcsere-folyamatokra, k\u00fcl\u00f6n\u00f6sen a zs\u00edr-, \u00e1sv\u00e1nyi anyag- \u00e9s v\u00edzh\u00e1ztart\u00e1s szab\u00e1lyoz\u00e1s\u00e1ra.<br \/>\nA koml\u00f3tobozok \u00f6sztrog\u00e9n hat\u00e1s\u00faak. \u00dagy gondolj\u00e1k, hogy ez a hormon\u00e1lis aktivit\u00e1s felel\u0151s az\u00e9rt, hogy a koml\u00f3 k\u00e9pes cs\u00f6kkenteni a f\u00e9rfiak szexu\u00e1lis izgalm\u00e1t.<\/p>\n<p><strong>Kapor (Anethum graviolens)<\/strong><br \/>\n\uf0b7 Zellerf\u00e9l\u00e9k csal\u00e1dja (Apiaceae)<br \/>\n\uf0b7 Nyersanyag: gy\u00fcm\u00f6lcs<br \/>\n<em>K\u00e9miai \u00f6sszet\u00e9tel:<\/em> a term\u00e9s legfeljebb 4% ill\u00f3olajat (f\u0151 \u00f6sszetev\u0151k: karvon, limon\u00e9n, apiol), legfeljebb 20% zs\u00edros olajokat, kumarinokat, flavonoidokat tartalmaz.<br \/>\n<strong>Farmakol\u00f3giai aktivit\u00e1s:<\/strong> az alapanyag n\u00f6veli az em\u00e9szt\u0151mirigyek kiv\u00e1laszt\u00e1s\u00e1t, magas ill\u00f3olaj-tartalma miatt g\u00f6rcsold\u00f3, fert\u0151tlen\u00edt\u0151, k\u00f6ptet\u0151 hat\u00e1s\u00fa, szab\u00e1lyozza a b\u00e9lmozg\u00e1st, valamint el\u0151seg\u00edti a szoptat\u00f3 any\u00e1k<br \/>\ntejtermel\u00e9s\u00e9t, a n\u00f6v\u00e9nyben tal\u00e1lhat\u00f3 flavonoidok er\u0151s\u00edtik az \u00e9rfalakat, az aszkorbinsav jav\u00edtja a szervezet anyagcsere-folyamatait, a k\u00e1lium pedig antiaritmi\u00e1s hat\u00e1s\u00fa.<\/p>\n<p><strong>K\u00f6z\u00f6ns\u00e9ges vagy sim\u00edtott galagonya (Crataegus laevigata)<\/strong><br \/>\n\uf0b7 Rosaceae csal\u00e1d<br \/>\n\uf0b7 Nyersanyag: gy\u00fcm\u00f6lcs\u00f6k<br \/>\n<em>K\u00e9miai \u00f6sszet\u00e9tel:<\/em> A nyersanyag flavonoidokat tartalmaz: hiperozid, kvercetin, vitexin acetilvitexin, valamint oxifah\u00e9jsavakat.<br \/>\n<strong>Farmakol\u00f3giai hat\u00e1s:<\/strong> a nyersanyag sz\u00e1mos tulajdons\u00e1ggal rendelkezik: kardiot\u00f3ni\u00e1s, g\u00f6rcsold\u00f3 \u00e9s m\u00e9rs\u00e9kelten nyugtat\u00f3 hat\u00e1s\u00fa, v\u00e9rnyom\u00e1scs\u00f6kkent\u0151 tulajdons\u00e1gokat mutat. A biol\u00f3giailag akt\u00edv anyagok nyugtatj\u00e1k a k\u00f6zponti idegrendszert, fokozz\u00e1k a sz\u00edvizom \u00f6sszeh\u00faz\u00f3d\u00e1s\u00e1t, szab\u00e1lyozz\u00e1k a sz\u00edvver\u00e9st,<br \/>\nnormaliz\u00e1lj\u00e1k a v\u00e9r koleszterinszintj\u00e9t, fokozz\u00e1k a v\u00e9rkering\u00e9st a sz\u00edv koszor\u00faereiben \u00e9s az agyi erekben.<\/p>\n<p>&nbsp;<\/p>\n<p>&nbsp;<\/p>","protected":false},"excerpt":{"rendered":"<p>Nyugtat\u00f3, alv\u00e1st seg\u00edt\u0151 kapszula. \u00d6sszetev\u0151inek k\u00f6sz\u00f6nhet\u0151en normaliz\u00e1lja az alv\u00e1st, hozz\u00e1j\u00e1rul a k\u00f6zponti idegrendszer megnyugtat\u00e1s\u00e1hoz, a szorong\u00e1s \u00e9s a fesz\u00fclts\u00e9g enyh\u00edt\u00e9s\u00e9hez.<\/p>","protected":false},"featured_media":10394,"comment_status":"open","ping_status":"closed","template":"","meta":{"_acf_changed":false,"_monsterinsights_skip_tracking":false,"_monsterinsights_sitenote_active":false,"_monsterinsights_sitenote_note":"","_monsterinsights_sitenote_category":0},"product_brand":[],"product_cat":[177,709,522,708,521,1453,382,517,717,346,189,524],"product_tag":[1299,1301],"class_list":{"0":"post-3942","1":"product","2":"type-product","3":"status-publish","4":"has-post-thumbnail","6":"product_cat-agymukodes","7":"product_cat-akcios-termekek","8":"product_cat-almatlansag-insomnia","9":"product_cat-ayurveda-keszitmenyek","10":"product_cat-depresszio","11":"product_cat-dietary-supplements","12":"product_cat-etrend-kiegeszitok","13":"product_cat-komplexumok","14":"product_cat-hu-feed","15":"product_cat-kozponti-idegrendszer","16":"product_cat-minden-termek","17":"product_cat-vegetativ-idegrendszeri-problemak","18":"product_tag-almatlansag","19":"product_tag-stressz","21":"first","22":"instock","23":"shipping-taxable","24":"purchasable","25":"product-type-simple"},"acf":[],"_links":{"self":[{"href":"https:\/\/calendulapharma.com\/sk\/wp-json\/wp\/v2\/product\/3942","targetHints":{"allow":["GET"]}}],"collection":[{"href":"https:\/\/calendulapharma.com\/sk\/wp-json\/wp\/v2\/product"}],"about":[{"href":"https:\/\/calendulapharma.com\/sk\/wp-json\/wp\/v2\/types\/product"}],"replies":[{"embeddable":true,"href":"https:\/\/calendulapharma.com\/sk\/wp-json\/wp\/v2\/comments?post=3942"}],"version-history":[{"count":5,"href":"https:\/\/calendulapharma.com\/sk\/wp-json\/wp\/v2\/product\/3942\/revisions"}],"predecessor-version":[{"id":21428,"href":"https:\/\/calendulapharma.com\/sk\/wp-json\/wp\/v2\/product\/3942\/revisions\/21428"}],"wp:featuredmedia":[{"embeddable":true,"href":"https:\/\/calendulapharma.com\/sk\/wp-json\/wp\/v2\/media\/10394"}],"wp:attachment":[{"href":"https:\/\/calendulapharma.com\/sk\/wp-json\/wp\/v2\/media?parent=3942"}],"wp:term":[{"taxonomy":"product_brand","embeddable":true,"href":"https:\/\/calendulapharma.com\/sk\/wp-json\/wp\/v2\/product_brand?post=3942"},{"taxonomy":"product_cat","embeddable":true,"href":"https:\/\/calendulapharma.com\/sk\/wp-json\/wp\/v2\/product_cat?post=3942"},{"taxonomy":"product_tag","embeddable":true,"href":"https:\/\/calendulapharma.com\/sk\/wp-json\/wp\/v2\/product_tag?post=3942"}],"curies":[{"name":"wp","href":"https:\/\/api.w.org\/{rel}","templated":true}]}}