{"id":3951,"date":"2022-07-18T14:45:32","date_gmt":"2022-07-18T12:45:32","guid":{"rendered":"https:\/\/calendulapharma.com\/product\/freshlife-masnapossag-tuleves-esetere-2\/"},"modified":"2026-02-13T15:57:32","modified_gmt":"2026-02-13T14:57:32","slug":"freshlife-masnapossag-tuleves-esetere","status":"publish","type":"product","link":"https:\/\/calendulapharma.com\/sk\/produkt\/freshlife-masnapossag-tuleves-esetere\/","title":{"rendered":"Kapsule Freshlife"},"content":{"rendered":"<p><strong>OGYEI nyilv\u00e1ntart\u00e1si sz\u00e1m 14636\/2014<\/strong><\/p>\n<p>\u00d6sszetev\u0151k: andrographis paniculate, kakukkf\u0171 (Thymus vulgaris), izs\u00f3p<br \/>\n(Hyssopus officinalis), szent bzsalikom (Ocimum sanctum), orvosi gy\u00f6mb\u00e9r<br \/>\n(Zingiber officinale), szegf\u0171sazegf\u0171 (Syzygium aromaticum L.), term\u00e9szetes<\/p>\n<p>kardamom (Elettaria cardamonum), s\u00e1rga gentiana (Gentiana lutea).<\/p>\n<p>Adagol\u00e1s: Feln\u0151ttek naponta 3-szor 2 kapszula, 5-12 \u00e9ves gyermekek: naponta<br \/>\n1 kapszula. \u00c9tkez\u00e9s el\u0151tt 30 perccel, meleg v\u00edzzel aj\u00e1nlott bevenni.<\/p>\n<p><em>Ellenjavallatok: Terhess\u00e9g<\/em><br \/>\n<em>Uchov\u00e1vajte mimo dosahu det\u00ed!<\/em><br \/>\n<em>A t\u00e1pl\u00e1l\u00e9kkieg\u00e9sz\u00edt\u0151 nem helyettes\u00edti a kiegyens\u00falyozott \u00e9trendet \u00e9s az<\/em><br \/>\n<em>eg\u00e9szs\u00e9ges \u00e9letm\u00f3dot, \u00e9s nem helyettes\u00edti a protokoll\u00e1ris el\u0151\u00edr\u00e1sokat sem!<\/em><\/p>\n<p>A <strong>FRESHlife<\/strong> harmonikusan egyes\u00edti az \u00f6sszes n\u00f6v\u00e9nyi \u00f6sszetev\u0151t egyetlen seg\u00edt\u0151 mechanizmuss\u00e1 a t\u00falev\u00e9sb\u0151l, \u00e9tel- \u00e9s alkoholm\u00e9rgez\u00e9sb\u0151l sz\u00e1rmaz\u00f3 m\u00e9reganyagok gyors ki\u00fcr\u00edt\u00e9se \u00e9rdek\u00e9ben. A gy\u00e1rt\u00e1stechnol\u00f3gia min\u0151s\u00e9gi \u00e9lelmiszer- \u00e9s gy\u00f3gy\u00e1szati n\u00f6v\u00e9nyi nyersanyagok felhaszn\u00e1l\u00e1s\u00e1t biztos\u00edtja. A n\u00f6v\u00e9nyi nyersanyagok tel\u00edtetts\u00e9ge egyidej\u0171leg elk\u00e9sz\u00edtett f\u0151zet (vizes extrakci\u00f3) lehet\u0151s\u00e9get ad arra, hogy biol\u00f3giai akt\u00edv vegy\u00fcletek komplexeinek nagyobb koncentr\u00e1ci\u00f3j\u00e1val rendelkez\u0151 \u00e9lelmiszer-adal\u00e9kanyagot kapjon, amely megtartotta biol\u00f3giai integrit\u00e1s\u00e1t.<br \/>\nAz <strong>Andrographis paniculata<\/strong> az \u00e1zsiai orsz\u00e1gokban a hagyom\u00e1nyos orvosl\u00e1sban r\u00e9g\u00f3ta haszn\u00e1latos term\u00e9szetes antibiotikumk\u00e9nt \u00e9s er\u0151s gyullad\u00e1scs\u00f6kkent\u0151k\u00e9nt a gyullad\u00e1sos b\u00e9lbetegs\u00e9gek kezel\u00e9s\u00e9ben. A n\u00f6v\u00e9nyi alapanyag em\u00e9szt\u00e9st is seg\u00edti \u00e9s cs\u00f6kkenti a v\u00e9rcukorszintet. Hepatoprotektork\u00e9nt haszn\u00e1lj\u00e1k s\u00e1rgas\u00e1g \u00e9s legyeng\u00fclt m\u00e1j, puffad\u00e1s \u00e9s hasmen\u00e9s eset\u00e9n. Lass\u00edtja a zs\u00edrsejtekben a zs\u00edr felhalmoz\u00f3d\u00e1s\u00e1nak folyamat\u00e1t.<\/p>\n<p>Az ill\u00f3olajok jelenl\u00e9te a <strong>kakukkf\u0171, izs\u00f3p, szent bazsalikom, gy\u00f6mb\u00e9rgy\u00f6k\u00e9r, szegf\u0171szeg<\/strong> fitok\u00e9miai \u00f6sszet\u00e9tel\u00e9ben jelent\u0151s fert\u0151tlen\u00edt\u0151, bakt\u00e9rium\u00f6l\u0151, gomba\u00f6l\u0151 hat\u00e1ssal van a szervezetre. A gy\u0171jtem\u00e9ny \u00f6sszetev\u0151i aktiv\u00e1lj\u00e1k a m\u00e1jm\u0171k\u00f6d\u00e9st, serkentik a m\u00e9regtelen\u00edt\u00e9si folyamatokat, cs\u00f6kkentik a koleszterinszintet.<\/p>\n<p>Ezenk\u00edv\u00fcl az <strong>izs\u00f3p<\/strong> k\u00e9miai \u00f6sszet\u00e9tele el\u0151seg\u00edti az em\u00e9szt\u00e9st, a gyomornedv kiv\u00e1laszt\u00e1s\u00e1t \u00e9s serkenti az \u00e9tv\u00e1gyat.<\/p>\n<p>A <strong>bazsalikom<\/strong> az egyik m\u00e9regtelen\u00edt\u0151 gy\u00f3gyn\u00f6v\u00e9ny, amelyet a szervezet m\u00e9reganyagokt\u00f3l val\u00f3 megtiszt\u00edt\u00e1s\u00e1ra haszn\u00e1lnak.<\/p>\n<p>A <strong>gy\u00f6mb\u00e9r<\/strong> jav\u00edtja a b\u00e9lm\u0171k\u00f6d\u00e9st, a gyomorszekr\u00e9ci\u00f3t, el\u0151seg\u00edti a t\u00e1pl\u00e1l\u00e9k lebont\u00e1s\u00e1t \u00e9s em\u00e9szt\u00e9s\u00e9t, szab\u00e1lyozza a b\u00e9lperisztaltik\u00e1t, \u00e9s hasznos a zs\u00edranyagcsere zavarai eset\u00e9n. A gy\u00f6mb\u00e9r a legjobb orvoss\u00e1g a szervezet m\u00e9rgez\u00e9s\u00e9nek kezel\u00e9s\u00e9re. A szegf\u0171szeg ill\u00f3olaja serkenti az \u00e9tv\u00e1gyat, jav\u00edtja az em\u00e9szt\u00e9st, cs\u00f6kkenti a b\u00e9lg\u00e1zokat, \u00e9s er\u0151s\u00edti az immunrendszert is. Ennek az \u00e9trend-kieg\u00e9sz\u00edt\u0151nek a formul\u00e1ja optimaliz\u00e1lja a m\u00e9reganyagok<br \/>\nkiv\u00e1laszt\u00e1s\u00e1t, mik\u00f6zben gyakorlatilag a szervezet \u00f6sszes kiv\u00e1laszt\u00f3 rendszer\u00e9t ig\u00e9nybe veszi.<\/p>\n<p>A <strong>mentol (Menhtolum)<\/strong> sz\u00edntelen krist\u00e1ly, er\u0151s borsmenta illattal \u00e9s h\u0171s\u00edt\u0151 \u00edzzel.<\/p>","protected":false},"excerpt":{"rendered":"<p>Akik egy kiad\u00f3sabb \u00e9tkez\u00e9s vagy italoz\u00e1s ut\u00e1n szeretn\u00e9k szervezet\u00fck tehermentes\u00edt\u00e9s\u00e9t \u00e9s felfriss\u00fcl\u00e9s\u00e9t el\u0151seg\u00edteni. Hozz\u00e1j\u00e1rulhat a m\u00e1snaposs\u00e1g \u00e9s a t\u00falev\u00e9s kellemetlen t\u00fcneteinek enyh\u00edt\u00e9s\u00e9hez, t\u00e1mogathatja a m\u00e1j m\u0171k\u00f6d\u00e9s\u00e9t \u00e9s az em\u00e9szt\u00e9st.<\/p>","protected":false},"featured_media":10399,"comment_status":"open","ping_status":"closed","template":"","meta":{"_acf_changed":false,"_monsterinsights_skip_tracking":false,"_monsterinsights_sitenote_active":false,"_monsterinsights_sitenote_note":"","_monsterinsights_sitenote_category":0},"product_brand":[],"product_cat":[709,708,382,717,344,194,348],"product_tag":[424,276,423],"class_list":{"0":"post-3951","1":"product","2":"type-product","3":"status-publish","4":"has-post-thumbnail","6":"product_cat-akcios-termekek","7":"product_cat-ayurveda-keszitmenyek","8":"product_cat-etrend-kiegeszitok","9":"product_cat-hu-feed","10":"product_cat-hugyuti-rendszer","11":"product_cat-immunrendszer","12":"product_cat-meregtelenites","13":"product_tag-gyomor-teltseg-erzet","14":"product_tag-masnapossag","15":"product_tag-telitettseg","17":"first","18":"instock","19":"shipping-taxable","20":"purchasable","21":"product-type-simple"},"acf":[],"_links":{"self":[{"href":"https:\/\/calendulapharma.com\/sk\/wp-json\/wp\/v2\/product\/3951","targetHints":{"allow":["GET"]}}],"collection":[{"href":"https:\/\/calendulapharma.com\/sk\/wp-json\/wp\/v2\/product"}],"about":[{"href":"https:\/\/calendulapharma.com\/sk\/wp-json\/wp\/v2\/types\/product"}],"replies":[{"embeddable":true,"href":"https:\/\/calendulapharma.com\/sk\/wp-json\/wp\/v2\/comments?post=3951"}],"version-history":[{"count":4,"href":"https:\/\/calendulapharma.com\/sk\/wp-json\/wp\/v2\/product\/3951\/revisions"}],"predecessor-version":[{"id":22053,"href":"https:\/\/calendulapharma.com\/sk\/wp-json\/wp\/v2\/product\/3951\/revisions\/22053"}],"wp:featuredmedia":[{"embeddable":true,"href":"https:\/\/calendulapharma.com\/sk\/wp-json\/wp\/v2\/media\/10399"}],"wp:attachment":[{"href":"https:\/\/calendulapharma.com\/sk\/wp-json\/wp\/v2\/media?parent=3951"}],"wp:term":[{"taxonomy":"product_brand","embeddable":true,"href":"https:\/\/calendulapharma.com\/sk\/wp-json\/wp\/v2\/product_brand?post=3951"},{"taxonomy":"product_cat","embeddable":true,"href":"https:\/\/calendulapharma.com\/sk\/wp-json\/wp\/v2\/product_cat?post=3951"},{"taxonomy":"product_tag","embeddable":true,"href":"https:\/\/calendulapharma.com\/sk\/wp-json\/wp\/v2\/product_tag?post=3951"}],"curies":[{"name":"wp","href":"https:\/\/api.w.org\/{rel}","templated":true}]}}