{"id":4204,"date":"2022-08-16T09:05:38","date_gmt":"2022-08-16T07:05:38","guid":{"rendered":"https:\/\/calendulapharma.com\/?post_type=product&#038;p=4204"},"modified":"2026-02-13T15:55:16","modified_gmt":"2026-02-13T14:55:16","slug":"alvast-segito-teakeverek","status":"publish","type":"product","link":"https:\/\/calendulapharma.com\/sk\/produkt\/alvast-segito-teakeverek\/","title":{"rendered":"\u010cajov\u00e1 zmes, ktor\u00e1 v\u00e1m pom\u00f4\u017ee zaspa\u0165"},"content":{"rendered":"<h3>F\u0150BB TULAJDONS\u00c1GOK:<\/h3>\n<p>Alv\u00e1st seg\u00edt\u0151 gy\u00f3gytea-kever\u00e9k\u00fcnket azok sz\u00e1m\u00e1ra \u00e1ll\u00edtottuk \u00f6ssze, akik\u00a0nehezen alszanak el, nyugtalanul, alszanak, akik \u00e9jjel fel\u00e9brednek \u00e9s nehezen alszanak vissza. Hat\u00e9kony seg\u00edts\u00e9g azok sz\u00e1m\u00e1ra, akik alv\u00e1sprobl\u00e9m\u00e1ik miatt reggelente f\u00e1radtak.<\/p>\n<h3>\u00d6SSZETEV\u0150K:<\/h3>\n<ul>\n<li>Chme\u013e (Humulus lupulus)<\/li>\n<li>\u010eatelina alpsk\u00e1 (Trifolium alpestre)<\/li>\n<li>Plody hlohu (crataegi fructus)<\/li>\n<li>Koc\u00farnik lek\u00e1rsky (valeriana officinalis)<\/li>\n<li>Semen\u00e1 feniklu (foeniculum vulgaris)<\/li>\n<li>Semeno kapuc\u00ednky (anethum graveolens)<\/li>\n<li>An\u00edz (pimpinella anisum)<\/li>\n<\/ul>\n<h3>HAT\u00d3ANYAGOK:<\/h3>\n<ul>\n<li>Koml\u00f3vir\u00e1g: nyugtat\u00f3 hat\u00e1ssal van az idegrendszerre<\/li>\n<li>Galagonyabogy\u00f3: seg\u00edti az alv\u00e1st \u00e9s pihentet\u0151 hat\u00e1sa van.<\/li>\n<\/ul>\n<h3>FELHASZN\u00c1L\u00c1S:<\/h3>\n<p>2 \u010dajov\u00e9 ly\u017ei\u010dky bylinky varte 10-15 min\u00fat v 2 dl vody a sce\u010fte. Potom je pripraven\u00fd na pitie!<\/p>\n<h3>FIGYELEM!<\/h3>\n<ul>\n<li>Konzum\u00e1cia po\u010das tehotenstva a doj\u010denia sa neodpor\u00fa\u010da!<\/li>\n<li>Osoby, ktor\u00e9 sa lie\u010dia, a osoby, ktor\u00e9 pravidelne u\u017e\u00edvaj\u00fa lieky, by sa mali o pou\u017e\u00edvan\u00ed tohto v\u00fdrobku poradi\u0165 so svoj\u00edm lek\u00e1rom.<\/li>\n<li>Konzum\u00e1cia tohto v\u00fdrobku nenahr\u00e1dza pestr\u00fa, vyv\u00e1\u017een\u00fa stravu a zdrav\u00fd \u017eivotn\u00fd \u0161t\u00fdl!<\/li>\n<li>Skladovanie: pri izbovej teplote<\/li>\n<\/ul>","protected":false},"excerpt":{"rendered":"<p>Na\u0161a bylinn\u00e1 \u010dajov\u00e1 zmes na dobr\u00fd sp\u00e1nok je ur\u010den\u00e1 pre \u013eud\u00ed, ktor\u00ed maj\u00fa probl\u00e9my so sp\u00e1nkom, v noci sa budia a \u0165a\u017eko zasp\u00e1vaj\u00fa. M\u00f4\u017ee pom\u00f4c\u0165 t\u00fdm, ktor\u00ed s\u00fa r\u00e1no unaven\u00ed kv\u00f4li nepokojn\u00e9mu sp\u00e1nku v noci.<\/p>","protected":false},"featured_media":10510,"comment_status":"open","ping_status":"closed","template":"","meta":{"_acf_changed":false,"_monsterinsights_skip_tracking":false,"_monsterinsights_sitenote_active":false,"_monsterinsights_sitenote_note":"","_monsterinsights_sitenote_category":0},"product_brand":[],"product_cat":[177,709,218,717,346,217,205],"product_tag":[179,180],"class_list":{"0":"post-4204","1":"product","2":"type-product","3":"status-publish","4":"has-post-thumbnail","6":"product_cat-agymukodes","7":"product_cat-akcios-termekek","8":"product_cat-ferfi-egeszseg","9":"product_cat-hu-feed","10":"product_cat-kozponti-idegrendszer","11":"product_cat-noi-egeszseg","12":"product_cat-teakeverekek","13":"product_tag-idegrendszer","14":"product_tag-stressz","16":"first","17":"instock","18":"shipping-taxable","19":"purchasable","20":"product-type-simple"},"acf":[],"_links":{"self":[{"href":"https:\/\/calendulapharma.com\/sk\/wp-json\/wp\/v2\/product\/4204","targetHints":{"allow":["GET"]}}],"collection":[{"href":"https:\/\/calendulapharma.com\/sk\/wp-json\/wp\/v2\/product"}],"about":[{"href":"https:\/\/calendulapharma.com\/sk\/wp-json\/wp\/v2\/types\/product"}],"replies":[{"embeddable":true,"href":"https:\/\/calendulapharma.com\/sk\/wp-json\/wp\/v2\/comments?post=4204"}],"version-history":[{"count":3,"href":"https:\/\/calendulapharma.com\/sk\/wp-json\/wp\/v2\/product\/4204\/revisions"}],"predecessor-version":[{"id":21436,"href":"https:\/\/calendulapharma.com\/sk\/wp-json\/wp\/v2\/product\/4204\/revisions\/21436"}],"wp:featuredmedia":[{"embeddable":true,"href":"https:\/\/calendulapharma.com\/sk\/wp-json\/wp\/v2\/media\/10510"}],"wp:attachment":[{"href":"https:\/\/calendulapharma.com\/sk\/wp-json\/wp\/v2\/media?parent=4204"}],"wp:term":[{"taxonomy":"product_brand","embeddable":true,"href":"https:\/\/calendulapharma.com\/sk\/wp-json\/wp\/v2\/product_brand?post=4204"},{"taxonomy":"product_cat","embeddable":true,"href":"https:\/\/calendulapharma.com\/sk\/wp-json\/wp\/v2\/product_cat?post=4204"},{"taxonomy":"product_tag","embeddable":true,"href":"https:\/\/calendulapharma.com\/sk\/wp-json\/wp\/v2\/product_tag?post=4204"}],"curies":[{"name":"wp","href":"https:\/\/api.w.org\/{rel}","templated":true}]}}