{"id":4210,"date":"2022-08-16T09:39:29","date_gmt":"2022-08-16T07:39:29","guid":{"rendered":"https:\/\/calendulapharma.com\/?post_type=product&#038;p=4210"},"modified":"2026-02-13T15:55:15","modified_gmt":"2026-02-13T14:55:15","slug":"detox-teakeverek","status":"publish","type":"product","link":"https:\/\/calendulapharma.com\/sk\/produkt\/detox-teakeverek\/","title":{"rendered":"Detoxika\u010dn\u00e1 \u010dajov\u00e1 zmes"},"content":{"rendered":"<h3>F\u0150BB TULAJDONS\u00c1GOK:<\/h3>\n<p>Detox teakever\u00e9k\u00fcnket aj\u00e1nljuk azok sz\u00e1m\u00e1ra, akik gyakran fogyasztanak zs\u00edros \u00e9teleket, alkoholt. Javasoljuk azok sz\u00e1m\u00e1ra is, akik b\u0151rki\u00fct\u00e9ssel, pattan\u00e1sokkal \u00e9s egy\u00e9b b\u0151rprobl\u00e9m\u00e1kkal k\u00fczdenek, esetleg er\u0151sen izzadnak, melyet kellemetlen testszag k\u00eds\u00e9r.12 \u00e9rt\u00e9kes gy\u00f3gyn\u00f6v\u00e9nnyel!<\/p>\n<p>\u00d6SSZETEV\u0150K:<\/p>\n<ul>\n<li>Celand\u00edn (agrimoniae herba)<\/li>\n<li>Kamilla vir\u00e1g (matricaria chamomille)<\/li>\n<li>Borsmenta lev\u00e9l (mentha piperita)<\/li>\n<li>Pomaran\u010dov\u00e1 k\u00f4ra (auranthii pericarpium)<\/li>\n<li>Citr\u00f3nov\u00e1 k\u00f4ra (citri pericarpium)<\/li>\n<li>Citromf\u0171 lev\u00e9l (melissa officinalis)<\/li>\n<li>K\u00f6r\u00f6mvir\u00e1g (calendula officinalis)<\/li>\n<li>Ma\u010danka (achillea millefolium)<\/li>\n<li>Angelika gy\u00f6k\u00e9r (angelica sinensis)<\/li>\n<li>Semeno kapuc\u00ednky (anethum graveolens)<\/li>\n<li>Semen\u00e1 feniklu (foeniculum vulgare)<\/li>\n<li>Konyhak\u00f6m\u00e9ny mag (carum carvi)<\/li>\n<\/ul>\n<p>HAT\u00d3ANYAGOK:<\/p>\n<ul>\n<li>Csal\u00e1nlev\u00e9l: \u00e9l\u00e9nk\u00edt\u0151 hat\u00e1ssal van a testre.<\/li>\n<li>Apr\u00f3bojtorj\u00e1n: gyullad\u00e1scs\u00f6kkent\u0151 \u00e9s n\u00f6veli a szervezet ellen\u00e1ll\u00f3k\u00e9pess\u00e9g\u00e9t.<\/li>\n<li>Szurokf\u0171: j\u00f3t\u00e9kony hat\u00e1st gyakorol a sz\u00edv- \u00e9s \u00e9rrendszerre<\/li>\n<\/ul>\n<p>FELHASZN\u00c1L\u00c1S:<\/p>\n<p>2 \u010dajov\u00e9 ly\u017ei\u010dky bylinky varte 10-15 min\u00fat v 2 dl vody a sce\u010fte. Potom je pripraven\u00fd na pitie!<\/p>\n<p>FIGYELEM!<\/p>\n<ul>\n<li>Konzum\u00e1cia po\u010das tehotenstva a doj\u010denia sa neodpor\u00fa\u010da!<\/li>\n<li>Osoby, ktor\u00e9 sa lie\u010dia, a osoby, ktor\u00e9 pravidelne u\u017e\u00edvaj\u00fa lieky, by sa mali o pou\u017e\u00edvan\u00ed tohto v\u00fdrobku poradi\u0165 so svoj\u00edm lek\u00e1rom.<\/li>\n<li>Konzum\u00e1cia tohto v\u00fdrobku nenahr\u00e1dza pestr\u00fa, vyv\u00e1\u017een\u00fa stravu a zdrav\u00fd \u017eivotn\u00fd \u0161t\u00fdl!<\/li>\n<li>Skladovanie: pri izbovej teplote<\/li>\n<\/ul>","protected":false},"excerpt":{"rendered":"<p>V\u00e9rtiszt\u00edt\u00f3, energetiz\u00e1l\u00f3 hat\u00e1s\u00fa gy\u00f3gytea-kever\u00e9k. Detox teakever\u00e9k\u00fcnket aj\u00e1nljuk azok sz\u00e1m\u00e1ra, akik gyakran fogyasztanak zs\u00edros \u00e9teleket, alkoholt. Javasoljuk azok sz\u00e1m\u00e1ra is, akik b\u0151rki\u00fct\u00e9ssel, pattan\u00e1sokkal \u00e9s egy\u00e9b b\u0151rprobl\u00e9m\u00e1kkal k\u00fczdenek, esetleg er\u0151sen izzadnak, melyet kellemetlen testszag k\u00eds\u00e9r.12 \u00e9rt\u00e9kes gy\u00f3gyn\u00f6v\u00e9nnyel.<\/p>","protected":false},"featured_media":10515,"comment_status":"open","ping_status":"closed","template":"","meta":{"_acf_changed":false,"_monsterinsights_skip_tracking":false,"_monsterinsights_sitenote_active":false,"_monsterinsights_sitenote_note":"","_monsterinsights_sitenote_category":0},"product_brand":[],"product_cat":[709,211,717,348,343,205,349],"product_tag":[426],"class_list":{"0":"post-4210","1":"product","2":"type-product","3":"status-publish","4":"has-post-thumbnail","6":"product_cat-akcios-termekek","7":"product_cat-anyagcsere","8":"product_cat-hu-feed","9":"product_cat-meregtelenites","10":"product_cat-sziv-es-errendszer","11":"product_cat-teakeverekek","12":"product_cat-verkepzes","13":"product_tag-meregtelenites","15":"first","16":"instock","17":"shipping-taxable","18":"purchasable","19":"product-type-simple"},"acf":[],"_links":{"self":[{"href":"https:\/\/calendulapharma.com\/sk\/wp-json\/wp\/v2\/product\/4210","targetHints":{"allow":["GET"]}}],"collection":[{"href":"https:\/\/calendulapharma.com\/sk\/wp-json\/wp\/v2\/product"}],"about":[{"href":"https:\/\/calendulapharma.com\/sk\/wp-json\/wp\/v2\/types\/product"}],"replies":[{"embeddable":true,"href":"https:\/\/calendulapharma.com\/sk\/wp-json\/wp\/v2\/comments?post=4210"}],"version-history":[{"count":4,"href":"https:\/\/calendulapharma.com\/sk\/wp-json\/wp\/v2\/product\/4210\/revisions"}],"predecessor-version":[{"id":21449,"href":"https:\/\/calendulapharma.com\/sk\/wp-json\/wp\/v2\/product\/4210\/revisions\/21449"}],"wp:featuredmedia":[{"embeddable":true,"href":"https:\/\/calendulapharma.com\/sk\/wp-json\/wp\/v2\/media\/10515"}],"wp:attachment":[{"href":"https:\/\/calendulapharma.com\/sk\/wp-json\/wp\/v2\/media?parent=4210"}],"wp:term":[{"taxonomy":"product_brand","embeddable":true,"href":"https:\/\/calendulapharma.com\/sk\/wp-json\/wp\/v2\/product_brand?post=4210"},{"taxonomy":"product_cat","embeddable":true,"href":"https:\/\/calendulapharma.com\/sk\/wp-json\/wp\/v2\/product_cat?post=4210"},{"taxonomy":"product_tag","embeddable":true,"href":"https:\/\/calendulapharma.com\/sk\/wp-json\/wp\/v2\/product_tag?post=4210"}],"curies":[{"name":"wp","href":"https:\/\/api.w.org\/{rel}","templated":true}]}}