{"id":4216,"date":"2022-08-16T09:43:22","date_gmt":"2022-08-16T07:43:22","guid":{"rendered":"https:\/\/calendulapharma.com\/?post_type=product&#038;p=4216"},"modified":"2026-02-13T15:55:14","modified_gmt":"2026-02-13T14:55:14","slug":"friss-tudo-teakeverek","status":"publish","type":"product","link":"https:\/\/calendulapharma.com\/sk\/produkt\/friss-tudo-teakeverek\/","title":{"rendered":"\u010cerstv\u00e1 zmes \u010daju z p\u013e\u00fac"},"content":{"rendered":"<h3>F\u0150BB TULAJDONS\u00c1GOK:<\/h3>\n<p>Bylinn\u00e1 \u010dajov\u00e1 zmes pre zdravie horn\u00fdch d\u00fdchac\u00edch ciest a p\u013e\u00fac. Pom\u00e1ha odstra\u0148ova\u0165 prebyto\u010dn\u00fd hlien, ktor\u00fd podporuje os\u00edd\u013eovanie a mno\u017eenie v\u00edrusov a bakt\u00e9ri\u00ed, tak\u017ee \u010dajov\u00e1 zmes prispieva k \u010distote a zdraviu d\u00fdchacieho syst\u00e9mu.<\/p>\n<h3>\u00d6SSZETEV\u0150K:<\/h3>\n<ul>\n<li>Kvet prvosienky (Primula vulgaris)<\/li>\n<li>Oxtail Bush Kvetina (Verbascum)<\/li>\n<li>Divok\u00e1 mace\u0161ka ( Viola tricolor)<\/li>\n<li>List bazalky (Ocimum sanctum)<\/li>\n<li>Majorana rastlina (Majorana hortensis)<\/li>\n<li>Izop z\u00e1hradn\u00fd (Hyssopus officinalis)<\/li>\n<li>Tymi\u00e1n z\u00e1hradn\u00fd (Thymus vulgaris)<\/li>\n<li>Smolni\u010dka oby\u010dajn\u00e1 (Origanum vulgaris)<\/li>\n<li>Fodormenta (Mentha crispata)<\/li>\n<li>Biely slez (Althaea officinalis)<\/li>\n<li>Kore\u0148 z\u00e1zvoru (Zingiber officinale)<\/li>\n<li>An\u00edzov\u00e9 semeno (Pimpinella anisum)<\/li>\n<li>Cvikla (Inula helenium)<\/li>\n<li>Sladk\u00e9 drievko (Glycyrrhiza glabra)<\/li>\n<li>Feh\u00e9rm\u00e1lyva gy\u00f6k\u00e9r (Althaea officinalis)<\/li>\n<\/ul>\n<h3>HAT\u00d3ANYAGOK:<\/h3>\n<ul>\n<li>Jeho zlo\u017eky, volsk\u00e9 oko a fialka, podporuj\u00fa \u013eahk\u00e9 d\u00fdchanie a maj\u00fa upokojuj\u00faci \u00fa\u010dinok na hrdlo.<\/li>\n<li>Antioxida\u010dn\u00fd \u00fa\u010dinok \u0161anca.<\/li>\n<li>Bazalka m\u00e1 antibakteri\u00e1lne, protik\u0155\u010dov\u00e9 a expektora\u010dn\u00e9 \u00fa\u010dinky a podporuje zdravie horn\u00fdch d\u00fdchac\u00edch ciest.<\/li>\n<li>Major\u00e1nka zlep\u0161uje zdravie d\u00fdchacieho syst\u00e9mu.<\/li>\n<\/ul>\n<h3>FELHASZN\u00c1L\u00c1S:<\/h3>\n<p>2 te\u00e1skan\u00e1lnyi teakever\u00e9ket forr\u00e1zzunk le 2 dl v\u00edzzel! 10-15 percet \u00e1llni hagyjuk \u00e9s lesz\u0171rj\u00fck. Ezt k\u00f6vet\u0151en fogyaszthat\u00f3!<\/p>\n<h3>FIGYELEM!<\/h3>\n<ul>\n<li>Konzum\u00e1cia po\u010das tehotenstva a doj\u010denia sa neodpor\u00fa\u010da!<\/li>\n<li>\u013dudia, ktor\u00ed sa lie\u010dia, a \u013eudia, ktor\u00ed pravidelne u\u017e\u00edvaj\u00fa lieky, by sa mali o pou\u017e\u00edvan\u00ed tohto v\u00fdrobku poradi\u0165 so svoj\u00edm lek\u00e1rom.<\/li>\n<li>Konzum\u00e1cia tohto v\u00fdrobku nenahr\u00e1dza pestr\u00fa, vyv\u00e1\u017een\u00fa stravu a zdrav\u00fd \u017eivotn\u00fd \u0161t\u00fdl!<\/li>\n<\/ul>","protected":false},"excerpt":{"rendered":"<p>Bylinn\u00e1 \u010dajov\u00e1 zmes pre zdravie horn\u00fdch d\u00fdchac\u00edch ciest a p\u013e\u00fac. Pom\u00e1ha odstra\u0148ova\u0165 prebyto\u010dn\u00fd hlien, ktor\u00fd podporuje os\u00edd\u013eovanie a mno\u017eenie v\u00edrusov a bakt\u00e9ri\u00ed, tak\u017ee \u010dajov\u00e1 zmes prispieva k \u010distote a zdraviu d\u00fdchacieho syst\u00e9mu.<\/p>","protected":false},"featured_media":10525,"comment_status":"open","ping_status":"closed","template":"","meta":{"_acf_changed":false,"_monsterinsights_skip_tracking":false,"_monsterinsights_sitenote_active":false,"_monsterinsights_sitenote_note":"","_monsterinsights_sitenote_category":0},"product_brand":[],"product_cat":[709,717,347,192,205],"product_tag":[412,186],"class_list":{"0":"post-4216","1":"product","2":"type-product","3":"status-publish","4":"has-post-thumbnail","6":"product_cat-akcios-termekek","7":"product_cat-hu-feed","8":"product_cat-legzorendszer","9":"product_cat-megfazas","10":"product_cat-teakeverekek","11":"product_tag-legzes","12":"product_tag-megfazas","14":"first","15":"instock","16":"shipping-taxable","17":"purchasable","18":"product-type-simple"},"acf":[],"_links":{"self":[{"href":"https:\/\/calendulapharma.com\/sk\/wp-json\/wp\/v2\/product\/4216","targetHints":{"allow":["GET"]}}],"collection":[{"href":"https:\/\/calendulapharma.com\/sk\/wp-json\/wp\/v2\/product"}],"about":[{"href":"https:\/\/calendulapharma.com\/sk\/wp-json\/wp\/v2\/types\/product"}],"replies":[{"embeddable":true,"href":"https:\/\/calendulapharma.com\/sk\/wp-json\/wp\/v2\/comments?post=4216"}],"version-history":[{"count":3,"href":"https:\/\/calendulapharma.com\/sk\/wp-json\/wp\/v2\/product\/4216\/revisions"}],"predecessor-version":[{"id":21448,"href":"https:\/\/calendulapharma.com\/sk\/wp-json\/wp\/v2\/product\/4216\/revisions\/21448"}],"wp:featuredmedia":[{"embeddable":true,"href":"https:\/\/calendulapharma.com\/sk\/wp-json\/wp\/v2\/media\/10525"}],"wp:attachment":[{"href":"https:\/\/calendulapharma.com\/sk\/wp-json\/wp\/v2\/media?parent=4216"}],"wp:term":[{"taxonomy":"product_brand","embeddable":true,"href":"https:\/\/calendulapharma.com\/sk\/wp-json\/wp\/v2\/product_brand?post=4216"},{"taxonomy":"product_cat","embeddable":true,"href":"https:\/\/calendulapharma.com\/sk\/wp-json\/wp\/v2\/product_cat?post=4216"},{"taxonomy":"product_tag","embeddable":true,"href":"https:\/\/calendulapharma.com\/sk\/wp-json\/wp\/v2\/product_tag?post=4216"}],"curies":[{"name":"wp","href":"https:\/\/api.w.org\/{rel}","templated":true}]}}