{"id":4228,"date":"2022-08-16T09:51:34","date_gmt":"2022-08-16T07:51:34","guid":{"rendered":"https:\/\/calendulapharma.com\/?post_type=product&#038;p=4228"},"modified":"2026-02-13T15:55:13","modified_gmt":"2026-02-13T14:55:13","slug":"kapha-teakeverek","status":"publish","type":"product","link":"https:\/\/calendulapharma.com\/sk\/produkt\/kapha-teakeverek\/","title":{"rendered":"\u010cajov\u00e1 zmes Kapha"},"content":{"rendered":"<h3>Kapha t\u00edpus jellemz\u0151i:<\/h3>\n<p><strong>V\u00e1\u017ene<\/strong> &#8211; minden s\u00falyos rendelleness\u00e9g kapha-egyens\u00falyzavart sejtet, legyen az ak\u00e1r elh\u00edz\u00e1s, neh\u00e9z em\u00e9szt\u00e9s vagy s\u00falyos, nyomaszt\u00f3 depresszi\u00f3.<\/p>\n<p><strong>Sladk\u00e9<\/strong> &#8211; amely s\u00falyfelesleghez \u00e9s cukorbetegs\u00e9ghez vezet, ha t\u00fals\u00e1gosan sok \u00e9dess\u00e9g jut a testbe.<\/p>\n<p><strong>Trval\u00e9<\/strong> &#8211; ez a kapha-t\u00edpust tart\u00f3zkod\u00f3v\u00e1 teszi. A testi folyamatok nem mutatnak nagy kileng\u00e9seket; a kapha \u00e1lland\u00f3 term\u00e9szete azzal f\u00fcgg \u00f6ssze, hogy nincs sz\u00fcks\u00e9ge k\u00edv\u00fclr\u0151l j\u00f6v\u0151 \u00f6szt\u00f6nz\u00e9sre, mint a t\u00f6bbi t\u00edpusba tartoz\u00f3nak. A kaph\u00e1k teste \u00e9rz\u00e9kelten az olyan v\u00e1ltoz\u00e1sokra, amelyek a m\u00e1s testt\u00edpus\u00faakat kibillentik egyens\u00falyukb\u00f3l.<\/p>\n<p><strong>Soft<\/strong> &#8211; ez a jellegzetess\u00e9gek sz\u00e9les sk\u00e1l\u00e1j\u00e1hoz vezet; l\u00e1gy b\u0151r \u00e9s haj, l\u00e1gy modor, l\u00e1gy tekintet \u00e9s a helyzetek ig\u00e9nytelen megk\u00f6zel\u00edt\u00e9se.<\/p>\n<p><strong>Pomal\u00e9<\/strong> &#8211; ez a kapha-emberek jellegzetes lass\u00fa, folyamatos mozg\u00e1s\u00e1ban nyilv\u00e1nul meg, amely lass\u00fa besz\u00e9ddel \u00e9s megfontolt gondolkod\u00e1ssal t\u00e1rsul.<\/p>\n<h3>\u00c9TKEZ\u00c9SI TAN\u00c1CSOK:<\/h3>\n<p>Javasolt meleg, f\u0171szeres, \u00e9l\u00e9nk\u00edt\u0151, k\u00f6nny\u0171 \u00e9telek fogyaszt\u00e1sa. Ker\u00fclje a zs\u00edros \u00e9teleket. A k\u00f6nnyen em\u00e9szthet\u0151 meleg \u00e9telek j\u00f3t tesznek a kaph\u00e1nak, mint pl: k\u00f6nny\u0171 z\u00f6lds\u00e9glevesek. A s\u00f3 helyett ink\u00e1bb \u00edzes\u00edtsen f\u0171szerekkel, gy\u00f3gyn\u00f6v\u00e9nyekkel. \u00c9des\u00edt\u00e9shez cukor helyett m\u00e9zet haszn\u00e1ljon. Kiv\u00e1l\u00f3 sz\u00e1mukra a k\u00e1posztaf\u00e9l\u00e9k, a s\u00f6t\u00e9t bogy\u00f3s gy\u00fcm\u00f6lcs\u00f6k. A hideg italok \u00e9s a k\u00e9s\u0151 esti \u00e9tkez\u00e9s a kaph\u00e1nak nem javasolt.<\/p>\n<h3>\u00d6SSZETEV\u0150K:<\/h3>\n<ul>\n<li>List m\u00e4ty piepornej (mentha piperia)<\/li>\n<li>\u0160alvia lek\u00e1rska (salvia officinalis)<\/li>\n<li>Baza \u010dierna (Sambucus nigra)<\/li>\n<li>List tymi\u00e1nu (thymus vulgaris)<\/li>\n<li>Kore\u0148 z\u00e1zvoru (zingiber officinalis)<\/li>\n<li>Izop lek\u00e1rsky (hyssapus officinalis)<\/li>\n<li>Chrpa (Zea mays)<\/li>\n<li>Pomaran\u010dov\u00e1 k\u00f4ra (Citrus aurantium)<\/li>\n<li>Semeno mot\u00fd\u013ea (trigonella foenum)<\/li>\n<li>Klin\u010dek (Myrtus cariophyllus).<\/li>\n<\/ul>\n<h3>FELHASZN\u00c1L\u00c1S:<\/h3>\n<p>2 te\u00e1skan\u00e1lnyi teakever\u00e9ket forr\u00e1zzunk le 2 dl v\u00edzzel! 10 percet \u00e1llni hagyjuk \u00e9s lesz\u0171rj\u00fck. Ezt k\u00f6vet\u0151en fogyaszthat\u00f3!<\/p>\n<h3>FIGYELEM!<\/h3>\n<ul>\n<li>Konzum\u00e1cia po\u010das tehotenstva a doj\u010denia sa neodpor\u00fa\u010da!<\/li>\n<li>\u013dudia, ktor\u00ed sa lie\u010dia, a \u013eudia, ktor\u00ed pravidelne u\u017e\u00edvaj\u00fa lieky, by sa mali o pou\u017e\u00edvan\u00ed tohto v\u00fdrobku poradi\u0165 so svoj\u00edm lek\u00e1rom.<\/li>\n<li>Konzum\u00e1cia tohto v\u00fdrobku nenahr\u00e1dza pestr\u00fa, vyv\u00e1\u017een\u00fa stravu a zdrav\u00fd \u017eivotn\u00fd \u0161t\u00fdl!<\/li>\n<\/ul>","protected":false},"excerpt":{"rendered":"<p>M\u00e4ta pieporn\u00e1 okrem in\u00e9ho podporuje zdrav\u00e9 fungovanie \u010drevn\u00e9ho traktu, tr\u00e1viaceho syst\u00e9mu. Podporuje imunitn\u00fd syst\u00e9m a prispieva k zdrav\u00e9mu odpo\u010dinku a sp\u00e1nku. Tymi\u00e1n pom\u00e1ha posil\u0148ova\u0165 organizmus. Chrpa podporuje zdravie pe\u010dene a detoxik\u00e1ciu organizmu. M\u00e1 protiz\u00e1palov\u00e9 \u00fa\u010dinky. Pomaran\u010dov\u00e1 k\u00f4ra pom\u00e1ha pri regul\u00e1cii hmotnosti.<\/p>","protected":false},"featured_media":10540,"comment_status":"open","ping_status":"closed","template":"","meta":{"_acf_changed":false,"_monsterinsights_skip_tracking":false,"_monsterinsights_sitenote_active":false,"_monsterinsights_sitenote_note":"","_monsterinsights_sitenote_category":0},"product_brand":[],"product_cat":[709,215,717,194,347,192,205],"product_tag":[430,429],"class_list":{"0":"post-4228","1":"product","2":"type-product","3":"status-publish","4":"has-post-thumbnail","6":"product_cat-akcios-termekek","7":"product_cat-dosa-teakeverekek","8":"product_cat-hu-feed","9":"product_cat-immunrendszer","10":"product_cat-legzorendszer","11":"product_cat-megfazas","12":"product_cat-teakeverekek","13":"product_tag-ayurveda-tea","14":"product_tag-ayurveda-tipus","16":"first","17":"instock","18":"shipping-taxable","19":"purchasable","20":"product-type-simple"},"acf":[],"_links":{"self":[{"href":"https:\/\/calendulapharma.com\/sk\/wp-json\/wp\/v2\/product\/4228","targetHints":{"allow":["GET"]}}],"collection":[{"href":"https:\/\/calendulapharma.com\/sk\/wp-json\/wp\/v2\/product"}],"about":[{"href":"https:\/\/calendulapharma.com\/sk\/wp-json\/wp\/v2\/types\/product"}],"replies":[{"embeddable":true,"href":"https:\/\/calendulapharma.com\/sk\/wp-json\/wp\/v2\/comments?post=4228"}],"version-history":[{"count":6,"href":"https:\/\/calendulapharma.com\/sk\/wp-json\/wp\/v2\/product\/4228\/revisions"}],"predecessor-version":[{"id":21446,"href":"https:\/\/calendulapharma.com\/sk\/wp-json\/wp\/v2\/product\/4228\/revisions\/21446"}],"wp:featuredmedia":[{"embeddable":true,"href":"https:\/\/calendulapharma.com\/sk\/wp-json\/wp\/v2\/media\/10540"}],"wp:attachment":[{"href":"https:\/\/calendulapharma.com\/sk\/wp-json\/wp\/v2\/media?parent=4228"}],"wp:term":[{"taxonomy":"product_brand","embeddable":true,"href":"https:\/\/calendulapharma.com\/sk\/wp-json\/wp\/v2\/product_brand?post=4228"},{"taxonomy":"product_cat","embeddable":true,"href":"https:\/\/calendulapharma.com\/sk\/wp-json\/wp\/v2\/product_cat?post=4228"},{"taxonomy":"product_tag","embeddable":true,"href":"https:\/\/calendulapharma.com\/sk\/wp-json\/wp\/v2\/product_tag?post=4228"}],"curies":[{"name":"wp","href":"https:\/\/api.w.org\/{rel}","templated":true}]}}