{"id":4234,"date":"2022-08-16T09:55:05","date_gmt":"2022-08-16T07:55:05","guid":{"rendered":"https:\/\/calendulapharma.com\/?post_type=product&#038;p=4234"},"modified":"2026-02-13T15:55:12","modified_gmt":"2026-02-13T14:55:12","slug":"karcsusito-teakeverek","status":"publish","type":"product","link":"https:\/\/calendulapharma.com\/sk\/produkt\/karcsusito-teakeverek\/","title":{"rendered":"\u010cajov\u00e1 zmes na chudnutie"},"content":{"rendered":"<h3>F\u0150BB TULAJDONS\u00c1GOK:<\/h3>\n<p>Lass\u00fa metabolizmusban szenved\u0151k sz\u00e1m\u00e1ra javasolt gy\u00f3gytea-kever\u00e9k. Gyors\u00edtja az anyagcser\u00e9t, v\u00e9di a sejtmembr\u00e1nokat, enzimeket. Hat\u00e9kony seg\u00edts\u00e9g konkr\u00e9t fogyok\u00fara sor\u00e1n.<\/p>\n<h3>\u00d6SSZETEV\u0150K:<\/h3>\n<ul>\n<li>Listy \u017eih\u013eavy dvojdomej (urtica dioicale)<\/li>\n<li>Celand\u00edn (agrimoniae herba)<\/li>\n<li>Chrpa biela (Zea meys)<\/li>\n<li>Ma\u010danka (achillea millefolium)<\/li>\n<li>K\u00f4ra v\u0155by (salicis cortex)<\/li>\n<li>Pomaran\u010dov\u00e1 k\u00f4ra (auranthii pericarpium)<\/li>\n<li>Citr\u00f3nov\u00e1 k\u00f4ra (citri pericarpium)<\/li>\n<li>Jalovec oby\u010dajn\u00fd (Juniperus communis)<\/li>\n<li>Bobkov\u00fd list (laurus nabilis)<\/li>\n<li>K\u00f4ra \u0161korice (cinnamomum zeylanicum)<\/li>\n<li>Kore\u0148 angeliky \u010d\u00ednskej (Angelica sinensis)<\/li>\n<\/ul>\n<h3>HAT\u00d3ANYAGOK:<\/h3>\n<ul>\n<li>APROPRIATE: zlep\u0161uje tr\u00e1venie.<\/li>\n<li>DETSK\u00dd LIST: podporuje energiu a imunitn\u00fd syst\u00e9m organizmu<\/li>\n<li>CUKORICABAJUS: Pom\u00e1ha schudn\u00fa\u0165.<\/li>\n<\/ul>\n<h3>FELHASZN\u00c1L\u00c1S:<\/h3>\n<p>2 \u010dajov\u00e9 ly\u017ei\u010dky bylinky varte 10-15 min\u00fat v 2 dl vody a sce\u010fte. Potom je pripraven\u00fd na pitie!<\/p>\n<h3>FIGYELMEZTET\u00c9S!<\/h3>\n<ul>\n<li>Konzum\u00e1cia po\u010das tehotenstva a doj\u010denia sa neodpor\u00fa\u010da!<\/li>\n<li>Osoby, ktor\u00e9 sa lie\u010dia, a osoby, ktor\u00e9 pravidelne u\u017e\u00edvaj\u00fa lieky, by sa mali o pou\u017e\u00edvan\u00ed tohto v\u00fdrobku poradi\u0165 so svoj\u00edm lek\u00e1rom.<\/li>\n<li>Konzum\u00e1cia tohto v\u00fdrobku nenahr\u00e1dza pestr\u00fa, vyv\u00e1\u017een\u00fa stravu a zdrav\u00fd \u017eivotn\u00fd \u0161t\u00fdl!<\/li>\n<li>Skladovanie: pri izbovej teplote<\/li>\n<\/ul>","protected":false},"excerpt":{"rendered":"<p>\u010cajov\u00e1 zmes na dosiahnutie norm\u00e1lnej telesnej hmotnosti. Bylinn\u00e1 \u010dajov\u00e1 zmes odpor\u00fa\u010dan\u00e1 pre \u013eud\u00ed s pomal\u00fdm metabolizmom. M\u00f4\u017ee ur\u00fdchli\u0165 metabolizmus, chr\u00e1ni\u0165 bunkov\u00e9 membr\u00e1ny, enz\u00fdmy. M\u00f4\u017ee pom\u00f4c\u0165 procesom \u0161pecifickej di\u00e9ty.<\/p>","protected":false},"featured_media":10545,"comment_status":"open","ping_status":"closed","template":"","meta":{"_acf_changed":false,"_monsterinsights_skip_tracking":false,"_monsterinsights_sitenote_active":false,"_monsterinsights_sitenote_note":"","_monsterinsights_sitenote_category":0},"product_brand":[],"product_cat":[709,386,517,717,217,205],"product_tag":[182,206],"class_list":{"0":"post-4234","1":"product","2":"type-product","3":"status-publish","4":"has-post-thumbnail","6":"product_cat-akcios-termekek","7":"product_cat-emesztorendszer","8":"product_cat-komplexumok","9":"product_cat-hu-feed","10":"product_cat-noi-egeszseg","11":"product_cat-teakeverekek","12":"product_tag-fogyas","13":"product_tag-sulykontroll","15":"first","16":"instock","17":"shipping-taxable","18":"purchasable","19":"product-type-simple"},"acf":[],"_links":{"self":[{"href":"https:\/\/calendulapharma.com\/sk\/wp-json\/wp\/v2\/product\/4234","targetHints":{"allow":["GET"]}}],"collection":[{"href":"https:\/\/calendulapharma.com\/sk\/wp-json\/wp\/v2\/product"}],"about":[{"href":"https:\/\/calendulapharma.com\/sk\/wp-json\/wp\/v2\/types\/product"}],"replies":[{"embeddable":true,"href":"https:\/\/calendulapharma.com\/sk\/wp-json\/wp\/v2\/comments?post=4234"}],"version-history":[{"count":4,"href":"https:\/\/calendulapharma.com\/sk\/wp-json\/wp\/v2\/product\/4234\/revisions"}],"predecessor-version":[{"id":21445,"href":"https:\/\/calendulapharma.com\/sk\/wp-json\/wp\/v2\/product\/4234\/revisions\/21445"}],"wp:featuredmedia":[{"embeddable":true,"href":"https:\/\/calendulapharma.com\/sk\/wp-json\/wp\/v2\/media\/10545"}],"wp:attachment":[{"href":"https:\/\/calendulapharma.com\/sk\/wp-json\/wp\/v2\/media?parent=4234"}],"wp:term":[{"taxonomy":"product_brand","embeddable":true,"href":"https:\/\/calendulapharma.com\/sk\/wp-json\/wp\/v2\/product_brand?post=4234"},{"taxonomy":"product_cat","embeddable":true,"href":"https:\/\/calendulapharma.com\/sk\/wp-json\/wp\/v2\/product_cat?post=4234"},{"taxonomy":"product_tag","embeddable":true,"href":"https:\/\/calendulapharma.com\/sk\/wp-json\/wp\/v2\/product_tag?post=4234"}],"curies":[{"name":"wp","href":"https:\/\/api.w.org\/{rel}","templated":true}]}}