{"id":4264,"date":"2022-08-16T10:10:40","date_gmt":"2022-08-16T08:10:40","guid":{"rendered":"https:\/\/calendulapharma.com\/?post_type=product&#038;p=4264"},"modified":"2026-02-13T15:55:10","modified_gmt":"2026-02-13T14:55:10","slug":"szivvedo-teakeverek","status":"publish","type":"product","link":"https:\/\/calendulapharma.com\/sk\/produkt\/szivvedo-teakeverek\/","title":{"rendered":"\u010cajov\u00e1 zmes na ochranu srdca"},"content":{"rendered":"<h3>F\u0150BB TULAJDONS\u00c1GOK:<\/h3>\n<p>Magas v\u00e9rnyom\u00e1sban \u00e9s egy\u00e9b stressz okozta rendelleness\u00e9gben szenved\u0151k sz\u00e1m\u00e1ra aj\u00e1nlott gy\u00f3gytea-kever\u00e9k. Seg\u00edt megv\u00e9deni a sz\u00edvet a t\u00falterhel\u00e9st\u0151l \u00e9s jav\u00edtja a kering\u00e9st, az \u00e9rrendszer \u00e1llapot\u00e1t. V\u00e9rnyom\u00e1s cs\u00f6kkent\u0151 hat\u00e1s\u00fa.<\/p>\n<h3>\u00d6SSZETEV\u0150K:<\/h3>\n<ul>\n<li>Plody hlohu (crataegi fructus)<\/li>\n<li>Citromf\u0171 lev\u00e9l (melissa officinalis)<\/li>\n<li>Chrpa (Zea mays)<\/li>\n<li>Koc\u00farnik lek\u00e1rsky (valeriana officinalis)<\/li>\n<li>\u010eatelina alpsk\u00e1 (Trifolium alpestre)<\/li>\n<li>Galagonya vir\u00e1g (crataegus laevigata)<\/li>\n<li>Plody borievky oby\u010dajnej (Juniperus communis)<\/li>\n<li>Semen\u00e1 feniklu (foeniculum vulgaris)<\/li>\n<\/ul>\n<h3>HAT\u00d3ANYAGOK:<\/h3>\n<ul>\n<li>Galagonyabogy\u00f3: t\u00e1mogatja a sz\u00edv funkci\u00f3it, a v\u00e9rkering\u00e9st \u00e9s n\u00f6veli az oxig\u00e9n be\u00e1raml\u00e1s\u00e1t.<\/li>\n<li>Citromf\u0171: seg\u00edti a kering\u00e9si rendszer eg\u00e9szs\u00e9ges m\u0171k\u00f6d\u00e9s\u00e9t, a fizikai \u00e9s szellemi j\u00f3l\u00e9tet<\/li>\n<li>Orvosi macskagy\u00f6k\u00e9r: er\u0151s\u00edti az ereket, normaliz\u00e1lja a v\u00e9rnyom\u00e1st.<\/li>\n<\/ul>\n<h3>FELHASZN\u00c1L\u00c1S:<\/h3>\n<p>2 \u010dajov\u00e9 ly\u017ei\u010dky bylinky varte 10-15 min\u00fat v 2 dl vody a sce\u010fte. Potom je pripraven\u00fd na pitie!<\/p>\n<h3>FIGYELMEZTET\u00c9S!<\/h3>\n<ul>\n<li>Konzum\u00e1cia po\u010das tehotenstva a doj\u010denia sa neodpor\u00fa\u010da!<\/li>\n<li>Osoby, ktor\u00e9 sa lie\u010dia, a osoby, ktor\u00e9 pravidelne u\u017e\u00edvaj\u00fa lieky, by sa mali o pou\u017e\u00edvan\u00ed tohto v\u00fdrobku poradi\u0165 so svoj\u00edm lek\u00e1rom.<\/li>\n<li>Konzum\u00e1cia tohto v\u00fdrobku nenahr\u00e1dza pestr\u00fa, vyv\u00e1\u017een\u00fa stravu a zdrav\u00fd \u017eivotn\u00fd \u0161t\u00fdl!<\/li>\n<li>Skladovanie: pri izbovej teplote<\/li>\n<\/ul>","protected":false},"excerpt":{"rendered":"<p>Magas v\u00e9rnyom\u00e1sban \u00e9s egy\u00e9b stressz okozta rendelleness\u00e9gben szenved\u0151k sz\u00e1m\u00e1ra aj\u00e1nlott gy\u00f3gytea-kever\u00e9k. Seg\u00edthet megv\u00e9deni a sz\u00edvet a t\u00falterhel\u00e9st\u0151l \u00e9s jav\u00edthatja a kering\u00e9st, az \u00e9rrendszer \u00e1llapot\u00e1t. A sz\u00edv- \u00e9s \u00e9rrendszer megfelel\u0151 m\u0171k\u00f6d\u00e9s\u00e9t, a v\u00e9rnyom\u00e1s cs\u00f6kkent\u00e9s\u00e9t t\u00e1mogat\u00f3 gy\u00f3gytea-kever\u00e9k.<\/p>","protected":false},"featured_media":10575,"comment_status":"open","ping_status":"closed","template":"","meta":{"_acf_changed":false,"_monsterinsights_skip_tracking":false,"_monsterinsights_sitenote_active":false,"_monsterinsights_sitenote_note":"","_monsterinsights_sitenote_category":0},"product_brand":[],"product_cat":[177,709,211,218,717,344,347,343,205],"product_tag":[406,435],"class_list":{"0":"post-4264","1":"product","2":"type-product","3":"status-publish","4":"has-post-thumbnail","6":"product_cat-agymukodes","7":"product_cat-akcios-termekek","8":"product_cat-anyagcsere","9":"product_cat-ferfi-egeszseg","10":"product_cat-hu-feed","11":"product_cat-hugyuti-rendszer","12":"product_cat-legzorendszer","13":"product_cat-sziv-es-errendszer","14":"product_cat-teakeverekek","15":"product_tag-errendszer","16":"product_tag-sziv","18":"first","19":"instock","20":"shipping-taxable","21":"purchasable","22":"product-type-simple"},"acf":[],"_links":{"self":[{"href":"https:\/\/calendulapharma.com\/sk\/wp-json\/wp\/v2\/product\/4264","targetHints":{"allow":["GET"]}}],"collection":[{"href":"https:\/\/calendulapharma.com\/sk\/wp-json\/wp\/v2\/product"}],"about":[{"href":"https:\/\/calendulapharma.com\/sk\/wp-json\/wp\/v2\/types\/product"}],"replies":[{"embeddable":true,"href":"https:\/\/calendulapharma.com\/sk\/wp-json\/wp\/v2\/comments?post=4264"}],"version-history":[{"count":4,"href":"https:\/\/calendulapharma.com\/sk\/wp-json\/wp\/v2\/product\/4264\/revisions"}],"predecessor-version":[{"id":21441,"href":"https:\/\/calendulapharma.com\/sk\/wp-json\/wp\/v2\/product\/4264\/revisions\/21441"}],"wp:featuredmedia":[{"embeddable":true,"href":"https:\/\/calendulapharma.com\/sk\/wp-json\/wp\/v2\/media\/10575"}],"wp:attachment":[{"href":"https:\/\/calendulapharma.com\/sk\/wp-json\/wp\/v2\/media?parent=4264"}],"wp:term":[{"taxonomy":"product_brand","embeddable":true,"href":"https:\/\/calendulapharma.com\/sk\/wp-json\/wp\/v2\/product_brand?post=4264"},{"taxonomy":"product_cat","embeddable":true,"href":"https:\/\/calendulapharma.com\/sk\/wp-json\/wp\/v2\/product_cat?post=4264"},{"taxonomy":"product_tag","embeddable":true,"href":"https:\/\/calendulapharma.com\/sk\/wp-json\/wp\/v2\/product_tag?post=4264"}],"curies":[{"name":"wp","href":"https:\/\/api.w.org\/{rel}","templated":true}]}}