{"id":4270,"date":"2022-08-16T10:12:42","date_gmt":"2022-08-16T08:12:42","guid":{"rendered":"https:\/\/calendulapharma.com\/?post_type=product&#038;p=4270"},"modified":"2026-02-13T15:55:09","modified_gmt":"2026-02-13T14:55:09","slug":"vata-tea","status":"publish","type":"product","link":"https:\/\/calendulapharma.com\/sk\/produkt\/vata-tea\/","title":{"rendered":"\u010cajov\u00e1 zmes V\u00e1ta"},"content":{"rendered":"<h3>Vata t\u00edpus jellemz\u0151i:<\/h3>\n<p><strong>Studen\u00e1<\/strong> &#8211; hideg v\u00e9gtagok<\/p>\n<p><strong>Mobiln\u00fd port\u00e1l<\/strong> &#8211; att\u00f3l f\u00fcgg\u0151en, hogy ez a d\u00f3sa milyen egyens\u00falyban van, j\u00f3 \u00e9s rossz v\u00e9rkering\u00e9st hoz l\u00e9tre; a magas v\u00e9rnyom\u00e1s a t\u00falfokozott vat\u00e1val kapcsolatos, ak\u00e1rcsak a sz\u00edv ritmuszavarai, az izomg\u00f6rcs\u00f6k \u00e9s a h\u00e1ti f\u00e1jdalmak. Az ideges, nyugtalan tekintet vata-egyens\u00falyzavar jele.<\/p>\n<p><strong>R\u00fdchle<\/strong> &#8211; sok ezzel kapcsol\u00f3d\u00f3 von\u00e1shoz vezet; \u00faj inform\u00e1ci\u00f3k gyors megragad\u00e1sa ugyanakkor gyors elfelejt\u00e9se; gyenge hossz\u00fa t\u00e1v\u00fa mem\u00f3ria, j\u00f3 k\u00e9pzel\u0151er\u0151, de ijeszt\u0151 \u00e1lmok; nyugtalan aktivit\u00e1s, impulz\u00edv cselekv\u00e9s; v\u00e1ltoz\u00e9kony hangulat; sz\u00e9tsz\u00f3rt gondolatok; gyors besz\u00e9d.<\/p>\n<p><strong>Such\u00e9<\/strong> &#8211; sz\u00e1raz b\u0151r, sz\u00e1raz vagy f\u00e9nytelen haj, f\u00e9nytelen szem \u00e9s minim\u00e1lis vagy m\u00e9rs\u00e9kelt izzad\u00e1s. A b\u0151r repedezett \u00e9s t\u00f6r\u00e9keny lehet, hajlamos pikkelys\u00f6m\u00f6rre \u00e9s ekc\u00e9m\u00e1ra.<\/p>\n<p><strong>Durva<\/strong> &#8211; durva b\u0151r, spr\u0151d haj.<\/p>\n<h3>\u00c9TKEZ\u00c9SI JAVASLAT:<\/h3>\n<p>javasolt meleg \u00e9telek fogyaszt\u00e1sa, hozz\u00e1adott vaj, olaj haszn\u00e1lata, melyek enyh\u00edtenek a vata okozta hideg \u00e9rzeten. Vata t\u00edpusnak j\u00f3t tesznek a meleg hat\u00e1s\u00fa, nedves \u00e9telek, f\u0151tt gabonaf\u00e9l\u00e9k (rizs, b\u00faza&#8230;) , zabk\u00e1sa, z\u00f6lds\u00e9gleves, melyek enyh\u00edtik a vata okozta sz\u00e1razs\u00e1got a testben Minden nyugtat\u00f3 hat\u00e1s\u00fa \u00e9tel seg\u00edt a vata helyre\u00e1ll\u00edt\u00e1s\u00e1ban. A vata, mint d\u00f3sa, hideg term\u00e9szet\u0171, ez\u00e9rt a jeges italok, nyers z\u00f6lds\u00e9gek nem aj\u00e1nlottak a vata egyens\u00falyhi\u00e1ny eset\u00e9n. A reggeli \u00e9tkez\u00e9s sz\u00fcks\u00e9ges a vata t\u00edpusnak, ez legyen meleg, esetleg \u00e9des. ker\u00fclje a koffeinitalokat, keser\u0171 \u00edz n\u00f6veli a vata hat\u00e1st. Minden \u00e9des gy\u00fcm\u00f6lcs j\u00f3, \u00e9retlen gy\u00fcm\u00f6lcs\u00f6k fanyar \u00edz\u00fck miatt vata hat\u00e1st n\u00f6velik.<\/p>\n<h3>\u00d6SSZETEV\u0150K:<\/h3>\n<ul>\n<li>Hloh (Crataegus laevigata)<\/li>\n<li>Chme\u013e (Humulus lupulus)<\/li>\n<li>Lek\u00e1rska stolica tr\u00e1va (Matricaria chamomilla)<\/li>\n<li>Citr\u00f3nov\u00e1 tr\u00e1va (melissa officinalis)<\/li>\n<li>\u0160\u00edpkov\u00e1 ru\u017ea (cynosbati pseudofructus)<\/li>\n<li>Kvet hlohu (crataegus oxyacantha)<\/li>\n<li>Kore\u0148 z\u00e1zvoru (zingiber officinalis)<\/li>\n<li>Koc\u00farnik lek\u00e1rsky (valeriana officinalis)<\/li>\n<li>Semen\u00e1 feniklu (foeniculum vulgare)<\/li>\n<li>An\u00edzov\u00e9 semeno (pimpinella anisum)<\/li>\n<li>Igazi \u00e9desgy\u00f6k\u00e9r (glycyrrhiza glabra).<\/li>\n<\/ul>\n<h3>FELHASZN\u00c1L\u00c1S:<\/h3>\n<p>2 te\u00e1skan\u00e1lnyi n\u00f6v\u00e9nyt forr\u00e1zzunk le 2 dl v\u00edzzel! 10 percet \u00e1llni hagyjuk \u00e9s lesz\u0171rj\u00fck. Ezt k\u00f6vet\u0151en fogyaszthat\u00f3!<\/p>\n<h3>FIGYELEM!<\/h3>\n<ul>\n<li>Konzum\u00e1cia po\u010das tehotenstva a doj\u010denia sa neodpor\u00fa\u010da!<\/li>\n<li>\u013dudia, ktor\u00ed sa lie\u010dia, a \u013eudia, ktor\u00ed pravidelne u\u017e\u00edvaj\u00fa lieky, by sa mali o pou\u017e\u00edvan\u00ed tohto v\u00fdrobku poradi\u0165 so svoj\u00edm lek\u00e1rom.<\/li>\n<li>Konzum\u00e1cia tohto v\u00fdrobku nenahr\u00e1dza pestr\u00fa, vyv\u00e1\u017een\u00fa stravu a zdrav\u00fd \u017eivotn\u00fd \u0161t\u00fdl!<\/li>\n<\/ul>","protected":false},"excerpt":{"rendered":"<p>Bobule hlohu m\u00f4\u017eu okrem in\u00e9ho zn\u00ed\u017ei\u0165 nap\u00e4tie, podr\u00e1\u017edenos\u0165 a pom\u00f4c\u0165 v\u00e1m pokojnej\u0161ie spa\u0165. Chme\u013e dok\u00e1\u017ee normalizova\u0165 nervov\u00fd syst\u00e9m, du\u0161evn\u00fa a telesn\u00fa rovnov\u00e1hu a podpori\u0165 kvalitu \u017eivota. Stoli\u010dn\u00e1 tr\u00e1va lek\u00e1rska a citr\u00f3nov\u00e1 tr\u00e1va m\u00f4\u017eu prispie\u0165 k optim\u00e1lnej relax\u00e1cii a udr\u017eaniu pozit\u00edvnej n\u00e1lady. Z\u00e1zvor m\u00f4\u017ee podpori\u0165 zdravie kardiovaskul\u00e1rneho syst\u00e9mu, norm\u00e1lnu \u010dinnos\u0165 \u010driev a tr\u00e1viaceho traktu.<\/p>","protected":false},"featured_media":10580,"comment_status":"open","ping_status":"closed","template":"","meta":{"_acf_changed":false,"_monsterinsights_skip_tracking":false,"_monsterinsights_sitenote_active":false,"_monsterinsights_sitenote_note":"","_monsterinsights_sitenote_category":0},"product_brand":[],"product_cat":[709,211,215,717,194,346,205],"product_tag":[430,429],"class_list":{"0":"post-4270","1":"product","2":"type-product","3":"status-publish","4":"has-post-thumbnail","6":"product_cat-akcios-termekek","7":"product_cat-anyagcsere","8":"product_cat-dosa-teakeverekek","9":"product_cat-hu-feed","10":"product_cat-immunrendszer","11":"product_cat-kozponti-idegrendszer","12":"product_cat-teakeverekek","13":"product_tag-ayurveda-tea","14":"product_tag-ayurveda-tipus","16":"first","17":"instock","18":"shipping-taxable","19":"purchasable","20":"product-type-simple"},"acf":[],"_links":{"self":[{"href":"https:\/\/calendulapharma.com\/sk\/wp-json\/wp\/v2\/product\/4270","targetHints":{"allow":["GET"]}}],"collection":[{"href":"https:\/\/calendulapharma.com\/sk\/wp-json\/wp\/v2\/product"}],"about":[{"href":"https:\/\/calendulapharma.com\/sk\/wp-json\/wp\/v2\/types\/product"}],"replies":[{"embeddable":true,"href":"https:\/\/calendulapharma.com\/sk\/wp-json\/wp\/v2\/comments?post=4270"}],"version-history":[{"count":6,"href":"https:\/\/calendulapharma.com\/sk\/wp-json\/wp\/v2\/product\/4270\/revisions"}],"predecessor-version":[{"id":21440,"href":"https:\/\/calendulapharma.com\/sk\/wp-json\/wp\/v2\/product\/4270\/revisions\/21440"}],"wp:featuredmedia":[{"embeddable":true,"href":"https:\/\/calendulapharma.com\/sk\/wp-json\/wp\/v2\/media\/10580"}],"wp:attachment":[{"href":"https:\/\/calendulapharma.com\/sk\/wp-json\/wp\/v2\/media?parent=4270"}],"wp:term":[{"taxonomy":"product_brand","embeddable":true,"href":"https:\/\/calendulapharma.com\/sk\/wp-json\/wp\/v2\/product_brand?post=4270"},{"taxonomy":"product_cat","embeddable":true,"href":"https:\/\/calendulapharma.com\/sk\/wp-json\/wp\/v2\/product_cat?post=4270"},{"taxonomy":"product_tag","embeddable":true,"href":"https:\/\/calendulapharma.com\/sk\/wp-json\/wp\/v2\/product_tag?post=4270"}],"curies":[{"name":"wp","href":"https:\/\/api.w.org\/{rel}","templated":true}]}}