{"id":4276,"date":"2022-08-16T10:14:31","date_gmt":"2022-08-16T08:14:31","guid":{"rendered":"https:\/\/calendulapharma.com\/?post_type=product&#038;p=4276"},"modified":"2026-02-13T15:52:37","modified_gmt":"2026-02-13T14:52:37","slug":"vese-egeszsege-teakeverek","status":"publish","type":"product","link":"https:\/\/calendulapharma.com\/sk\/produkt\/vese-egeszsege-teakeverek\/","title":{"rendered":"\u010cajov\u00e1 zmes Zdravie obli\u010diek"},"content":{"rendered":"<h3>F\u0150BB TULAJDONS\u00c1GOK:<\/h3>\n<p>Magas v\u00e9rnyom\u00e1sban, t\u00fals\u00falyban szenved\u0151k, vesebetegek, illetve b\u00e1rki sz\u00e1m\u00e1ra, akinek sz\u00fcks\u00e9ge van a v\u00edz- \u00e9s folyad\u00e9kpang\u00e1s megold\u00e1s\u00e1ra. T\u00f6k\u00e9letesen t\u00e1mogatja a vese m\u0171k\u00f6d\u00e9s\u00e9t \u00e9s seg\u00edt \u00f6d\u00e9m\u00e1k, illetve v\u00edzpang\u00e1s eset\u00e9n.<\/p>\n<h3>\u00d6SSZETEV\u0150K:<\/h3>\n<ul>\n<li>Baza \u010dierna (Sambucus nigra)<\/li>\n<li>Chrpa biela (Zea meys)<\/li>\n<li>Plody hlohu (crataegi fructus)<\/li>\n<li>List prasli\u010dky ro\u013enej (Equisetum arvense)<\/li>\n<li>P\u00fapava lek\u00e1rska (Polyganum aviculare)<\/li>\n<li>H\u013euzovit\u00e1 rastlina (ononis spinosa)<\/li>\n<li>Plody borievky oby\u010dajnej (Juniperus communis)<\/li>\n<\/ul>\n<h3>HAT\u00d3ANYAGOK:<\/h3>\n<ul>\n<li>\u013eubovn\u00edk bodkovan\u00fd: podporuje extrak\u010dn\u00fa funkciu obli\u010diek<\/li>\n<li>Chrpa: pom\u00e1ha udr\u017eiava\u0165 zdrav\u00fd mo\u010dov\u00fd a tr\u00e1viaci trakt.<\/li>\n<\/ul>\n<h3>FELHASZN\u00c1L\u00c1S:<\/h3>\n<p>2 \u010dajov\u00e9 ly\u017ei\u010dky bylinky varte 10-15 min\u00fat v 2 dl vody a sce\u010fte. Potom je pripraven\u00fd na pitie!<\/p>\n<h3>FIGYELEM!<\/h3>\n<ul>\n<li>Konzum\u00e1cia po\u010das tehotenstva a doj\u010denia sa neodpor\u00fa\u010da!<\/li>\n<li>Osoby, ktor\u00e9 sa lie\u010dia, a osoby, ktor\u00e9 pravidelne u\u017e\u00edvaj\u00fa lieky, by sa mali o pou\u017e\u00edvan\u00ed tohto v\u00fdrobku poradi\u0165 so svoj\u00edm lek\u00e1rom.<\/li>\n<li>Konzum\u00e1cia tohto v\u00fdrobku nenahr\u00e1dza pestr\u00fa, vyv\u00e1\u017een\u00fa stravu a zdrav\u00fd \u017eivotn\u00fd \u0161t\u00fdl!<\/li>\n<li>Skladovanie: pri izbovej teplote<\/li>\n<\/ul>","protected":false},"excerpt":{"rendered":"<p>Pre \u013eud\u00ed s vysok\u00fdm krvn\u00fdm tlakom, nadv\u00e1hou, pacientov s obli\u010dkami alebo v\u0161etk\u00fdch, ktor\u00ed potrebuj\u00fa regulova\u0165 zadr\u017eiavanie vody a tekut\u00edn. Dokonale podporuje funkciu obli\u010diek a pom\u00e1ha pri ed\u00e9moch a zadr\u017eiavan\u00ed vody. Diuretick\u00fd \u00fa\u010dinok.<\/p>","protected":false},"featured_media":10585,"comment_status":"open","ping_status":"closed","template":"","meta":{"_acf_changed":false,"_monsterinsights_skip_tracking":false,"_monsterinsights_sitenote_active":false,"_monsterinsights_sitenote_note":"","_monsterinsights_sitenote_category":0},"product_brand":[],"product_cat":[709,717,344,189,217,719,343,205],"product_tag":[433,203],"class_list":{"0":"post-4276","1":"product","2":"type-product","3":"status-publish","4":"has-post-thumbnail","6":"product_cat-akcios-termekek","7":"product_cat-hu-feed","8":"product_cat-hugyuti-rendszer","9":"product_cat-minden-termek","10":"product_cat-noi-egeszseg","11":"product_cat-noi-egeszsegert","12":"product_cat-sziv-es-errendszer","13":"product_cat-teakeverekek","14":"product_tag-hugyuti-szervek","15":"product_tag-vese","17":"first","18":"instock","19":"shipping-taxable","20":"purchasable","21":"product-type-simple"},"acf":[],"_links":{"self":[{"href":"https:\/\/calendulapharma.com\/sk\/wp-json\/wp\/v2\/product\/4276","targetHints":{"allow":["GET"]}}],"collection":[{"href":"https:\/\/calendulapharma.com\/sk\/wp-json\/wp\/v2\/product"}],"about":[{"href":"https:\/\/calendulapharma.com\/sk\/wp-json\/wp\/v2\/types\/product"}],"replies":[{"embeddable":true,"href":"https:\/\/calendulapharma.com\/sk\/wp-json\/wp\/v2\/comments?post=4276"}],"version-history":[{"count":9,"href":"https:\/\/calendulapharma.com\/sk\/wp-json\/wp\/v2\/product\/4276\/revisions"}],"predecessor-version":[{"id":22554,"href":"https:\/\/calendulapharma.com\/sk\/wp-json\/wp\/v2\/product\/4276\/revisions\/22554"}],"wp:featuredmedia":[{"embeddable":true,"href":"https:\/\/calendulapharma.com\/sk\/wp-json\/wp\/v2\/media\/10585"}],"wp:attachment":[{"href":"https:\/\/calendulapharma.com\/sk\/wp-json\/wp\/v2\/media?parent=4276"}],"wp:term":[{"taxonomy":"product_brand","embeddable":true,"href":"https:\/\/calendulapharma.com\/sk\/wp-json\/wp\/v2\/product_brand?post=4276"},{"taxonomy":"product_cat","embeddable":true,"href":"https:\/\/calendulapharma.com\/sk\/wp-json\/wp\/v2\/product_cat?post=4276"},{"taxonomy":"product_tag","embeddable":true,"href":"https:\/\/calendulapharma.com\/sk\/wp-json\/wp\/v2\/product_tag?post=4276"}],"curies":[{"name":"wp","href":"https:\/\/api.w.org\/{rel}","templated":true}]}}